{"id":1004,"date":"2022-04-04T14:57:06","date_gmt":"2022-04-04T12:57:06","guid":{"rendered":"http:\/\/209.95.59.218\/~bsh\/regjistribashkiashkoder\/?page_id=1004"},"modified":"2022-04-04T15:41:25","modified_gmt":"2022-04-04T13:41:25","slug":"regjistri-i-brendshem-i-peticioneve-dhe-iniciativave-qytetare","status":"publish","type":"page","link":"http:\/\/209.95.59.218\/~bsh\/regjistribashkiashkoder\/regjistri-i-brendshem-i-peticioneve-dhe-iniciativave-qytetare\/","title":{"rendered":"REGJISTRI I BRENDSH\u00cbM I PETICIONEVE DHE INICIATIVAVE QYTETARE"},"content":{"rendered":"<p>[vc_row][vc_column css=&#8221;.vc_custom_1606987008881{border-top-width: 1px !important;border-right-width: 1px !important;border-bottom-width: 1px !important;border-left-width: 1px !important;padding-top: 10px !important;padding-bottom: 10px !important;border-left-color: #939393 !important;border-left-style: dotted !important;border-right-color: #939393 !important;border-right-style: dotted !important;border-top-color: #939393 !important;border-top-style: dotted !important;border-bottom-color: #939393 !important;border-bottom-style: dotted !important;}&#8221;][vc_column_text custom_text_color=&#8221;#ffffff&#8221; css=&#8221;.vc_custom_1607087658588{padding-top: 10px !important;padding-bottom: 10px !important;background-color: #005281 !important;}&#8221;]<\/p>\n<p style=\"text-align: center;\"><strong>REGJISTRI I BRENDSH\u00cbM I PETICIONEVE DHE INICIATIVAVE QYTETARE<\/strong><\/p>\n<p>[\/vc_column_text][vc_column_text]\n<table id=\"tablepress-1\" class=\"tablepress tablepress-id-1\">\n<thead>\n<tr class=\"row-1 odd\">\n\t<th class=\"column-1\">&nbsp;<\/th><th class=\"column-2\">&nbsp;<\/th><th class=\"column-3\">&nbsp;<\/th><th class=\"column-4\">&nbsp;<\/th><th class=\"column-5\">&nbsp;<\/th><th class=\"column-6\">&nbsp;<\/th><th class=\"column-7\">&nbsp;<\/th><th class=\"column-8\">&nbsp;<\/th><th class=\"column-9\">&nbsp;<\/th><th class=\"column-10\">&nbsp;<\/th><th class=\"column-11\">&nbsp;<\/th><th class=\"column-12\">&nbsp;<\/th>\n<\/tr>\n<\/thead>\n<tbody class=\"row-hover\">\n<tr class=\"row-2 even\">\n\t<td class=\"column-1\">Nr.<\/td><td class=\"column-2\">Kodi i regjistrimit<\/td><td class=\"column-3\">\u00c7\u00ebshtja<\/td><td class=\"column-4\">Grupi q\u00eb b\u00ebri Peticionin (OJF, Biznes, Rinia, Media, grupi komunitar, tjet\u00ebr)<\/td><td class=\"column-5\">Data e Regjistrimit n\u00eb Protokollin e Bashkis\u00eb<\/td><td class=\"column-6\">D\u00ebrgimi p\u00ebr mendim n\u00eb Komisionin p\u00ebrkat\u00ebs t\u00eb K\u00ebshillit (Nr. prot t\u00eb brendsh\u00ebm)<\/td><td class=\"column-7\">Esht\u00eb mbajtur d\u00ebgjes\u00eb publike  (data)<\/td><td class=\"column-8\">Kaluar n\u00eb K\u00ebshill p\u00ebr shqyrtim (data)<\/td><td class=\"column-9\">Mb\u00ebshtetur nga K\u00ebshilli Po\/Jo<\/td><td class=\"column-10\">Zbatuar k\u00ebrkesa e peticionit nga Ekzekutivi (Data)<\/td><td class=\"column-11\">Raportimi n\u00eb K\u00ebshill dhe tek grupi interesit (Dat\u00eb)<\/td><td class=\"column-12\">Publikimi n\u00eb faqen e internetit t\u00eb Bashkis\u00eb (Dat\u00eb)<\/td>\n<\/tr>\n<tr class=\"row-3 odd\">\n\t<td class=\"column-1\">1\/2021<\/td><td class=\"column-2\">1\/2021<\/td><td class=\"column-3\">Peticioni qytetar per ndalimin e shkarkimit te UJERAVE TE ZEZA NE LUMIN BUNA (Zone e mbrojtur e <br \/>\nRendesise se Vecante Nderkombetare, shpallur me: date 02-02-2006 Zone Ramsar1\")<br \/>\n<\/td><td class=\"column-4\">Forumi Shqiptar Liqeni i Shkodres dhe Rrjeti i Grave per Barazi ne <br \/>\nVendimmarrje <\/td><td class=\"column-5\">21\/01\/2022<\/td><td class=\"column-6\">JO<\/td><td class=\"column-7\">JO<\/td><td class=\"column-8\">JO<\/td><td class=\"column-9\">JO<\/td><td class=\"column-10\">JO<\/td><td class=\"column-11\">Dt:29\/03\/2022<\/td><td class=\"column-12\"><a href=\"https:\/\/drive.google.com\/file\/d\/1x7j1yFZw9-cstIYPRQsDsMHW-KqadTRf\/view?usp=sharing\" rel=\"noopener noreferrer\" target=\"_blank\">29\/03\/2022<\/a>    <a href=\"https:\/\/drive.google.com\/file\/d\/1ruLq4t5JZTmguJc6BFvXMBZMbNrtae6z\/view?usp=sharing\" rel=\"noopener noreferrer\" target=\"_blank\">Pergjigje e Bashkise 31.03.2022<\/a><\/td>\n<\/tr>\n<tr class=\"row-4 even\">\n\t<td class=\"column-1\">1\/2025<\/td><td class=\"column-2\">1\/2025<\/td><td class=\"column-3\"><a href=\"http:\/\/209.95.59.218\/~bsh\/regjistribashkiashkoder\/wp-content\/uploads\/2025\/06\/Peticioni.pdf\" rel=\"noopener noreferrer\" target=\"_blank\">Peticion n\u00eb lidhje me lejimin e ekspozimit jasht\u00eb nj\u00ebsive s\u00eb tregtimit e t\u00eb gjitha kategorive t\u00eb mallrave <\/a><\/td><td class=\"column-4\">P\u00ebrfaq\u00ebsuesit e bizneseve n\u00eb Lagjen Rus, Rruga Martin Camaj, Shkod\u00ebr<\/td><td class=\"column-5\">23\/04\/2025<\/td><td class=\"column-6\">JO<\/td><td class=\"column-7\">JO<\/td><td class=\"column-8\">JO<\/td><td class=\"column-9\">JO<\/td><td class=\"column-10\">JO<\/td><td class=\"column-11\"><\/td><td class=\"column-12\"><a href=\"http:\/\/209.95.59.218\/~bsh\/regjistribashkiashkoder\/wp-content\/uploads\/2025\/06\/Pergjigje-Peticionit.pdf\" rel=\"noopener noreferrer\" target=\"_blank\">P\u00ebrgjigje e K\u00ebshillit Bashkiak dat\u00eb 22\/05\/2025<\/a><\/td>\n<\/tr>\n<tr class=\"row-5 odd\">\n\t<td class=\"column-1\"><\/td><td class=\"column-2\"><\/td><td class=\"column-3\"><\/td><td class=\"column-4\"><\/td><td class=\"column-5\"><\/td><td class=\"column-6\"><\/td><td class=\"column-7\"><\/td><td class=\"column-8\"><\/td><td class=\"column-9\"><\/td><td class=\"column-10\"><\/td><td class=\"column-11\"><\/td><td class=\"column-12\"><\/td>\n<\/tr>\n<tr class=\"row-6 even\">\n\t<td class=\"column-1\"><\/td><td class=\"column-2\"><\/td><td class=\"column-3\"><\/td><td class=\"column-4\"><\/td><td class=\"column-5\"><\/td><td class=\"column-6\"><\/td><td class=\"column-7\"><\/td><td class=\"column-8\"><\/td><td class=\"column-9\"><\/td><td class=\"column-10\"><\/td><td class=\"column-11\"><\/td><td class=\"column-12\"><\/td>\n<\/tr>\n<tr class=\"row-7 odd\">\n\t<td class=\"column-1\"><\/td><td class=\"column-2\"><\/td><td class=\"column-3\"><\/td><td class=\"column-4\"><\/td><td class=\"column-5\"><\/td><td class=\"column-6\"><\/td><td class=\"column-7\"><\/td><td class=\"column-8\"><\/td><td class=\"column-9\"><\/td><td class=\"column-10\"><\/td><td class=\"column-11\"><\/td><td class=\"column-12\"><\/td>\n<\/tr>\n<tr class=\"row-8 even\">\n\t<td class=\"column-1\"><\/td><td class=\"column-2\"><\/td><td class=\"column-3\"><\/td><td class=\"column-4\"><\/td><td class=\"column-5\"><\/td><td class=\"column-6\"><\/td><td class=\"column-7\"><\/td><td class=\"column-8\"><\/td><td class=\"column-9\"><\/td><td class=\"column-10\"><\/td><td class=\"column-11\"><\/td><td class=\"column-12\"><\/td>\n<\/tr>\n<tr class=\"row-9 odd\">\n\t<td class=\"column-1\"><\/td><td class=\"column-2\"><\/td><td class=\"column-3\"><\/td><td class=\"column-4\"><\/td><td class=\"column-5\"><\/td><td class=\"column-6\"><\/td><td class=\"column-7\"><\/td><td class=\"column-8\"><\/td><td class=\"column-9\"><\/td><td class=\"column-10\"><\/td><td class=\"column-11\"><\/td><td class=\"column-12\"><\/td>\n<\/tr>\n<tr class=\"row-10 even\">\n\t<td class=\"column-1\"><\/td><td class=\"column-2\"><\/td><td class=\"column-3\"><\/td><td class=\"column-4\"><\/td><td class=\"column-5\"><\/td><td class=\"column-6\"><\/td><td class=\"column-7\"><\/td><td class=\"column-8\"><\/td><td class=\"column-9\"><\/td><td class=\"column-10\"><\/td><td class=\"column-11\"><\/td><td class=\"column-12\"><\/td>\n<\/tr>\n<tr class=\"row-11 odd\">\n\t<td class=\"column-1\"><\/td><td class=\"column-2\"><\/td><td class=\"column-3\"><\/td><td class=\"column-4\"><\/td><td class=\"column-5\"><\/td><td class=\"column-6\"><\/td><td class=\"column-7\"><\/td><td class=\"column-8\"><\/td><td class=\"column-9\"><\/td><td class=\"column-10\"><\/td><td class=\"column-11\"><\/td><td class=\"column-12\"><\/td>\n<\/tr>\n<tr class=\"row-12 even\">\n\t<td class=\"column-1\"><\/td><td class=\"column-2\"><\/td><td class=\"column-3\"><\/td><td class=\"column-4\"><\/td><td class=\"column-5\"><\/td><td class=\"column-6\"><\/td><td class=\"column-7\"><\/td><td class=\"column-8\"><\/td><td class=\"column-9\"><\/td><td class=\"column-10\"><\/td><td class=\"column-11\"><\/td><td class=\"column-12\"><\/td>\n<\/tr>\n<\/tbody>\n<\/table>\n<!-- #tablepress-1 from cache -->[\/vc_column_text][\/vc_column][\/vc_row][vc_row][vc_column][vc_column_text]<a href=\"http:\/\/209.95.59.218\/~bsh\/regjistribashkiashkoder\/wp-content\/uploads\/2022\/04\/Model-i-peticionit-drejtuar-Keshillit-Bashkiak.docx\">Model i peticionit drejtuar K\u00ebshillit Bashkiak<\/a><\/p>\n<p><a href=\"http:\/\/209.95.59.218\/~bsh\/regjistribashkiashkoder\/wp-content\/uploads\/2022\/04\/Model-peticioni-per-iniciative-qytetare-drejtuar-Keshillit-Bashkiak.docx\">Model peticioni p\u00ebr iniciativ\u00eb qytetare drejtuar K\u00ebshillit Bashkiak<\/a><\/p>\n<p><a href=\"http:\/\/209.95.59.218\/~bsh\/regjistribashkiashkoder\/wp-content\/uploads\/2022\/04\/Model-i-fletes-permbledhese-e-peticionit-iniciatives-drejtuar-Keshillit-Bashkiak.docx\">Model i flet\u00ebs p\u00ebrmbledh\u00ebse e peticionit iniciatives drejtuar K\u00ebshillit Bashkiak<\/a><\/p>\n<p><a href=\"http:\/\/209.95.59.218\/~bsh\/regjistribashkiashkoder\/wp-content\/uploads\/2022\/04\/Procedura-dhe-afate-peticione-dhe-iniciativa-1.pdf\">Procedura dhe afate peticione dhe iniciativa<\/a>[\/vc_column_text][\/vc_column][\/vc_row][vc_row][vc_column width=&#8221;1\/6&#8243;][\/vc_column][vc_column width=&#8221;2\/3&#8243;][media alignment=&#8221;center&#8221; link=&#8221;http:\/\/www.bashkiashkoder.gov.al\/&#8221; image=&#8221;923&#8243;][\/vc_column][vc_column width=&#8221;1\/6&#8243;][\/vc_column][\/vc_row]<\/p>\n","protected":false},"excerpt":{"rendered":"<p>[vc_row][vc_column css=&#8221;.vc_custom_1606987008881{border-top-width: 1px !important;border-right-width: 1px !important;border-bottom-width: 1px !important;border-left-width: 1px !important;padding-top: 10px !important;padding-bottom: 10px !important;border-left-color: #939393 !important;border-left-style: dotted !important;border-right-color: #939393 !important;border-right-style: dotted !important;border-top-color: #939393 !important;border-top-style: dotted !important;border-bottom-color: #939393 !important;border-bottom-style: dotted !important;}&#8221;][vc_column_text custom_text_color=&#8221;#ffffff&#8221; css=&#8221;.vc_custom_1607087658588{padding-top: 10px !important;padding-bottom: 10px !important;background-color: #005281 !important;}&#8221;] REGJISTRI I BRENDSH\u00cbM I PETICIONEVE DHE INICIATIVAVE QYTETARE [\/vc_column_text][vc_column_text][\/vc_column_text][\/vc_column][\/vc_row][vc_row][vc_column][vc_column_text]Model i peticionit drejtuar K\u00ebshillit Bashkiak Model peticioni p\u00ebr [&hellip;]<\/p>\n","protected":false},"author":1,"featured_media":0,"parent":0,"menu_order":0,"comment_status":"closed","ping_status":"closed","template":"","meta":[],"_links":{"self":[{"href":"http:\/\/209.95.59.218\/~bsh\/regjistribashkiashkoder\/wp-json\/wp\/v2\/pages\/1004"}],"collection":[{"href":"http:\/\/209.95.59.218\/~bsh\/regjistribashkiashkoder\/wp-json\/wp\/v2\/pages"}],"about":[{"href":"http:\/\/209.95.59.218\/~bsh\/regjistribashkiashkoder\/wp-json\/wp\/v2\/types\/page"}],"author":[{"embeddable":true,"href":"http:\/\/209.95.59.218\/~bsh\/regjistribashkiashkoder\/wp-json\/wp\/v2\/users\/1"}],"replies":[{"embeddable":true,"href":"http:\/\/209.95.59.218\/~bsh\/regjistribashkiashkoder\/wp-json\/wp\/v2\/comments?post=1004"}],"version-history":[{"count":4,"href":"http:\/\/209.95.59.218\/~bsh\/regjistribashkiashkoder\/wp-json\/wp\/v2\/pages\/1004\/revisions"}],"predecessor-version":[{"id":1020,"href":"http:\/\/209.95.59.218\/~bsh\/regjistribashkiashkoder\/wp-json\/wp\/v2\/pages\/1004\/revisions\/1020"}],"wp:attachment":[{"href":"http:\/\/209.95.59.218\/~bsh\/regjistribashkiashkoder\/wp-json\/wp\/v2\/media?parent=1004"}],"curies":[{"name":"wp","href":"https:\/\/api.w.org\/{rel}","templated":true}]}}