{"id":938,"date":"2021-06-13T20:44:55","date_gmt":"2021-06-13T18:44:55","guid":{"rendered":"http:\/\/209.95.59.218\/~bsh\/regjistribashkiamallakaster\/?page_id=938"},"modified":"2022-03-28T08:45:03","modified_gmt":"2022-03-28T06:45:03","slug":"regjistri-i-mbledhjeve-te-keshillit-bashkiak","status":"publish","type":"page","link":"http:\/\/209.95.59.218\/~bsh\/regjistribashkiamallakaster\/?page_id=938","title":{"rendered":"REGJISTRI PUBLIK P\u00cbR TRANSPARENC\u00cbN E MBLEDHJEVE T\u00cb K\u00cbSHILLIT"},"content":{"rendered":"<p>[vc_row][vc_column css=&#8221;.vc_custom_1606987008881{border-top-width: 1px !important;border-right-width: 1px !important;border-bottom-width: 1px !important;border-left-width: 1px !important;padding-top: 10px !important;padding-bottom: 10px !important;border-left-color: #939393 !important;border-left-style: dotted !important;border-right-color: #939393 !important;border-right-style: dotted !important;border-top-color: #939393 !important;border-top-style: dotted !important;border-bottom-color: #939393 !important;border-bottom-style: dotted !important;}&#8221;][vc_column_text custom_text_color=&#8221;#ffffff&#8221; css=&#8221;.vc_custom_1648449902430{padding-top: 10px !important;padding-bottom: 10px !important;background-color: #005281 !important;}&#8221;]<\/p>\n<p style=\"text-align: center;\"><strong>REGJISTRI PUBLIK P\u00cbR TRANSPARENC\u00cbN E MBLEDHJEVE T\u00cb K\u00cbSHILLIT<\/strong><\/p>\n<p>[\/vc_column_text][vc_column_text]\n<table id=\"tablepress-5\" class=\"tablepress tablepress-id-5\">\n<thead>\n<tr class=\"row-1 odd\">\n\t<th class=\"column-1\">&nbsp;<\/th><th class=\"column-2\">&nbsp;<\/th><th class=\"column-3\">&nbsp;<\/th><th class=\"column-4\">&nbsp;<\/th><th class=\"column-5\">&nbsp;<\/th><th class=\"column-6\">&nbsp;<\/th><th class=\"column-7\">&nbsp;<\/th><th class=\"column-8\">&nbsp;<\/th><th class=\"column-9\">&nbsp;<\/th><th class=\"column-10\">&nbsp;<\/th><th class=\"column-11\">&nbsp;<\/th><th class=\"column-12\">&nbsp;<\/th><th class=\"column-13\">&nbsp;<\/th>\n<\/tr>\n<\/thead>\n<tbody class=\"row-hover\">\n<tr class=\"row-2 even\">\n\t<td class=\"column-1\">\"Nr. Mbledhjes<br \/>\n(viti___)\"<\/td><td class=\"column-2\">Njoftimi i Mbledhjes<br \/>\n<br \/>\n(lidhja p\u00ebr shkarkim)\t<\/td><td class=\"column-3\">Njoftimi i Mbledhjes<br \/>\n<br \/>\nMenyra e Njoftimit (uebpage, tabela e njoftimeve, TV, tjeter)<\/td><td class=\"column-4\">Mbajtja e Mbledhjes\t\t\t\t<br \/>\n<br \/>\n\"Data<br \/>\n(d\/m\/v)\"<\/td><td class=\"column-5\">Mbajtja e Mbledhjes\t\t\t\t<br \/>\n<br \/>\nVendi<\/td><td class=\"column-6\">Mbajtja e Mbledhjes\t\t\t\t<br \/>\n<br \/>\nOra e fillimit<\/td><td class=\"column-7\">Mbajtja e Mbledhjes\t\t\t\t<br \/>\n<br \/>\nOra e p\u00ebrfundimit<\/td><td class=\"column-8\">Mbajtja e Mbledhjes\t\t\t\t<br \/>\n<br \/>\nKoh\u00ebzgjatja e mbledhjes<\/td><td class=\"column-9\">Lloji i Mbledhjes<br \/>\n<br \/>\n(Radh\u00ebs, Jasht\u00eb Radhe, Emergjente, Elektronike, Shtyr\u00eb, Mbyllur)<\/td><td class=\"column-10\">Sesioni i mbledhjes i mbajtur i mbyllur<\/td><td class=\"column-11\">\"Rendi i Dit\u00ebs<br \/>\n(lidhja p\u00ebr shkarkim)\"<br \/>\n<\/td><td class=\"column-12\">\"Video<br \/>\n(lidhja)\"<\/td><td class=\"column-13\">\"Procesverbali<br \/>\n(lidhja p\u00ebr shkarkim)\"<\/td>\n<\/tr>\n<tr class=\"row-3 odd\">\n\t<td class=\"column-1\">https:\/\/www.facebook.com\/132696611867627\/posts\/466319955171956\/<\/td><td class=\"column-2\">fb<\/td><td class=\"column-3\">14.12.2021<\/td><td class=\"column-4\">20.12.2021<\/td><td class=\"column-5\">Bashkia<\/td><td class=\"column-6\">12:00<\/td><td class=\"column-7\">13:00<\/td><td class=\"column-8\">1 or\u00eb<\/td><td class=\"column-9\">Radh\u00ebs<\/td><td class=\"column-10\">i hapur<\/td><td class=\"column-11\">https:\/\/www.facebook.com\/132696611867627\/posts\/466319955171956\/<\/td><td class=\"column-12\"><\/td><td class=\"column-13\"><\/td>\n<\/tr>\n<tr class=\"row-4 even\">\n\t<td class=\"column-1\">https:\/\/www.facebook.com\/132696611867627\/posts\/491397605997524\/<\/td><td class=\"column-2\">fb<\/td><td class=\"column-3\">24.01.2022<\/td><td class=\"column-4\">27.01.2022<\/td><td class=\"column-5\">Bashkia<\/td><td class=\"column-6\">11:00<\/td><td class=\"column-7\">12:00<\/td><td class=\"column-8\">1 or\u00eb<\/td><td class=\"column-9\">Radh\u00ebs<\/td><td class=\"column-10\">i hapur<\/td><td class=\"column-11\">https:\/\/www.facebook.com\/132696611867627\/posts\/491397605997524\/<\/td><td class=\"column-12\"><\/td><td class=\"column-13\"><\/td>\n<\/tr>\n<tr class=\"row-5 odd\">\n\t<td class=\"column-1\">https:\/\/www.facebook.com\/132696611867627\/posts\/513820110421940\/<\/td><td class=\"column-2\">fb<\/td><td class=\"column-3\">28.02.2022<\/td><td class=\"column-4\">28.02.2022<\/td><td class=\"column-5\">Bashkia<\/td><td class=\"column-6\">14:00<\/td><td class=\"column-7\">15:00<\/td><td class=\"column-8\">1 or\u00eb<\/td><td class=\"column-9\">Radh\u00ebs<\/td><td class=\"column-10\">i hapur<\/td><td class=\"column-11\">https:\/\/www.facebook.com\/132696611867627\/posts\/513820110421940\/<\/td><td class=\"column-12\"><\/td><td class=\"column-13\"><\/td>\n<\/tr>\n<tr class=\"row-6 even\">\n\t<td class=\"column-1\">https:\/\/www.facebook.com\/132696611867627\/posts\/529643945506223\/<\/td><td class=\"column-2\">fb<\/td><td class=\"column-3\">25.03.2022<\/td><td class=\"column-4\">29.03.2022<\/td><td class=\"column-5\">Bashkia<\/td><td class=\"column-6\">14:00<\/td><td class=\"column-7\">15:00<\/td><td class=\"column-8\">1 or\u00eb<\/td><td class=\"column-9\">Radh\u00ebs<\/td><td class=\"column-10\">i hapur<\/td><td class=\"column-11\">https:\/\/www.facebook.com\/132696611867627\/posts\/529643945506223\/<\/td><td class=\"column-12\"><\/td><td class=\"column-13\"><\/td>\n<\/tr>\n<tr class=\"row-7 odd\">\n\t<td class=\"column-1\">https:\/\/www.facebook.com\/132696611867627\/posts\/550745720062712\/<\/td><td class=\"column-2\">fb<\/td><td class=\"column-3\">21.04.2022<\/td><td class=\"column-4\">27.04.2022<\/td><td class=\"column-5\">Bashkia<\/td><td class=\"column-6\">14:00<\/td><td class=\"column-7\">15:00<\/td><td class=\"column-8\">1 or\u00eb<\/td><td class=\"column-9\">Radh\u00ebs<\/td><td class=\"column-10\">i hapur<\/td><td class=\"column-11\">https:\/\/www.facebook.com\/132696611867627\/posts\/550745720062712\/<\/td><td class=\"column-12\"><\/td><td class=\"column-13\"><\/td>\n<\/tr>\n<tr class=\"row-8 even\">\n\t<td class=\"column-1\">https:\/\/www.facebook.com\/132696611867627\/posts\/pfbid0WbCk5k168YW2pDa4Fc57maEygNpwqceAiXZJAZMVqqtWJc2GCEFGPDQmRR1MXgzNl\/<\/td><td class=\"column-2\">fb<\/td><td class=\"column-3\">12.05.2022<\/td><td class=\"column-4\">18.05.2022<\/td><td class=\"column-5\">Bashkia<\/td><td class=\"column-6\">14:00<\/td><td class=\"column-7\">14:00<\/td><td class=\"column-8\">1 or\u00eb<\/td><td class=\"column-9\">Radh\u00ebs<\/td><td class=\"column-10\">i hapur<\/td><td class=\"column-11\">https:\/\/www.facebook.com\/132696611867627\/posts\/pfbid0WbCk5k168YW2pDa4Fc57maEygNpwqceAiXZJAZMVqqtWJc2GCEFGPDQmRR1MXgzNl\/<\/td><td class=\"column-12\"><\/td><td class=\"column-13\"><\/td>\n<\/tr>\n<tr class=\"row-9 odd\">\n\t<td class=\"column-1\">https:\/\/www.facebook.com\/132696611867627\/posts\/pfbid0JomQVSsUPguyoFecZhtVXmxGnP1DnGZ5bG4B79xAqTgE9FJ3HyddCg4HV3pyKwhWl\/<\/td><td class=\"column-2\">fb<\/td><td class=\"column-3\">15.06.2022<\/td><td class=\"column-4\">20.06.2022<\/td><td class=\"column-5\">Bashkia<\/td><td class=\"column-6\">11:00<\/td><td class=\"column-7\">11:00<\/td><td class=\"column-8\">1 or\u00eb<\/td><td class=\"column-9\">Radh\u00ebs<\/td><td class=\"column-10\">i hapur<\/td><td class=\"column-11\">https:\/\/www.facebook.com\/132696611867627\/posts\/pfbid0JomQVSsUPguyoFecZhtVXmxGnP1DnGZ5bG4B79xAqTgE9FJ3HyddCg4HV3pyKwhWl\/<\/td><td class=\"column-12\"><\/td><td class=\"column-13\"><\/td>\n<\/tr>\n<tr class=\"row-10 even\">\n\t<td class=\"column-1\">https:\/\/www.facebook.com\/132696611867627\/posts\/pfbid02Dk7kw8MZqTdzBTgBfpiH2hZNYZRzoWUa28z7nVgCg3PM8V2Brx6gdPyhSzcE18azl\/<\/td><td class=\"column-2\">fb<\/td><td class=\"column-3\">21.07.2022<\/td><td class=\"column-4\">26.07.2022<\/td><td class=\"column-5\">Bashkia<\/td><td class=\"column-6\">10:00<\/td><td class=\"column-7\">11:00<\/td><td class=\"column-8\">1 or\u00eb<\/td><td class=\"column-9\">Radh\u00ebs<\/td><td class=\"column-10\">i hapur<\/td><td class=\"column-11\">https:\/\/www.facebook.com\/132696611867627\/posts\/pfbid02Dk7kw8MZqTdzBTgBfpiH2hZNYZRzoWUa28z7nVgCg3PM8V2Brx6gdPyhSzcE18azl\/<\/td><td class=\"column-12\"><\/td><td class=\"column-13\"><\/td>\n<\/tr>\n<tr class=\"row-11 odd\">\n\t<td class=\"column-1\">https:\/\/www.facebook.com\/132696611867627\/posts\/pfbid07kXExQDV6Ebg9bEMTM7Ff2pasZinzzabGUCbYyJpkWof1nMGFENAbbNZMygFVvbtl\/<\/td><td class=\"column-2\">fb<\/td><td class=\"column-3\">24.08.2022<\/td><td class=\"column-4\">30.08.2022<\/td><td class=\"column-5\">Bashkia<\/td><td class=\"column-6\">10:00<\/td><td class=\"column-7\">11:00<\/td><td class=\"column-8\">1 ore<\/td><td class=\"column-9\">Radh\u00ebs<\/td><td class=\"column-10\">i hapur<\/td><td class=\"column-11\">https:\/\/www.facebook.com\/132696611867627\/posts\/pfbid07kXExQDV6Ebg9bEMTM7Ff2pasZinzzabGUCbYyJpkWof1nMGFENAbbNZMygFVvbtl\/<\/td><td class=\"column-12\">https:\/\/fb.watch\/fR4pRXGaDW\/<\/td><td class=\"column-13\"><\/td>\n<\/tr>\n<tr class=\"row-12 even\">\n\t<td class=\"column-1\">https:\/\/m.facebook.com\/story.php?story_fbid=pfbid0P1oGYot9EdrE8G3M2xzdwwn4LSMggoZHawDzAPCHz2NTEh7MWaTiG4XmF8B4BKtJl&amp;id=100081701615444<\/td><td class=\"column-2\">fb<\/td><td class=\"column-3\">21.09.2022<\/td><td class=\"column-4\">28.09.2022<\/td><td class=\"column-5\">Bashkia<\/td><td class=\"column-6\">14:00<\/td><td class=\"column-7\">15:00<\/td><td class=\"column-8\">1 or\u00eb<\/td><td class=\"column-9\">Radh\u00ebs<\/td><td class=\"column-10\">i hapur<\/td><td class=\"column-11\">https:\/\/m.facebook.com\/story.php?story_fbid=pfbid0P1oGYot9EdrE8G3M2xzdwwn4LSMggoZHawDzAPCHz2NTEh7MWaTiG4XmF8B4BKtJl&amp;id=100081701615444<\/td><td class=\"column-12\">https:\/\/fb.watch\/fR4neTrriC\/<\/td><td class=\"column-13\"><\/td>\n<\/tr>\n<tr class=\"row-13 odd\">\n\t<td class=\"column-1\">https:\/\/m.facebook.com\/story.php?story_fbid=pfbid0z6xdsh4fgwBWqcCASYGP6kD6abwYydAmfJ4w2vERDFc6QfWABMYR6VxvwfkajprGl&amp;id=100081701615444<\/td><td class=\"column-2\">fb<\/td><td class=\"column-3\">21.10.2022<\/td><td class=\"column-4\">27.10.2022<\/td><td class=\"column-5\">Bashkia<\/td><td class=\"column-6\">14:00<\/td><td class=\"column-7\">15:00<\/td><td class=\"column-8\">1 or\u00eb<\/td><td class=\"column-9\">Radh\u00ebs<\/td><td class=\"column-10\">i hapur<\/td><td class=\"column-11\">https:\/\/m.facebook.com\/story.php?story_fbid=pfbid0z6xdsh4fgwBWqcCASYGP6kD6abwYydAmfJ4w2vERDFc6QfWABMYR6VxvwfkajprGl&amp;id=100081701615444<\/td><td class=\"column-12\"><\/td><td class=\"column-13\"><\/td>\n<\/tr>\n<tr class=\"row-14 even\">\n\t<td class=\"column-1\">https:\/\/m.facebook.com\/story.php?story_fbid=pfbid02CCJnFDyKgP68yChp7yMauX9gSsSWE3vmS3XaA97jcyg9BuVZMu2zToLUHiya5Fdil&amp;id=100081701615444<\/td><td class=\"column-2\">fb<\/td><td class=\"column-3\">20.11.2022<\/td><td class=\"column-4\">24.11.2022<\/td><td class=\"column-5\">Bashkia<\/td><td class=\"column-6\">14:00<\/td><td class=\"column-7\">15:00<\/td><td class=\"column-8\">1 or\u00eb<\/td><td class=\"column-9\">Radh\u00ebs<\/td><td class=\"column-10\">i hapur<\/td><td class=\"column-11\">https:\/\/m.facebook.com\/story.php?story_fbid=pfbid02CCJnFDyKgP68yChp7yMauX9gSsSWE3vmS3XaA97jcyg9BuVZMu2zToLUHiya5Fdil&amp;id=100081701615444<\/td><td class=\"column-12\"><\/td><td class=\"column-13\"><\/td>\n<\/tr>\n<tr class=\"row-15 odd\">\n\t<td class=\"column-1\">https:\/\/m.facebook.com\/story.php?story_fbid=pfbid02DCZNnmDGTSRmBsbgNCnkHPWg3BMhZWfNYvs977KYhY8AtQxAYqKQBSBfkPPYb2x9l&amp;id=100081701615444<\/td><td class=\"column-2\">fb<\/td><td class=\"column-3\">14.12.2022<\/td><td class=\"column-4\">19.12.2022<\/td><td class=\"column-5\">Bashkia<\/td><td class=\"column-6\">14:00<\/td><td class=\"column-7\">15:00<\/td><td class=\"column-8\">1 or\u00eb<\/td><td class=\"column-9\">Radh\u00ebs<\/td><td class=\"column-10\">i hapur<\/td><td class=\"column-11\">https:\/\/m.facebook.com\/story.php?story_fbid=pfbid02DCZNnmDGTSRmBsbgNCnkHPWg3BMhZWfNYvs977KYhY8AtQxAYqKQBSBfkPPYb2x9l&amp;id=100081701615444<\/td><td class=\"column-12\"><\/td><td class=\"column-13\"><\/td>\n<\/tr>\n<tr class=\"row-16 even\">\n\t<td class=\"column-1\">https:\/\/m.facebook.com\/story.php?story_fbid=pfbid02Wg8wAVGUp9EspaQ97wH5WXQu3M7BTFKSkVW4zjnan87zzYABBgbUkfXBdgNNAQQZl&amp;id=100081701615444<\/td><td class=\"column-2\">fb<\/td><td class=\"column-3\">17.01.2023<\/td><td class=\"column-4\">23.01.2023<\/td><td class=\"column-5\">Bashkia<\/td><td class=\"column-6\">14:00<\/td><td class=\"column-7\">15:00<\/td><td class=\"column-8\">1 or\u00eb<\/td><td class=\"column-9\">Radh\u00ebs<\/td><td class=\"column-10\">i hapur<\/td><td class=\"column-11\">https:\/\/m.facebook.com\/story.php?story_fbid=pfbid02Wg8wAVGUp9EspaQ97wH5WXQu3M7BTFKSkVW4zjnan87zzYABBgbUkfXBdgNNAQQZl&amp;id=100081701615444<\/td><td class=\"column-12\">https:\/\/fb.watch\/ixMNmz3ceU\/<\/td><td class=\"column-13\"><\/td>\n<\/tr>\n<tr class=\"row-17 odd\">\n\t<td class=\"column-1\"><\/td><td class=\"column-2\"><\/td><td class=\"column-3\"><\/td><td class=\"column-4\"><\/td><td class=\"column-5\"><\/td><td class=\"column-6\"><\/td><td class=\"column-7\"><\/td><td class=\"column-8\"><\/td><td class=\"column-9\"><\/td><td class=\"column-10\"><\/td><td class=\"column-11\"><\/td><td class=\"column-12\"><\/td><td class=\"column-13\"><\/td>\n<\/tr>\n<tr class=\"row-18 even\">\n\t<td class=\"column-1\"><\/td><td class=\"column-2\"><\/td><td class=\"column-3\"><\/td><td class=\"column-4\"><\/td><td class=\"column-5\"><\/td><td class=\"column-6\"><\/td><td class=\"column-7\"><\/td><td class=\"column-8\"><\/td><td class=\"column-9\"><\/td><td class=\"column-10\"><\/td><td class=\"column-11\"><\/td><td class=\"column-12\"><\/td><td class=\"column-13\"><\/td>\n<\/tr>\n<tr class=\"row-19 odd\">\n\t<td class=\"column-1\"><\/td><td class=\"column-2\"><\/td><td class=\"column-3\"><\/td><td class=\"column-4\"><\/td><td class=\"column-5\"><\/td><td class=\"column-6\"><\/td><td class=\"column-7\"><\/td><td class=\"column-8\"><\/td><td class=\"column-9\"><\/td><td class=\"column-10\"><\/td><td class=\"column-11\"><\/td><td class=\"column-12\"><\/td><td class=\"column-13\"><\/td>\n<\/tr>\n<tr class=\"row-20 even\">\n\t<td class=\"column-1\"><\/td><td class=\"column-2\"><\/td><td class=\"column-3\"><\/td><td class=\"column-4\"><\/td><td class=\"column-5\"><\/td><td class=\"column-6\"><\/td><td class=\"column-7\"><\/td><td class=\"column-8\"><\/td><td class=\"column-9\"><\/td><td class=\"column-10\"><\/td><td class=\"column-11\"><\/td><td class=\"column-12\"><\/td><td class=\"column-13\"><\/td>\n<\/tr>\n<\/tbody>\n<\/table>\n<!-- #tablepress-5 from cache -->[\/vc_column_text][\/vc_column][\/vc_row][vc_row][vc_column css=&#8221;.vc_custom_1606987008881{border-top-width: 1px !important;border-right-width: 1px !important;border-bottom-width: 1px !important;border-left-width: 1px !important;padding-top: 10px !important;padding-bottom: 10px !important;border-left-color: #939393 !important;border-left-style: dotted !important;border-right-color: #939393 !important;border-right-style: dotted !important;border-top-color: #939393 !important;border-top-style: dotted !important;border-bottom-color: #939393 !important;border-bottom-style: dotted !important;}&#8221;][vc_column_text custom_text_color=&#8221;#ffffff&#8221; css=&#8221;.vc_custom_1620206462448{padding-top: 10px !important;padding-bottom: 10px !important;background-color: #a5002c !important;}&#8221;]<\/p>\n<p style=\"text-align: center;\"><strong>TAKIMET PUBLIKE N\u00cb LIDHJE ME MBLEDHJEN E K\u00cbSHILLIT<\/strong><\/p>\n<p>[\/vc_column_text][vc_column_text]\n<table id=\"tablepress-6\" class=\"tablepress tablepress-id-6\">\n<thead>\n<tr class=\"row-1 odd\">\n\t<th class=\"column-1\">&nbsp;<\/th><th class=\"column-2\">&nbsp;<\/th><th class=\"column-3\">&nbsp;<\/th><th class=\"column-4\">&nbsp;<\/th><th class=\"column-5\">&nbsp;<\/th><th class=\"column-6\">&nbsp;<\/th>\n<\/tr>\n<\/thead>\n<tbody class=\"row-hover\">\n<tr class=\"row-2 even\">\n\t<td class=\"column-1\">\"Nr. Mbledhjes<br \/>\n(viti___)\"<\/td><td class=\"column-2\">\"Njoftimi<br \/>\n(lidhja p\u00ebr shkarkim)\"<br \/>\n<\/td><td class=\"column-3\">Vendi i mbajtjes s\u00eb takimit<br \/>\n<\/td><td class=\"column-4\">Data e mbajtjes s\u00eb takimit<br \/>\n<\/td><td class=\"column-5\">\"Video<br \/>\n(lidhja)\"<br \/>\n<\/td><td class=\"column-6\">\"Procesverbali<br \/>\n(lidhja p\u00ebr shkarkim)\"<br \/>\n<\/td>\n<\/tr>\n<tr class=\"row-3 odd\">\n\t<td class=\"column-1\"><\/td><td class=\"column-2\"><\/td><td class=\"column-3\"><\/td><td class=\"column-4\"><\/td><td class=\"column-5\"><\/td><td class=\"column-6\"><\/td>\n<\/tr>\n<tr class=\"row-4 even\">\n\t<td class=\"column-1\"><\/td><td class=\"column-2\"><\/td><td class=\"column-3\"><\/td><td class=\"column-4\"><\/td><td class=\"column-5\"><\/td><td class=\"column-6\"><\/td>\n<\/tr>\n<tr class=\"row-5 odd\">\n\t<td class=\"column-1\"><\/td><td class=\"column-2\"><\/td><td class=\"column-3\"><\/td><td class=\"column-4\"><\/td><td class=\"column-5\"><\/td><td class=\"column-6\"><\/td>\n<\/tr>\n<tr class=\"row-6 even\">\n\t<td class=\"column-1\"><\/td><td class=\"column-2\"><\/td><td class=\"column-3\"><\/td><td class=\"column-4\"><\/td><td class=\"column-5\"><\/td><td class=\"column-6\"><\/td>\n<\/tr>\n<tr class=\"row-7 odd\">\n\t<td class=\"column-1\"><\/td><td class=\"column-2\"><\/td><td class=\"column-3\"><\/td><td class=\"column-4\"><\/td><td class=\"column-5\"><\/td><td class=\"column-6\"><\/td>\n<\/tr>\n<tr class=\"row-8 even\">\n\t<td class=\"column-1\"><\/td><td class=\"column-2\"><\/td><td class=\"column-3\"><\/td><td class=\"column-4\"><\/td><td class=\"column-5\"><\/td><td class=\"column-6\"><\/td>\n<\/tr>\n<tr class=\"row-9 odd\">\n\t<td class=\"column-1\"><\/td><td class=\"column-2\"><\/td><td class=\"column-3\"><\/td><td class=\"column-4\"><\/td><td class=\"column-5\"><\/td><td class=\"column-6\"><\/td>\n<\/tr>\n<tr class=\"row-10 even\">\n\t<td class=\"column-1\"><\/td><td class=\"column-2\"><\/td><td class=\"column-3\"><\/td><td class=\"column-4\"><\/td><td class=\"column-5\"><\/td><td class=\"column-6\"><\/td>\n<\/tr>\n<tr class=\"row-11 odd\">\n\t<td class=\"column-1\"><\/td><td class=\"column-2\"><\/td><td class=\"column-3\"><\/td><td class=\"column-4\"><\/td><td class=\"column-5\"><\/td><td class=\"column-6\"><\/td>\n<\/tr>\n<tr class=\"row-12 even\">\n\t<td class=\"column-1\"><\/td><td class=\"column-2\"><\/td><td class=\"column-3\"><\/td><td class=\"column-4\"><\/td><td class=\"column-5\"><\/td><td class=\"column-6\"><\/td>\n<\/tr>\n<tr class=\"row-13 odd\">\n\t<td class=\"column-1\"><\/td><td class=\"column-2\"><\/td><td class=\"column-3\"><\/td><td class=\"column-4\"><\/td><td class=\"column-5\"><\/td><td class=\"column-6\"><\/td>\n<\/tr>\n<tr class=\"row-14 even\">\n\t<td class=\"column-1\"><\/td><td class=\"column-2\"><\/td><td class=\"column-3\"><\/td><td class=\"column-4\"><\/td><td class=\"column-5\"><\/td><td class=\"column-6\"><\/td>\n<\/tr>\n<tr class=\"row-15 odd\">\n\t<td class=\"column-1\"><\/td><td class=\"column-2\"><\/td><td class=\"column-3\"><\/td><td class=\"column-4\"><\/td><td class=\"column-5\"><\/td><td class=\"column-6\"><\/td>\n<\/tr>\n<tr class=\"row-16 even\">\n\t<td class=\"column-1\"><\/td><td class=\"column-2\"><\/td><td class=\"column-3\"><\/td><td class=\"column-4\"><\/td><td class=\"column-5\"><\/td><td class=\"column-6\"><\/td>\n<\/tr>\n<tr class=\"row-17 odd\">\n\t<td class=\"column-1\"><\/td><td class=\"column-2\"><\/td><td class=\"column-3\"><\/td><td class=\"column-4\"><\/td><td class=\"column-5\"><\/td><td class=\"column-6\"><\/td>\n<\/tr>\n<tr class=\"row-18 even\">\n\t<td class=\"column-1\"><\/td><td class=\"column-2\"><\/td><td class=\"column-3\"><\/td><td class=\"column-4\"><\/td><td class=\"column-5\"><\/td><td class=\"column-6\"><\/td>\n<\/tr>\n<tr class=\"row-19 odd\">\n\t<td class=\"column-1\"><\/td><td class=\"column-2\"><\/td><td class=\"column-3\"><\/td><td class=\"column-4\"><\/td><td class=\"column-5\"><\/td><td class=\"column-6\"><\/td>\n<\/tr>\n<tr class=\"row-20 even\">\n\t<td class=\"column-1\"><\/td><td class=\"column-2\"><\/td><td class=\"column-3\"><\/td><td class=\"column-4\"><\/td><td class=\"column-5\"><\/td><td class=\"column-6\"><\/td>\n<\/tr>\n<\/tbody>\n<\/table>\n<!-- #tablepress-6 from cache -->[\/vc_column_text][\/vc_column][\/vc_row][vc_row][vc_column width=&#8221;1\/6&#8243;][\/vc_column][vc_column width=&#8221;2\/3&#8243;][media animation=&#8221;none&#8221; image=&#8221;843&#8243;][\/vc_column][vc_column width=&#8221;1\/6&#8243;][\/vc_column][\/vc_row]<\/p>\n","protected":false},"excerpt":{"rendered":"<p>[vc_row][vc_column css=&#8221;.vc_custom_1606987008881{border-top-width: 1px !important;border-right-width: 1px !important;border-bottom-width: 1px !important;border-left-width: 1px !important;padding-top: 10px !important;padding-bottom: 10px !important;border-left-color: #939393 !important;border-left-style: dotted !important;border-right-color: #939393 !important;border-right-style: dotted !important;border-top-color: #939393 !important;border-top-style: dotted !important;border-bottom-color: #939393 !important;border-bottom-style: dotted !important;}&#8221;][vc_column_text custom_text_color=&#8221;#ffffff&#8221; css=&#8221;.vc_custom_1648449902430{padding-top: 10px !important;padding-bottom: 10px !important;background-color: #005281 !important;}&#8221;] REGJISTRI PUBLIK P\u00cbR TRANSPARENC\u00cbN E MBLEDHJEVE T\u00cb K\u00cbSHILLIT [\/vc_column_text][vc_column_text][\/vc_column_text][\/vc_column][\/vc_row][vc_row][vc_column css=&#8221;.vc_custom_1606987008881{border-top-width: 1px !important;border-right-width: 1px !important;border-bottom-width: 1px !important;border-left-width: 1px [&hellip;]<\/p>\n","protected":false},"author":1,"featured_media":0,"parent":0,"menu_order":0,"comment_status":"closed","ping_status":"closed","template":"","meta":[],"_links":{"self":[{"href":"http:\/\/209.95.59.218\/~bsh\/regjistribashkiamallakaster\/index.php?rest_route=\/wp\/v2\/pages\/938"}],"collection":[{"href":"http:\/\/209.95.59.218\/~bsh\/regjistribashkiamallakaster\/index.php?rest_route=\/wp\/v2\/pages"}],"about":[{"href":"http:\/\/209.95.59.218\/~bsh\/regjistribashkiamallakaster\/index.php?rest_route=\/wp\/v2\/types\/page"}],"author":[{"embeddable":true,"href":"http:\/\/209.95.59.218\/~bsh\/regjistribashkiamallakaster\/index.php?rest_route=\/wp\/v2\/users\/1"}],"replies":[{"embeddable":true,"href":"http:\/\/209.95.59.218\/~bsh\/regjistribashkiamallakaster\/index.php?rest_route=%2Fwp%2Fv2%2Fcomments&post=938"}],"version-history":[{"count":2,"href":"http:\/\/209.95.59.218\/~bsh\/regjistribashkiamallakaster\/index.php?rest_route=\/wp\/v2\/pages\/938\/revisions"}],"predecessor-version":[{"id":946,"href":"http:\/\/209.95.59.218\/~bsh\/regjistribashkiamallakaster\/index.php?rest_route=\/wp\/v2\/pages\/938\/revisions\/946"}],"wp:attachment":[{"href":"http:\/\/209.95.59.218\/~bsh\/regjistribashkiamallakaster\/index.php?rest_route=%2Fwp%2Fv2%2Fmedia&parent=938"}],"curies":[{"name":"wp","href":"https:\/\/api.w.org\/{rel}","templated":true}]}}