{"id":828,"date":"2020-04-26T12:22:27","date_gmt":"2020-04-26T12:22:27","guid":{"rendered":"http:\/\/bashkiteforta.al\/km\/?page_id=828"},"modified":"2020-12-14T13:33:09","modified_gmt":"2020-12-14T12:33:09","slug":"828-2","status":"publish","type":"page","link":"http:\/\/209.95.59.218\/~bsh\/regjistribashkiamallakaster\/","title":{"rendered":"Regjist\u00ebr Elektronik"},"content":{"rendered":"<p>[vc_row][vc_column css=&#8221;.vc_custom_1606987008881{border-top-width: 1px !important;border-right-width: 1px !important;border-bottom-width: 1px !important;border-left-width: 1px !important;padding-top: 10px !important;padding-bottom: 10px !important;border-left-color: #939393 !important;border-left-style: dotted !important;border-right-color: #939393 !important;border-right-style: dotted !important;border-top-color: #939393 !important;border-top-style: dotted !important;border-bottom-color: #939393 !important;border-bottom-style: dotted !important;}&#8221;][vc_column_text custom_text_color=&#8221;#ffffff&#8221; css=&#8221;.vc_custom_1607087658588{padding-top: 10px !important;padding-bottom: 10px !important;background-color: #005281 !important;}&#8221;]<\/p>\n<p style=\"text-align: center;\"><strong>REGJISTRI I BRENDSH\u00cbM I PETICIONEVE DHE INICIATIVAVE QYTETARE<\/strong><\/p>\n<p>[\/vc_column_text][vc_column_text]\n<table id=\"tablepress-1\" class=\"tablepress tablepress-id-1\">\n<thead>\n<tr class=\"row-1 odd\">\n\t<th class=\"column-1\">&nbsp;<\/th><th class=\"column-2\">&nbsp;<\/th><th class=\"column-3\">&nbsp;<\/th><th class=\"column-4\">&nbsp;<\/th><th class=\"column-5\">&nbsp;<\/th><th class=\"column-6\">&nbsp;<\/th><th class=\"column-7\">&nbsp;<\/th><th class=\"column-8\">&nbsp;<\/th><th class=\"column-9\">&nbsp;<\/th><th class=\"column-10\">&nbsp;<\/th><th class=\"column-11\">&nbsp;<\/th><th class=\"column-12\">&nbsp;<\/th>\n<\/tr>\n<\/thead>\n<tbody class=\"row-hover\">\n<tr class=\"row-2 even\">\n\t<td class=\"column-1\">Nr.<\/td><td class=\"column-2\">Kodi i regjistrimit<\/td><td class=\"column-3\">\u00c7\u00ebshtja<\/td><td class=\"column-4\">Grupi q\u00eb b\u00ebri Peticionin (OJF, Biznes, Rinia, Media, grupi komunitar, tjet\u00ebr)<\/td><td class=\"column-5\">Data e Regjistrimit n\u00eb Protokollin e Bashkis\u00eb<\/td><td class=\"column-6\">D\u00ebrgimi p\u00ebr mendim n\u00eb Komisionin p\u00ebrkat\u00ebs t\u00eb K\u00ebshillit (Nr. prot t\u00eb brendsh\u00ebm)<\/td><td class=\"column-7\">Esht\u00eb mbajtur d\u00ebgjes\u00eb publike (sipas ligjit dhe rregullores) (data)<\/td><td class=\"column-8\">Kaluar n\u00eb K\u00ebshill p\u00ebr shqyrtim (data)<\/td><td class=\"column-9\">Mb\u00ebshtetur nga K\u00ebshilli Po\/Jo<\/td><td class=\"column-10\">Zbatuar k\u00ebrkesa e peticionit nga Ekzekutivi (Data)<\/td><td class=\"column-11\">Raportimi n\u00eb K\u00ebshill dhe tek grupi interesit (Dat\u00eb)<\/td><td class=\"column-12\">Publikimi n\u00eb faqen e internetit t\u00eb Bashkis\u00eb (Dat\u00eb)<\/td>\n<\/tr>\n<tr class=\"row-3 odd\">\n\t<td class=\"column-1\"><\/td><td class=\"column-2\"><\/td><td class=\"column-3\"><\/td><td class=\"column-4\"><\/td><td class=\"column-5\"><\/td><td class=\"column-6\"><\/td><td class=\"column-7\"><\/td><td class=\"column-8\"><\/td><td class=\"column-9\"><\/td><td class=\"column-10\"><\/td><td class=\"column-11\"><\/td><td class=\"column-12\"><\/td>\n<\/tr>\n<tr class=\"row-4 even\">\n\t<td class=\"column-1\"><\/td><td class=\"column-2\"><\/td><td class=\"column-3\"><\/td><td class=\"column-4\"><\/td><td class=\"column-5\"><\/td><td class=\"column-6\"><\/td><td class=\"column-7\"><\/td><td class=\"column-8\"><\/td><td class=\"column-9\"><\/td><td class=\"column-10\"><\/td><td class=\"column-11\"><\/td><td class=\"column-12\"><\/td>\n<\/tr>\n<tr class=\"row-5 odd\">\n\t<td class=\"column-1\"><\/td><td class=\"column-2\"><\/td><td class=\"column-3\"><\/td><td class=\"column-4\"><\/td><td class=\"column-5\"><\/td><td class=\"column-6\"><\/td><td class=\"column-7\"><\/td><td class=\"column-8\"><\/td><td class=\"column-9\"><\/td><td class=\"column-10\"><\/td><td class=\"column-11\"><\/td><td class=\"column-12\"><\/td>\n<\/tr>\n<tr class=\"row-6 even\">\n\t<td class=\"column-1\"><\/td><td class=\"column-2\"><\/td><td class=\"column-3\"><\/td><td class=\"column-4\"><\/td><td class=\"column-5\"><\/td><td class=\"column-6\"><\/td><td class=\"column-7\"><\/td><td class=\"column-8\"><\/td><td class=\"column-9\"><\/td><td class=\"column-10\"><\/td><td class=\"column-11\"><\/td><td class=\"column-12\"><\/td>\n<\/tr>\n<tr class=\"row-7 odd\">\n\t<td class=\"column-1\"><\/td><td class=\"column-2\"><\/td><td class=\"column-3\"><\/td><td class=\"column-4\"><\/td><td class=\"column-5\"><\/td><td class=\"column-6\"><\/td><td class=\"column-7\"><\/td><td class=\"column-8\"><\/td><td class=\"column-9\"><\/td><td class=\"column-10\"><\/td><td class=\"column-11\"><\/td><td class=\"column-12\"><\/td>\n<\/tr>\n<tr class=\"row-8 even\">\n\t<td class=\"column-1\"><\/td><td class=\"column-2\"><\/td><td class=\"column-3\"><\/td><td class=\"column-4\"><\/td><td class=\"column-5\"><\/td><td class=\"column-6\"><\/td><td class=\"column-7\"><\/td><td class=\"column-8\"><\/td><td class=\"column-9\"><\/td><td class=\"column-10\"><\/td><td class=\"column-11\"><\/td><td class=\"column-12\"><\/td>\n<\/tr>\n<tr class=\"row-9 odd\">\n\t<td class=\"column-1\"><\/td><td class=\"column-2\"><\/td><td class=\"column-3\"><\/td><td class=\"column-4\"><\/td><td class=\"column-5\"><\/td><td class=\"column-6\"><\/td><td class=\"column-7\"><\/td><td class=\"column-8\"><\/td><td class=\"column-9\"><\/td><td class=\"column-10\"><\/td><td class=\"column-11\"><\/td><td class=\"column-12\"><\/td>\n<\/tr>\n<tr class=\"row-10 even\">\n\t<td class=\"column-1\"><\/td><td class=\"column-2\"><\/td><td class=\"column-3\"><\/td><td class=\"column-4\"><\/td><td class=\"column-5\"><\/td><td class=\"column-6\"><\/td><td class=\"column-7\"><\/td><td class=\"column-8\"><\/td><td class=\"column-9\"><\/td><td class=\"column-10\"><\/td><td class=\"column-11\"><\/td><td class=\"column-12\"><\/td>\n<\/tr>\n<tr class=\"row-11 odd\">\n\t<td class=\"column-1\"><\/td><td class=\"column-2\"><\/td><td class=\"column-3\"><\/td><td class=\"column-4\"><\/td><td class=\"column-5\"><\/td><td class=\"column-6\"><\/td><td class=\"column-7\"><\/td><td class=\"column-8\"><\/td><td class=\"column-9\"><\/td><td class=\"column-10\"><\/td><td class=\"column-11\"><\/td><td class=\"column-12\"><\/td>\n<\/tr>\n<tr class=\"row-12 even\">\n\t<td class=\"column-1\"><\/td><td class=\"column-2\"><\/td><td class=\"column-3\"><\/td><td class=\"column-4\"><\/td><td class=\"column-5\"><\/td><td class=\"column-6\"><\/td><td class=\"column-7\"><\/td><td class=\"column-8\"><\/td><td class=\"column-9\"><\/td><td class=\"column-10\"><\/td><td class=\"column-11\"><\/td><td class=\"column-12\"><\/td>\n<\/tr>\n<\/tbody>\n<\/table>\n<!-- #tablepress-1 from cache -->[\/vc_column_text][\/vc_column][\/vc_row][vc_row][vc_column css=&#8221;.vc_custom_1606987008881{border-top-width: 1px !important;border-right-width: 1px !important;border-bottom-width: 1px !important;border-left-width: 1px !important;padding-top: 10px !important;padding-bottom: 10px !important;border-left-color: #939393 !important;border-left-style: dotted !important;border-right-color: #939393 !important;border-right-style: dotted !important;border-top-color: #939393 !important;border-top-style: dotted !important;border-bottom-color: #939393 !important;border-bottom-style: dotted !important;}&#8221;][vc_column_text custom_text_color=&#8221;#ffffff&#8221; css=&#8221;.vc_custom_1607088158420{padding-top: 10px !important;padding-bottom: 10px !important;background-color: #a5002c !important;}&#8221;]<\/p>\n<p style=\"text-align: center;\"><strong>REGJISTRI I ANKESAVE, K\u00cbRKESAVE DHE V\u00cbREJTJEVE<\/strong><\/p>\n<p>[\/vc_column_text][vc_column_text]\n<table id=\"tablepress-2\" class=\"tablepress tablepress-id-2\">\n<thead>\n<tr class=\"row-1 odd\">\n\t<th class=\"column-1\">&nbsp;<\/th><th class=\"column-2\">&nbsp;<\/th><th class=\"column-3\">&nbsp;<\/th><th class=\"column-4\">&nbsp;<\/th><th class=\"column-5\">&nbsp;<\/th><th class=\"column-6\">&nbsp;<\/th><th class=\"column-7\">&nbsp;<\/th><th class=\"column-8\">&nbsp;<\/th><th class=\"column-9\">&nbsp;<\/th><th class=\"column-10\">&nbsp;<\/th><th class=\"column-11\">&nbsp;<\/th><th class=\"column-12\">&nbsp;<\/th><th class=\"column-13\">&nbsp;<\/th>\n<\/tr>\n<\/thead>\n<tbody class=\"row-hover\">\n<tr class=\"row-2 even\">\n\t<td class=\"column-1\">Nr.<\/td><td class=\"column-2\">K\u00ebrkes\u00eb<\/td><td class=\"column-3\">Ankes\u00eb<\/td><td class=\"column-4\">V\u00ebrejtje<\/td><td class=\"column-5\">Kodi i regjistrimit<\/td><td class=\"column-6\">\u00c7\u00ebshtja<\/td><td class=\"column-7\">Data e Regjistrimit n\u00eb Protokollin e Bashkis\u00eb<\/td><td class=\"column-8\">\"Organi\/drejtoria\/ sektori q\u00eb i \u00ebsht\u00eb d\u00ebrguar ankesa\/ k\u00ebrkesa<br \/>\n(Nr. prot t\u00eb brendsh\u00ebm)\"<\/td><td class=\"column-9\">\"D\u00ebrgimi p\u00ebr mendim n\u00eb Komisionin p\u00ebrkat\u00ebs t\u00eb K\u00ebshillit<br \/>\n(Nr. prot t\u00eb brendsh\u00ebm)\"<\/td><td class=\"column-10\">Kaluar n\u00eb K\u00ebshill p\u00ebr shqyrtim (data)<\/td><td class=\"column-11\">\"Mb\u00ebshtetur nga K\u00ebshilli<br \/>\n(k\u00ebrkesa, ankesa)<br \/>\nPo\/Jo\"<\/td><td class=\"column-12\">\"Zbatuar nga Ekzekutivi<br \/>\n(Data)\"<\/td><td class=\"column-13\">\"P\u00ebrgjigjia<br \/>\n(data dhe numri)\"<\/td>\n<\/tr>\n<tr class=\"row-3 odd\">\n\t<td class=\"column-1\">3141<\/td><td class=\"column-2\">K\u00ebrkes\u00eb<\/td><td class=\"column-3\"><\/td><td class=\"column-4\"><\/td><td class=\"column-5\">1<\/td><td class=\"column-6\">K\u00ebrkes\u00eb p\u00ebr ngritjen t\u00eb bustit Ismail Shehu n\u00eb Ballsh<\/td><td class=\"column-7\">22.10.2021<\/td><td class=\"column-8\">K\u00ebshilli Bashkiak<\/td><td class=\"column-9\">1<\/td><td class=\"column-10\">26.10.2021<\/td><td class=\"column-11\">Po<\/td><td class=\"column-12\">03.11.2021<\/td><td class=\"column-13\">Zbatuar<\/td>\n<\/tr>\n<tr class=\"row-4 even\">\n\t<td class=\"column-1\">3459<\/td><td class=\"column-2\">K\u00ebrkes\u00eb<\/td><td class=\"column-3\"><\/td><td class=\"column-4\"><\/td><td class=\"column-5\">2<\/td><td class=\"column-6\">K\u00ebrkes\u00eb p\u00ebr monument<\/td><td class=\"column-7\">03.11.2021<\/td><td class=\"column-8\">K\u00ebshilli Bashkiak<\/td><td class=\"column-9\">2<\/td><td class=\"column-10\">25.11.2021<\/td><td class=\"column-11\">Po<\/td><td class=\"column-12\">06.12.2021<\/td><td class=\"column-13\">Zbatuar<\/td>\n<\/tr>\n<tr class=\"row-5 odd\">\n\t<td class=\"column-1\">3682<\/td><td class=\"column-2\">K\u00ebrkes\u00eb<\/td><td class=\"column-3\"><\/td><td class=\"column-4\"><\/td><td class=\"column-5\">3<\/td><td class=\"column-6\">Titull Nderi<\/td><td class=\"column-7\">12.11.2021<\/td><td class=\"column-8\">K\u00ebshilli Bashkiak<\/td><td class=\"column-9\">3<\/td><td class=\"column-10\">25.11.2021<\/td><td class=\"column-11\">Po<\/td><td class=\"column-12\">06.12.2021<\/td><td class=\"column-13\">Zbatuar<\/td>\n<\/tr>\n<tr class=\"row-6 even\">\n\t<td class=\"column-1\">3763<\/td><td class=\"column-2\"><\/td><td class=\"column-3\">Ankes\u00eb<\/td><td class=\"column-4\"><\/td><td class=\"column-5\">4<\/td><td class=\"column-6\">Konflikt Pron\u00ebsie<\/td><td class=\"column-7\">17.11.2021<\/td><td class=\"column-8\">K\u00ebshilli Bashkiak<\/td><td class=\"column-9\">4<\/td><td class=\"column-10\">25.11.2021<\/td><td class=\"column-11\">Jo<\/td><td class=\"column-12\"><\/td><td class=\"column-13\"><\/td>\n<\/tr>\n<tr class=\"row-7 odd\">\n\t<td class=\"column-1\">1352<\/td><td class=\"column-2\">K\u00ebrkes\u00eb<\/td><td class=\"column-3\"><\/td><td class=\"column-4\"><\/td><td class=\"column-5\">5<\/td><td class=\"column-6\">Hapje rruge<\/td><td class=\"column-7\">10.03.2022<\/td><td class=\"column-8\">K\u00ebshilli Bashkiak<\/td><td class=\"column-9\">5<\/td><td class=\"column-10\"><\/td><td class=\"column-11\"><\/td><td class=\"column-12\"><\/td><td class=\"column-13\"><\/td>\n<\/tr>\n<tr class=\"row-8 even\">\n\t<td class=\"column-1\">1350<\/td><td class=\"column-2\">K\u00ebrkes\u00eb<\/td><td class=\"column-3\"><\/td><td class=\"column-4\"><\/td><td class=\"column-5\">6<\/td><td class=\"column-6\">Titull Nderi<\/td><td class=\"column-7\">10.03.2022<\/td><td class=\"column-8\">K\u00ebshilli Bashkiak<\/td><td class=\"column-9\">6<\/td><td class=\"column-10\"><\/td><td class=\"column-11\"><\/td><td class=\"column-12\"><\/td><td class=\"column-13\"><\/td>\n<\/tr>\n<tr class=\"row-9 odd\">\n\t<td class=\"column-1\"><\/td><td class=\"column-2\"><\/td><td class=\"column-3\"><\/td><td class=\"column-4\"><\/td><td class=\"column-5\"><\/td><td class=\"column-6\"><\/td><td class=\"column-7\"><\/td><td class=\"column-8\"><\/td><td class=\"column-9\"><\/td><td class=\"column-10\"><\/td><td class=\"column-11\"><\/td><td class=\"column-12\"><\/td><td class=\"column-13\"><\/td>\n<\/tr>\n<tr class=\"row-10 even\">\n\t<td class=\"column-1\"><\/td><td class=\"column-2\"><\/td><td class=\"column-3\"><\/td><td class=\"column-4\"><\/td><td class=\"column-5\"><\/td><td class=\"column-6\"><\/td><td class=\"column-7\"><\/td><td class=\"column-8\"><\/td><td class=\"column-9\"><\/td><td class=\"column-10\"><\/td><td class=\"column-11\"><\/td><td class=\"column-12\"><\/td><td class=\"column-13\"><\/td>\n<\/tr>\n<tr class=\"row-11 odd\">\n\t<td class=\"column-1\"><\/td><td class=\"column-2\"><\/td><td class=\"column-3\"><\/td><td class=\"column-4\"><\/td><td class=\"column-5\"><\/td><td class=\"column-6\"><\/td><td class=\"column-7\"><\/td><td class=\"column-8\"><\/td><td class=\"column-9\"><\/td><td class=\"column-10\"><\/td><td class=\"column-11\"><\/td><td class=\"column-12\"><\/td><td class=\"column-13\"><\/td>\n<\/tr>\n<tr class=\"row-12 even\">\n\t<td class=\"column-1\"><\/td><td class=\"column-2\"><\/td><td class=\"column-3\"><\/td><td class=\"column-4\"><\/td><td class=\"column-5\"><\/td><td class=\"column-6\"><\/td><td class=\"column-7\"><\/td><td class=\"column-8\"><\/td><td class=\"column-9\"><\/td><td class=\"column-10\"><\/td><td class=\"column-11\"><\/td><td class=\"column-12\"><\/td><td class=\"column-13\"><\/td>\n<\/tr>\n<tr class=\"row-13 odd\">\n\t<td class=\"column-1\"><\/td><td class=\"column-2\"><\/td><td class=\"column-3\"><\/td><td class=\"column-4\"><\/td><td class=\"column-5\"><\/td><td class=\"column-6\"><\/td><td class=\"column-7\"><\/td><td class=\"column-8\"><\/td><td class=\"column-9\"><\/td><td class=\"column-10\"><\/td><td class=\"column-11\"><\/td><td class=\"column-12\"><\/td><td class=\"column-13\"><\/td>\n<\/tr>\n<\/tbody>\n<\/table>\n<!-- #tablepress-2 from cache -->[\/vc_column_text]<div role=\"form\" class=\"wpcf7\" id=\"wpcf7-f783-o1\" lang=\"en-US\" dir=\"ltr\">\n<div class=\"screen-reader-response\"><\/div>\n<form action=\"\/~bsh\/regjistribashkiamallakaster\/index.php?rest_route=%2Fwp%2Fv2%2Fpages%2F828#wpcf7-f783-o1\" method=\"post\" class=\"wpcf7-form\" novalidate=\"novalidate\">\n<div style=\"display: none;\">\n<input type=\"hidden\" name=\"_wpcf7\" value=\"783\" \/>\n<input type=\"hidden\" name=\"_wpcf7_version\" value=\"5.1.7\" \/>\n<input type=\"hidden\" name=\"_wpcf7_locale\" value=\"en_US\" \/>\n<input type=\"hidden\" name=\"_wpcf7_unit_tag\" value=\"wpcf7-f783-o1\" \/>\n<input type=\"hidden\" name=\"_wpcf7_container_post\" value=\"0\" \/>\n<\/div>\n<p>Your Name (required)<br \/>\n    <span class=\"wpcf7-form-control-wrap your-name\"><input type=\"text\" name=\"your-name\" value=\"\" size=\"40\" class=\"wpcf7-form-control wpcf7-text wpcf7-validates-as-required\" aria-required=\"true\" aria-invalid=\"false\" \/><\/span> <\/p>\n<p>Your Email (required)<br \/>\n    <span class=\"wpcf7-form-control-wrap your-email\"><input type=\"email\" name=\"your-email\" value=\"\" size=\"40\" class=\"wpcf7-form-control wpcf7-text wpcf7-email wpcf7-validates-as-required wpcf7-validates-as-email\" aria-required=\"true\" aria-invalid=\"false\" \/><\/span> <\/p>\n<p>Subject<br \/>\n    <span class=\"wpcf7-form-control-wrap your-subject\"><input type=\"text\" name=\"your-subject\" value=\"\" size=\"40\" class=\"wpcf7-form-control wpcf7-text\" aria-invalid=\"false\" \/><\/span> <\/p>\n<p>Your Message<br \/>\n    <span class=\"wpcf7-form-control-wrap your-message\"><textarea name=\"your-message\" cols=\"40\" rows=\"10\" class=\"wpcf7-form-control wpcf7-textarea\" aria-invalid=\"false\"><\/textarea><\/span> <\/p>\n<p><input type=\"submit\" value=\"Send\" class=\"wpcf7-form-control wpcf7-submit\" \/><\/p>\n<div class=\"wpcf7-response-output wpcf7-display-none\"><\/div><\/form><\/div>[\/vc_column][\/vc_row][vc_row][vc_column width=&#8221;1\/6&#8243;][\/vc_column][vc_column width=&#8221;2\/3&#8243;][media animation=&#8221;none&#8221; image=&#8221;843&#8243;][\/vc_column][vc_column width=&#8221;1\/6&#8243;][\/vc_column][\/vc_row]<\/p>\n","protected":false},"excerpt":{"rendered":"<p>[vc_row][vc_column css=&#8221;.vc_custom_1606987008881{border-top-width: 1px !important;border-right-width: 1px !important;border-bottom-width: 1px !important;border-left-width: 1px !important;padding-top: 10px !important;padding-bottom: 10px !important;border-left-color: #939393 !important;border-left-style: dotted !important;border-right-color: #939393 !important;border-right-style: dotted !important;border-top-color: #939393 !important;border-top-style: dotted !important;border-bottom-color: #939393 !important;border-bottom-style: dotted !important;}&#8221;][vc_column_text custom_text_color=&#8221;#ffffff&#8221; css=&#8221;.vc_custom_1607087658588{padding-top: 10px !important;padding-bottom: 10px !important;background-color: #005281 !important;}&#8221;] REGJISTRI I BRENDSH\u00cbM I PETICIONEVE DHE INICIATIVAVE QYTETARE [\/vc_column_text][vc_column_text][\/vc_column_text][\/vc_column][\/vc_row][vc_row][vc_column css=&#8221;.vc_custom_1606987008881{border-top-width: 1px !important;border-right-width: 1px !important;border-bottom-width: 1px !important;border-left-width: 1px [&hellip;]<\/p>\n","protected":false},"author":1,"featured_media":0,"parent":0,"menu_order":0,"comment_status":"closed","ping_status":"closed","template":"","meta":[],"_links":{"self":[{"href":"http:\/\/209.95.59.218\/~bsh\/regjistribashkiamallakaster\/index.php?rest_route=\/wp\/v2\/pages\/828"}],"collection":[{"href":"http:\/\/209.95.59.218\/~bsh\/regjistribashkiamallakaster\/index.php?rest_route=\/wp\/v2\/pages"}],"about":[{"href":"http:\/\/209.95.59.218\/~bsh\/regjistribashkiamallakaster\/index.php?rest_route=\/wp\/v2\/types\/page"}],"author":[{"embeddable":true,"href":"http:\/\/209.95.59.218\/~bsh\/regjistribashkiamallakaster\/index.php?rest_route=\/wp\/v2\/users\/1"}],"replies":[{"embeddable":true,"href":"http:\/\/209.95.59.218\/~bsh\/regjistribashkiamallakaster\/index.php?rest_route=%2Fwp%2Fv2%2Fcomments&post=828"}],"version-history":[{"count":46,"href":"http:\/\/209.95.59.218\/~bsh\/regjistribashkiamallakaster\/index.php?rest_route=\/wp\/v2\/pages\/828\/revisions"}],"predecessor-version":[{"id":922,"href":"http:\/\/209.95.59.218\/~bsh\/regjistribashkiamallakaster\/index.php?rest_route=\/wp\/v2\/pages\/828\/revisions\/922"}],"wp:attachment":[{"href":"http:\/\/209.95.59.218\/~bsh\/regjistribashkiamallakaster\/index.php?rest_route=%2Fwp%2Fv2%2Fmedia&parent=828"}],"curies":[{"name":"wp","href":"https:\/\/api.w.org\/{rel}","templated":true}]}}