{"id":940,"date":"2021-05-27T13:10:14","date_gmt":"2021-05-27T11:10:14","guid":{"rendered":"http:\/\/209.95.59.218\/~bsh\/regjistribashkiashkoder\/?page_id=940"},"modified":"2024-10-10T11:08:24","modified_gmt":"2024-10-10T09:08:24","slug":"regjistri-i-projekt-akteve","status":"publish","type":"page","link":"http:\/\/209.95.59.218\/~bsh\/regjistribashkiafushearrez\/?page_id=940","title":{"rendered":"REGJISTRI I PROJEKT AKTEVE"},"content":{"rendered":"<p>[vc_row][vc_column css=&#8221;.vc_custom_1606987008881{border-top-width: 1px !important;border-right-width: 1px !important;border-bottom-width: 1px !important;border-left-width: 1px !important;padding-top: 10px !important;padding-bottom: 10px !important;border-left-color: #939393 !important;border-left-style: dotted !important;border-right-color: #939393 !important;border-right-style: dotted !important;border-top-color: #939393 !important;border-top-style: dotted !important;border-bottom-color: #939393 !important;border-bottom-style: dotted !important;}&#8221;][vc_column_text custom_text_color=&#8221;#ffffff&#8221; css=&#8221;.vc_custom_1728550927984{padding-top: 10px !important;padding-bottom: 10px !important;background-color: #a5002c !important;}&#8221;]<\/p>\n<p style=\"text-align: center;\"><strong>REGJISTRI I PROJEKT AKTEVE P\u00cbR KONSULTIM PUBLIK I K\u00cbSHILLIT BASHKIAK FUSH\u00cb ARR\u00cbZ\u00a0<\/strong><\/p>\n<p>[\/vc_column_text][vc_column_text]\n<table id=\"tablepress-4\" class=\"tablepress tablepress-id-4\">\n<thead>\n<tr class=\"row-1 odd\">\n\t<th class=\"column-1\">Njoftimi p\u00ebr <br \/>\nKonsultimin Publik t\u00eb p\/Aktit <\/th><th class=\"column-2\">P\/Akti p\u00ebr konsultim<br \/>\n<\/th><th class=\"column-3\">Data e Publikimit te\u0308 p\/Aktit <br \/>\n<\/th><th class=\"column-4\">Data e Mbylljes se\u0308 Konsultimit Publik <\/th><th class=\"column-5\">Kohe\u0308zgjatja Konsultimit Publik <br \/>\n<\/th><th class=\"column-6\">Metoda Konsultimit Publik te\u0308 p\/Aktit<br \/>\n<\/th><th class=\"column-7\">Mbajtja e Seanc\u00ebs D\u00ebgjimore nga KB<br \/>\n<\/th><th class=\"column-8\">Ankimim p\u00ebr Procesin e Njoftimit dhe K\u00ebshillimit<br \/>\n <\/th><th class=\"column-9\">Raporti p\u00ebr Rezultatet e Konsultimit <br \/>\n<\/th>\n<\/tr>\n<\/thead>\n<tbody class=\"row-hover\">\n<tr class=\"row-2 even\">\n\t<td class=\"column-1\"><a href=\"http:\/\/209.95.59.218\/~bsh\/regjistribashkiafushearrez\/wp-content\/uploads\/2025\/12\/Njoftim-Per-Konsultim-Publik-Per-Dhenie-Ne-Perdorim-Fondi-Pyjor-Iballe-Mezi-Per-Energji-Te-Rinovueshme_compressed.pdf\" rel=\"noopener noreferrer\" target=\"_blank\">Njoftim degjese publike dhenie ne perdorim fondi pyjor<\/a><\/td><td class=\"column-2\"><a href=\"http:\/\/209.95.59.218\/~bsh\/regjistribashkiafushearrez\/wp-content\/uploads\/2026\/02\/PROJEKTVENDIM-RELACION-MBI-DHENIEN-NE-PERDORIM-FONDI-PUBLIK-IBALLE-MEZI-2-PJESA-MEZI-NJESIA-FIERZE.pdf\" rel=\"noopener noreferrer\" target=\"_blank\">Projektvendimi Per dhenien ne perdorim<\/a><\/td><td class=\"column-3\">22\/12\/2025<\/td><td class=\"column-4\">22\/01\/2026<\/td><td class=\"column-5\">20 dit\u00eb<\/td><td class=\"column-6\">Takim publik<\/td><td class=\"column-7\">30\/01\/2026<\/td><td class=\"column-8\">Jo<\/td><td class=\"column-9\"><a href=\"http:\/\/209.95.59.218\/~bsh\/regjistribashkiafushearrez\/wp-content\/uploads\/2026\/02\/Procesverbali-i-degjese\u0308s-publike-mbi-Energjine-Fotovoltaike-Iballe-Mezi-2-Janar-2026_compressed.pdf\" rel=\"noopener noreferrer\" target=\"_blank\">Proces verbal i degjeses<\/a><\/td>\n<\/tr>\n<tr class=\"row-3 odd\">\n\t<td class=\"column-1\"><a href=\"http:\/\/209.95.59.218\/~bsh\/regjistribashkiafushearrez\/wp-content\/uploads\/2025\/10\/Njoftim-Pe\u0308r-Konsultim-Publik.pdf\" rel=\"noopener noreferrer\" target=\"_blank\">Njoftim degjese publike Plani i Mbareshtimit te Ekonomise pyjore Dardhe Qebik<\/a><\/td><td class=\"column-2\"><a href=\"http:\/\/209.95.59.218\/~bsh\/regjistribashkiafushearrez\/wp-content\/uploads\/2025\/10\/Projektvendim-Relacion-per-miratimin-e-Planit-te-Mbareshtimit-te-Ekonomise-Pyjore-Dardhe-Cebik_compressed.pdf\" rel=\"noopener noreferrer\" target=\"_blank\">Projekt vendimi i Planit te mbareshtimit ne ekononime pyjore  Dardhe Qebik<\/a><\/td><td class=\"column-3\">21\/10\/2025<\/td><td class=\"column-4\">19\/11\/2025<\/td><td class=\"column-5\">20 dite <\/td><td class=\"column-6\">Takim publik<\/td><td class=\"column-7\">26\/12\/2025<\/td><td class=\"column-8\">Jo<\/td><td class=\"column-9\"><a href=\"http:\/\/209.95.59.218\/~bsh\/regjistribashkiafushearrez\/wp-content\/uploads\/2026\/01\/Procesverbal-i-Degjeses-Publike-mbi-draftin-e-Planitt-te-Mbareshtimit-te-Ekonomise-Pyjore-Dardhe-Qebik.pdf\" rel=\"noopener noreferrer\" target=\"_blank\">Proces verbal i degjeses<\/a><\/td>\n<\/tr>\n<tr class=\"row-4 even\">\n\t<td class=\"column-1\"><a href=\"http:\/\/209.95.59.218\/~bsh\/regjistribashkiafushearrez\/wp-content\/uploads\/2026\/01\/Njoftim-Pe\u0308r-Konsultim-Publik-Pe\u0308r-Dhe\u0308nie-ne\u0308-Pe\u0308rdorim-Fondi-Pyjor-Pe\u0308r-Energji-EOLIKE-2025.pdf\" rel=\"noopener noreferrer\" target=\"_blank\">Njoftim degjese publike dhenie ne perdorim fondi pyjor<\/a><\/td><td class=\"column-2\"><a href=\"http:\/\/209.95.59.218\/~bsh\/regjistribashkiafushearrez\/wp-content\/uploads\/2025\/12\/PROJEKTVENDIM-RELACION-MBI-DHENIEN-NE-PERDORIM-TE-FONDIT-PYJOR-PER-ENERGJI-TE-RINOVUESHME-NE-TERRITORIN-E-BASHKISE-F-ARREZ.pdf\" rel=\"noopener noreferrer\" target=\"_blank\">Projekt vendimi per konsultim dhenie ne perdorim<\/a><\/td><td class=\"column-3\">10\/10\/2025<\/td><td class=\"column-4\">10\/11\/2025<\/td><td class=\"column-5\">20<\/td><td class=\"column-6\">Takime publike<\/td><td class=\"column-7\">26\/12\/2025<\/td><td class=\"column-8\">Jo<\/td><td class=\"column-9\"><a href=\"http:\/\/209.95.59.218\/~bsh\/regjistribashkiafushearrez\/wp-content\/uploads\/2026\/01\/Procesverbalet-e-degjesave-publike-mbi-Energjine-e-Rinovushme-2025.pdf\" rel=\"noopener noreferrer\" target=\"_blank\">Proces verbal i degjeses<\/a><\/td>\n<\/tr>\n<tr class=\"row-5 odd\">\n\t<td class=\"column-1\"><a href=\"http:\/\/209.95.59.218\/~bsh\/regjistribashkiafushearrez\/wp-content\/uploads\/2026\/01\/Kalendari-I-Konsultimeve-Publike-Mbi-Programin-Buxhetor-2026-2028-Buxheti-2026-Pe\u0308r-Bashkine\u0308-Fushe\u0308-Arre\u0308z.pdf\" rel=\"noopener noreferrer\" target=\"_blank\">Njoftim degjese publike PBA dhe Buxheti<\/a><\/td><td class=\"column-2\"><a href=\"http:\/\/209.95.59.218\/~bsh\/regjistribashkiafushearrez\/wp-content\/uploads\/2025\/10\/PBA-FAZA-II-2026-2028-PJESA-E-PARE-1-40.pdf\" rel=\"noopener noreferrer\" target=\"_blank\">PBA 2026 2028 1<\/a><br \/>\n<br \/>\n<a href=\"http:\/\/209.95.59.218\/~bsh\/regjistribashkiafushearrez\/wp-content\/uploads\/2025\/10\/PBA-FAZA-II-2026-2028-PJESA-E-PARE-41-80.pdf\" rel=\"noopener noreferrer\" target=\"_blank\">PBA 2026 2028 2<\/a><\/td><td class=\"column-3\">24\/09\/2025<\/td><td class=\"column-4\">20\/11\/2025<\/td><td class=\"column-5\">40 dite <\/td><td class=\"column-6\">Takime publike<\/td><td class=\"column-7\">26\/12\/2025<\/td><td class=\"column-8\">Jo<\/td><td class=\"column-9\"><a href=\"http:\/\/209.95.59.218\/~bsh\/regjistribashkiafushearrez\/wp-content\/uploads\/2025\/12\/Permbledhje-e-rekomandimeve-dhe-procesverbalet-e-konsultimit-publik-Buxheti-2026-Fushe-Arrez-1.pdf\" rel=\"noopener noreferrer\" target=\"_blank\">Permbledhje e rekomandimeve dhe proces verbalet 1<\/a>  <a href=\"http:\/\/209.95.59.218\/~bsh\/regjistribashkiafushearrez\/wp-content\/uploads\/2025\/12\/Permbledhje-e-rekomandimeve-dhe-procesverbalet-e-konsultimit-publik-Buxheti-2026-Fushe-Arrez-2.pdf\" rel=\"noopener noreferrer\" target=\"_blank\">Permbledhje e rekomandimeve dhe proces verbalet 2<\/a><\/td>\n<\/tr>\n<tr class=\"row-6 even\">\n\t<td class=\"column-1\"><a href=\"http:\/\/209.95.59.218\/~bsh\/regjistribashkiafushearrez\/wp-content\/uploads\/2025\/08\/Njoftim-Per-Konsultim-Publik-diaspora.pdf\" rel=\"noopener noreferrer\" target=\"_blank\">Njoftim-Per-Konsultim-Publik-diaspora<\/a><\/td><td class=\"column-2\"><a href=\"http:\/\/209.95.59.218\/~bsh\/regjistribashkiafushearrez\/wp-content\/uploads\/2025\/08\/Projektvendimi-Relacioni-per-Planin-e-Migracionit-dhe-Diaspores-FA.pdf\" rel=\"noopener noreferrer\" target=\"_blank\">Projektvendimi-Relacioni-per-Planin-e-Migracionit-dhe-Diaspores-FA<\/a><\/td><td class=\"column-3\">29\/07\/2025<\/td><td class=\"column-4\">25\/08\/2025<\/td><td class=\"column-5\">20 dit\u00eb<\/td><td class=\"column-6\">Takim publik<\/td><td class=\"column-7\">27\/08\/2025<\/td><td class=\"column-8\">Jo<\/td><td class=\"column-9\"><a href=\"http:\/\/209.95.59.218\/~bsh\/regjistribashkiafushearrez\/wp-content\/uploads\/2025\/09\/Procesverbal-I-Degjeses-Publike-Mbi-Draftin-E-Planit-Per-Migracionin-Dhe-Diasporen-2025-2028_compressed.pdf\" rel=\"noopener noreferrer\" target=\"_blank\">Proces verbal degjesa Plani i migracionit dhe diaspores<\/a><\/td>\n<\/tr>\n<tr class=\"row-7 odd\">\n\t<td class=\"column-1\"><a href=\"http:\/\/209.95.59.218\/~bsh\/regjistribashkiafushearrez\/wp-content\/uploads\/2025\/08\/Njoftim-Pe\u0308r-Konsultim-Publik-Plani-Arsimit-Parauniversitar.jpg\" rel=\"noopener noreferrer\" target=\"_blank\">Njoftim degjese publike Plani arsimi parauniversitar <\/a><\/td><td class=\"column-2\"><a href=\"http:\/\/209.95.59.218\/~bsh\/regjistribashkiafushearrez\/wp-content\/uploads\/2025\/08\/Projektvendimi-Relacioni-per-Planin-e-Arsimit-Parauniversitar-FA.pdf\" rel=\"noopener noreferrer\" target=\"_blank\">Projekt vendimi Plani i Arsimit Parauniversitar Bashkia Fushe Arrez<\/a><\/td><td class=\"column-3\">29\/07\/2025<\/td><td class=\"column-4\">24\/08\/2025<\/td><td class=\"column-5\">20 dit\u00eb<\/td><td class=\"column-6\">Takim publik<\/td><td class=\"column-7\">27\/08\/2025<\/td><td class=\"column-8\">Jo<\/td><td class=\"column-9\"><a href=\"http:\/\/209.95.59.218\/~bsh\/regjistribashkiafushearrez\/wp-content\/uploads\/2025\/09\/Procesverbal-I-Degjeses-Publike-Mbi-Draftin-E-Planit-Te-Arsimit-Parauniversitar-2025-2028.pdf\" rel=\"noopener noreferrer\" target=\"_blank\">Proces verbal degjesa Plani i Arsimit parauniversitar<\/a><\/td>\n<\/tr>\n<tr class=\"row-8 even\">\n\t<td class=\"column-1\"><a href=\"http:\/\/209.95.59.218\/~bsh\/regjistribashkiafushearrez\/wp-content\/uploads\/2025\/08\/Njoftim-Pe\u0308r-Konsultim-Publik-Plani-Barazise-Gjinore.jpg\" rel=\"noopener noreferrer\" target=\"_blank\">Njoftim degjese publike Plani Barazise Gjinore<\/a><\/td><td class=\"column-2\"><a href=\"http:\/\/209.95.59.218\/~bsh\/regjistribashkiafushearrez\/wp-content\/uploads\/2025\/08\/ProjekV.-Relac.-Per-Planin-Social-FA_compressed.pdf\" rel=\"noopener noreferrer\" target=\"_blank\">Projektvendimi Plani i Barazise Gjinore FA<\/a><\/td><td class=\"column-3\">29\/07\/2025<\/td><td class=\"column-4\">24\/08\/2025<\/td><td class=\"column-5\">20 dit\u00eb<\/td><td class=\"column-6\">Takim publik<\/td><td class=\"column-7\">27\/08\/2025<\/td><td class=\"column-8\">Jo<\/td><td class=\"column-9\"><a href=\"http:\/\/209.95.59.218\/~bsh\/regjistribashkiafushearrez\/wp-content\/uploads\/2025\/09\/Procesverbal-I-Degjeses-Publike-Mbi-Draftin-E-Planit-Te-Barazise-Gjinore-2025-2027.pdf\" rel=\"noopener noreferrer\" target=\"_blank\">Proces verbal degjesa Plani i Barazise Gjinore<\/a><\/td>\n<\/tr>\n<tr class=\"row-9 odd\">\n\t<td class=\"column-1\"><a href=\"http:\/\/209.95.59.218\/~bsh\/regjistribashkiafushearrez\/wp-content\/uploads\/2025\/08\/Njoftim-Pe\u0308r-Konsultim-Publik-Plani-Social.jpg\" rel=\"noopener noreferrer\" target=\"_blank\">Njoftim degjese publike Plani Social <\/a><\/td><td class=\"column-2\"><a href=\"http:\/\/209.95.59.218\/~bsh\/regjistribashkiafushearrez\/wp-content\/uploads\/2025\/08\/Projekt-Vendim-Relacioni-Per-Planin-Vendor-Social-FA_compressed.pdf\" rel=\"noopener noreferrer\" target=\"_blank\">Projekt vendimi Plani social FA<\/a> <a href=\"http:\/\/209.95.59.218\/~bsh\/regjistribashkiafushearrez\/wp-content\/uploads\/2025\/08\/PLANI-SOCIAL-VENDOR-BASHKIA-FUSHE-ARREZ.pdf\" rel=\"noopener noreferrer\" target=\"_blank\">Drafti plani social <\/a><\/td><td class=\"column-3\">24\/07\/2025<\/td><td class=\"column-4\">21\/08\/2025<\/td><td class=\"column-5\">20 dit\u00eb<\/td><td class=\"column-6\">Takim publik<\/td><td class=\"column-7\">27\/08\/2025<\/td><td class=\"column-8\">Jo<\/td><td class=\"column-9\"><a href=\"http:\/\/209.95.59.218\/~bsh\/regjistribashkiafushearrez\/wp-content\/uploads\/2025\/09\/Procesverbal-I-Degjeses-Publike-Mbi-Draftin-E-Planit-Social-2025-2028.pdf\" rel=\"noopener noreferrer\" target=\"_blank\">Proces verbal degjesa Plani Social<\/a><\/td>\n<\/tr>\n<tr class=\"row-10 even\">\n\t<td class=\"column-1\"><a href=\"http:\/\/209.95.59.218\/~bsh\/regjistribashkiafushearrez\/wp-content\/uploads\/2025\/08\/Njoftim-Pe\u0308r-Konsultim-Publik-Plani-menaxhimit-te-mbetjeve.jpg\" rel=\"noopener noreferrer\" target=\"_blank\">Njoftim degjese publike Plani menaxhimit te mbetjeve <\/a><\/td><td class=\"column-2\"><a href=\"http:\/\/209.95.59.218\/~bsh\/regjistribashkiafushearrez\/wp-content\/uploads\/2025\/08\/Njoftim-Pe\u0308r-Konsultim-Publik-Plani-menaxhimit-te-mbetjeve.jpg\" rel=\"noopener noreferrer\" target=\"_blank\">Njoftim degjese publike Plani menaxhimit te mbetjeve <\/a><\/td><td class=\"column-3\">24\/07\/2025<\/td><td class=\"column-4\">21\/08\/2025<\/td><td class=\"column-5\">20 dit\u00eb<\/td><td class=\"column-6\">Takim publik<\/td><td class=\"column-7\">27\/08\/2025<\/td><td class=\"column-8\">Jo<\/td><td class=\"column-9\"><a href=\"http:\/\/209.95.59.218\/~bsh\/regjistribashkiafushearrez\/wp-content\/uploads\/2025\/09\/Procesverbal-I-Degjeses-Publike-Mbi-Draftin-E-Planit-Te-Menaxhimit-Te-Mbetjeve-2025-2030.pdf\" rel=\"noopener noreferrer\" target=\"_blank\">Proces verbal degjesa Plani Menaxhmit te mbetjeve<\/a><\/td>\n<\/tr>\n<tr class=\"row-11 odd\">\n\t<td class=\"column-1\"><a href=\"http:\/\/209.95.59.218\/~bsh\/regjistribashkiafushearrez\/wp-content\/uploads\/2025\/06\/Njoftim-Pe\u0308r-Konsultim-Publik-0425.pdf\" rel=\"noopener noreferrer\" target=\"_blank\">Njoftim d\u00ebgjesa publike p\u00ebr shtese Buxheti 2025<\/a><\/td><td class=\"column-2\"><a href=\"http:\/\/209.95.59.218\/~bsh\/regjistribashkiafushearrez\/wp-content\/uploads\/2025\/06\/PV-Relacion-Lidhur-Me-Disa-Shtesa-Ne%CC%88-VKB-Nr-64-Date%CC%88-23122024.pdf\" rel=\"noopener noreferrer\" target=\"_blank\">Projekt vendimi per konsultim <\/a><\/td><td class=\"column-3\">11\/04\/2025<\/td><td class=\"column-4\">11\/05\/2025<\/td><td class=\"column-5\">20 dit\u00eb<\/td><td class=\"column-6\">Takim publik<\/td><td class=\"column-7\">9\/06\/2025<\/td><td class=\"column-8\">Jo<\/td><td class=\"column-9\"><a href=\"http:\/\/209.95.59.218\/~bsh\/regjistribashkiafushearrez\/wp-content\/uploads\/2025\/06\/Procesverbal-Mbi-Mosrealizimin-i-Kons-Publik-Pe\u0308r-Shtesat-ne\u0308-Vendimin-Nr-64-Buxhet_opt.pdf\" rel=\"noopener noreferrer\" target=\"_blank\">Proces verbali i degjeses 2 Qershor 2025<\/a><\/td>\n<\/tr>\n<tr class=\"row-12 even\">\n\t<td class=\"column-1\"><a href=\"http:\/\/209.95.59.218\/~bsh\/regjistribashkiafushearrez\/wp-content\/uploads\/2024\/12\/Njoftim-per-konsultim-me-publikun-Plani-Integritetit-FA.pdf\" rel=\"noopener noreferrer\" target=\"_blank\">Njoftim degjese publike Plani i Integritetit<\/a><\/td><td class=\"column-2\"><a href=\"http:\/\/209.95.59.218\/~bsh\/regjistribashkiafushearrez\/wp-content\/uploads\/2024\/12\/Projekt-vendim-dhe-relacioni-Plani-i-Integritetit-Bashkia-Fushe-Arrez-2025-2027.pdf\" rel=\"noopener noreferrer\" target=\"_blank\">Relacioni, projekt vendimi dhe Plani i Intergritetit<\/a><\/td><td class=\"column-3\">23\/12\/2024<\/td><td class=\"column-4\">24\/01\/2025<\/td><td class=\"column-5\">20 dit\u00eb<\/td><td class=\"column-6\">Takim Publik<\/td><td class=\"column-7\">27\/01\/2025<\/td><td class=\"column-8\">Jo<\/td><td class=\"column-9\"><a href=\"http:\/\/209.95.59.218\/~bsh\/regjistribashkiafushearrez\/wp-content\/uploads\/2025\/03\/Proces-verbal-degjese-Plani-integrimit-0125.pdf\" rel=\"noopener noreferrer\" target=\"_blank\">Proces verbal degjese Plani integrimit<\/a><\/td>\n<\/tr>\n<tr class=\"row-13 odd\">\n\t<td class=\"column-1\"><a href=\"http:\/\/209.95.59.218\/~bsh\/regjistribashkiafushearrez\/wp-content\/uploads\/2025\/01\/Njoftim-degjesa-pyje-kullota.pdf\" rel=\"noopener noreferrer\" target=\"_blank\">Njoftim d\u00ebgjesa publike pyje dhe kullota<\/a><\/td><td class=\"column-2\"> <a href=\"http:\/\/209.95.59.218\/~bsh\/regjistribashkiafushearrez\/wp-content\/uploads\/2025\/01\/Projekt-vendim1.pdf\" rel=\"noopener noreferrer\" target=\"_blank\">Projekt vendim Miratimi i planit te mbareshtimit te ekonomise pyjore Iballe Mezi<\/a><\/td><td class=\"column-3\">05\/11\/2024<\/td><td class=\"column-4\">18\/12\/2024<\/td><td class=\"column-5\">20 dite<\/td><td class=\"column-6\">Takime publike<\/td><td class=\"column-7\">23\/12\/2024<\/td><td class=\"column-8\">Jo<\/td><td class=\"column-9\"><a href=\"http:\/\/209.95.59.218\/~bsh\/regjistribashkiafushearrez\/wp-content\/uploads\/2025\/01\/Proces-verbal-degjesa-pyje-kullota-171224.pdf\" rel=\"noopener noreferrer\" target=\"_blank\">Proces verbali 17122024<\/a>     <a href=\"http:\/\/209.95.59.218\/~bsh\/regjistribashkiafushearrez\/wp-content\/uploads\/2025\/01\/Proces-verbal-degjesa-pyje-kullota-181224.pdf\" rel=\"noopener noreferrer\" target=\"_blank\">Proces verbali 18122024<\/a><\/td>\n<\/tr>\n<tr class=\"row-14 even\">\n\t<td class=\"column-1\"><a href=\"http:\/\/209.95.59.218\/~bsh\/regjistribashkiafushearrez\/wp-content\/uploads\/2024\/10\/Njoftimi-degjesa-PBA-2025-27-dhe-Buxheti-2025.pdf\" rel=\"noopener noreferrer\" target=\"_blank\">Njoftimi per degjese publike Buxheti dhe PBA 2025 - 2027<\/a><\/td><td class=\"column-2\"><a href=\"http:\/\/209.95.59.218\/~bsh\/regjistribashkiafushearrez\/wp-content\/uploads\/2024\/10\/Tabelat-e-PBA-2025-2027-Faza-2-Bashkia-Fushe-Arrez.pdf\" rel=\"noopener noreferrer\" target=\"_blank\">PBA dhe Projektet e investimeve 2025 2027<\/a>     <a href=\"http:\/\/209.95.59.218\/~bsh\/regjistribashkiafushearrez\/wp-content\/uploads\/2024\/10\/Relacioni-PBA-Fushe-Arrez-Final-Faza-II-te-2025-2027.pdf\" rel=\"noopener noreferrer\" target=\"_blank\">Relacioni i PBA 2025 2027<\/a><\/td><td class=\"column-3\">27\/09\/2024<\/td><td class=\"column-4\">02\/12\/2024<\/td><td class=\"column-5\">40 dite<\/td><td class=\"column-6\">Takime publike<\/td><td class=\"column-7\">23\/12\/2024<\/td><td class=\"column-8\">Jo<\/td><td class=\"column-9\"><a href=\"http:\/\/209.95.59.218\/~bsh\/regjistribashkiafushearrez\/wp-content\/uploads\/2025\/05\/Permbledhje-e-rekomandimeve-dhe-procesverbalet-e-konsultimit-publik-Buxheti-2025.pdf\" rel=\"noopener noreferrer\" target=\"_blank\">Permbledhje e rekomandimeve dhe procesverbalet e konsultimit publik Buxheti 2025<\/a><br \/>\n<a href=\"http:\/\/209.95.59.218\/~bsh\/regjistribashkiafushearrez\/wp-content\/uploads\/2024\/12\/Liste-pjesemarresish-Buxheti-2025-Fushe-Arrez.pdf\" rel=\"noopener noreferrer\" target=\"_blank\">Lista pjesemarresve ne degjesa<\/a><\/td>\n<\/tr>\n<tr class=\"row-15 odd\">\n\t<td class=\"column-1\"><a href=\"http:\/\/209.95.59.218\/~bsh\/regjistribashkiafushearrez\/wp-content\/uploads\/2024\/11\/njoftimi-fa.jpg\" rel=\"noopener noreferrer\" target=\"_blank\">Njoftim konsultimi <\/a>projekt vendim Per dhenie ne perdorim te fondit kullosor\/pyjor te Bashkise Fushe Arrez per kanalin e linjes se ujit ne territorin e Bashkise\u00a0Fushe\u00a0Arrez<\/td><td class=\"column-2\"><a href=\"http:\/\/209.95.59.218\/~bsh\/regjistribashkiafushearrez\/wp-content\/uploads\/2024\/10\/Projekt-vendimi-dhe-relacioni.pdf\" rel=\"noopener noreferrer\" target=\"_blank\">Projekt vendimi dhe relacioni <\/a><\/td><td class=\"column-3\">23\/09\/2024<\/td><td class=\"column-4\">24\/10\/2024<\/td><td class=\"column-5\">20 dite <\/td><td class=\"column-6\">Takim publik<\/td><td class=\"column-7\">28\/10\/2024<\/td><td class=\"column-8\">Jo<\/td><td class=\"column-9\"><a href=\"http:\/\/209.95.59.218\/~bsh\/regjistribashkiafushearrez\/wp-content\/uploads\/2024\/11\/Proces-verbal-degjesa-Fushe-Arrez-241024_opt-8.pdf\" rel=\"noopener noreferrer\" target=\"_blank\">Proces verbali i d\u00ebgjes\u00ebs<\/a><\/td>\n<\/tr>\n<tr class=\"row-16 even\">\n\t<td class=\"column-1\"><a href=\"http:\/\/209.95.59.218\/~bsh\/regjistribashkiafushearrez\/wp-content\/uploads\/2024\/12\/Njoftim-Konsultim-Publik04112024.pdf\" rel=\"noopener noreferrer\" target=\"_blank\">Njoftimi p\u00ebr d\u00ebgjes\u00ebn publike<\/a><\/td><td class=\"column-2\"><a href=\"https:\/\/drive.google.com\/file\/d\/1VIc0TZGOraaLeqq5QTxp1HK0V4DKhIht\/view?fbclid=IwY2xjawHFE9NleHRuA2FlbQIxMQABHeeOboZpf6YYx64FnGZ6mal2-PkRDYUtA2WsdfT-9kZ5fbIj3VXxHxrd_A_aem_-DO9jbh7HXJ2m9NPq85S3A\" rel=\"noopener noreferrer\" target=\"_blank\">Projekt vendim Nr. 09 date 06.03.2024 \" Per disa Shtesa ne vendimin Nr. 35 date 29.12.2024<\/a><\/td><td class=\"column-3\">12\/02\/2024<\/td><td class=\"column-4\">24\/03\/2024<\/td><td class=\"column-5\">20 dit\u00eb<\/td><td class=\"column-6\">Takim publik<\/td><td class=\"column-7\">25\/03\/2024<\/td><td class=\"column-8\">Jo<\/td><td class=\"column-9\"><\/td>\n<\/tr>\n<\/tbody>\n<\/table>\n<!-- #tablepress-4 from cache -->[\/vc_column_text][\/vc_column][\/vc_row][vc_row][vc_column css=&#8221;.vc_custom_1606987008881{border-top-width: 1px !important;border-right-width: 1px !important;border-bottom-width: 1px !important;border-left-width: 1px !important;padding-top: 10px !important;padding-bottom: 10px !important;border-left-color: #939393 !important;border-left-style: dotted !important;border-right-color: #939393 !important;border-right-style: dotted !important;border-top-color: #939393 !important;border-top-style: dotted !important;border-bottom-color: #939393 !important;border-bottom-style: dotted !important;}&#8221;][vc_column_text]<a href=\"http:\/\/209.95.59.218\/~bsh\/regjistribashkiashkoder\/wp-content\/uploads\/2022\/04\/Procesi-i-konsultimit-publik.pdf\">Procesi i konsultimit publik<\/a>[\/vc_column_text][\/vc_column][\/vc_row][vc_row][vc_column css=&#8221;.vc_custom_1606987008881{border-top-width: 1px !important;border-right-width: 1px !important;border-bottom-width: 1px !important;border-left-width: 1px !important;padding-top: 10px !important;padding-bottom: 10px !important;border-left-color: #939393 !important;border-left-style: dotted !important;border-right-color: #939393 !important;border-right-style: dotted !important;border-top-color: #939393 !important;border-top-style: dotted !important;border-bottom-color: #939393 !important;border-bottom-style: dotted !important;}&#8221;][vc_column_text]<a href=\"http:\/\/209.95.59.218\/~bsh\/regjistribashkiashkoder\/wp-content\/uploads\/2023\/12\/Udhezuesi-per-konsultim-publik-per-KB-compressed.pdf\" target=\"_blank\" rel=\"noopener noreferrer\">Udhezuesi per konsultim publik nga Keshilli Bashkiak<\/a>[\/vc_column_text][\/vc_column][\/vc_row][vc_row][vc_column][media animation=&#8221;none&#8221; image=&#8221;843&#8243;][\/vc_column][\/vc_row]<\/p>\n","protected":false},"excerpt":{"rendered":"<p>[vc_row][vc_column css=&#8221;.vc_custom_1606987008881{border-top-width: 1px !important;border-right-width: 1px !important;border-bottom-width: 1px !important;border-left-width: 1px !important;padding-top: 10px !important;padding-bottom: 10px !important;border-left-color: #939393 !important;border-left-style: dotted !important;border-right-color: #939393 !important;border-right-style: dotted !important;border-top-color: #939393 !important;border-top-style: dotted !important;border-bottom-color: #939393 !important;border-bottom-style: dotted !important;}&#8221;][vc_column_text custom_text_color=&#8221;#ffffff&#8221; css=&#8221;.vc_custom_1728550927984{padding-top: 10px !important;padding-bottom: 10px !important;background-color: #a5002c !important;}&#8221;] REGJISTRI I PROJEKT AKTEVE P\u00cbR KONSULTIM PUBLIK I K\u00cbSHILLIT BASHKIAK FUSH\u00cb ARR\u00cbZ\u00a0 [\/vc_column_text][vc_column_text][\/vc_column_text][\/vc_column][\/vc_row][vc_row][vc_column css=&#8221;.vc_custom_1606987008881{border-top-width: 1px !important;border-right-width: 1px [&hellip;]<\/p>\n","protected":false},"author":1,"featured_media":0,"parent":0,"menu_order":0,"comment_status":"closed","ping_status":"closed","template":"","meta":[],"_links":{"self":[{"href":"http:\/\/209.95.59.218\/~bsh\/regjistribashkiafushearrez\/index.php?rest_route=\/wp\/v2\/pages\/940"}],"collection":[{"href":"http:\/\/209.95.59.218\/~bsh\/regjistribashkiafushearrez\/index.php?rest_route=\/wp\/v2\/pages"}],"about":[{"href":"http:\/\/209.95.59.218\/~bsh\/regjistribashkiafushearrez\/index.php?rest_route=\/wp\/v2\/types\/page"}],"author":[{"embeddable":true,"href":"http:\/\/209.95.59.218\/~bsh\/regjistribashkiafushearrez\/index.php?rest_route=\/wp\/v2\/users\/1"}],"replies":[{"embeddable":true,"href":"http:\/\/209.95.59.218\/~bsh\/regjistribashkiafushearrez\/index.php?rest_route=%2Fwp%2Fv2%2Fcomments&post=940"}],"version-history":[{"count":5,"href":"http:\/\/209.95.59.218\/~bsh\/regjistribashkiafushearrez\/index.php?rest_route=\/wp\/v2\/pages\/940\/revisions"}],"predecessor-version":[{"id":1494,"href":"http:\/\/209.95.59.218\/~bsh\/regjistribashkiafushearrez\/index.php?rest_route=\/wp\/v2\/pages\/940\/revisions\/1494"}],"wp:attachment":[{"href":"http:\/\/209.95.59.218\/~bsh\/regjistribashkiafushearrez\/index.php?rest_route=%2Fwp%2Fv2%2Fmedia&parent=940"}],"curies":[{"name":"wp","href":"https:\/\/api.w.org\/{rel}","templated":true}]}}