{"id":828,"date":"2020-04-26T12:22:27","date_gmt":"2020-04-26T12:22:27","guid":{"rendered":"http:\/\/bashkiteforta.al\/km\/?page_id=828"},"modified":"2026-02-12T14:44:21","modified_gmt":"2026-02-12T13:44:21","slug":"828-2","status":"publish","type":"page","link":"http:\/\/209.95.59.218\/~bsh\/regjistribashkiafushearrez\/","title":{"rendered":"REGJISTRI I K\u00cbRKESAVE, ANKESAVE DHE V\u00cbREJTJEVE"},"content":{"rendered":"<p>[vc_row disable_element=&#8221;yes&#8221;][vc_column css=&#8221;.vc_custom_1606987008881{border-top-width: 1px !important;border-right-width: 1px !important;border-bottom-width: 1px !important;border-left-width: 1px !important;padding-top: 10px !important;padding-bottom: 10px !important;border-left-color: #939393 !important;border-left-style: dotted !important;border-right-color: #939393 !important;border-right-style: dotted !important;border-top-color: #939393 !important;border-top-style: dotted !important;border-bottom-color: #939393 !important;border-bottom-style: dotted !important;}&#8221;][vc_column_text custom_text_color=&#8221;#ffffff&#8221; css=&#8221;.vc_custom_1607088158420{padding-top: 10px !important;padding-bottom: 10px !important;background-color: #a5002c !important;}&#8221;]<\/p>\n<p style=\"text-align: center;\"><strong>REGJISTRI I ANKESAVE, K\u00cbRKESAVE DHE V\u00cbREJTJEVE<\/strong><\/p>\n<p>[\/vc_column_text][vc_column_text]\n<table id=\"tablepress-2\" class=\"tablepress tablepress-id-2\">\n<thead>\n<tr class=\"row-1 odd\">\n\t<th class=\"column-1\">&nbsp;<\/th><th class=\"column-2\">&nbsp;<\/th><th class=\"column-3\">&nbsp;<\/th><th class=\"column-4\">&nbsp;<\/th><th class=\"column-5\">&nbsp;<\/th><th class=\"column-6\">&nbsp;<\/th><th class=\"column-7\">&nbsp;<\/th><th class=\"column-8\">&nbsp;<\/th><th class=\"column-9\">&nbsp;<\/th><th class=\"column-10\">&nbsp;<\/th><th class=\"column-11\">&nbsp;<\/th><th class=\"column-12\">&nbsp;<\/th><th class=\"column-13\">&nbsp;<\/th>\n<\/tr>\n<\/thead>\n<tbody class=\"row-hover\">\n<tr class=\"row-2 even\">\n\t<td class=\"column-1\">Nr.<\/td><td class=\"column-2\">K\u00ebrkes\u00eb<\/td><td class=\"column-3\">Ankes\u00eb<\/td><td class=\"column-4\">V\u00ebrejtje<\/td><td class=\"column-5\">Kodi i regjistrimit<\/td><td class=\"column-6\">\u00c7\u00ebshtja<\/td><td class=\"column-7\">Data e Regjistrimit n\u00eb Protokollin e Bashkis\u00eb<\/td><td class=\"column-8\">\"Organi\/drejtoria\/ sektori q\u00eb i \u00ebsht\u00eb d\u00ebrguar ankesa\/ k\u00ebrkesa<br \/>\n(Nr. prot t\u00eb brendsh\u00ebm)\"<\/td><td class=\"column-9\">\"D\u00ebrgimi p\u00ebr mendim n\u00eb Komisionin p\u00ebrkat\u00ebs t\u00eb K\u00ebshillit<br \/>\n(Nr. prot t\u00eb brendsh\u00ebm)\"<\/td><td class=\"column-10\">Kaluar n\u00eb K\u00ebshill p\u00ebr shqyrtim (data)<\/td><td class=\"column-11\">\"Mb\u00ebshtetur nga K\u00ebshilli<br \/>\n(k\u00ebrkesa, ankesa)<br \/>\nPo\/Jo\"<\/td><td class=\"column-12\">\"Zbatuar nga Ekzekutivi<br \/>\n(Data)\"<\/td><td class=\"column-13\">\"P\u00ebrgjigjia<br \/>\n(data dhe numri)\"<\/td>\n<\/tr>\n<tr class=\"row-3 odd\">\n\t<td class=\"column-1\"><\/td><td class=\"column-2\"><\/td><td class=\"column-3\"><\/td><td class=\"column-4\"><\/td><td class=\"column-5\"><\/td><td class=\"column-6\"><\/td><td class=\"column-7\"><\/td><td class=\"column-8\"><\/td><td class=\"column-9\"><\/td><td class=\"column-10\"><\/td><td class=\"column-11\"><\/td><td class=\"column-12\"><\/td><td class=\"column-13\"><\/td>\n<\/tr>\n<tr class=\"row-4 even\">\n\t<td class=\"column-1\"><\/td><td class=\"column-2\"><\/td><td class=\"column-3\"><\/td><td class=\"column-4\"><\/td><td class=\"column-5\"><\/td><td class=\"column-6\"><\/td><td class=\"column-7\"><\/td><td class=\"column-8\"><\/td><td class=\"column-9\"><\/td><td class=\"column-10\"><\/td><td class=\"column-11\"><\/td><td class=\"column-12\"><\/td><td class=\"column-13\"><\/td>\n<\/tr>\n<tr class=\"row-5 odd\">\n\t<td class=\"column-1\"><\/td><td class=\"column-2\"><\/td><td class=\"column-3\"><\/td><td class=\"column-4\"><\/td><td class=\"column-5\"><\/td><td class=\"column-6\"><\/td><td class=\"column-7\"><\/td><td class=\"column-8\"><\/td><td class=\"column-9\"><\/td><td class=\"column-10\"><\/td><td class=\"column-11\"><\/td><td class=\"column-12\"><\/td><td class=\"column-13\"><\/td>\n<\/tr>\n<tr class=\"row-6 even\">\n\t<td class=\"column-1\"><\/td><td class=\"column-2\"><\/td><td class=\"column-3\"><\/td><td class=\"column-4\"><\/td><td class=\"column-5\"><\/td><td class=\"column-6\"><\/td><td class=\"column-7\"><\/td><td class=\"column-8\"><\/td><td class=\"column-9\"><\/td><td class=\"column-10\"><\/td><td class=\"column-11\"><\/td><td class=\"column-12\"><\/td><td class=\"column-13\"><\/td>\n<\/tr>\n<tr class=\"row-7 odd\">\n\t<td class=\"column-1\"><\/td><td class=\"column-2\"><\/td><td class=\"column-3\"><\/td><td class=\"column-4\"><\/td><td class=\"column-5\"><\/td><td class=\"column-6\"><\/td><td class=\"column-7\"><\/td><td class=\"column-8\"><\/td><td class=\"column-9\"><\/td><td class=\"column-10\"><\/td><td class=\"column-11\"><\/td><td class=\"column-12\"><\/td><td class=\"column-13\"><\/td>\n<\/tr>\n<\/tbody>\n<\/table>\n<!-- #tablepress-2 from cache -->[\/vc_column_text]<div role=\"form\" class=\"wpcf7\" id=\"wpcf7-f6-o1\" lang=\"en-US\" dir=\"ltr\">\n<div class=\"screen-reader-response\"><\/div>\n<form action=\"\/~bsh\/regjistribashkiafushearrez\/index.php?rest_route=%2Fwp%2Fv2%2Fpages%2F828#wpcf7-f6-o1\" method=\"post\" class=\"wpcf7-form\" novalidate=\"novalidate\">\n<div style=\"display: none;\">\n<input type=\"hidden\" name=\"_wpcf7\" value=\"6\" \/>\n<input type=\"hidden\" name=\"_wpcf7_version\" value=\"5.1.7\" \/>\n<input type=\"hidden\" name=\"_wpcf7_locale\" value=\"en_US\" \/>\n<input type=\"hidden\" name=\"_wpcf7_unit_tag\" value=\"wpcf7-f6-o1\" \/>\n<input type=\"hidden\" name=\"_wpcf7_container_post\" value=\"0\" \/>\n<\/div>\n<p><label> Emer Mbiemer (E detyrueshme)<br \/>\n    <span class=\"wpcf7-form-control-wrap your-name\"><input type=\"text\" name=\"your-name\" value=\"\" size=\"40\" class=\"wpcf7-form-control wpcf7-text wpcf7-validates-as-required\" aria-required=\"true\" aria-invalid=\"false\" \/><\/span> <\/label><\/p>\n<p><label> E-mail (E detyrueshme)<br \/>\n    <span class=\"wpcf7-form-control-wrap your-email\"><input type=\"email\" name=\"your-email\" value=\"\" size=\"40\" class=\"wpcf7-form-control wpcf7-text wpcf7-email wpcf7-validates-as-required wpcf7-validates-as-email\" aria-required=\"true\" aria-invalid=\"false\" \/><\/span> <\/label><\/p>\n<p><label> Ankesa<br \/>\n    <span class=\"wpcf7-form-control-wrap your-subject\"><input type=\"text\" name=\"your-subject\" value=\"\" size=\"40\" class=\"wpcf7-form-control wpcf7-text\" aria-invalid=\"false\" \/><\/span> <\/label><\/p>\n<p><label> Mesazhi<br \/>\n    <span class=\"wpcf7-form-control-wrap your-message\"><textarea name=\"your-message\" cols=\"40\" rows=\"10\" class=\"wpcf7-form-control wpcf7-textarea\" aria-invalid=\"false\"><\/textarea><\/span> <\/label><\/p>\n<p><input type=\"submit\" value=\"Send\" class=\"wpcf7-form-control wpcf7-submit\" \/><\/p>\n<div class=\"wpcf7-response-output wpcf7-display-none\"><\/div><\/form><\/div>[vc_row_inner][vc_column_inner width=&#8221;1\/2&#8243;][vc_column_text]<a href=\"http:\/\/209.95.59.218\/~bsh\/regjistribashkiashkoder\/wp-content\/uploads\/2022\/04\/Model-i-fomularit-te-ankeses-drejtuar-Keshillit-Bashkiak.docx\">Model i fomularit t\u00eb ankes\u00ebs drejtuar K\u00ebshillit Bashkiak<\/a>[\/vc_column_text][\/vc_column_inner][vc_column_inner width=&#8221;1\/2&#8243;][vc_column_text]<a href=\"http:\/\/209.95.59.218\/~bsh\/regjistribashkiashkoder\/wp-content\/uploads\/2022\/04\/Procedura-dhe-afate-per-kerkese-ankesat-drejtuar-Keshillit-Bashkiak.pdf\">Procedura dhe afate p\u00ebr k\u00ebrkes\u00eb ankesat drejtuar K\u00ebshillit Bashkiak<\/a>[\/vc_column_text][\/vc_column_inner][\/vc_row_inner][\/vc_column][\/vc_row][vc_row][vc_column width=&#8221;2\/3&#8243;][vc_column_text]<strong>K\u00ebshilli Bashkiak Fush\u00eb Arr\u00ebz<\/strong><\/p>\n<p>\u00cbsht\u00eb organi p\u00ebrfaq\u00ebsues i Bashkis\u00eb dhe ka 15 k\u00ebshilltar\u00eb nga 9 parti\/grupime t\u00eb ndryshme politike. Funksion n\u00eb baz\u00eb ligjit dhe t\u00eb rregulloreve t\u00eb miratuara nga vet\u00eb k\u00ebshilltar\u00ebt.<\/p>\n<p>K\u00ebshillat bashkiak\u00eb kan\u00eb rol si organe <em>P\u00ebrfaq\u00ebsuese, Vendimmarr\u00ebse, Mbik\u00ebqyr\u00ebse dhe monitoruese<\/em> t\u00eb ekzekutivit.<\/p>\n<p>Struktura e k\u00ebshillit t\u00eb bashkis\u00eb p\u00ebrb\u00ebhet nga Kryetari i k\u00ebshillit, z\u00ebvend\u00ebskryetari\/\u00ebt i\/e k\u00ebshillit, Kryesia e k\u00ebshillit, Konferenca e kryetar\u00ebve, Sekretari\/sekretariati i k\u00ebshillit, Komisionet e p\u00ebrher\u00ebshme t\u00eb k\u00ebshillit dhe Grupet politike t\u00eb k\u00ebshillit. K\u00ebshilli mund t\u00eb ngrej\u00eb gjithashtu komisione, borde dhe struktura k\u00ebshilluese n\u00eb p\u00ebrputhje me Regulloren e Funksionimit t\u00eb K\u00ebshillit.<\/p>\n<p>Mbledhjet e radh\u00ebs s\u00eb k\u00ebshillit bashkiak zhvillohen si rregull, sipas p\u00ebrcaktimit q\u00eb b\u00ebn vet\u00eb k\u00ebshilli, por jo m\u00eb pak se nj\u00eb her\u00eb n\u00eb muaj.<\/p>\n<p>K\u00ebshilli mblidhet n\u00eb \u00e7do rast me k\u00ebrkes\u00ebn e kryetarit t\u00eb bashkis\u00eb, me k\u00ebrkes\u00ebn me shkrim t\u00eb jo m\u00eb pak se 1\/3 s\u00eb an\u00ebtar\u00ebve t\u00eb tij dhe me k\u00ebrkes\u00ebn e motivuar t\u00eb prefektit p\u00ebr \u00e7\u00ebshtje q\u00eb lidhen me ushtrimin e funksioneve t\u00eb tij.<\/p>\n<p>Thirrja p\u00ebr mbledhjen e k\u00ebshillit b\u00ebhet nga kryetari i k\u00ebshillit dhe njoftimi p\u00ebr mbledhjen b\u00ebhet, si rregull, jo m\u00eb pak se 5 dit\u00eb para dat\u00ebs s\u00eb zhvillimit t\u00eb saj. Njoftimi p\u00ebrmban dat\u00ebn e mbledhjes, or\u00ebn, vendin dhe rendin e dit\u00ebs. Rendi i dit\u00ebs miratohet nga k\u00ebshilli.<\/p>\n<p>N\u00eb periudh\u00ebn nga data e zgjedhjeve e deri n\u00eb konstituimin e k\u00ebshillit t\u00eb ri, k\u00ebshilli i m\u00ebparsh\u00ebm bashkiak ushtron kompetenca t\u00eb kufizuara dhe merr vendime vet\u00ebm n\u00eb raste t\u00eb situatave emergjente.<\/p>\n<p>Mbledhja e k\u00ebshillit bashkiak quhet e vlefshme kur n\u00eb t\u00eb merr pjes\u00eb shumica e t\u00eb gjith\u00eb an\u00ebtar\u00ebve t\u00eb k\u00ebshillit, me p\u00ebrjashtim t\u00eb rasteve kur k\u00ebrkohet nj\u00eb shumic\u00eb tjet\u00ebr p\u00ebr marrjen e vendimeve. Mbledhjet e k\u00ebshillit pasqyrohen n\u00eb procesverbalin e mbledhjes. M\u00ebnyra e mbajtjes s\u00eb procesverbalit dhe e v\u00ebrtetimit t\u00eb tij p\u00ebrcaktohen sipas legjislacionit n\u00eb fuqi.<\/p>\n<p>K\u00ebshilli bashkiak ka k\u00ebto detyra dhe kompetenca:<\/p>\n<p>a) zgjedh nga p\u00ebrb\u00ebrja e vet komisionet e k\u00ebshillit dhe miraton rregulloren e brendshme t\u00eb funksionimit t\u00eb vet;<\/p>\n<p>b) zgjedh, duke respektuar ligjin p\u00ebr barazin\u00eb gjinore, kryetarin dhe z\u00ebvend\u00ebskryetar\u00ebt e k\u00ebshillit dhe i shkarkon ata;<\/p>\n<p>c) em\u00ebron dhe shkarkon sekretarin e k\u00ebshillit bashkiak;<\/p>\n<p>\u00e7) miraton nivelin e pagave e t\u00eb shp\u00ebrblimeve t\u00eb punonj\u00ebsve e t\u00eb personave t\u00eb tjer\u00eb, t\u00ebzgjedhur ose t\u00eb em\u00ebruar, n\u00eb p\u00ebrputhje me legjislacionin n\u00eb fuqi;<\/p>\n<p>d) miraton aktet e themelimit t\u00eb nd\u00ebrmarrjeve, shoq\u00ebrive tregtare, si dhe t\u00eb personave t\u00eb tjer\u00eb juridik\u00eb q\u00eb krijon vet\u00eb ose me t\u00eb cil\u00ebt \u00ebsht\u00eb bashk\u00ebthemelues;<\/p>\n<p>dh) miraton buxhetin dhe ndryshimet e tij. N\u00eb vendimin p\u00ebr miratimin e buxhetit miraton, gjithashtu, edhe numrin e maksimal t\u00eb punonj\u00ebsve t\u00eb bashkis\u00eb, si dhe t\u00eb nj\u00ebsive e institucioneve buxhetore n\u00eb var\u00ebsi t\u00eb bashkis\u00eb;<\/p>\n<p>e) miraton tjet\u00ebrsimin ose dh\u00ebnien n\u00eb p\u00ebrdorim t\u00eb pronave t\u00eb tret\u00ebve;<\/p>\n<p>\u00eb) organizon dhe mbik\u00ebqyr kontrollin e brendsh\u00ebm t\u00eb bashkis\u00eb;<\/p>\n<p>f) vendos p\u00ebr taksat e tarifat vendore, sipas k\u00ebtij ligji dhe legjislacionit tjet\u00ebr n\u00eb fuqi;<\/p>\n<p>g) vendos p\u00ebr marrjen e kredive dhe shlyerjen e detyrimeve ndaj t\u00eb tret\u00ebve;<\/p>\n<p>gj) vendos p\u00ebr krijimin e institucioneve t\u00eb p\u00ebrbashk\u00ebta me nj\u00ebsi t\u00eb tjera t\u00eb vet\u00ebqeverisjes vendore, p\u00ebrfshir\u00eb subjektin e kompetencave t\u00eb p\u00ebrbashk\u00ebta ose me persona t\u00eb tret\u00eb;<\/p>\n<p>h) vendos p\u00ebr fillimin e procedurave gjyq\u00ebsore p\u00ebr \u00e7\u00ebshtje t\u00eb kompetenc\u00ebs s\u00eb vet;<\/p>\n<p>i) zgjedh p\u00ebrfaq\u00ebsuesit e k\u00ebshillit bashkiak n\u00eb k\u00ebshillin e qarkut, t\u00eb cil\u00ebt, n\u00eb jo m\u00eb pak se 50 p\u00ebr qind t\u00eb tyre, duhet t\u2019i p\u00ebrkasin gjinise m\u00eb pak t\u00eb p\u00ebrfaq\u00ebsuar;<\/p>\n<p>j) vendos p\u00ebr dh\u00ebnien ose deklarimin e mbarimit t\u00eb mandatit t\u00eb k\u00ebshilltarit;<\/p>\n<p>k) miraton norma, standarde e kritere p\u00ebr rregullimin dhe disiplinimin e funksioneve q\u00eb i jan\u00eb dh\u00ebn\u00eb atij me ligj, si dhe p\u00ebr mbrojtjen e garantimin e interesit publik;<\/p>\n<p>l) vendos p\u00ebr simbolet e bashkis\u00eb;<\/p>\n<p>ll) vendos p\u00ebr em\u00ebrtimin e rrug\u00ebve, shesheve, territoreve, institucioneve dhe objekteve n\u00eb juridiksionin e bashkis\u00eb;<\/p>\n<p>m) jep tituj nderi dhe stimuj;<\/p>\n<p>n) vendos p\u00ebr rregullat, procedurat dhe m\u00ebnyrat e realizimit t\u00eb funksioneve t\u00eb deleguara, n\u00eb baz\u00eb dhe p\u00ebr zbatim t\u00eb ligjit, me t\u00eb cilin b\u00ebhet ky delegim te bashkia.<\/p>\n<p>Aktet e K\u00ebshillit Bashkiak:<\/p>\n<p>Publikohen n\u00eb faqen zyrtare t\u00eb internetit dhe afishohen n\u00eb vende publike, t\u00eb caktuara nga k\u00ebshilli me akses t\u00eb lir\u00eb publik, brenda territorit t\u00eb nj\u00ebsis\u00eb dhe, sipas mund\u00ebsive, k\u00ebshilli cakton edhe forma t\u00eb tjera t\u00eb publikimit t\u00eb tyre.<\/p>\n<p>Shpallen brenda 10 dit\u00ebve nga data e miratimit t\u00eb tyre dhe hyjn\u00eb n\u00eb fuqi 10 dit\u00eb pas shpalljes. Aktet me karakter individual hyjn\u00eb n\u00eb fuqi n\u00eb dat\u00ebn e njoftimit t\u00eb tyre subjekteve q\u00eb p\u00ebrfshihen n\u00eb to.[\/vc_column_text][\/vc_column][vc_column][\/vc_column][\/vc_row]<\/p>\n","protected":false},"excerpt":{"rendered":"<p>[vc_row disable_element=&#8221;yes&#8221;][vc_column css=&#8221;.vc_custom_1606987008881{border-top-width: 1px !important;border-right-width: 1px !important;border-bottom-width: 1px !important;border-left-width: 1px !important;padding-top: 10px !important;padding-bottom: 10px !important;border-left-color: #939393 !important;border-left-style: dotted !important;border-right-color: #939393 !important;border-right-style: dotted !important;border-top-color: #939393 !important;border-top-style: dotted !important;border-bottom-color: #939393 !important;border-bottom-style: dotted !important;}&#8221;][vc_column_text custom_text_color=&#8221;#ffffff&#8221; css=&#8221;.vc_custom_1607088158420{padding-top: 10px !important;padding-bottom: 10px !important;background-color: #a5002c !important;}&#8221;] REGJISTRI I ANKESAVE, K\u00cbRKESAVE DHE V\u00cbREJTJEVE [\/vc_column_text][vc_column_text][\/vc_column_text][vc_row_inner][vc_column_inner width=&#8221;1\/2&#8243;][vc_column_text]Model i fomularit t\u00eb ankes\u00ebs drejtuar K\u00ebshillit Bashkiak[\/vc_column_text][\/vc_column_inner][vc_column_inner width=&#8221;1\/2&#8243;][vc_column_text]Procedura [&hellip;]<\/p>\n","protected":false},"author":1,"featured_media":0,"parent":0,"menu_order":0,"comment_status":"closed","ping_status":"closed","template":"","meta":[],"_links":{"self":[{"href":"http:\/\/209.95.59.218\/~bsh\/regjistribashkiafushearrez\/index.php?rest_route=\/wp\/v2\/pages\/828"}],"collection":[{"href":"http:\/\/209.95.59.218\/~bsh\/regjistribashkiafushearrez\/index.php?rest_route=\/wp\/v2\/pages"}],"about":[{"href":"http:\/\/209.95.59.218\/~bsh\/regjistribashkiafushearrez\/index.php?rest_route=\/wp\/v2\/types\/page"}],"author":[{"embeddable":true,"href":"http:\/\/209.95.59.218\/~bsh\/regjistribashkiafushearrez\/index.php?rest_route=\/wp\/v2\/users\/1"}],"replies":[{"embeddable":true,"href":"http:\/\/209.95.59.218\/~bsh\/regjistribashkiafushearrez\/index.php?rest_route=%2Fwp%2Fv2%2Fcomments&post=828"}],"version-history":[{"count":56,"href":"http:\/\/209.95.59.218\/~bsh\/regjistribashkiafushearrez\/index.php?rest_route=\/wp\/v2\/pages\/828\/revisions"}],"predecessor-version":[{"id":2657,"href":"http:\/\/209.95.59.218\/~bsh\/regjistribashkiafushearrez\/index.php?rest_route=\/wp\/v2\/pages\/828\/revisions\/2657"}],"wp:attachment":[{"href":"http:\/\/209.95.59.218\/~bsh\/regjistribashkiafushearrez\/index.php?rest_route=%2Fwp%2Fv2%2Fmedia&parent=828"}],"curies":[{"name":"wp","href":"https:\/\/api.w.org\/{rel}","templated":true}]}}