{"id":75,"date":"2014-12-09T10:44:58","date_gmt":"2014-12-09T10:44:58","guid":{"rendered":"http:\/\/localhost\/business4\/?page_id=75"},"modified":"2026-02-10T18:13:03","modified_gmt":"2026-02-10T17:13:03","slug":"about-us","status":"publish","type":"page","link":"http:\/\/209.95.59.218\/~bsh\/regjistribashkiafushearrez\/?page_id=75","title":{"rendered":"AN\u00cbTAR\u00cbT E K\u00cbSHILLIT BASHKIAK FUSH\u00cb ARR\u00cbZ"},"content":{"rendered":"<p>[vc_row][vc_column][block_title style=&#8221;column_title&#8221; inner_style=&#8221;inline_border&#8221; title=&#8221;An\u00ebtar\u00ebt e K\u00ebshillit&#8221;][\/block_title][vc_row_inner][vc_column_inner width=&#8221;1\/3&#8243;][staff staff=&#8221;2597&#8243; style=&#8221;style_2&#8243;][staff staff=&#8221;743&#8243; style=&#8221;style_2&#8243;][staff staff=&#8221;1451&#8243; style=&#8221;style_2&#8243;][staff staff=&#8221;2603&#8243; style=&#8221;style_2&#8243;][staff staff=&#8221;2606&#8243; style=&#8221;style_2&#8243;][\/vc_column_inner][vc_column_inner width=&#8221;1\/3&#8243;][staff staff=&#8221;2607&#8243; style=&#8221;style_2&#8243;][staff staff=&#8221;2573&#8243; style=&#8221;style_2&#8243;][staff staff=&#8221;1447&#8243; style=&#8221;style_2&#8243;][staff staff=&#8221;2604&#8243; style=&#8221;style_2&#8243;][staff staff=&#8221;2608&#8243; style=&#8221;style_2&#8243;][\/vc_column_inner][vc_column_inner width=&#8221;1\/3&#8243;][staff staff=&#8221;2610&#8243; style=&#8221;style_2&#8243;][staff staff=&#8221;2556&#8243; style=&#8221;style_2&#8243;][staff staff=&#8221;748&#8243; style=&#8221;style_2&#8243;][staff staff=&#8221;2605&#8243; style=&#8221;style_2&#8243;][staff staff=&#8221;2609&#8243; style=&#8221;style_2&#8243;][\/vc_column_inner][\/vc_row_inner][\/vc_column][\/vc_row][vc_row][vc_column][list_item title=&#8221;Lista e An\u00ebtar\u00ebve t\u00eb K\u00ebshilllit Bashkiak Fush\u00eb Arr\u00ebz 2023&#8243; link=&#8221;http:\/\/209.95.59.218\/~bsh\/regjistribashkiafushearrez\/wp-content\/uploads\/2025\/02\/ANETARET-E-KESHILLIT-TE-BASHKISE-FUSHE-ARREZ-PER-MANDATIN-2023-2027-WORD.pdf&#8221;][\/vc_column][\/vc_row]<\/p>\n","protected":false},"excerpt":{"rendered":"<p>[vc_row][vc_column][block_title style=&#8221;column_title&#8221; inner_style=&#8221;inline_border&#8221; title=&#8221;An\u00ebtar\u00ebt e K\u00ebshillit&#8221;][\/block_title][vc_row_inner][vc_column_inner width=&#8221;1\/3&#8243;][staff staff=&#8221;2597&#8243; style=&#8221;style_2&#8243;][staff staff=&#8221;743&#8243; style=&#8221;style_2&#8243;][staff staff=&#8221;1451&#8243; style=&#8221;style_2&#8243;][staff staff=&#8221;2603&#8243; style=&#8221;style_2&#8243;][staff staff=&#8221;2606&#8243; style=&#8221;style_2&#8243;][\/vc_column_inner][vc_column_inner width=&#8221;1\/3&#8243;][staff staff=&#8221;2607&#8243; style=&#8221;style_2&#8243;][staff staff=&#8221;2573&#8243; style=&#8221;style_2&#8243;][staff staff=&#8221;1447&#8243; style=&#8221;style_2&#8243;][staff staff=&#8221;2604&#8243; style=&#8221;style_2&#8243;][staff staff=&#8221;2608&#8243; style=&#8221;style_2&#8243;][\/vc_column_inner][vc_column_inner width=&#8221;1\/3&#8243;][staff staff=&#8221;2610&#8243; style=&#8221;style_2&#8243;][staff staff=&#8221;2556&#8243; style=&#8221;style_2&#8243;][staff staff=&#8221;748&#8243; style=&#8221;style_2&#8243;][staff staff=&#8221;2605&#8243; style=&#8221;style_2&#8243;][staff staff=&#8221;2609&#8243; style=&#8221;style_2&#8243;][\/vc_column_inner][\/vc_row_inner][\/vc_column][\/vc_row][vc_row][vc_column][list_item title=&#8221;Lista e An\u00ebtar\u00ebve t\u00eb K\u00ebshilllit Bashkiak Fush\u00eb Arr\u00ebz 2023&#8243; link=&#8221;http:\/\/209.95.59.218\/~bsh\/regjistribashkiafushearrez\/wp-content\/uploads\/2025\/02\/ANETARET-E-KESHILLIT-TE-BASHKISE-FUSHE-ARREZ-PER-MANDATIN-2023-2027-WORD.pdf&#8221;][\/vc_column][\/vc_row]<\/p>\n","protected":false},"author":1,"featured_media":0,"parent":0,"menu_order":0,"comment_status":"open","ping_status":"open","template":"","meta":[],"_links":{"self":[{"href":"http:\/\/209.95.59.218\/~bsh\/regjistribashkiafushearrez\/index.php?rest_route=\/wp\/v2\/pages\/75"}],"collection":[{"href":"http:\/\/209.95.59.218\/~bsh\/regjistribashkiafushearrez\/index.php?rest_route=\/wp\/v2\/pages"}],"about":[{"href":"http:\/\/209.95.59.218\/~bsh\/regjistribashkiafushearrez\/index.php?rest_route=\/wp\/v2\/types\/page"}],"author":[{"embeddable":true,"href":"http:\/\/209.95.59.218\/~bsh\/regjistribashkiafushearrez\/index.php?rest_route=\/wp\/v2\/users\/1"}],"replies":[{"embeddable":true,"href":"http:\/\/209.95.59.218\/~bsh\/regjistribashkiafushearrez\/index.php?rest_route=%2Fwp%2Fv2%2Fcomments&post=75"}],"version-history":[{"count":11,"href":"http:\/\/209.95.59.218\/~bsh\/regjistribashkiafushearrez\/index.php?rest_route=\/wp\/v2\/pages\/75\/revisions"}],"predecessor-version":[{"id":2619,"href":"http:\/\/209.95.59.218\/~bsh\/regjistribashkiafushearrez\/index.php?rest_route=\/wp\/v2\/pages\/75\/revisions\/2619"}],"wp:attachment":[{"href":"http:\/\/209.95.59.218\/~bsh\/regjistribashkiafushearrez\/index.php?rest_route=%2Fwp%2Fv2%2Fmedia&parent=75"}],"curies":[{"name":"wp","href":"https:\/\/api.w.org\/{rel}","templated":true}]}}