{"id":2723,"date":"2026-04-02T12:50:18","date_gmt":"2026-04-02T10:50:18","guid":{"rendered":"http:\/\/209.95.59.218\/~bsh\/regjistribashkiafushearrez\/?page_id=2723"},"modified":"2026-04-02T12:50:18","modified_gmt":"2026-04-02T10:50:18","slug":"regjister-i-oshc-ve-dhe-eksperteve-lokale","status":"publish","type":"page","link":"http:\/\/209.95.59.218\/~bsh\/regjistribashkiafushearrez\/?page_id=2723","title":{"rendered":"Regjist\u00ebr i OSHC-ve dhe ekspert\u00ebve lokal\u00eb"},"content":{"rendered":"\n<table id=\"tablepress-10\" class=\"tablepress tablepress-id-10\">\n<thead>\n<tr class=\"row-1 odd\">\n\t<th class=\"column-1\">Organizata<\/th><th class=\"column-2\">Drejtori Ekzekutiv<br \/>\n<\/th><th class=\"column-3\">Telefon<br \/>\n<\/th><th class=\"column-4\">Email<br \/>\n<\/th><th class=\"column-5\">Adresa<br \/>\n<\/th><th class=\"column-6\">Website<br \/>\n<\/th>\n<\/tr>\n<\/thead>\n<tbody class=\"row-hover\">\n<tr class=\"row-2 even\">\n\t<td class=\"column-1\">Charity \u201cQendra Sociale ne Ndihme te Njer\u00ebzve ne Nevoje\u201dFushe-Arrez(QSNNN)                                    <br \/>\nAssociation \"Social Center for Helping People in Need\" Fush\u00eb-Arr\u00ebz - QSNNN<br \/>\n<\/td><td class=\"column-2\">Pamela Gjinaj <br \/>\n<\/td><td class=\"column-3\">686419378<br \/>\n<\/td><td class=\"column-4\">hilcurri@hotmail.com <br \/>\nshoqata_qsnnn@hotmail.com <br \/>\n<\/td><td class=\"column-5\"> Rruga \"Demokracia\", Ish-Zdrukth\u00ebtaria,      <br \/>\nKati II, Fushe-Arr\u00ebz<br \/>\n<\/td><td class=\"column-6\"><br \/>\n<a href=\"http:\/\/qsnnn.org\/\" rel=\"noopener noreferrer\" target=\"_blank\">QSNNN<\/a><\/td>\n<\/tr>\n<tr class=\"row-3 odd\">\n\t<td class=\"column-1\">SHOQATA \"GJONAJ-BUGJON\"<br \/>\n<\/td><td class=\"column-2\">NETA KOLA<br \/>\n<\/td><td class=\"column-3\"><\/td><td class=\"column-4\"><\/td><td class=\"column-5\">NJA Qender<br \/>\n<\/td><td class=\"column-6\"><\/td>\n<\/tr>\n<tr class=\"row-4 even\">\n\t<td class=\"column-1\">SHOQATA \"BLERIMI-DARDHE\"<br \/>\n<\/td><td class=\"column-2\">LIN PRENDI<br \/>\n<\/td><td class=\"column-3\"><\/td><td class=\"column-4\"><\/td><td class=\"column-5\">NJA Fierze<br \/>\n<\/td><td class=\"column-6\"><\/td>\n<\/tr>\n<tr class=\"row-5 odd\">\n\t<td class=\"column-1\">SHOQ.\"PERDORUESIT E PYJEVE E KULLOTAVE PASHTRIKU\"<br \/>\n<\/td><td class=\"column-2\">ROZA HYSAJ<br \/>\n<\/td><td class=\"column-3\"><\/td><td class=\"column-4\"><\/td><td class=\"column-5\">NJA Blerim<br \/>\n<\/td><td class=\"column-6\"><\/td>\n<\/tr>\n<tr class=\"row-6 even\">\n\t<td class=\"column-1\">SHOQATA BUJQESISE DHE MJEDISIT IBALLE<br \/>\n<\/td><td class=\"column-2\">MENTOR MALAJ<br \/>\n<\/td><td class=\"column-3\"><\/td><td class=\"column-4\"><\/td><td class=\"column-5\">NJA Qender<br \/>\n<\/td><td class=\"column-6\"><\/td>\n<\/tr>\n<tr class=\"row-7 odd\">\n\t<td class=\"column-1\">SHOQATA MJEDISORE E PERDORUESVE TE PYJEVE<br \/>\n<\/td><td class=\"column-2\">PASHK PRENDI<br \/>\n<\/td><td class=\"column-3\"><\/td><td class=\"column-4\"><\/td><td class=\"column-5\">NJA Iballe<br \/>\n<\/td><td class=\"column-6\"><\/td>\n<\/tr>\n<tr class=\"row-8 even\">\n\t<td class=\"column-1\">Shoqata e gruas Shpresa<br \/>\n<\/td><td class=\"column-2\">Ajshe Cufaj<br \/>\n<\/td><td class=\"column-3\">672194192<br \/>\n<\/td><td class=\"column-4\">aida_cufaj@yahoo.com <br \/>\n<\/td><td class=\"column-5\">Puke <br \/>\n<\/td><td class=\"column-6\"><\/td>\n<\/tr>\n<tr class=\"row-9 odd\">\n\t<td class=\"column-1\">Shoqata Eko - Turistike Puk\u00eb<br \/>\n<\/td><td class=\"column-2\">Gjovalin Alia<br \/>\n<\/td><td class=\"column-3\">682374024<br \/>\n<\/td><td class=\"column-4\">shoqata.etpuke@yahoo.com <br \/>\n<\/td><td class=\"column-5\">Puke <\/td><td class=\"column-6\"><\/td>\n<\/tr>\n<tr class=\"row-10 even\">\n\t<td class=\"column-1\">Mendoni edhe p\u00ebr Ne (MeN)<br \/>\n<\/td><td class=\"column-2\"><\/td><td class=\"column-3\">672194193<br \/>\n<\/td><td class=\"column-4\">cufajm@yahoo.com <br \/>\n<\/td><td class=\"column-5\">Puke <br \/>\n<\/td><td class=\"column-6\"><\/td>\n<\/tr>\n<\/tbody>\n<\/table>\n<!-- #tablepress-10 from cache -->\n","protected":false},"excerpt":{"rendered":"OrganizataDrejtori Ekzekutiv Telefon Email Adresa Website Charity \u201cQendra Sociale ne Ndihme te Njer\u00ebzve ne Nevoje\u201dFushe-Arrez(QSNNN) Association \"Social Center for Helping People in Need\" Fush\u00eb-Arr\u00ebz - QSNNN Pamela Gjinaj 686419378 hilcurri@hotmail.com shoqata_qsnnn@hotmail.com Rruga \"Demokracia\", Ish-Zdrukth\u00ebtaria, Kati II, Fushe-Arr\u00ebz QSNNN SHOQATA \"GJONAJ-BUGJON\" NETA KOLA NJA Qender SHOQATA \"BLERIMI-DARDHE\" LIN PRENDI NJA Fierze SHOQ.\"PERDORUESIT E PYJEVE E KULLOTAVE [...]","protected":false},"author":1,"featured_media":0,"parent":2638,"menu_order":0,"comment_status":"closed","ping_status":"closed","template":"","meta":[],"_links":{"self":[{"href":"http:\/\/209.95.59.218\/~bsh\/regjistribashkiafushearrez\/index.php?rest_route=\/wp\/v2\/pages\/2723"}],"collection":[{"href":"http:\/\/209.95.59.218\/~bsh\/regjistribashkiafushearrez\/index.php?rest_route=\/wp\/v2\/pages"}],"about":[{"href":"http:\/\/209.95.59.218\/~bsh\/regjistribashkiafushearrez\/index.php?rest_route=\/wp\/v2\/types\/page"}],"author":[{"embeddable":true,"href":"http:\/\/209.95.59.218\/~bsh\/regjistribashkiafushearrez\/index.php?rest_route=\/wp\/v2\/users\/1"}],"replies":[{"embeddable":true,"href":"http:\/\/209.95.59.218\/~bsh\/regjistribashkiafushearrez\/index.php?rest_route=%2Fwp%2Fv2%2Fcomments&post=2723"}],"version-history":[{"count":1,"href":"http:\/\/209.95.59.218\/~bsh\/regjistribashkiafushearrez\/index.php?rest_route=\/wp\/v2\/pages\/2723\/revisions"}],"predecessor-version":[{"id":2724,"href":"http:\/\/209.95.59.218\/~bsh\/regjistribashkiafushearrez\/index.php?rest_route=\/wp\/v2\/pages\/2723\/revisions\/2724"}],"up":[{"embeddable":true,"href":"http:\/\/209.95.59.218\/~bsh\/regjistribashkiafushearrez\/index.php?rest_route=\/wp\/v2\/pages\/2638"}],"wp:attachment":[{"href":"http:\/\/209.95.59.218\/~bsh\/regjistribashkiafushearrez\/index.php?rest_route=%2Fwp%2Fv2%2Fmedia&parent=2723"}],"curies":[{"name":"wp","href":"https:\/\/api.w.org\/{rel}","templated":true}]}}