{"id":2649,"date":"2026-02-12T14:36:28","date_gmt":"2026-02-12T13:36:28","guid":{"rendered":"http:\/\/209.95.59.218\/~bsh\/regjistribashkiafushearrez\/?page_id=2649"},"modified":"2026-02-12T14:36:29","modified_gmt":"2026-02-12T13:36:29","slug":"proces-verbalet-e-mbledhjeve-te-keshillit-bashkiak","status":"publish","type":"page","link":"http:\/\/209.95.59.218\/~bsh\/regjistribashkiafushearrez\/?page_id=2649","title":{"rendered":"Proces verbalet e Mbledhjeve t\u00eb K\u00ebshillit Bashkiak"},"content":{"rendered":"\n<p><a href=\"http:\/\/209.95.59.218\/~bsh\/regjistribashkiafushearrez\/wp-content\/uploads\/2026\/02\/Proces-verbal-MKB-Fushe-Arrez-0126_compressed.pdf\" target=\"_blank\" rel=\"noreferrer noopener\">Proces verbali i mbledhjes s\u00eb K\u00ebshillit Bashkiak dat\u00eb 30 Janar 2026<\/a><\/p>\n\n\n\n<p>Proces verbali i mbledhjes s\u00eb K\u00ebshillit Bashkiak dat\u00eb     Shkurt 2026<\/p>\n\n\n\n<p>Proces verbali i mbledhjes s\u00eb K\u00ebshillit Bashkiak dat\u00eb Mars 2026<\/p>\n\n\n\n<p>Proces verbali i mbledhjes s\u00eb K\u00ebshillit Bashkiak dat\u00eb Prill 2026<\/p>\n\n\n\n<p>Proces verbali i mbledhjes s\u00eb K\u00ebshillit Bashkiak dat\u00eb Maj 2026<\/p>\n\n\n\n<p>Proces verbali i mbledhjes s\u00eb K\u00ebshillit Bashkiak dat\u00eb Qershor 2026<\/p>\n\n\n\n<p>Proces verbali i mbledhjes s\u00eb K\u00ebshillit Bashkiak dat\u00eb Korrik 2026<\/p>\n\n\n\n<p>Proces verbali i mbledhjes s\u00eb K\u00ebshillit Bashkiak dat\u00eb Gusht 2026<\/p>\n\n\n\n<p>Proces verbali i mbledhjes s\u00eb K\u00ebshillit Bashkiak dat\u00eb Shtator 2026<\/p>\n\n\n\n<p>Proces verbali i mbledhjes s\u00eb K\u00ebshillit Bashkiak dat\u00eb Tetor 2026<\/p>\n\n\n\n<p>Proces verbali i mbledhjes s\u00eb K\u00ebshillit Bashkiak dat\u00eb N\u00ebntor 2026<\/p>\n\n\n\n<p>Proces verbali i mbledhjes s\u00eb K\u00ebshillit Bashkiak dat\u00eb Dhjetor 2026<\/p>\n","protected":false},"excerpt":{"rendered":"<p>Proces verbali i mbledhjes s\u00eb K\u00ebshillit Bashkiak dat\u00eb 30 Janar 2026 Proces verbali i mbledhjes s\u00eb K\u00ebshillit Bashkiak dat\u00eb Shkurt 2026 Proces verbali i mbledhjes s\u00eb K\u00ebshillit Bashkiak dat\u00eb Mars 2026 Proces verbali i mbledhjes s\u00eb K\u00ebshillit Bashkiak dat\u00eb Prill 2026 Proces verbali i mbledhjes s\u00eb K\u00ebshillit Bashkiak dat\u00eb Maj 2026 Proces verbali i mbledhjes [&hellip;]<\/p>\n","protected":false},"author":1,"featured_media":0,"parent":0,"menu_order":0,"comment_status":"closed","ping_status":"closed","template":"","meta":[],"_links":{"self":[{"href":"http:\/\/209.95.59.218\/~bsh\/regjistribashkiafushearrez\/index.php?rest_route=\/wp\/v2\/pages\/2649"}],"collection":[{"href":"http:\/\/209.95.59.218\/~bsh\/regjistribashkiafushearrez\/index.php?rest_route=\/wp\/v2\/pages"}],"about":[{"href":"http:\/\/209.95.59.218\/~bsh\/regjistribashkiafushearrez\/index.php?rest_route=\/wp\/v2\/types\/page"}],"author":[{"embeddable":true,"href":"http:\/\/209.95.59.218\/~bsh\/regjistribashkiafushearrez\/index.php?rest_route=\/wp\/v2\/users\/1"}],"replies":[{"embeddable":true,"href":"http:\/\/209.95.59.218\/~bsh\/regjistribashkiafushearrez\/index.php?rest_route=%2Fwp%2Fv2%2Fcomments&post=2649"}],"version-history":[{"count":1,"href":"http:\/\/209.95.59.218\/~bsh\/regjistribashkiafushearrez\/index.php?rest_route=\/wp\/v2\/pages\/2649\/revisions"}],"predecessor-version":[{"id":2650,"href":"http:\/\/209.95.59.218\/~bsh\/regjistribashkiafushearrez\/index.php?rest_route=\/wp\/v2\/pages\/2649\/revisions\/2650"}],"wp:attachment":[{"href":"http:\/\/209.95.59.218\/~bsh\/regjistribashkiafushearrez\/index.php?rest_route=%2Fwp%2Fv2%2Fmedia&parent=2649"}],"curies":[{"name":"wp","href":"https:\/\/api.w.org\/{rel}","templated":true}]}}