{"id":2638,"date":"2026-02-12T12:58:02","date_gmt":"2026-02-12T11:58:02","guid":{"rendered":"http:\/\/209.95.59.218\/~bsh\/regjistribashkiafushearrez\/?page_id=2638"},"modified":"2026-04-02T12:50:51","modified_gmt":"2026-04-02T10:50:51","slug":"veprimtaria-e-keshillit-komunikimi-me-publikun-dhe-aspekte-te-tjera","status":"publish","type":"page","link":"http:\/\/209.95.59.218\/~bsh\/regjistribashkiafushearrez\/?page_id=2638","title":{"rendered":"Veprimtaria e K\u00ebshillit Bashkiak"},"content":{"rendered":"\r\n<h3><a href=\"http:\/\/209.95.59.218\/~bsh\/regjistribashkiafushearrez\/?page_id=2190\">Dokumentet p\u00ebr grantin e performanc\u00ebs s\u00eb bashkive 2025<\/a><\/h3>\r\n<h3><a href=\"http:\/\/209.95.59.218\/~bsh\/regjistribashkiafushearrez\/?page_id=1343\" target=\"_blank\" rel=\"noopener noreferrer\">Planet e K\u00ebshillit Bashkiak<\/a><\/h3>\r\n<h3><a href=\"http:\/\/209.95.59.218\/~bsh\/regjistribashkiafushearrez\/?page_id=1778\" target=\"_blank\" rel=\"noreferrer noopener\">Raporti vjetor i pun\u00ebs s\u00eb k\u00ebshillit<\/a><\/h3>\r\n<h3>\r\n\r\n<\/h3>\r\n<h3><a href=\"http:\/\/209.95.59.218\/~bsh\/regjistribashkiafushearrez\/?page_id=1350\" target=\"_blank\" rel=\"noreferrer noopener\">Buxheti vjetor i k\u00ebshillit<\/a><\/h3>\r\n<h3>\r\n\r\n<\/h3>\r\n<h3><a href=\"http:\/\/209.95.59.218\/~bsh\/regjistribashkiafushearrez\/?page_id=1350\" target=\"_blank\" rel=\"noreferrer noopener\">Raporti vjetor i konsoliduar p\u00ebr zbatimin e buxhetit<\/a><\/h3>\r\n<h3>\r\n\r\n<\/h3>\r\n<h3><a href=\"http:\/\/209.95.59.218\/~bsh\/regjistribashkiafushearrez\/?page_id=1343\" target=\"_blank\" rel=\"noreferrer noopener\">Kalendari vjetor p\u00ebr trajnimet<\/a><\/h3>\r\n<h3>\r\n\r\n<\/h3>\r\n<h3><a href=\"https:\/\/docs.google.com\/forms\/d\/e\/1FAIpQLSfPpppnBGFSItMzeEkaPnRuuZU0lgqvSRaLmBNNudJF_h2g1g\/viewanalytics\">Vler\u00ebsim i performanc\u00ebs s\u00eb k\u00ebshilltar\u00ebve nga aktor\u00eb t\u00eb brendsh\u00ebm<\/a><\/h3>\r\n<h3>\r\n\r\n<\/h3>\r\n<h3><a href=\"https:\/\/docs.google.com\/forms\/d\/e\/1FAIpQLSfPpppnBGFSItMzeEkaPnRuuZU0lgqvSRaLmBNNudJF_h2g1g\/viewanalytics\">Vler\u00ebsim i performanc\u00ebs s\u00eb k\u00ebshilltar\u00ebve nga OSHC-t\u00eb<\/a><\/h3>\r\n<h3>\r\n\r\n<\/h3>\r\n<h3><a href=\"http:\/\/209.95.59.218\/~bsh\/regjistribashkiafushearrez\/?page_id=1004\" target=\"_blank\" rel=\"noreferrer noopener\">Regjist\u00ebr i peticioneve dhe iniciativave qytetare<\/a><\/h3>\r\n<h3><a href=\"http:\/\/209.95.59.218\/~bsh\/regjistribashkiafushearrez\/wp-content\/uploads\/2025\/03\/Pagesat-dhe-Shperblimet-e-Keshilltareve-perditesuar-2025.pdf\" target=\"_blank\" rel=\"noopener noreferrer\">Shp\u00ebrblimet e k\u00ebshilltar\u00ebve\u00a0<\/a><\/h3>\r\n<h3><a href=\"http:\/\/209.95.59.218\/~bsh\/regjistribashkiafushearrez\/?p=1357\" target=\"_blank\" rel=\"noopener noreferrer\">Pyet\u00ebsore dhe sondazhe<\/a><\/h3>\r\n<h3>\r\n\r\n<\/h3>\r\n<h3>Deklarat\u00eb publike e Titullarit t\u00eb K\u00ebshillit p\u00ebr p\u00ebrmir\u00ebsimin e transparenc\u00ebs<\/h3>\r\n<h3>\r\n\r\n<\/h3>\r\n<h3><a href=\"http:\/\/209.95.59.218\/~bsh\/regjistribashkiafushearrez\/?page_id=2723\">Regjist\u00ebr i OSHC-ve dhe ekspert\u00ebve lokal\u00eb<\/a><\/h3>\r\n<h3>\r\n\r\n<\/h3>\r\n<h3><a href=\"http:\/\/209.95.59.218\/~bsh\/regjistribashkiafushearrez\/?page_id=2328\" target=\"_blank\" rel=\"noreferrer noopener\">Statistika<\/a><\/h3>\r\n<h3>\r\n\r\n<\/h3>\r\n<h3><a href=\"http:\/\/209.95.59.218\/~bsh\/regjistribashkiafushearrez\/?page_id=2316\">Marr\u00ebveshje\u00a0<\/a><\/h3>\r\n<h3><a href=\"http:\/\/209.95.59.218\/~bsh\/regjistribashkiafushearrez\/?page_id=1287\">Regjistrat e K\u00ebshillit Bashkiak Fush\u00eb Arr\u00ebz<\/a><\/h3>\r\n","protected":false},"excerpt":{"rendered":"<p>Dokumentet p\u00ebr grantin e performanc\u00ebs s\u00eb bashkive 2025 Planet e K\u00ebshillit Bashkiak Raporti vjetor i pun\u00ebs s\u00eb k\u00ebshillit Buxheti vjetor i k\u00ebshillit Raporti vjetor i konsoliduar p\u00ebr zbatimin e buxhetit Kalendari vjetor p\u00ebr trajnimet Vler\u00ebsim i performanc\u00ebs s\u00eb k\u00ebshilltar\u00ebve nga aktor\u00eb t\u00eb brendsh\u00ebm Vler\u00ebsim i performanc\u00ebs s\u00eb k\u00ebshilltar\u00ebve nga OSHC-t\u00eb Regjist\u00ebr i peticioneve dhe iniciativave [&hellip;]<\/p>\n","protected":false},"author":1,"featured_media":0,"parent":0,"menu_order":0,"comment_status":"closed","ping_status":"closed","template":"","meta":[],"_links":{"self":[{"href":"http:\/\/209.95.59.218\/~bsh\/regjistribashkiafushearrez\/index.php?rest_route=\/wp\/v2\/pages\/2638"}],"collection":[{"href":"http:\/\/209.95.59.218\/~bsh\/regjistribashkiafushearrez\/index.php?rest_route=\/wp\/v2\/pages"}],"about":[{"href":"http:\/\/209.95.59.218\/~bsh\/regjistribashkiafushearrez\/index.php?rest_route=\/wp\/v2\/types\/page"}],"author":[{"embeddable":true,"href":"http:\/\/209.95.59.218\/~bsh\/regjistribashkiafushearrez\/index.php?rest_route=\/wp\/v2\/users\/1"}],"replies":[{"embeddable":true,"href":"http:\/\/209.95.59.218\/~bsh\/regjistribashkiafushearrez\/index.php?rest_route=%2Fwp%2Fv2%2Fcomments&post=2638"}],"version-history":[{"count":11,"href":"http:\/\/209.95.59.218\/~bsh\/regjistribashkiafushearrez\/index.php?rest_route=\/wp\/v2\/pages\/2638\/revisions"}],"predecessor-version":[{"id":2725,"href":"http:\/\/209.95.59.218\/~bsh\/regjistribashkiafushearrez\/index.php?rest_route=\/wp\/v2\/pages\/2638\/revisions\/2725"}],"wp:attachment":[{"href":"http:\/\/209.95.59.218\/~bsh\/regjistribashkiafushearrez\/index.php?rest_route=%2Fwp%2Fv2%2Fmedia&parent=2638"}],"curies":[{"name":"wp","href":"https:\/\/api.w.org\/{rel}","templated":true}]}}