{"id":2631,"date":"2026-02-12T12:51:54","date_gmt":"2026-02-12T11:51:54","guid":{"rendered":"http:\/\/209.95.59.218\/~bsh\/regjistribashkiafushearrez\/?page_id=2631"},"modified":"2026-02-12T12:54:43","modified_gmt":"2026-02-12T11:54:43","slug":"kerkesat-dhe-pergjigjet-drejtuar-keshillit-njvv","status":"publish","type":"page","link":"http:\/\/209.95.59.218\/~bsh\/regjistribashkiafushearrez\/?page_id=2631","title":{"rendered":"K\u00ebrkesat dhe p\u00ebrgjigjet drejtuar K\u00ebshillit NJVV"},"content":{"rendered":"\r\n<h3><a href=\"http:\/\/209.95.59.218\/~bsh\/regjistribashkiafushearrez\/wp-content\/uploads\/2024\/09\/Procedura-dhe-afate-per-kerkese-ankesat-drejtuar-Keshillit-Bashkiak.pdf\" target=\"_blank\" rel=\"noreferrer noopener\">Procedurat e paraqitjes s\u00eb k\u00ebrkes\u00ebs dhe ankes\u00ebs pran\u00eb K\u00ebshillit NJVV<\/a><\/h3>\r\n<h3>\r\n\r\n<\/h3>\r\n<h3><a href=\"http:\/\/209.95.59.218\/~bsh\/regjistribashkiafushearrez\/wp-content\/uploads\/2026\/02\/Model-kerkese-drejtuar-Keshillit-Bashkiak.docx\" target=\"_blank\" rel=\"noreferrer noopener\">Formular p\u00ebr dor\u00ebzimin e k\u00ebrkesave K\u00ebshillit NJVV<\/a><\/h3>\r\n<h3>\r\n\r\n<\/h3>\r\n<h3><a href=\"http:\/\/209.95.59.218\/~bsh\/regjistribashkiafushearrez\/wp-content\/uploads\/2024\/09\/Model-i-fomularit-te-ankeses-drejtuar-Keshillit-Bashkiak.docx\" target=\"_blank\" rel=\"noreferrer noopener\">Formular p\u00ebr dor\u00ebzimin e ankesave K\u00ebshillit NJVV<\/a><\/h3>\r\n<h3>\r\n\r\n<\/h3>\r\n<h3><a href=\"http:\/\/209.95.59.218\/~bsh\/regjistribashkiafushearrez\/?page_id=1464\" target=\"_blank\" rel=\"noreferrer noopener\">Regjist\u00ebr i k\u00ebrkesave dhe p\u00ebrgjigjeve i K\u00ebshillit NJVV<\/a><\/h3>\r\n\r\n\r\n\r\n<p>&nbsp;<\/p>\r\n","protected":false},"excerpt":{"rendered":"<p>Procedurat e paraqitjes s\u00eb k\u00ebrkes\u00ebs dhe ankes\u00ebs pran\u00eb K\u00ebshillit NJVV Formular p\u00ebr dor\u00ebzimin e k\u00ebrkesave K\u00ebshillit NJVV Formular p\u00ebr dor\u00ebzimin e ankesave K\u00ebshillit NJVV Regjist\u00ebr i k\u00ebrkesave dhe p\u00ebrgjigjeve i K\u00ebshillit NJVV &nbsp;<\/p>\n","protected":false},"author":1,"featured_media":0,"parent":0,"menu_order":0,"comment_status":"closed","ping_status":"closed","template":"","meta":[],"_links":{"self":[{"href":"http:\/\/209.95.59.218\/~bsh\/regjistribashkiafushearrez\/index.php?rest_route=\/wp\/v2\/pages\/2631"}],"collection":[{"href":"http:\/\/209.95.59.218\/~bsh\/regjistribashkiafushearrez\/index.php?rest_route=\/wp\/v2\/pages"}],"about":[{"href":"http:\/\/209.95.59.218\/~bsh\/regjistribashkiafushearrez\/index.php?rest_route=\/wp\/v2\/types\/page"}],"author":[{"embeddable":true,"href":"http:\/\/209.95.59.218\/~bsh\/regjistribashkiafushearrez\/index.php?rest_route=\/wp\/v2\/users\/1"}],"replies":[{"embeddable":true,"href":"http:\/\/209.95.59.218\/~bsh\/regjistribashkiafushearrez\/index.php?rest_route=%2Fwp%2Fv2%2Fcomments&post=2631"}],"version-history":[{"count":3,"href":"http:\/\/209.95.59.218\/~bsh\/regjistribashkiafushearrez\/index.php?rest_route=\/wp\/v2\/pages\/2631\/revisions"}],"predecessor-version":[{"id":2636,"href":"http:\/\/209.95.59.218\/~bsh\/regjistribashkiafushearrez\/index.php?rest_route=\/wp\/v2\/pages\/2631\/revisions\/2636"}],"wp:attachment":[{"href":"http:\/\/209.95.59.218\/~bsh\/regjistribashkiafushearrez\/index.php?rest_route=%2Fwp%2Fv2%2Fmedia&parent=2631"}],"curies":[{"name":"wp","href":"https:\/\/api.w.org\/{rel}","templated":true}]}}