{"id":2622,"date":"2026-02-12T12:16:37","date_gmt":"2026-02-12T11:16:37","guid":{"rendered":"http:\/\/209.95.59.218\/~bsh\/regjistribashkiafushearrez\/?page_id=2622"},"modified":"2026-02-12T15:04:38","modified_gmt":"2026-02-12T14:04:38","slug":"konsultimet-publike","status":"publish","type":"page","link":"http:\/\/209.95.59.218\/~bsh\/regjistribashkiafushearrez\/?page_id=2622","title":{"rendered":"Konsultimet publike"},"content":{"rendered":"<h3><a href=\"http:\/\/209.95.59.218\/~bsh\/regjistribashkiafushearrez\/?page_id=1435\">T\u00eb dh\u00ebnat e Sekretarit t\u00eb K\u00ebshillit NJVV.<\/a><\/h3>\n<h3><a href=\"http:\/\/209.95.59.218\/~bsh\/regjistribashkiafushearrez\/?page_id=1343\">Plani vjetor i konsultimeve t\u00eb K\u00ebshillit.<\/a><\/h3>\n<h3><a href=\"http:\/\/209.95.59.218\/~bsh\/regjistribashkiafushearrez\/?page_id=940\">Regjistri i projekt-akteve p\u00ebr konsultim.<\/a><\/h3>\n<h3><a href=\"http:\/\/209.95.59.218\/~bsh\/regjistribashkiafushearrez\/?page_id=2625\">Njoftimi i konsultimeve publike t\u00eb K\u00ebshillit.<\/a><\/h3>\n<h3>P\u00ebrmbledhje e pas-konsultimit n\u00eb raport zyrtar.<\/h3>\n<h3><a href=\"http:\/\/209.95.59.218\/~bsh\/regjistribashkiafushearrez\/?page_id=1778\">Raporti vjetor i transparenc\u00ebs s\u00eb konsultime publike\/d\u00ebgjesave publike.<\/a><\/h3>\n\n\n<p><\/p>\n","protected":false},"excerpt":{"rendered":"<p>T\u00eb dh\u00ebnat e Sekretarit t\u00eb K\u00ebshillit NJVV. Plani vjetor i konsultimeve t\u00eb K\u00ebshillit. Regjistri i projekt-akteve p\u00ebr konsultim. Njoftimi i konsultimeve publike t\u00eb K\u00ebshillit. P\u00ebrmbledhje e pas-konsultimit n\u00eb raport zyrtar. Raporti vjetor i transparenc\u00ebs s\u00eb konsultime publike\/d\u00ebgjesave publike.<\/p>\n","protected":false},"author":1,"featured_media":0,"parent":0,"menu_order":0,"comment_status":"closed","ping_status":"closed","template":"","meta":[],"_links":{"self":[{"href":"http:\/\/209.95.59.218\/~bsh\/regjistribashkiafushearrez\/index.php?rest_route=\/wp\/v2\/pages\/2622"}],"collection":[{"href":"http:\/\/209.95.59.218\/~bsh\/regjistribashkiafushearrez\/index.php?rest_route=\/wp\/v2\/pages"}],"about":[{"href":"http:\/\/209.95.59.218\/~bsh\/regjistribashkiafushearrez\/index.php?rest_route=\/wp\/v2\/types\/page"}],"author":[{"embeddable":true,"href":"http:\/\/209.95.59.218\/~bsh\/regjistribashkiafushearrez\/index.php?rest_route=\/wp\/v2\/users\/1"}],"replies":[{"embeddable":true,"href":"http:\/\/209.95.59.218\/~bsh\/regjistribashkiafushearrez\/index.php?rest_route=%2Fwp%2Fv2%2Fcomments&post=2622"}],"version-history":[{"count":4,"href":"http:\/\/209.95.59.218\/~bsh\/regjistribashkiafushearrez\/index.php?rest_route=\/wp\/v2\/pages\/2622\/revisions"}],"predecessor-version":[{"id":2660,"href":"http:\/\/209.95.59.218\/~bsh\/regjistribashkiafushearrez\/index.php?rest_route=\/wp\/v2\/pages\/2622\/revisions\/2660"}],"wp:attachment":[{"href":"http:\/\/209.95.59.218\/~bsh\/regjistribashkiafushearrez\/index.php?rest_route=%2Fwp%2Fv2%2Fmedia&parent=2622"}],"curies":[{"name":"wp","href":"https:\/\/api.w.org\/{rel}","templated":true}]}}