{"id":2528,"date":"2026-02-03T11:37:54","date_gmt":"2026-02-03T10:37:54","guid":{"rendered":"http:\/\/209.95.59.218\/~bsh\/regjistribashkiafushearrez\/?page_id=2528"},"modified":"2026-02-03T12:30:00","modified_gmt":"2026-02-03T11:30:00","slug":"projekt-vendimet-e-mbledhjes-se-keshillit-bashkiak-janar-2026","status":"publish","type":"page","link":"http:\/\/209.95.59.218\/~bsh\/regjistribashkiafushearrez\/?page_id=2528","title":{"rendered":"Projekt Vendimet e Mbledhjes s\u00eb K\u00ebshillit Bashkiak Janar 2026"},"content":{"rendered":"<p><a href=\"http:\/\/209.95.59.218\/~bsh\/regjistribashkiafushearrez\/wp-content\/uploads\/2026\/02\/Projektvendim-Relacion-mbi-Ndihmen-Ekonomike-prej-6-per-Dhjetor-2025_compressed.pdf\">Projektvendim &amp; Relacion mbi Ndihm\u00ebn Ekonomike prej 6 p\u00ebr Dhjetor 2025<\/a><\/p>\n<p><a href=\"http:\/\/209.95.59.218\/~bsh\/regjistribashkiafushearrez\/wp-content\/uploads\/2026\/02\/Projektvendim-Relacion-mbi-kriteret-e-perfitimit-prej-6-te-Ndihmes-Ekonomike-per-vitin-2026_compressed.pdf\">Projektvendim &amp; Relacion mbi kriteret e perfitimit prej 6 t\u00eb Ndihmes Ekonomike p\u00ebr vitin 2026<\/a><\/p>\n<p><a href=\"http:\/\/209.95.59.218\/~bsh\/regjistribashkiafushearrez\/wp-content\/uploads\/2026\/02\/PROJEKTVENDIM-RELACION-MBI-DHENIEN-NE-PERDORIM-FONDI-PUBLIK-IBALLE-MEZI-2-PJESA-MEZI-NJESIA-FIERZE_compressed.pdf\">PROJEKTVENDIM, RELACION MBI DHENIEN NE PERDORIM FONDI PUBLIK IBALLE-MEZI 2( PJESA MEZI), NJESIA FIERZE<\/a><\/p>\n<p><a href=\"http:\/\/209.95.59.218\/~bsh\/regjistribashkiafushearrez\/wp-content\/uploads\/2026\/02\/Projektv.-Relacion-pe\u0308r-nje\u0308-shtese\u0308-ne\u0308-Vendimin-482025-pe\u0308r-Bursat-e-Arsimit-Profesional.pdf\">Projektv. &amp; Relacion pe\u0308r nje\u0308 shtese\u0308 ne\u0308 Vendimin 482025 pe\u0308r Bursat e Arsimit Profesional<\/a><\/p>\n<p><a href=\"http:\/\/209.95.59.218\/~bsh\/regjistribashkiafushearrez\/wp-content\/uploads\/2026\/02\/Projektv.-Relacion-mbi-Rishikimin-e-Vendimit-412025-Pe\u0308r-Ndihme\u0308n-Financiare-Sadri-Dervishi-Shte\u0308pi-e-djegur.pdf\">Projektv. &amp; Relacion mbi Rishikimin e Vendimit 412025 Pe\u0308r Ndihme\u0308n Financiare Sadri Dervishi ( Shte\u0308pi e djegur)<\/a><\/p>\n\n\n<p><\/p>\n","protected":false},"excerpt":{"rendered":"<p>Projektvendim &amp; Relacion mbi Ndihm\u00ebn Ekonomike prej 6 p\u00ebr Dhjetor 2025 Projektvendim &amp; Relacion mbi kriteret e perfitimit prej 6 t\u00eb Ndihmes Ekonomike p\u00ebr vitin 2026 PROJEKTVENDIM, RELACION MBI DHENIEN NE PERDORIM FONDI PUBLIK IBALLE-MEZI 2( PJESA MEZI), NJESIA FIERZE Projektv. &amp; Relacion pe\u0308r nje\u0308 shtese\u0308 ne\u0308 Vendimin 482025 pe\u0308r Bursat e Arsimit Profesional Projektv. [&hellip;]<\/p>\n","protected":false},"author":1,"featured_media":0,"parent":1336,"menu_order":0,"comment_status":"closed","ping_status":"closed","template":"","meta":[],"_links":{"self":[{"href":"http:\/\/209.95.59.218\/~bsh\/regjistribashkiafushearrez\/index.php?rest_route=\/wp\/v2\/pages\/2528"}],"collection":[{"href":"http:\/\/209.95.59.218\/~bsh\/regjistribashkiafushearrez\/index.php?rest_route=\/wp\/v2\/pages"}],"about":[{"href":"http:\/\/209.95.59.218\/~bsh\/regjistribashkiafushearrez\/index.php?rest_route=\/wp\/v2\/types\/page"}],"author":[{"embeddable":true,"href":"http:\/\/209.95.59.218\/~bsh\/regjistribashkiafushearrez\/index.php?rest_route=\/wp\/v2\/users\/1"}],"replies":[{"embeddable":true,"href":"http:\/\/209.95.59.218\/~bsh\/regjistribashkiafushearrez\/index.php?rest_route=%2Fwp%2Fv2%2Fcomments&post=2528"}],"version-history":[{"count":2,"href":"http:\/\/209.95.59.218\/~bsh\/regjistribashkiafushearrez\/index.php?rest_route=\/wp\/v2\/pages\/2528\/revisions"}],"predecessor-version":[{"id":2534,"href":"http:\/\/209.95.59.218\/~bsh\/regjistribashkiafushearrez\/index.php?rest_route=\/wp\/v2\/pages\/2528\/revisions\/2534"}],"up":[{"embeddable":true,"href":"http:\/\/209.95.59.218\/~bsh\/regjistribashkiafushearrez\/index.php?rest_route=\/wp\/v2\/pages\/1336"}],"wp:attachment":[{"href":"http:\/\/209.95.59.218\/~bsh\/regjistribashkiafushearrez\/index.php?rest_route=%2Fwp%2Fv2%2Fmedia&parent=2528"}],"curies":[{"name":"wp","href":"https:\/\/api.w.org\/{rel}","templated":true}]}}