{"id":2433,"date":"2025-12-23T18:36:26","date_gmt":"2025-12-23T17:36:26","guid":{"rendered":"http:\/\/209.95.59.218\/~bsh\/regjistribashkiafushearrez\/?page_id=2433"},"modified":"2026-01-09T10:04:47","modified_gmt":"2026-01-09T09:04:47","slug":"projekt-vendimet-e-mbledhjes-se-keshillit-bashkiak-dhjetor-2025","status":"publish","type":"page","link":"http:\/\/209.95.59.218\/~bsh\/regjistribashkiafushearrez\/?page_id=2433","title":{"rendered":"Projekt Vendimet e Mbledhjes s\u00eb K\u00ebshillit Bashkiak Dhjetor 2025"},"content":{"rendered":"<p><a href=\"http:\/\/209.95.59.218\/~bsh\/regjistribashkiafushearrez\/wp-content\/uploads\/2025\/12\/Projekt-vendim-mbi-Ndihme\u0308n-Ekonomike-prej-6-Ne\u0308ntor-2025.pdf\">Projekt vendim mbi Ndihme\u0308n Ekonomike prej 6% Ne\u0308ntor 2025<\/a><\/p>\n<p><a href=\"http:\/\/209.95.59.218\/~bsh\/regjistribashkiafushearrez\/wp-content\/uploads\/2025\/12\/Projekt-vendim-STRUKTURA-E-NIVELI-I-PAGAVE-2026_compressed.pdf\">Projekt vendim STRUKTURA E NIVELI I PAGAVE 2026<\/a><\/p>\n<p><a href=\"http:\/\/209.95.59.218\/~bsh\/regjistribashkiafushearrez\/wp-content\/uploads\/2025\/12\/PROJEKTVENDIM-MBI-PLANIN-E-AKTIVITETEVE-TE-KESHILLIT-BASHKIAK-2026.pdf\">PROJEKTVENDIM MBI PLANIN E AKTIVITETEVE T\u00cb K\u00cbSHILLIT BASHKIAK 2026<\/a><\/p>\n<p><a href=\"http:\/\/209.95.59.218\/~bsh\/regjistribashkiafushearrez\/wp-content\/uploads\/2025\/12\/PROJEKTVENDIM-MBI-MIRATIMIN-E-OBJEKTEVE-PRIORITARE-PER-INVESTIME-PER-VITIN-2026.pdf\">PROJEKTVENDIM MBI MIRATIMIN E OBJEKTEVE PRIORITARE P\u00cbR INVESTIME P\u00cbR VITIN 2026<\/a><\/p>\n<p><a href=\"http:\/\/209.95.59.218\/~bsh\/regjistribashkiafushearrez\/wp-content\/uploads\/2025\/12\/PROJEKTVENDIM-MBI-BURSAT-E-ARSIMIT-PARAUNIVERSITAR-PROFESIONAL-2025-2026.pdf\">PROJEKTVENDIM MBI BURSAT E ARSIMIT PARAUNIVERSITAR PROFESIONAL 2025-2026<\/a><\/p>\n<p><a href=\"http:\/\/209.95.59.218\/~bsh\/regjistribashkiafushearrez\/wp-content\/uploads\/2025\/12\/PROJEKTVENDIM-RELACION-MBI-DHENIEN-NE-PERDORIM-TE-FONDIT-PYJOR-PER-ENERGJI-TE-RINOVUESHME-NE-TERRITORIN-E-BASHKISE-F-ARREZ.pdf\">PROJEKTVENDIM &amp; RELACION MBI DH\u00cbNIEN N\u00cb P\u00cbRDORIM T\u00cb FONDIT PYJOR P\u00cbR ENERGJI T\u00cb RINOVUESHME N\u00cb TERRITORIN E BASHKIS\u00cb F-ARR\u00cbZ<\/a><\/p>\n<p><a href=\"http:\/\/209.95.59.218\/~bsh\/regjistribashkiafushearrez\/wp-content\/uploads\/2025\/10\/Projektvendim-Relacion-per-miratimin-e-Planit-te-Mbareshtimit-te-Ekonomise-Pyjore-Dardhe-Cebik_compressed.pdf\">Projekt vendimi i Planit te mbareshtimit ne ekononime pyjore Dardhe Qebik<\/a><\/p>\n<p><a href=\"http:\/\/209.95.59.218\/~bsh\/regjistribashkiafushearrez\/wp-content\/uploads\/2025\/12\/PROJEKTVENDIMI-RELACIONI-PAKETA-FISKALE-2026-1-31.pdf\">PROJEKTVENDIMI, RELACIONI, PAKETA FISKALE 2026 1-31<\/a><\/p>\n<p><a href=\"http:\/\/209.95.59.218\/~bsh\/regjistribashkiafushearrez\/wp-content\/uploads\/2025\/12\/PROJEKTVENDIMI-RELACIONI-PAKETA-FISKALE-2026-32-66.pdf\">PROJEKTVENDIMI, RELACIONI, PAKETA FISKALE 2026 32-66<\/a><\/p>\n<p><a href=\"http:\/\/209.95.59.218\/~bsh\/regjistribashkiafushearrez\/wp-content\/uploads\/2026\/01\/Projekt-vendimi-buxheti-2026.pdf\">Projektvendim p\u00ebr miratimin e Buxhetit t\u00eb vitit 2026 dhe Programin Buxhetor Afatmes\u00ebm 2026-2028 t\u00eb Bashkis\u00eb Fush\u00eb-Arr\u00ebz<\/a>. <a href=\"http:\/\/209.95.59.218\/~bsh\/regjistribashkiafushearrez\/wp-content\/uploads\/2025\/10\/PBA-FAZA-II-2026-2028-PJESA-E-PARE-41-80.pdf\">1<\/a> &amp;<a href=\"http:\/\/209.95.59.218\/~bsh\/regjistribashkiafushearrez\/wp-content\/uploads\/2025\/10\/PBA-FAZA-II-2026-2028-PJESA-E-PARE-41-80.pdf\"> 2<\/a><\/p>\n<p><a href=\"https:\/\/www.bashkiafushearrez.gov.al\/assets\/faraport.pdf\">Raporti i Performanc\u00ebs s\u00eb Bashkis\u00eb Fush\u00eb Arr\u00ebz p\u00ebr vitin 2024<\/a><\/p>\n","protected":false},"excerpt":{"rendered":"<p>Projekt vendim mbi Ndihme\u0308n Ekonomike prej 6% Ne\u0308ntor 2025 Projekt vendim STRUKTURA E NIVELI I PAGAVE 2026 PROJEKTVENDIM MBI PLANIN E AKTIVITETEVE T\u00cb K\u00cbSHILLIT BASHKIAK 2026 PROJEKTVENDIM MBI MIRATIMIN E OBJEKTEVE PRIORITARE P\u00cbR INVESTIME P\u00cbR VITIN 2026 PROJEKTVENDIM MBI BURSAT E ARSIMIT PARAUNIVERSITAR PROFESIONAL 2025-2026 PROJEKTVENDIM &amp; RELACION MBI DH\u00cbNIEN N\u00cb P\u00cbRDORIM T\u00cb FONDIT PYJOR [&hellip;]<\/p>\n","protected":false},"author":1,"featured_media":0,"parent":1336,"menu_order":0,"comment_status":"closed","ping_status":"closed","template":"","meta":[],"_links":{"self":[{"href":"http:\/\/209.95.59.218\/~bsh\/regjistribashkiafushearrez\/index.php?rest_route=\/wp\/v2\/pages\/2433"}],"collection":[{"href":"http:\/\/209.95.59.218\/~bsh\/regjistribashkiafushearrez\/index.php?rest_route=\/wp\/v2\/pages"}],"about":[{"href":"http:\/\/209.95.59.218\/~bsh\/regjistribashkiafushearrez\/index.php?rest_route=\/wp\/v2\/types\/page"}],"author":[{"embeddable":true,"href":"http:\/\/209.95.59.218\/~bsh\/regjistribashkiafushearrez\/index.php?rest_route=\/wp\/v2\/users\/1"}],"replies":[{"embeddable":true,"href":"http:\/\/209.95.59.218\/~bsh\/regjistribashkiafushearrez\/index.php?rest_route=%2Fwp%2Fv2%2Fcomments&post=2433"}],"version-history":[{"count":7,"href":"http:\/\/209.95.59.218\/~bsh\/regjistribashkiafushearrez\/index.php?rest_route=\/wp\/v2\/pages\/2433\/revisions"}],"predecessor-version":[{"id":2513,"href":"http:\/\/209.95.59.218\/~bsh\/regjistribashkiafushearrez\/index.php?rest_route=\/wp\/v2\/pages\/2433\/revisions\/2513"}],"up":[{"embeddable":true,"href":"http:\/\/209.95.59.218\/~bsh\/regjistribashkiafushearrez\/index.php?rest_route=\/wp\/v2\/pages\/1336"}],"wp:attachment":[{"href":"http:\/\/209.95.59.218\/~bsh\/regjistribashkiafushearrez\/index.php?rest_route=%2Fwp%2Fv2%2Fmedia&parent=2433"}],"curies":[{"name":"wp","href":"https:\/\/api.w.org\/{rel}","templated":true}]}}