{"id":2418,"date":"2025-12-04T10:57:40","date_gmt":"2025-12-04T09:57:40","guid":{"rendered":"http:\/\/209.95.59.218\/~bsh\/regjistribashkiafushearrez\/?page_id=2418"},"modified":"2025-12-04T10:58:21","modified_gmt":"2025-12-04T09:58:21","slug":"projekt-vendimet-e-mbledhjes-se-keshillit-bashkiak-nentor-2025","status":"publish","type":"page","link":"http:\/\/209.95.59.218\/~bsh\/regjistribashkiafushearrez\/?page_id=2418","title":{"rendered":"Projekt Vendimet e Mbledhjes s\u00eb K\u00ebshillit Bashkiak N\u00ebntor 2025"},"content":{"rendered":"<p><a href=\"http:\/\/209.95.59.218\/~bsh\/regjistribashkiafushearrez\/wp-content\/uploads\/2025\/12\/Projektvendim-mbi-ndihmen-ekonomike-6-per-muajin-Tetor-2025.pdf\">Projektvendim mbi ndihmen ekonomike 6 % per muajin Tetor 2025<\/a><\/p>\n<p><a href=\"http:\/\/209.95.59.218\/~bsh\/regjistribashkiafushearrez\/wp-content\/uploads\/2025\/12\/Projekt-vendim-Relacion-Pe\u0308r-Miratimin-E-Ndihme\u0308s-Financiare-Z.-Sadri-Dervishi.pdf\">Projekt vendim &amp; Relacion Pe\u0308r Miratimin E Ndihme\u0308s Financiare Z. Sadri Dervishi<\/a><\/p>\n","protected":false},"excerpt":{"rendered":"<p>Projektvendim mbi ndihmen ekonomike 6 % per muajin Tetor 2025 Projekt vendim &amp; Relacion Pe\u0308r Miratimin E Ndihme\u0308s Financiare Z. Sadri Dervishi<\/p>\n","protected":false},"author":1,"featured_media":0,"parent":1336,"menu_order":0,"comment_status":"closed","ping_status":"closed","template":"","meta":[],"_links":{"self":[{"href":"http:\/\/209.95.59.218\/~bsh\/regjistribashkiafushearrez\/index.php?rest_route=\/wp\/v2\/pages\/2418"}],"collection":[{"href":"http:\/\/209.95.59.218\/~bsh\/regjistribashkiafushearrez\/index.php?rest_route=\/wp\/v2\/pages"}],"about":[{"href":"http:\/\/209.95.59.218\/~bsh\/regjistribashkiafushearrez\/index.php?rest_route=\/wp\/v2\/types\/page"}],"author":[{"embeddable":true,"href":"http:\/\/209.95.59.218\/~bsh\/regjistribashkiafushearrez\/index.php?rest_route=\/wp\/v2\/users\/1"}],"replies":[{"embeddable":true,"href":"http:\/\/209.95.59.218\/~bsh\/regjistribashkiafushearrez\/index.php?rest_route=%2Fwp%2Fv2%2Fcomments&post=2418"}],"version-history":[{"count":1,"href":"http:\/\/209.95.59.218\/~bsh\/regjistribashkiafushearrez\/index.php?rest_route=\/wp\/v2\/pages\/2418\/revisions"}],"predecessor-version":[{"id":2419,"href":"http:\/\/209.95.59.218\/~bsh\/regjistribashkiafushearrez\/index.php?rest_route=\/wp\/v2\/pages\/2418\/revisions\/2419"}],"up":[{"embeddable":true,"href":"http:\/\/209.95.59.218\/~bsh\/regjistribashkiafushearrez\/index.php?rest_route=\/wp\/v2\/pages\/1336"}],"wp:attachment":[{"href":"http:\/\/209.95.59.218\/~bsh\/regjistribashkiafushearrez\/index.php?rest_route=%2Fwp%2Fv2%2Fmedia&parent=2418"}],"curies":[{"name":"wp","href":"https:\/\/api.w.org\/{rel}","templated":true}]}}