{"id":2328,"date":"2025-10-20T13:05:43","date_gmt":"2025-10-20T11:05:43","guid":{"rendered":"http:\/\/209.95.59.218\/~bsh\/regjistribashkiafushearrez\/?page_id=2328"},"modified":"2026-01-26T15:01:34","modified_gmt":"2026-01-26T14:01:34","slug":"statistika","status":"publish","type":"page","link":"http:\/\/209.95.59.218\/~bsh\/regjistribashkiafushearrez\/?page_id=2328","title":{"rendered":"Statistika"},"content":{"rendered":"<p><a href=\"http:\/\/209.95.59.218\/~bsh\/regjistribashkiafushearrez\/wp-content\/uploads\/2025\/10\/Raporti-i-te-dhenave-dhe-treguesve-te-performances-per-Bashkine-Fushe-Arrez-2024.pdf\">Raporti i t\u00eb dh\u00ebnave dhe treguesve t\u00eb performanc\u00ebs p\u00ebr Bashkin\u00eb Fushe Arr\u00ebz 2024<\/a><\/p>\n<p><a href=\"http:\/\/209.95.59.218\/~bsh\/regjistribashkiafushearrez\/wp-content\/uploads\/2026\/01\/Permbushja-e-treguesve-te-barazise-gjinore-Bashkia-Fushe-Arrez.pdf\">P\u00ebrmbushja e treguesve t\u00eb barazis\u00eb gjinore Bashkia Fush\u00eb Arr\u00ebz<\/a><\/p>\n<p><a href=\"https:\/\/qeverisjavendore.gov.al\/wp-content\/uploads\/2025\/11\/SMP-2024.pdf\">Raporti i sistemit t\u00eb matjes s\u00eb performanc\u00ebs s\u00eb bashkive 2024<\/a><\/p>\n<p>\u00a0<\/p>\n\n\n<p><\/p>\n","protected":false},"excerpt":{"rendered":"<p>Raporti i t\u00eb dh\u00ebnave dhe treguesve t\u00eb performanc\u00ebs p\u00ebr Bashkin\u00eb Fushe Arr\u00ebz 2024 P\u00ebrmbushja e treguesve t\u00eb barazis\u00eb gjinore Bashkia Fush\u00eb Arr\u00ebz Raporti i sistemit t\u00eb matjes s\u00eb performanc\u00ebs s\u00eb bashkive 2024 \u00a0<\/p>\n","protected":false},"author":1,"featured_media":0,"parent":1280,"menu_order":0,"comment_status":"closed","ping_status":"closed","template":"","meta":[],"_links":{"self":[{"href":"http:\/\/209.95.59.218\/~bsh\/regjistribashkiafushearrez\/index.php?rest_route=\/wp\/v2\/pages\/2328"}],"collection":[{"href":"http:\/\/209.95.59.218\/~bsh\/regjistribashkiafushearrez\/index.php?rest_route=\/wp\/v2\/pages"}],"about":[{"href":"http:\/\/209.95.59.218\/~bsh\/regjistribashkiafushearrez\/index.php?rest_route=\/wp\/v2\/types\/page"}],"author":[{"embeddable":true,"href":"http:\/\/209.95.59.218\/~bsh\/regjistribashkiafushearrez\/index.php?rest_route=\/wp\/v2\/users\/1"}],"replies":[{"embeddable":true,"href":"http:\/\/209.95.59.218\/~bsh\/regjistribashkiafushearrez\/index.php?rest_route=%2Fwp%2Fv2%2Fcomments&post=2328"}],"version-history":[{"count":4,"href":"http:\/\/209.95.59.218\/~bsh\/regjistribashkiafushearrez\/index.php?rest_route=\/wp\/v2\/pages\/2328\/revisions"}],"predecessor-version":[{"id":2521,"href":"http:\/\/209.95.59.218\/~bsh\/regjistribashkiafushearrez\/index.php?rest_route=\/wp\/v2\/pages\/2328\/revisions\/2521"}],"up":[{"embeddable":true,"href":"http:\/\/209.95.59.218\/~bsh\/regjistribashkiafushearrez\/index.php?rest_route=\/wp\/v2\/pages\/1280"}],"wp:attachment":[{"href":"http:\/\/209.95.59.218\/~bsh\/regjistribashkiafushearrez\/index.php?rest_route=%2Fwp%2Fv2%2Fmedia&parent=2328"}],"curies":[{"name":"wp","href":"https:\/\/api.w.org\/{rel}","templated":true}]}}