{"id":2316,"date":"2025-10-10T09:28:07","date_gmt":"2025-10-10T07:28:07","guid":{"rendered":"http:\/\/209.95.59.218\/~bsh\/regjistribashkiafushearrez\/?page_id=2316"},"modified":"2025-10-10T09:29:16","modified_gmt":"2025-10-10T07:29:16","slug":"marreveshje","status":"publish","type":"page","link":"http:\/\/209.95.59.218\/~bsh\/regjistribashkiafushearrez\/?page_id=2316","title":{"rendered":"Marr\u00ebveshje"},"content":{"rendered":"<p><a href=\"http:\/\/209.95.59.218\/~bsh\/regjistribashkiafushearrez\/wp-content\/uploads\/2025\/07\/Marreveshja-Bashkia-Fushe-Arrez-Projekti-Bashki-te-Forta.pdf\">Memorandum bashk\u00ebpunimi Bashkia Fush\u00eb Arr\u00ebz Projekti Bashki t\u00eb Forta<\/a><\/p>\n<p><a href=\"http:\/\/209.95.59.218\/~bsh\/regjistribashkiafushearrez\/wp-content\/uploads\/2025\/10\/Akt-Marre\u0308veshje-E-Ke\u0308shillit-Te\u0308-Qarkut-Shkodlr-Me-Bashkine\u0308-Fushe\u0308-Arre\u0308z.pdf\">Akt-Marre\u0308veshje e Ke\u0308shillit te\u0308 Qarkut Shkod\u00ebr me Bashkine\u0308 Fushe\u0308-Arre\u0308z<\/a><\/p>\n","protected":false},"excerpt":{"rendered":"<p>Memorandum bashk\u00ebpunimi Bashkia Fush\u00eb Arr\u00ebz Projekti Bashki t\u00eb Forta Akt-Marre\u0308veshje e Ke\u0308shillit te\u0308 Qarkut Shkod\u00ebr me Bashkine\u0308 Fushe\u0308-Arre\u0308z<\/p>\n","protected":false},"author":1,"featured_media":0,"parent":0,"menu_order":0,"comment_status":"closed","ping_status":"closed","template":"","meta":[],"_links":{"self":[{"href":"http:\/\/209.95.59.218\/~bsh\/regjistribashkiafushearrez\/index.php?rest_route=\/wp\/v2\/pages\/2316"}],"collection":[{"href":"http:\/\/209.95.59.218\/~bsh\/regjistribashkiafushearrez\/index.php?rest_route=\/wp\/v2\/pages"}],"about":[{"href":"http:\/\/209.95.59.218\/~bsh\/regjistribashkiafushearrez\/index.php?rest_route=\/wp\/v2\/types\/page"}],"author":[{"embeddable":true,"href":"http:\/\/209.95.59.218\/~bsh\/regjistribashkiafushearrez\/index.php?rest_route=\/wp\/v2\/users\/1"}],"replies":[{"embeddable":true,"href":"http:\/\/209.95.59.218\/~bsh\/regjistribashkiafushearrez\/index.php?rest_route=%2Fwp%2Fv2%2Fcomments&post=2316"}],"version-history":[{"count":2,"href":"http:\/\/209.95.59.218\/~bsh\/regjistribashkiafushearrez\/index.php?rest_route=\/wp\/v2\/pages\/2316\/revisions"}],"predecessor-version":[{"id":2320,"href":"http:\/\/209.95.59.218\/~bsh\/regjistribashkiafushearrez\/index.php?rest_route=\/wp\/v2\/pages\/2316\/revisions\/2320"}],"wp:attachment":[{"href":"http:\/\/209.95.59.218\/~bsh\/regjistribashkiafushearrez\/index.php?rest_route=%2Fwp%2Fv2%2Fmedia&parent=2316"}],"curies":[{"name":"wp","href":"https:\/\/api.w.org\/{rel}","templated":true}]}}