{"id":2190,"date":"2025-09-16T10:06:40","date_gmt":"2025-09-16T08:06:40","guid":{"rendered":"http:\/\/209.95.59.218\/~bsh\/regjistribashkiafushearrez\/?page_id=2190"},"modified":"2026-02-13T11:24:33","modified_gmt":"2026-02-13T10:24:33","slug":"2190-2","status":"publish","type":"page","link":"http:\/\/209.95.59.218\/~bsh\/regjistribashkiafushearrez\/?page_id=2190","title":{"rendered":"Dokumentet p\u00ebr grantin e performanc\u00ebs s\u00eb bashkive 2025"},"content":{"rendered":"<p><strong>Plani i Mbar\u00ebshtimit t\u00eb pyjeve<\/strong><\/p>\n<ul>\n<li><a href=\"http:\/\/209.95.59.218\/~bsh\/regjistribashkiafushearrez\/wp-content\/uploads\/2025\/09\/MINISTRIA-E-TURIZMIT-DHE-MJEDISIT-MBI-MIRATIMIN-E-PL-TE-MBARESHTIMIT-TE-PYJEVE-IBALLE-MZI.pdf\">Miratimi i Planit t\u00eb Mbar\u00ebshtimit t\u00eb ekonomis\u00eb pyjore Iball\u00eb-Mzi nga Ministria e Turizimit dhe Mjedisit<\/a><\/li>\n<li><a href=\"http:\/\/209.95.59.218\/~bsh\/regjistribashkiafushearrez\/wp-content\/uploads\/2025\/09\/AKTI-I-KONFIRMIMIT-NGA-PREFEKTI-I-VKB-PER-PLANIN-E-MBARESHTIMIT-IBALLE-MZI.pdf\">Akti i konfirmimit nga Prefekti i VKB p\u00ebr Planin e Mbar\u00ebshtimit t\u00eb pyjeve&nbsp; Iball\u00eb Mzi 2025-2035<\/a><\/li>\n<li><a href=\"http:\/\/209.95.59.218\/~bsh\/regjistribashkiafushearrez\/wp-content\/uploads\/2025\/09\/VKB-F-ARREZ-PER-MIRATIMIN-E-PLANIT-TE-MBARESHTIMIT-IBALLE-MZI.pdf\">VKB Fush\u00eb Arr\u00ebz P\u00ebr Miratimin e Planit t\u00eb Mbar\u00ebshtimit t\u00eb pyjeve&nbsp; Iball\u00eb Mzi 2025-2035<\/a><\/li>\n<li><a href=\"http:\/\/209.95.59.218\/~bsh\/regjistribashkiafushearrez\/wp-content\/uploads\/2025\/09\/PLANI-I-MBARESHTIMIT-TE-EK-PYJORE-IBALLE-MEZI-2025-2035.pdf\">Plani i Mbar\u00ebshtimit t\u00eb pyjeve&nbsp; Iball\u00eb Mzi 2025-2035<\/a><\/li>\n<\/ul>\n<p><strong>Plani i Menaxhimit t\u00eb Mbetjeve<\/strong><\/p>\n<ul>\n<li><a href=\"http:\/\/209.95.59.218\/~bsh\/regjistribashkiafushearrez\/wp-content\/uploads\/2025\/09\/AKTI-I-KONFIRMIMIT-NGA-PREFEKTI-I-VKB-PER-PLANIN-E-MENAXHIMIT-TE-MBETJEVE-2025-2030.pdf\">Akti i konfirmimit nga Prefekti i VKB p\u00ebr Planin e Menaxhimit t\u00eb Mbetjeve 2025-203<\/a>0<\/li>\n<li><a href=\"http:\/\/209.95.59.218\/~bsh\/regjistribashkiafushearrez\/wp-content\/uploads\/2025\/09\/VKB-F-ARREZ-PER-MIRATIMIN-E-PLANIT-TE-MENAXHIMIT-TE-MBETJEVE-2025-2030.pdf\">VKB Fush\u00eb Arr\u00ebz P\u00ebr Miratimin e Planit t\u00eb Menaxhimit t\u00eb Mbetjeve 2025-2030<\/a><\/li>\n<li><a href=\"http:\/\/209.95.59.218\/~bsh\/regjistribashkiafushearrez\/wp-content\/uploads\/2025\/09\/PLANI-VENDOR-I-MENAXHIMIT-TE-MBETJEVE-2025-2030.pdf\">Plani i Menaxhimit t\u00eb Mbetjeve 2025-2030<\/a><\/li>\n<li><a href=\"http:\/\/209.95.59.218\/~bsh\/regjistribashkiafushearrez\/wp-content\/uploads\/2025\/09\/Shkrese-percjellese-Keshill-Qarku.pdf\">Shkresa p\u00ebrcjell\u00ebse te K\u00ebshilli i Qarkut Shkod\u00ebr<\/a><\/li>\n<\/ul>\n<p><strong>Plani Social Vendor<\/strong><\/p>\n<ul>\n<li><a href=\"http:\/\/209.95.59.218\/~bsh\/regjistribashkiafushearrez\/wp-content\/uploads\/2025\/09\/AKTI-I-KONFIRMIMIT-TE-VKB-PER-PLANIN-SOCIAL-NGA-PREFEKTI-1.pdf\">Akti i konfirmimit nga Prefekti i VKB p\u00ebr Planin e Social Vendor 2025 &#8211; 2028<\/a><\/li>\n<li><a href=\"http:\/\/209.95.59.218\/~bsh\/regjistribashkiafushearrez\/wp-content\/uploads\/2025\/09\/VKB-F-ARREZ-PER-MIRATIMIN-E-PLANIT-SOCIAL-2025-2030.pdf\">VKB Fush\u00eb Arr\u00ebz P\u00ebr Miratimin e Planit Social Vendor 2025 &#8211; 2028<\/a><\/li>\n<li><a href=\"http:\/\/209.95.59.218\/~bsh\/regjistribashkiafushearrez\/wp-content\/uploads\/2025\/09\/PLANI-SOCIAL-VENDOR-2025-2028.pdf\">Plani Social Vendor 2025 &#8211; 2028<\/a><\/li>\n<li><a href=\"http:\/\/209.95.59.218\/~bsh\/regjistribashkiafushearrez\/wp-content\/uploads\/2025\/09\/Procesverbal-I-Mbledhjes-Se-KB-Gusht-2025.pdf\">Proces verbali i Mbledhjes s\u00eb K\u00ebshillit Bashkiak ku u miratua Plani Social Vendor 2025 &#8211; 2028<\/a><\/li>\n<\/ul>\n<p><strong>Plani i Arsimit Parauniversitar<\/strong><\/p>\n<ul>\n<li><a href=\"http:\/\/209.95.59.218\/~bsh\/regjistribashkiafushearrez\/wp-content\/uploads\/2025\/09\/AKTI-I-KONFIRMIMIT-NGA-PREFEKTI-I-VKB-PER-PLANIN-E-ARSIMIT-PARAUNIVERSITAR-2025-2028.pdf\">Akti i konfirmimit nga Prefekti i VKB p\u00ebr Planin e Arsimit Parauniversitar 2025-2028<\/a><\/li>\n<li><a href=\"http:\/\/209.95.59.218\/~bsh\/regjistribashkiafushearrez\/wp-content\/uploads\/2025\/09\/VKB-F-ARREZ-PER-MIRATIMIN-E-PLANIT-TE-ARSIMIT-PARAUNIVERSITAR.pdf\">VKB Fush\u00eb Arr\u00ebz P\u00ebr Miratimin e Planit t\u00eb Arsimit Parauniversitar 2025-2028<\/a><\/li>\n<li><a href=\"http:\/\/209.95.59.218\/~bsh\/regjistribashkiafushearrez\/wp-content\/uploads\/2025\/09\/PLANI-VENDOR-PER-ARSIMIN-PARAUNIVERSITAR.pdf\">Plani i Arsimit Parauniversitar 2025-2028<\/a><\/li>\n<li><a href=\"http:\/\/209.95.59.218\/~bsh\/regjistribashkiafushearrez\/wp-content\/uploads\/2025\/09\/Procesverbal-I-Mbledhjes-Se-KB-Gusht-2025.pdf\">Proces verbali i Mbledhjes s\u00eb K\u00ebshillit Bashkiak ku u miratua Plani i Arsimit Parauniversitar 2025-2028<\/a><\/li>\n<\/ul>\n<p><strong>Plani Vendor i Integritetit<\/strong><\/p>\n<ul>\n<li><a href=\"http:\/\/209.95.59.218\/~bsh\/regjistribashkiafushearrez\/wp-content\/uploads\/2025\/09\/AKTI-I-KONFIRMIMIT-NGA-PREFEKTI-I-VKB-PER-PLANIN-TE-INTEGRITETIT-2025-2027.pdf\">Akti i konfirmimit nga Prefekti i VKB p\u00ebr Planin Vendor t\u00eb Integritetit 2025 &#8211; 2027<\/a><\/li>\n<li><a href=\"http:\/\/209.95.59.218\/~bsh\/regjistribashkiafushearrez\/wp-content\/uploads\/2025\/09\/VKB-F-ARREZ-PER-MIRATIMIN-E-PLANIT-TE-INTEGRITETIT.pdf\">VKB Fush\u00eb Arr\u00ebz P\u00ebr Miratimin e Planit Vendor t\u00eb Integritetit 2025 &#8211; 2027<\/a><\/li>\n<li><a href=\"http:\/\/209.95.59.218\/~bsh\/regjistribashkiafushearrez\/wp-content\/uploads\/2025\/09\/PLANI-INTEGRITETIT-2025-2027.pdf\">Plani Vendor i Integritetit 2025 &#8211; 2027<\/a><\/li>\n<li><a href=\"http:\/\/209.95.59.218\/~bsh\/regjistribashkiafushearrez\/wp-content\/uploads\/2025\/09\/Procesverbal-I-Mbledhjes-Se-KB-Gusht-2025.pdf\">Proces verbali i Mbledhjes s\u00eb K\u00ebshillit Bashkiak ku u miratua Plani Vendor t\u00eb Integritetit 2025 &#8211; 2027<\/a><\/li>\n<\/ul>\n<p><strong>Plani Vendor i Barazis\u00eb Gjinore<\/strong><\/p>\n<ul>\n<li><a href=\"http:\/\/209.95.59.218\/~bsh\/regjistribashkiafushearrez\/wp-content\/uploads\/2025\/09\/AKTI-I-KONFIRMIMIT-NGA-PREFEKTI-I-VKB-PER-PLANIN-E-BARAZISE-GJINORE.pdf\">Akti i konfirmimit nga Prefekti i VKB p\u00ebr Planin Vendor i Barazis\u00eb Gjinore 2025 &#8211; 2027<\/a><\/li>\n<li><a href=\"http:\/\/209.95.59.218\/~bsh\/regjistribashkiafushearrez\/wp-content\/uploads\/2025\/09\/VKB-F-ARREZ-PER-MIRATIMIN-E-PLANIT-E-BARAZISE-GJINORE.pdf\">VKB Fush\u00eb Arr\u00ebz P\u00ebr Miratimin e Planit Vendor i Barazis\u00eb Gjinore&nbsp;2025 &#8211; 2027<\/a><\/li>\n<li><a href=\"http:\/\/209.95.59.218\/~bsh\/regjistribashkiafushearrez\/wp-content\/uploads\/2025\/09\/PLANI-VENDOR-I-BARAZISE-GJINORE-2025-2027.pdf\">Plani Vendor i Barazis\u00eb Gjinore 2025 &#8211; 2027<\/a><\/li>\n<li><a href=\"http:\/\/209.95.59.218\/~bsh\/regjistribashkiafushearrez\/wp-content\/uploads\/2025\/09\/Procesverbal-I-Mbledhjes-Se-KB-Gusht-2025.pdf\">Proces verbali i Mbledhjes s\u00eb K\u00ebshillit Bashkiak ku u miratua Plani Vendor i Barazis\u00eb Gjinore 2025 &#8211; 2027<\/a><\/li>\n<\/ul>\n<p><em>Sh\u00ebnim: Kjo rubrik\u00eb u krijua p\u00ebr t\u00eb p\u00ebrmbledhur dokumentacionin e k\u00ebrkuar p\u00ebr miratimin e planeve vendore nga Udh\u00ebzim i perbashket Ministris\u00eb s\u00eb Financave dhe Ministrit t\u00eb Shtetit p\u00ebr Pushtetin Vendor mbi grantin i performanc\u00ebs s\u00eb bashkive. I gjith\u00eb dokumentacioni \u00ebsht\u00eb n\u00eb rubrikat e posa\u00e7me n\u00eb faqen web t\u00eb Bashkis\u00eb\/K\u00ebshillit Bashkiak Fush\u00eb Arr\u00ebz.&nbsp;&nbsp;<\/em><\/p>\n","protected":false},"excerpt":{"rendered":"<p>Plani i Mbar\u00ebshtimit t\u00eb pyjeve Miratimi i Planit t\u00eb Mbar\u00ebshtimit t\u00eb ekonomis\u00eb pyjore Iball\u00eb-Mzi nga Ministria e Turizimit dhe Mjedisit Akti i konfirmimit nga Prefekti i VKB p\u00ebr Planin e Mbar\u00ebshtimit t\u00eb pyjeve&nbsp; Iball\u00eb Mzi 2025-2035 VKB Fush\u00eb Arr\u00ebz P\u00ebr Miratimin e Planit t\u00eb Mbar\u00ebshtimit t\u00eb pyjeve&nbsp; Iball\u00eb Mzi 2025-2035 Plani i Mbar\u00ebshtimit t\u00eb pyjeve&nbsp; [&hellip;]<\/p>\n","protected":false},"author":1,"featured_media":0,"parent":2638,"menu_order":0,"comment_status":"closed","ping_status":"closed","template":"","meta":[],"_links":{"self":[{"href":"http:\/\/209.95.59.218\/~bsh\/regjistribashkiafushearrez\/index.php?rest_route=\/wp\/v2\/pages\/2190"}],"collection":[{"href":"http:\/\/209.95.59.218\/~bsh\/regjistribashkiafushearrez\/index.php?rest_route=\/wp\/v2\/pages"}],"about":[{"href":"http:\/\/209.95.59.218\/~bsh\/regjistribashkiafushearrez\/index.php?rest_route=\/wp\/v2\/types\/page"}],"author":[{"embeddable":true,"href":"http:\/\/209.95.59.218\/~bsh\/regjistribashkiafushearrez\/index.php?rest_route=\/wp\/v2\/users\/1"}],"replies":[{"embeddable":true,"href":"http:\/\/209.95.59.218\/~bsh\/regjistribashkiafushearrez\/index.php?rest_route=%2Fwp%2Fv2%2Fcomments&post=2190"}],"version-history":[{"count":10,"href":"http:\/\/209.95.59.218\/~bsh\/regjistribashkiafushearrez\/index.php?rest_route=\/wp\/v2\/pages\/2190\/revisions"}],"predecessor-version":[{"id":2672,"href":"http:\/\/209.95.59.218\/~bsh\/regjistribashkiafushearrez\/index.php?rest_route=\/wp\/v2\/pages\/2190\/revisions\/2672"}],"up":[{"embeddable":true,"href":"http:\/\/209.95.59.218\/~bsh\/regjistribashkiafushearrez\/index.php?rest_route=\/wp\/v2\/pages\/2638"}],"wp:attachment":[{"href":"http:\/\/209.95.59.218\/~bsh\/regjistribashkiafushearrez\/index.php?rest_route=%2Fwp%2Fv2%2Fmedia&parent=2190"}],"curies":[{"name":"wp","href":"https:\/\/api.w.org\/{rel}","templated":true}]}}