{"id":2113,"date":"2025-08-20T14:55:50","date_gmt":"2025-08-20T12:55:50","guid":{"rendered":"http:\/\/209.95.59.218\/~bsh\/regjistribashkiafushearrez\/?page_id=2113"},"modified":"2025-09-08T11:43:38","modified_gmt":"2025-09-08T09:43:38","slug":"projekt-vendimet-e-mbledhjes-se-keshillit-bashkiak-gusht-2025","status":"publish","type":"page","link":"http:\/\/209.95.59.218\/~bsh\/regjistribashkiafushearrez\/?page_id=2113","title":{"rendered":"Projekt vendimet e Mbledhjes s\u00eb K\u00ebshillit Bashkiak Gusht 2025"},"content":{"rendered":"<p><a href=\"http:\/\/209.95.59.218\/~bsh\/regjistribashkiafushearrez\/wp-content\/uploads\/2025\/08\/Projekt-vendim-Per-Ndihmen-Ekonomike-per-muajin-Korrik-2025.pdf\">Projekt vendim P\u00ebr Ndihmen Ekonomike p\u00ebr muajin Korrik 2025<\/a><\/p>\n<p><a href=\"http:\/\/209.95.59.218\/~bsh\/regjistribashkiafushearrez\/wp-content\/uploads\/2025\/07\/Projektvendim-Pe\u0308r-Miratimin-E-Tavaneve-Pe\u0308rfundimtare-Te\u0308-Buxhetit-Afatmese\u0308m-2026-2028.pdf\">Projektvendim Pe\u0308r Miratimin E Tavaneve Pe\u0308rfundimtare Te\u0308 Buxhetit Afatmese\u0308m 2026-2028<\/a><\/p>\n<p><a href=\"http:\/\/209.95.59.218\/~bsh\/regjistribashkiafushearrez\/wp-content\/uploads\/2025\/08\/Projekt-Vendim-Ngritja-e-Akademise_per-SHKBSH_FA.pdf\">Projekt Vendim Ngritja e Akademise_per SHKBSH_FA<\/a><a href=\"http:\/\/209.95.59.218\/~bsh\/regjistribashkiafushearrez\/wp-content\/uploads\/2025\/08\/Projektvendimi-Relacioni-per-Planin-e-Migracionit-dhe-Diaspores-FA.pdf\">\u00a0<\/a><\/p>\n<p><a href=\"http:\/\/209.95.59.218\/~bsh\/regjistribashkiafushearrez\/wp-content\/uploads\/2025\/08\/Projektvendimi-Relacioni-per-Planin-e-Migracionit-dhe-Diaspores-FA.pdf\"> Projektvendimi &amp; Relacioni p\u00ebr Planin e Migracionit dhe Diaspor\u00ebs FA<\/a><\/p>\n<p><a href=\"http:\/\/209.95.59.218\/~bsh\/regjistribashkiafushearrez\/wp-content\/uploads\/2025\/08\/Projektvendimi-Relacioni-per-Planin-e-Arsimit-Parauniversitar-FA.pdf\">Projektvendimi &amp; Relacioni p\u00ebr Planin e Arsimit Parauniversitar FA<\/a><\/p>\n<p><a href=\"http:\/\/209.95.59.218\/~bsh\/regjistribashkiafushearrez\/wp-content\/uploads\/2025\/08\/ProjekV.-Relac.-Per-Planin-Social-FA_compressed.pdf\">ProjekVendimi dhe Relacioni P\u00ebr Planin e barazise gjinore FA_<\/a><\/p>\n<p><a href=\"http:\/\/209.95.59.218\/~bsh\/regjistribashkiafushearrez\/wp-content\/uploads\/2025\/08\/Projekt-Vendim-Relacioni-Per-Planin-Vendor-Social-FA_compressed.pdf\">Projekt Vendim &amp; Relacioni P\u00ebr Planin Vendor Social FA<\/a><\/p>\n<p><a href=\"http:\/\/209.95.59.218\/~bsh\/regjistribashkiafushearrez\/wp-content\/uploads\/2025\/09\/Projekt-Vendim-dhe-Relacioni-Pe\u0308r-Planin-e-Menaxhimit-te\u0308-Mbetjeve.pdf\">Projekt Vendim dhe Relacioni Pe\u0308r Planin e Menaxhimit te\u0308 Mbetjeve<\/a><\/p>\n\n\n<p><\/p>\n","protected":false},"excerpt":{"rendered":"<p>Projekt vendim P\u00ebr Ndihmen Ekonomike p\u00ebr muajin Korrik 2025 Projektvendim Pe\u0308r Miratimin E Tavaneve Pe\u0308rfundimtare Te\u0308 Buxhetit Afatmese\u0308m 2026-2028 Projekt Vendim Ngritja e Akademise_per SHKBSH_FA\u00a0 Projektvendimi &amp; Relacioni p\u00ebr Planin e Migracionit dhe Diaspor\u00ebs FA Projektvendimi &amp; Relacioni p\u00ebr Planin e Arsimit Parauniversitar FA ProjekVendimi dhe Relacioni P\u00ebr Planin e barazise gjinore FA_ Projekt Vendim [&hellip;]<\/p>\n","protected":false},"author":1,"featured_media":0,"parent":0,"menu_order":0,"comment_status":"closed","ping_status":"closed","template":"","meta":[],"_links":{"self":[{"href":"http:\/\/209.95.59.218\/~bsh\/regjistribashkiafushearrez\/index.php?rest_route=\/wp\/v2\/pages\/2113"}],"collection":[{"href":"http:\/\/209.95.59.218\/~bsh\/regjistribashkiafushearrez\/index.php?rest_route=\/wp\/v2\/pages"}],"about":[{"href":"http:\/\/209.95.59.218\/~bsh\/regjistribashkiafushearrez\/index.php?rest_route=\/wp\/v2\/types\/page"}],"author":[{"embeddable":true,"href":"http:\/\/209.95.59.218\/~bsh\/regjistribashkiafushearrez\/index.php?rest_route=\/wp\/v2\/users\/1"}],"replies":[{"embeddable":true,"href":"http:\/\/209.95.59.218\/~bsh\/regjistribashkiafushearrez\/index.php?rest_route=%2Fwp%2Fv2%2Fcomments&post=2113"}],"version-history":[{"count":8,"href":"http:\/\/209.95.59.218\/~bsh\/regjistribashkiafushearrez\/index.php?rest_route=\/wp\/v2\/pages\/2113\/revisions"}],"predecessor-version":[{"id":2153,"href":"http:\/\/209.95.59.218\/~bsh\/regjistribashkiafushearrez\/index.php?rest_route=\/wp\/v2\/pages\/2113\/revisions\/2153"}],"wp:attachment":[{"href":"http:\/\/209.95.59.218\/~bsh\/regjistribashkiafushearrez\/index.php?rest_route=%2Fwp%2Fv2%2Fmedia&parent=2113"}],"curies":[{"name":"wp","href":"https:\/\/api.w.org\/{rel}","templated":true}]}}