{"id":2075,"date":"2025-07-22T10:44:44","date_gmt":"2025-07-22T08:44:44","guid":{"rendered":"http:\/\/209.95.59.218\/~bsh\/regjistribashkiafushearrez\/?page_id=2075"},"modified":"2025-08-05T11:17:33","modified_gmt":"2025-08-05T09:17:33","slug":"projekt-vendimet-e-mbledhjes-se-keshillit-bashkiak-korrik-2025","status":"publish","type":"page","link":"http:\/\/209.95.59.218\/~bsh\/regjistribashkiafushearrez\/?page_id=2075","title":{"rendered":"Projekt vendimet e Mbledhjes s\u00eb K\u00ebshillit Bashkiak Korrik 2025"},"content":{"rendered":"<p><a href=\"http:\/\/209.95.59.218\/~bsh\/regjistribashkiafushearrez\/wp-content\/uploads\/2025\/08\/Projektvendimi-Mbi-Fondin-E-Ndihme\u0308s-Ekonomike-6-Pe\u0308r-Qershor-2025.pdf\">Projektvendim p\u00ebr miratimin e list\u00ebs s\u00eb p\u00ebrfituesve t\u00eb ndihm\u00ebs ekonomike nga fondi i kusht\u00ebzuar i bllok-ndihm\u00ebs ekonomike prej 6% p\u00ebr muajin Qershor 2025<\/a><\/p>\n<p><a href=\"http:\/\/209.95.59.218\/~bsh\/regjistribashkiafushearrez\/wp-content\/uploads\/2025\/07\/Projektvendim-Pe\u0308r-Miratimin-E-Tavaneve-Pe\u0308rfundimtare-Te\u0308-Buxhetit-Afatmese\u0308m-2026-2028.pdf\">Projektvendim Pe\u0308r Miratimin E Tavaneve Pe\u0308rfundimtare Te\u0308 Buxhetit Afatmese\u0308m 2026-2028 \u00a0<\/a><a href=\"http:\/\/209.95.59.218\/~bsh\/regjistribashkiafushearrez\/wp-content\/uploads\/2025\/07\/Relacion-Pe\u0308r-Miratimin-E-Tavaneve-Pe\u0308rfundimtare-Te\u0308-Shpenzimeve-Te\u0308-Programit-Buxhetor-Afatmese\u0308m-2026-2028.pdf\" target=\"_blank\" rel=\"noopener noreferrer\">Relacioni<\/a><\/p>\n\n\n<p><\/p>\n","protected":false},"excerpt":{"rendered":"<p>Projektvendim p\u00ebr miratimin e list\u00ebs s\u00eb p\u00ebrfituesve t\u00eb ndihm\u00ebs ekonomike nga fondi i kusht\u00ebzuar i bllok-ndihm\u00ebs ekonomike prej 6% p\u00ebr muajin Qershor 2025 Projektvendim Pe\u0308r Miratimin E Tavaneve Pe\u0308rfundimtare Te\u0308 Buxhetit Afatmese\u0308m 2026-2028 \u00a0Relacioni<\/p>\n","protected":false},"author":1,"featured_media":0,"parent":1336,"menu_order":0,"comment_status":"closed","ping_status":"closed","template":"","meta":[],"_links":{"self":[{"href":"http:\/\/209.95.59.218\/~bsh\/regjistribashkiafushearrez\/index.php?rest_route=\/wp\/v2\/pages\/2075"}],"collection":[{"href":"http:\/\/209.95.59.218\/~bsh\/regjistribashkiafushearrez\/index.php?rest_route=\/wp\/v2\/pages"}],"about":[{"href":"http:\/\/209.95.59.218\/~bsh\/regjistribashkiafushearrez\/index.php?rest_route=\/wp\/v2\/types\/page"}],"author":[{"embeddable":true,"href":"http:\/\/209.95.59.218\/~bsh\/regjistribashkiafushearrez\/index.php?rest_route=\/wp\/v2\/users\/1"}],"replies":[{"embeddable":true,"href":"http:\/\/209.95.59.218\/~bsh\/regjistribashkiafushearrez\/index.php?rest_route=%2Fwp%2Fv2%2Fcomments&post=2075"}],"version-history":[{"count":2,"href":"http:\/\/209.95.59.218\/~bsh\/regjistribashkiafushearrez\/index.php?rest_route=\/wp\/v2\/pages\/2075\/revisions"}],"predecessor-version":[{"id":2082,"href":"http:\/\/209.95.59.218\/~bsh\/regjistribashkiafushearrez\/index.php?rest_route=\/wp\/v2\/pages\/2075\/revisions\/2082"}],"up":[{"embeddable":true,"href":"http:\/\/209.95.59.218\/~bsh\/regjistribashkiafushearrez\/index.php?rest_route=\/wp\/v2\/pages\/1336"}],"wp:attachment":[{"href":"http:\/\/209.95.59.218\/~bsh\/regjistribashkiafushearrez\/index.php?rest_route=%2Fwp%2Fv2%2Fmedia&parent=2075"}],"curies":[{"name":"wp","href":"https:\/\/api.w.org\/{rel}","templated":true}]}}