{"id":2,"date":"2020-04-26T11:58:46","date_gmt":"2020-04-26T11:58:46","guid":{"rendered":"http:\/\/bashkiteforta.al\/km\/?page_id=2"},"modified":"2024-09-20T11:39:02","modified_gmt":"2024-09-20T09:39:02","slug":"sample-page","status":"publish","type":"page","link":"http:\/\/209.95.59.218\/~bsh\/regjistribashkiafushearrez\/?page_id=2","title":{"rendered":"K\u00ebshilli dhe an\u00ebtar\u00ebt e k\u00ebshillit"},"content":{"rendered":"<\/h3>\r\n<h3>Rregulloret e K\u00ebshillit Bashkiak<\/h3>\r\n<h3><\/h3>\r\n<h3><a href=\"https:\/\/www.vendime.al\/legjislacioni-per-pushtetin-vendor\/\">Legjislacion p\u00ebr qeverisjen vendore<\/a><\/h3>\r\n<h3><\/h3>\r\n<p>[\/vc_column_text][\/vc_column][vc_column][\/vc_column][\/vc_row]<\/p><\/h3>\r\n<h3><a href=\"http:\/\/209.95.59.218\/~bsh\/regjistribashkiafushearrez\/?page_id=1367\" target=\"_blank\" rel=\"noreferrer noopener\">T\u00eb dh\u00ebnat e zgjedhjeve vendore<\/a><\/h3>\r\n<h3><\/h3>\r\n<h3>Rregulloret e K\u00ebshillit Bashkiak<\/h3>\r\n<h3><!-- wp:heading {\"level\":3} --><\/h3>\r\n<h3><a href=\"https:\/\/www.vendime.al\/legjislacioni-per-pushtetin-vendor\/\">Legjislacion p\u00ebr qeverisjen vendore<\/a><\/h3>\r\n<h3><!-- wp:heading {\"level\":3} --><!-- \/wp:heading --><\/h3>\r\n<p>[\/vc_column_text][\/vc_column][vc_column][\/vc_column][\/vc_row]<\/p><\/h3>\r\n<h3>Kryesit\u00eb e fshatrave<\/h3>\r\n<h3><\/h3>\r\n<h3><a href=\"http:\/\/209.95.59.218\/~bsh\/regjistribashkiafushearrez\/?page_id=1367\" target=\"_blank\" rel=\"noreferrer noopener\">T\u00eb dh\u00ebnat e zgjedhjeve vendore<\/a><\/h3>\r\n<h3><!-- wp:heading {\"level\":3} --><\/h3>\r\n<h3>Rregulloret e K\u00ebshillit Bashkiak<\/h3>\r\n<h3><!-- wp:heading {\"level\":3} --><\/h3>\r\n<h3><a href=\"https:\/\/www.vendime.al\/legjislacioni-per-pushtetin-vendor\/\">Legjislacion p\u00ebr qeverisjen vendore<\/a><\/h3>\r\n<h3><!-- wp:heading {\"level\":3} --><!-- \/wp:heading --><\/h3>\r\n<p>[\/vc_column_text][\/vc_column][vc_column][\/vc_column][\/vc_row]<\/p><\/h3>\r\n<h3>Sekretari, punonj\u00ebsit e sekretariatit<\/h3>\r\n<h3><\/h3>\r\n<h3>Kryesit\u00eb e fshatrave<\/h3>\r\n<h3><!-- wp:heading {\"level\":3} --><\/h3>\r\n<h3><a href=\"http:\/\/209.95.59.218\/~bsh\/regjistribashkiafushearrez\/?page_id=1367\" target=\"_blank\" rel=\"noreferrer noopener\">T\u00eb dh\u00ebnat e zgjedhjeve vendore<\/a><\/h3>\r\n<h3><!-- wp:heading {\"level\":3} --><\/h3>\r\n<h3>Rregulloret e K\u00ebshillit Bashkiak<\/h3>\r\n<h3><!-- wp:heading {\"level\":3} --><\/h3>\r\n<h3><a href=\"https:\/\/www.vendime.al\/legjislacioni-per-pushtetin-vendor\/\">Legjislacion p\u00ebr qeverisjen vendore<\/a><\/h3>\r\n<h3><!-- wp:heading {\"level\":3} --><!-- \/wp:heading --><\/h3>\r\n<p>[\/vc_column_text][\/vc_column][vc_column][\/vc_column][\/vc_row]<\/p><\/h3>\r\n<h3><a href=\"http:\/\/209.95.59.218\/~bsh\/regjistribashkiafushearrez\/wp-content\/uploads\/2024\/09\/Vendim-Keshilli-Fushe-Arrez-Nr.08.-date-30.06.2023.pdf\" target=\"_blank\" rel=\"noopener noreferrer\">Komisionet<\/a><\/h3>\r\n<h3><\/h3>\r\n<h3>Sekretari, punonj\u00ebsit e sekretariatit<\/h3>\r\n<h3><!-- wp:heading {\"level\":3} --><\/h3>\r\n<h3>Kryesit\u00eb e fshatrave<\/h3>\r\n<h3><!-- wp:heading {\"level\":3} --><\/h3>\r\n<h3><a href=\"http:\/\/209.95.59.218\/~bsh\/regjistribashkiafushearrez\/?page_id=1367\" target=\"_blank\" rel=\"noreferrer noopener\">T\u00eb dh\u00ebnat e zgjedhjeve vendore<\/a><\/h3>\r\n<h3><!-- wp:heading {\"level\":3} --><\/h3>\r\n<h3>Rregulloret e K\u00ebshillit Bashkiak<\/h3>\r\n<h3><!-- wp:heading {\"level\":3} --><\/h3>\r\n<h3><a href=\"https:\/\/www.vendime.al\/legjislacioni-per-pushtetin-vendor\/\">Legjislacion p\u00ebr qeverisjen vendore<\/a><\/h3>\r\n<h3><!-- wp:heading {\"level\":3} --><!-- \/wp:heading --><\/h3>\r\n<p>[\/vc_column_text][\/vc_column][vc_column][\/vc_column][\/vc_row]<\/p><\/p>\r\n<h3>Kryetari i k\u00ebshillit<\/h3>\r\n<h3>An\u00ebtar\u00ebt e k\u00ebshillit<\/h3>\r\n<h3><\/h3>\r\n<h3><a href=\"http:\/\/209.95.59.218\/~bsh\/regjistribashkiafushearrez\/wp-content\/uploads\/2024\/09\/Vendim-Keshilli-Fushe-Arrez-Nr.08.-date-30.06.2023.pdf\" target=\"_blank\" rel=\"noopener noreferrer\">Komisionet<\/a><\/h3>\r\n<h3><!-- wp:heading {\"level\":3} --><\/h3>\r\n<h3>Sekretari, punonj\u00ebsit e sekretariatit<\/h3>\r\n<h3><!-- wp:heading {\"level\":3} --><\/h3>\r\n<h3>Kryesit\u00eb e fshatrave<\/h3>\r\n<h3><!-- wp:heading {\"level\":3} --><\/h3>\r\n<h3><a href=\"http:\/\/209.95.59.218\/~bsh\/regjistribashkiafushearrez\/?page_id=1367\" target=\"_blank\" rel=\"noreferrer noopener\">T\u00eb dh\u00ebnat e zgjedhjeve vendore<\/a><\/h3>\r\n<h3><!-- wp:heading {\"level\":3} --><\/h3>\r\n<h3>Rregulloret e K\u00ebshillit Bashkiak<\/h3>\r\n<h3><!-- wp:heading {\"level\":3} --><\/h3>\r\n<h3><a href=\"https:\/\/www.vendime.al\/legjislacioni-per-pushtetin-vendor\/\">Legjislacion p\u00ebr qeverisjen vendore<\/a><\/h3>\r\n<h3><!-- wp:heading {\"level\":3} --><!-- \/wp:heading --><\/h3>\r\n<p>[\/vc_column_text][\/vc_column][vc_column][\/vc_column][\/vc_row]<\/p><p>[vc_row][vc_column width=&#8221;2\/3&#8243;][vc_column_text]<\/p>\r\n<h3>Kryetari i k\u00ebshillit<\/h3>\r\n<h3>An\u00ebtar\u00ebt e k\u00ebshillit<\/h3>\r\n<h3><!-- wp:heading {\"level\":3} --><\/h3>\r\n<h3><a href=\"http:\/\/209.95.59.218\/~bsh\/regjistribashkiafushearrez\/wp-content\/uploads\/2024\/09\/Vendim-Keshilli-Fushe-Arrez-Nr.08.-date-30.06.2023.pdf\" target=\"_blank\" rel=\"noopener noreferrer\">Komisionet<\/a><\/h3>\r\n<h3><!-- wp:heading {\"level\":3} --><\/h3>\r\n<h3>Sekretari, punonj\u00ebsit e sekretariatit<\/h3>\r\n<h3><!-- wp:heading {\"level\":3} --><\/h3>\r\n<h3>Kryesit\u00eb e fshatrave<\/h3>\r\n<h3><!-- wp:heading {\"level\":3} --><\/h3>\r\n<h3><a href=\"http:\/\/209.95.59.218\/~bsh\/regjistribashkiafushearrez\/?page_id=1367\" target=\"_blank\" rel=\"noreferrer noopener\">T\u00eb dh\u00ebnat e zgjedhjeve vendore<\/a><\/h3>\r\n<h3><!-- wp:heading {\"level\":3} --><\/h3>\r\n<h3>Rregulloret e K\u00ebshillit Bashkiak<\/h3>\r\n<h3><!-- wp:heading {\"level\":3} --><\/h3>\r\n<h3><a href=\"https:\/\/www.vendime.al\/legjislacioni-per-pushtetin-vendor\/\">Legjislacion p\u00ebr qeverisjen vendore<\/a><\/h3>\r\n<h3><!-- wp:heading {\"level\":3} --><!-- \/wp:heading --><\/h3>\r\n<p>[\/vc_column_text][\/vc_column][vc_column][\/vc_column][\/vc_row]<\/p>","protected":false},"excerpt":{"rendered":"<p>Rregulloret e K\u00ebshillit Bashkiak Legjislacion p\u00ebr qeverisjen vendore [\/vc_column_text][\/vc_column][vc_column][\/vc_column][\/vc_row] T\u00eb dh\u00ebnat e zgjedhjeve vendore Rregulloret e K\u00ebshillit Bashkiak Legjislacion p\u00ebr qeverisjen vendore [\/vc_column_text][\/vc_column][vc_column][\/vc_column][\/vc_row] Kryesit\u00eb e fshatrave T\u00eb dh\u00ebnat e zgjedhjeve vendore Rregulloret e K\u00ebshillit Bashkiak Legjislacion p\u00ebr qeverisjen vendore [\/vc_column_text][\/vc_column][vc_column][\/vc_column][\/vc_row] Sekretari, punonj\u00ebsit e sekretariatit Kryesit\u00eb e fshatrave T\u00eb dh\u00ebnat e zgjedhjeve vendore Rregulloret e K\u00ebshillit [&hellip;]<\/p>\n","protected":false},"author":1,"featured_media":0,"parent":0,"menu_order":0,"comment_status":"closed","ping_status":"open","template":"","meta":[],"_links":{"self":[{"href":"http:\/\/209.95.59.218\/~bsh\/regjistribashkiafushearrez\/index.php?rest_route=\/wp\/v2\/pages\/2"}],"collection":[{"href":"http:\/\/209.95.59.218\/~bsh\/regjistribashkiafushearrez\/index.php?rest_route=\/wp\/v2\/pages"}],"about":[{"href":"http:\/\/209.95.59.218\/~bsh\/regjistribashkiafushearrez\/index.php?rest_route=\/wp\/v2\/types\/page"}],"author":[{"embeddable":true,"href":"http:\/\/209.95.59.218\/~bsh\/regjistribashkiafushearrez\/index.php?rest_route=\/wp\/v2\/users\/1"}],"replies":[{"embeddable":true,"href":"http:\/\/209.95.59.218\/~bsh\/regjistribashkiafushearrez\/index.php?rest_route=%2Fwp%2Fv2%2Fcomments&post=2"}],"version-history":[{"count":9,"href":"http:\/\/209.95.59.218\/~bsh\/regjistribashkiafushearrez\/index.php?rest_route=\/wp\/v2\/pages\/2\/revisions"}],"predecessor-version":[{"id":1303,"href":"http:\/\/209.95.59.218\/~bsh\/regjistribashkiafushearrez\/index.php?rest_route=\/wp\/v2\/pages\/2\/revisions\/1303"}],"wp:attachment":[{"href":"http:\/\/209.95.59.218\/~bsh\/regjistribashkiafushearrez\/index.php?rest_route=%2Fwp%2Fv2%2Fmedia&parent=2"}],"curies":[{"name":"wp","href":"https:\/\/api.w.org\/{rel}","templated":true}]}}