{"id":1998,"date":"2025-06-19T11:33:09","date_gmt":"2025-06-19T09:33:09","guid":{"rendered":"http:\/\/209.95.59.218\/~bsh\/regjistribashkiafushearrez\/?page_id=1998"},"modified":"2025-06-24T19:37:32","modified_gmt":"2025-06-24T17:37:32","slug":"projekt-vendimet-e-mbledhjes-se-keshillit-bashkiak-qershor-2-2025","status":"publish","type":"page","link":"http:\/\/209.95.59.218\/~bsh\/regjistribashkiafushearrez\/?page_id=1998","title":{"rendered":"Projekt vendimet e Mbledhjes s\u00eb K\u00ebshillit Bashkiak Qershor 2 2025"},"content":{"rendered":"<p>\u00a0<\/p>\n<p><a href=\"http:\/\/209.95.59.218\/~bsh\/regjistribashkiafushearrez\/wp-content\/uploads\/2025\/06\/PROJEKTVENDIM-MBI-FONDIN-E-KUSHTEZUAR-TE-NDIHMES-EKONOMIKE-PREJ-6_compressed.pdf\">Projektvendim p\u00ebr miratimin e list\u00ebs s\u00eb p\u00ebrfituesve t\u00eb ndihm\u00ebs ekonomike nga fondi i kusht\u00ebzuar i bllok-ndihm\u00ebs ekonomike prej 6% p\u00ebr muajin Maj 2025.<\/a><br \/><a href=\"http:\/\/209.95.59.218\/~bsh\/regjistribashkiafushearrez\/wp-content\/uploads\/2025\/06\/Projekt-vendimi-faza-e-pare-e-PBA.pdf\">Projektvendim p\u00ebr miratimin e Faz\u00ebs s\u00eb Par\u00eb t\u00eb PBA-s\u00eb 2026-2028<\/a>. <a href=\"http:\/\/209.95.59.218\/~bsh\/regjistribashkiafushearrez\/wp-content\/uploads\/2025\/06\/PBA-2026-2028-_compressed-2.pdf\">Dokumenti<\/a><br \/><a href=\"http:\/\/209.95.59.218\/~bsh\/regjistribashkiafushearrez\/wp-content\/uploads\/2024\/10\/Projekt-vendimit-Mbi-dhenien-ne-perdorim-te-fondit-kullosorpyjor-te-Bashkise-Fushe-Arrez.pdf\">Projektvendim p\u00ebr dh\u00ebnien e dakord\u00ebsis\u00eb p\u00ebr dh\u00ebnie n\u00eb p\u00ebrdorim t\u00eb nj\u00eb sip\u00ebrfaqeje pyjore publike prej 0.0719 ha p\u00ebr kanalin e linj\u00ebs s\u00eb ujit n\u00eb territorin e Bashkis\u00eb Fush\u00eb-Arr\u00ebz p\u00ebr shoq\u00ebrin\u00eb &#8220;Uji Puka&#8221; Sh.P.K n\u00eb zon\u00ebn kadrastale me nr.1657 dhe nr.2686, n\u00eb territorin Administrativ t\u00eb Bashkis\u00eb Fush\u00eb-Arr\u00ebz&#8221;. (Rishqyrtim i Vendimit Nr.56, dat\u00eb 28.10.2024)<\/a> <a href=\"http:\/\/209.95.59.218\/~bsh\/regjistribashkiafushearrez\/wp-content\/uploads\/2025\/06\/DREJTORIA-VENDORE-SHKODER_compressed.pdf\">Dokumenti nga AKSH<\/a><\/p>\n\n\n<p><\/p>\n","protected":false},"excerpt":{"rendered":"<p>\u00a0 Projektvendim p\u00ebr miratimin e list\u00ebs s\u00eb p\u00ebrfituesve t\u00eb ndihm\u00ebs ekonomike nga fondi i kusht\u00ebzuar i bllok-ndihm\u00ebs ekonomike prej 6% p\u00ebr muajin Maj 2025.Projektvendim p\u00ebr miratimin e Faz\u00ebs s\u00eb Par\u00eb t\u00eb PBA-s\u00eb 2026-2028. DokumentiProjektvendim p\u00ebr dh\u00ebnien e dakord\u00ebsis\u00eb p\u00ebr dh\u00ebnie n\u00eb p\u00ebrdorim t\u00eb nj\u00eb sip\u00ebrfaqeje pyjore publike prej 0.0719 ha p\u00ebr kanalin e linj\u00ebs s\u00eb [&hellip;]<\/p>\n","protected":false},"author":1,"featured_media":0,"parent":1336,"menu_order":0,"comment_status":"closed","ping_status":"closed","template":"","meta":[],"_links":{"self":[{"href":"http:\/\/209.95.59.218\/~bsh\/regjistribashkiafushearrez\/index.php?rest_route=\/wp\/v2\/pages\/1998"}],"collection":[{"href":"http:\/\/209.95.59.218\/~bsh\/regjistribashkiafushearrez\/index.php?rest_route=\/wp\/v2\/pages"}],"about":[{"href":"http:\/\/209.95.59.218\/~bsh\/regjistribashkiafushearrez\/index.php?rest_route=\/wp\/v2\/types\/page"}],"author":[{"embeddable":true,"href":"http:\/\/209.95.59.218\/~bsh\/regjistribashkiafushearrez\/index.php?rest_route=\/wp\/v2\/users\/1"}],"replies":[{"embeddable":true,"href":"http:\/\/209.95.59.218\/~bsh\/regjistribashkiafushearrez\/index.php?rest_route=%2Fwp%2Fv2%2Fcomments&post=1998"}],"version-history":[{"count":2,"href":"http:\/\/209.95.59.218\/~bsh\/regjistribashkiafushearrez\/index.php?rest_route=\/wp\/v2\/pages\/1998\/revisions"}],"predecessor-version":[{"id":2015,"href":"http:\/\/209.95.59.218\/~bsh\/regjistribashkiafushearrez\/index.php?rest_route=\/wp\/v2\/pages\/1998\/revisions\/2015"}],"up":[{"embeddable":true,"href":"http:\/\/209.95.59.218\/~bsh\/regjistribashkiafushearrez\/index.php?rest_route=\/wp\/v2\/pages\/1336"}],"wp:attachment":[{"href":"http:\/\/209.95.59.218\/~bsh\/regjistribashkiafushearrez\/index.php?rest_route=%2Fwp%2Fv2%2Fmedia&parent=1998"}],"curies":[{"name":"wp","href":"https:\/\/api.w.org\/{rel}","templated":true}]}}