{"id":1956,"date":"2025-05-27T15:33:35","date_gmt":"2025-05-27T13:33:35","guid":{"rendered":"http:\/\/209.95.59.218\/~bsh\/regjistribashkiafushearrez\/?page_id=1956"},"modified":"2025-05-29T10:14:44","modified_gmt":"2025-05-29T08:14:44","slug":"projekt-vendimet-e-mbledhjes-se-keshillit-bashkiak-maj-2025","status":"publish","type":"page","link":"http:\/\/209.95.59.218\/~bsh\/regjistribashkiafushearrez\/?page_id=1956","title":{"rendered":"Projekt vendimet e Mbledhjes s\u00eb K\u00ebshillit Bashkiak Maj 2025"},"content":{"rendered":"<p><a href=\"http:\/\/209.95.59.218\/~bsh\/regjistribashkiafushearrez\/wp-content\/uploads\/2025\/05\/PROJEKTVENDIM-MBI-FONDIN-E-KUSHTEZUAR-PREJ-6-PER-MUAJIN-PRILL-2025_compressed.pdf\">1. Projektvendim p\u00ebr miratimin e list\u00ebs s\u00eb p\u00ebrfituesve t\u00eb ndihm\u00ebs ekonomike nga fondi i kusht\u00ebzuar i bllok-ndihm\u00ebs ekonomike prej 6% p\u00ebr muajin Prill 2025.<\/a><br \/>2. Projektvendim p\u00ebr disa shtesa n\u00eb Vendimin Nr.64, dat\u00eb 22.12.2024, p\u00ebr buxhetin e vitit 2025.<br \/><a href=\"http:\/\/209.95.59.218\/~bsh\/regjistribashkiafushearrez\/wp-content\/uploads\/2025\/05\/Raport-i-Monitorimit-te-Buxhetit-Per-4-mujorin-e-Pare-te-Vitit-2025_compressed.pdf\">3. Raport i monitorimit t\u00eb buxhetit p\u00ebr periudh\u00ebn Janar &#8211; Prill 2025<\/a><br \/>4. Rishqyrtimi i vendimeve t\u00eb kthyera nga Prefektura.<\/p>\n\n\n<p><\/p>\n","protected":false},"excerpt":{"rendered":"<p>1. Projektvendim p\u00ebr miratimin e list\u00ebs s\u00eb p\u00ebrfituesve t\u00eb ndihm\u00ebs ekonomike nga fondi i kusht\u00ebzuar i bllok-ndihm\u00ebs ekonomike prej 6% p\u00ebr muajin Prill 2025.2. Projektvendim p\u00ebr disa shtesa n\u00eb Vendimin Nr.64, dat\u00eb 22.12.2024, p\u00ebr buxhetin e vitit 2025.3. Raport i monitorimit t\u00eb buxhetit p\u00ebr periudh\u00ebn Janar &#8211; Prill 20254. Rishqyrtimi i vendimeve t\u00eb kthyera nga [&hellip;]<\/p>\n","protected":false},"author":1,"featured_media":0,"parent":1336,"menu_order":0,"comment_status":"closed","ping_status":"closed","template":"","meta":[],"_links":{"self":[{"href":"http:\/\/209.95.59.218\/~bsh\/regjistribashkiafushearrez\/index.php?rest_route=\/wp\/v2\/pages\/1956"}],"collection":[{"href":"http:\/\/209.95.59.218\/~bsh\/regjistribashkiafushearrez\/index.php?rest_route=\/wp\/v2\/pages"}],"about":[{"href":"http:\/\/209.95.59.218\/~bsh\/regjistribashkiafushearrez\/index.php?rest_route=\/wp\/v2\/types\/page"}],"author":[{"embeddable":true,"href":"http:\/\/209.95.59.218\/~bsh\/regjistribashkiafushearrez\/index.php?rest_route=\/wp\/v2\/users\/1"}],"replies":[{"embeddable":true,"href":"http:\/\/209.95.59.218\/~bsh\/regjistribashkiafushearrez\/index.php?rest_route=%2Fwp%2Fv2%2Fcomments&post=1956"}],"version-history":[{"count":3,"href":"http:\/\/209.95.59.218\/~bsh\/regjistribashkiafushearrez\/index.php?rest_route=\/wp\/v2\/pages\/1956\/revisions"}],"predecessor-version":[{"id":1964,"href":"http:\/\/209.95.59.218\/~bsh\/regjistribashkiafushearrez\/index.php?rest_route=\/wp\/v2\/pages\/1956\/revisions\/1964"}],"up":[{"embeddable":true,"href":"http:\/\/209.95.59.218\/~bsh\/regjistribashkiafushearrez\/index.php?rest_route=\/wp\/v2\/pages\/1336"}],"wp:attachment":[{"href":"http:\/\/209.95.59.218\/~bsh\/regjistribashkiafushearrez\/index.php?rest_route=%2Fwp%2Fv2%2Fmedia&parent=1956"}],"curies":[{"name":"wp","href":"https:\/\/api.w.org\/{rel}","templated":true}]}}