{"id":1927,"date":"2025-04-24T19:17:49","date_gmt":"2025-04-24T17:17:49","guid":{"rendered":"http:\/\/209.95.59.218\/~bsh\/regjistribashkiafushearrez\/?page_id=1927"},"modified":"2025-05-02T13:16:18","modified_gmt":"2025-05-02T11:16:18","slug":"projekt-vendimet-e-mbledhjes-se-keshillit-bashkiak-prill-2025","status":"publish","type":"page","link":"http:\/\/209.95.59.218\/~bsh\/regjistribashkiafushearrez\/?page_id=1927","title":{"rendered":"Projekt vendimet e Mbledhjes s\u00eb K\u00ebshillit Bashkiak Prill 2025"},"content":{"rendered":"<p><a href=\"http:\/\/209.95.59.218\/~bsh\/regjistribashkiafushearrez\/wp-content\/uploads\/2025\/04\/Proces-Verbal-MKB-Fushe-Arrez-0325.pdf\">Miratimi i Procesverbalit t\u00eb mbledhjes s\u00eb K\u00ebshillit Bashkiak t\u00eb dat\u00ebs 26.03.2025.<\/a><\/p>\n<p><a href=\"http:\/\/209.95.59.218\/~bsh\/regjistribashkiafushearrez\/wp-content\/uploads\/2025\/04\/projek-vendim-ndihma-ekonomike-Prill-2025_compressed.pdf\">Projektvendim p\u00ebr miratimin e list\u00ebs s\u00eb p\u00ebrfituesve t\u00eb ndihm\u00ebs ekonomike nga fondi i kusht\u00ebzuar i bllok-ndihm\u00ebs ekonomike prej 6% p\u00ebr muajin Mars 2025.<\/a><\/p>\n<p><a href=\"http:\/\/209.95.59.218\/~bsh\/regjistribashkiafushearrez\/wp-content\/uploads\/2025\/02\/Raporti-vjetor-i-punes-se-Keshillit-Bashkiak-Fushe-Arrez-2024.pdf\">Miratimi me Vendim i Raportit t\u00eb Veprimtaris\u00eb dhe Vendimmarrjes s\u00eb K\u00ebshillit Bashkiak Fush\u00eb-Arr\u00ebz, p\u00ebr periudh\u00ebn Janar-Dhjetor 2024.<\/a><\/p>\n<p><a href=\"http:\/\/209.95.59.218\/~bsh\/regjistribashkiafushearrez\/wp-content\/uploads\/2025\/05\/Projektvendim-per-caktimin-e-cmimeve-mesatare-te-qerase.pdf\">Projektvendim p\u00ebr p\u00ebrcaktimin e \u00e7mimit t\u00eb qiras\u00eb mesatare t\u00eb nj\u00ebsive t\u00eb banimit dhe apartamenteve n\u00eb treg, p\u00ebr efekt t\u00eb subvencionimit t\u00eb qiras\u00eb n\u00eb bashkin\u00eb Fush\u00eb-Arr\u00ebz p\u00ebr vitin 2025. (Rishqyrtim)<\/a><\/p>\n\n\n<p><\/p>\n","protected":false},"excerpt":{"rendered":"<p>Miratimi i Procesverbalit t\u00eb mbledhjes s\u00eb K\u00ebshillit Bashkiak t\u00eb dat\u00ebs 26.03.2025. Projektvendim p\u00ebr miratimin e list\u00ebs s\u00eb p\u00ebrfituesve t\u00eb ndihm\u00ebs ekonomike nga fondi i kusht\u00ebzuar i bllok-ndihm\u00ebs ekonomike prej 6% p\u00ebr muajin Mars 2025. Miratimi me Vendim i Raportit t\u00eb Veprimtaris\u00eb dhe Vendimmarrjes s\u00eb K\u00ebshillit Bashkiak Fush\u00eb-Arr\u00ebz, p\u00ebr periudh\u00ebn Janar-Dhjetor 2024. Projektvendim p\u00ebr p\u00ebrcaktimin e [&hellip;]<\/p>\n","protected":false},"author":1,"featured_media":0,"parent":1336,"menu_order":0,"comment_status":"closed","ping_status":"closed","template":"","meta":[],"_links":{"self":[{"href":"http:\/\/209.95.59.218\/~bsh\/regjistribashkiafushearrez\/index.php?rest_route=\/wp\/v2\/pages\/1927"}],"collection":[{"href":"http:\/\/209.95.59.218\/~bsh\/regjistribashkiafushearrez\/index.php?rest_route=\/wp\/v2\/pages"}],"about":[{"href":"http:\/\/209.95.59.218\/~bsh\/regjistribashkiafushearrez\/index.php?rest_route=\/wp\/v2\/types\/page"}],"author":[{"embeddable":true,"href":"http:\/\/209.95.59.218\/~bsh\/regjistribashkiafushearrez\/index.php?rest_route=\/wp\/v2\/users\/1"}],"replies":[{"embeddable":true,"href":"http:\/\/209.95.59.218\/~bsh\/regjistribashkiafushearrez\/index.php?rest_route=%2Fwp%2Fv2%2Fcomments&post=1927"}],"version-history":[{"count":2,"href":"http:\/\/209.95.59.218\/~bsh\/regjistribashkiafushearrez\/index.php?rest_route=\/wp\/v2\/pages\/1927\/revisions"}],"predecessor-version":[{"id":1937,"href":"http:\/\/209.95.59.218\/~bsh\/regjistribashkiafushearrez\/index.php?rest_route=\/wp\/v2\/pages\/1927\/revisions\/1937"}],"up":[{"embeddable":true,"href":"http:\/\/209.95.59.218\/~bsh\/regjistribashkiafushearrez\/index.php?rest_route=\/wp\/v2\/pages\/1336"}],"wp:attachment":[{"href":"http:\/\/209.95.59.218\/~bsh\/regjistribashkiafushearrez\/index.php?rest_route=%2Fwp%2Fv2%2Fmedia&parent=1927"}],"curies":[{"name":"wp","href":"https:\/\/api.w.org\/{rel}","templated":true}]}}