{"id":1862,"date":"2025-03-21T17:11:11","date_gmt":"2025-03-21T16:11:11","guid":{"rendered":"http:\/\/209.95.59.218\/~bsh\/regjistribashkiafushearrez\/?page_id=1862"},"modified":"2025-03-28T11:12:18","modified_gmt":"2025-03-28T10:12:18","slug":"projekt-vendimet-e-mbledhjes-se-keshillit-bashkiak-mars-2025","status":"publish","type":"page","link":"http:\/\/209.95.59.218\/~bsh\/regjistribashkiafushearrez\/?page_id=1862","title":{"rendered":"Projekt vendimet e Mbledhjes s\u00eb K\u00ebshillit Bashkiak Mars 2025"},"content":{"rendered":"<p><a href=\"http:\/\/209.95.59.218\/~bsh\/regjistribashkiafushearrez\/wp-content\/uploads\/2025\/03\/Projekt-vendimi-ndihma-ekonomike-0325_opt.pdf\">1. Projektvendim p\u00ebr miratimin e list\u00ebs s\u00eb p\u00ebrfituesve t\u00eb ndihm\u00ebs ekonomike nga fondi i kusht\u00ebzuar i bllok-ndihm\u00ebs ekonomike prej 6% p\u00ebr muajin Shkurt 2025.<\/a><br \/><a href=\"http:\/\/209.95.59.218\/~bsh\/regjistribashkiafushearrez\/wp-content\/uploads\/2025\/03\/PV-PLANI-I-MASAVE-PER-SHUARJEN-E-ZJARREVE-NE-BASHKINE-F-ARREZ_compressed.pdf\">2. Projektvendim p\u00ebr miratimin e planit t\u00eb masave p\u00ebr parandalimin dhe shuarjen e zjarreve n\u00eb pyje dhe kullota p\u00ebr vitin 2025, n\u00eb territorin administrativ t\u00eb bashkis\u00eb Fush\u00eb-Arr\u00ebz.<\/a><br \/><a href=\"http:\/\/209.95.59.218\/~bsh\/regjistribashkiafushearrez\/wp-content\/uploads\/2025\/03\/ilovepdf_merged_compressed.pdf\">3. Projektvendim p\u00ebr miratimin e Tavaneve t\u00eb Buxhetit Afatmes\u00ebm 2026-2028 p\u00ebr Bashkin\u00eb Fush\u00eb-Arr\u00ebz.<\/a><\/p>\n\n\n<p>&nbsp;<\/p>\n","protected":false},"excerpt":{"rendered":"<p>1. Projektvendim p\u00ebr miratimin e list\u00ebs s\u00eb p\u00ebrfituesve t\u00eb ndihm\u00ebs ekonomike nga fondi i kusht\u00ebzuar i bllok-ndihm\u00ebs ekonomike prej 6% p\u00ebr muajin Shkurt 2025.2. Projektvendim p\u00ebr miratimin e planit t\u00eb masave p\u00ebr parandalimin dhe shuarjen e zjarreve n\u00eb pyje dhe kullota p\u00ebr vitin 2025, n\u00eb territorin administrativ t\u00eb bashkis\u00eb Fush\u00eb-Arr\u00ebz.3. Projektvendim p\u00ebr miratimin e Tavaneve [&hellip;]<\/p>\n","protected":false},"author":1,"featured_media":0,"parent":0,"menu_order":0,"comment_status":"closed","ping_status":"closed","template":"","meta":[],"_links":{"self":[{"href":"http:\/\/209.95.59.218\/~bsh\/regjistribashkiafushearrez\/index.php?rest_route=\/wp\/v2\/pages\/1862"}],"collection":[{"href":"http:\/\/209.95.59.218\/~bsh\/regjistribashkiafushearrez\/index.php?rest_route=\/wp\/v2\/pages"}],"about":[{"href":"http:\/\/209.95.59.218\/~bsh\/regjistribashkiafushearrez\/index.php?rest_route=\/wp\/v2\/types\/page"}],"author":[{"embeddable":true,"href":"http:\/\/209.95.59.218\/~bsh\/regjistribashkiafushearrez\/index.php?rest_route=\/wp\/v2\/users\/1"}],"replies":[{"embeddable":true,"href":"http:\/\/209.95.59.218\/~bsh\/regjistribashkiafushearrez\/index.php?rest_route=%2Fwp%2Fv2%2Fcomments&post=1862"}],"version-history":[{"count":6,"href":"http:\/\/209.95.59.218\/~bsh\/regjistribashkiafushearrez\/index.php?rest_route=\/wp\/v2\/pages\/1862\/revisions"}],"predecessor-version":[{"id":1898,"href":"http:\/\/209.95.59.218\/~bsh\/regjistribashkiafushearrez\/index.php?rest_route=\/wp\/v2\/pages\/1862\/revisions\/1898"}],"wp:attachment":[{"href":"http:\/\/209.95.59.218\/~bsh\/regjistribashkiafushearrez\/index.php?rest_route=%2Fwp%2Fv2%2Fmedia&parent=1862"}],"curies":[{"name":"wp","href":"https:\/\/api.w.org\/{rel}","templated":true}]}}