{"id":1778,"date":"2025-03-06T14:52:28","date_gmt":"2025-03-06T13:52:28","guid":{"rendered":"http:\/\/209.95.59.218\/~bsh\/regjistribashkiafushearrez\/?page_id=1778"},"modified":"2025-10-30T12:10:17","modified_gmt":"2025-10-30T11:10:17","slug":"raporti-vjetor-i-veprimtarise-se-keshilit-bashkiak","status":"publish","type":"page","link":"http:\/\/209.95.59.218\/~bsh\/regjistribashkiafushearrez\/?page_id=1778","title":{"rendered":"Raporti vjetor i veprimtaris\u00eb s\u00eb K\u00ebshillit Bashkiak"},"content":{"rendered":"<p><a href=\"http:\/\/209.95.59.218\/~bsh\/regjistribashkiafushearrez\/wp-content\/uploads\/2024\/09\/Raporti-Vjetor-2023-i-Keshillit-Bashkiak-Fushe-Arrez.pdf\">Raporti vjetor i veprimtaris\u00eb s\u00eb K\u00ebshillit Bashkiak Fush\u00eb Arr\u00ebz 2023<\/a><\/p>\n<p><a href=\"http:\/\/209.95.59.218\/~bsh\/regjistribashkiafushearrez\/wp-content\/uploads\/2025\/07\/Vendimi-Nr.-14-date-28.04.2025.pdf\">Raporti vjetor i veprimtaris\u00eb s\u00eb K\u00ebshillit Bashkiak Fush\u00eb Arr\u00ebz 2024 <\/a>&nbsp; <a href=\"http:\/\/209.95.59.218\/~bsh\/regjistribashkiafushearrez\/wp-content\/uploads\/2025\/02\/Raporti-vjetor-i-punes-se-Keshillit-Bashkiak-Fushe-Arrez-2024.pdf\">Dok<\/a><\/p>\n\n\n<p><\/p>\n","protected":false},"excerpt":{"rendered":"<p>Raporti vjetor i veprimtaris\u00eb s\u00eb K\u00ebshillit Bashkiak Fush\u00eb Arr\u00ebz 2023 Raporti vjetor i veprimtaris\u00eb s\u00eb K\u00ebshillit Bashkiak Fush\u00eb Arr\u00ebz 2024 &nbsp; Dok<\/p>\n","protected":false},"author":1,"featured_media":0,"parent":0,"menu_order":0,"comment_status":"closed","ping_status":"closed","template":"","meta":[],"_links":{"self":[{"href":"http:\/\/209.95.59.218\/~bsh\/regjistribashkiafushearrez\/index.php?rest_route=\/wp\/v2\/pages\/1778"}],"collection":[{"href":"http:\/\/209.95.59.218\/~bsh\/regjistribashkiafushearrez\/index.php?rest_route=\/wp\/v2\/pages"}],"about":[{"href":"http:\/\/209.95.59.218\/~bsh\/regjistribashkiafushearrez\/index.php?rest_route=\/wp\/v2\/types\/page"}],"author":[{"embeddable":true,"href":"http:\/\/209.95.59.218\/~bsh\/regjistribashkiafushearrez\/index.php?rest_route=\/wp\/v2\/users\/1"}],"replies":[{"embeddable":true,"href":"http:\/\/209.95.59.218\/~bsh\/regjistribashkiafushearrez\/index.php?rest_route=%2Fwp%2Fv2%2Fcomments&post=1778"}],"version-history":[{"count":4,"href":"http:\/\/209.95.59.218\/~bsh\/regjistribashkiafushearrez\/index.php?rest_route=\/wp\/v2\/pages\/1778\/revisions"}],"predecessor-version":[{"id":2366,"href":"http:\/\/209.95.59.218\/~bsh\/regjistribashkiafushearrez\/index.php?rest_route=\/wp\/v2\/pages\/1778\/revisions\/2366"}],"wp:attachment":[{"href":"http:\/\/209.95.59.218\/~bsh\/regjistribashkiafushearrez\/index.php?rest_route=%2Fwp%2Fv2%2Fmedia&parent=1778"}],"curies":[{"name":"wp","href":"https:\/\/api.w.org\/{rel}","templated":true}]}}