{"id":1763,"date":"2025-03-04T15:27:56","date_gmt":"2025-03-04T14:27:56","guid":{"rendered":"http:\/\/209.95.59.218\/~bsh\/regjistribashkiafushearrez\/?page_id=1763"},"modified":"2026-02-13T11:15:54","modified_gmt":"2026-02-13T10:15:54","slug":"komisionet","status":"publish","type":"page","link":"http:\/\/209.95.59.218\/~bsh\/regjistribashkiafushearrez\/?page_id=1763","title":{"rendered":"Komisionet"},"content":{"rendered":"<h3><a href=\"http:\/\/209.95.59.218\/~bsh\/regjistribashkiafushearrez\/wp-content\/uploads\/2024\/09\/Vendim-Keshilli-Fushe-Arrez-Nr.08.-date-30.06.2023.pdf\">P\u00ebrshkrimi dhe p\u00ebrb\u00ebrja e komisioneve t\u00eb K\u00ebshillit Bashkiak Fush\u00eb Arr\u00ebz 2023<\/a><\/h3>\n<h3><a href=\"http:\/\/209.95.59.218\/~bsh\/regjistribashkiafushearrez\/?page_id=1296\">Njoftim p\u00ebr takimet e komisioneve<\/a><\/h3>\n<h3><a href=\"http:\/\/209.95.59.218\/~bsh\/regjistribashkiafushearrez\/?page_id=1336\">Dokumentet p\u00ebr diskutim n\u00eb komisione<\/a><\/h3>\n<h3><a href=\"http:\/\/209.95.59.218\/~bsh\/regjistribashkiafushearrez\/?page_id=1762\">Raportet e mbledhjeve t\u00eb komisioneve p\u00ebr projekt-aktet e diskutuara<\/a>\u00a0<\/h3>\n<p>\u00a0<\/p>\n\n\n<p><\/p>\n","protected":false},"excerpt":{"rendered":"<p>P\u00ebrshkrimi dhe p\u00ebrb\u00ebrja e komisioneve t\u00eb K\u00ebshillit Bashkiak Fush\u00eb Arr\u00ebz 2023 Njoftim p\u00ebr takimet e komisioneve Dokumentet p\u00ebr diskutim n\u00eb komisione Raportet e mbledhjeve t\u00eb komisioneve p\u00ebr projekt-aktet e diskutuara\u00a0 \u00a0<\/p>\n","protected":false},"author":1,"featured_media":0,"parent":0,"menu_order":0,"comment_status":"closed","ping_status":"closed","template":"","meta":[],"_links":{"self":[{"href":"http:\/\/209.95.59.218\/~bsh\/regjistribashkiafushearrez\/index.php?rest_route=\/wp\/v2\/pages\/1763"}],"collection":[{"href":"http:\/\/209.95.59.218\/~bsh\/regjistribashkiafushearrez\/index.php?rest_route=\/wp\/v2\/pages"}],"about":[{"href":"http:\/\/209.95.59.218\/~bsh\/regjistribashkiafushearrez\/index.php?rest_route=\/wp\/v2\/types\/page"}],"author":[{"embeddable":true,"href":"http:\/\/209.95.59.218\/~bsh\/regjistribashkiafushearrez\/index.php?rest_route=\/wp\/v2\/users\/1"}],"replies":[{"embeddable":true,"href":"http:\/\/209.95.59.218\/~bsh\/regjistribashkiafushearrez\/index.php?rest_route=%2Fwp%2Fv2%2Fcomments&post=1763"}],"version-history":[{"count":4,"href":"http:\/\/209.95.59.218\/~bsh\/regjistribashkiafushearrez\/index.php?rest_route=\/wp\/v2\/pages\/1763\/revisions"}],"predecessor-version":[{"id":2667,"href":"http:\/\/209.95.59.218\/~bsh\/regjistribashkiafushearrez\/index.php?rest_route=\/wp\/v2\/pages\/1763\/revisions\/2667"}],"wp:attachment":[{"href":"http:\/\/209.95.59.218\/~bsh\/regjistribashkiafushearrez\/index.php?rest_route=%2Fwp%2Fv2%2Fmedia&parent=1763"}],"curies":[{"name":"wp","href":"https:\/\/api.w.org\/{rel}","templated":true}]}}