{"id":1762,"date":"2025-03-04T15:24:58","date_gmt":"2025-03-04T14:24:58","guid":{"rendered":"http:\/\/209.95.59.218\/~bsh\/regjistribashkiafushearrez\/?page_id=1762"},"modified":"2026-04-09T10:40:07","modified_gmt":"2026-04-09T08:40:07","slug":"raportet-e-komisioneve","status":"publish","type":"page","link":"http:\/\/209.95.59.218\/~bsh\/regjistribashkiafushearrez\/?page_id=1762","title":{"rendered":"Raportet e komisioneve"},"content":{"rendered":"<p>Mars 2026<\/p>\n<p><a href=\"http:\/\/209.95.59.218\/~bsh\/regjistribashkiafushearrez\/wp-content\/uploads\/2026\/04\/RELACION-I-KOMISIONIT-TE-BUJQESISE-E-PYJEVE-MBI-PLANIN-E-MASAVE-KUNDER-ZJARRIT-PER-2026.pdf\">RELACION I KOMISIONIT TE BUJQESISE E PYJEVE MBI PLANIN E MASAVE KUNDER ZJARRIT PER 2026<\/a><\/p>\n<p><a href=\"http:\/\/209.95.59.218\/~bsh\/regjistribashkiafushearrez\/wp-content\/uploads\/2026\/04\/RELACION-I-KOMISIONIT-MIREQENIES-SOCIALE-PER-6-E-SHKURTIT-2026.pdf\">RELACION I KOMISIONIT MIREQENIES SOCIALE PER 6% E SHKURTIT 2026<\/a><\/p>\n<p><a href=\"http:\/\/209.95.59.218\/~bsh\/regjistribashkiafushearrez\/wp-content\/uploads\/2026\/04\/RELACION-I-KOMISIONIT-TE-EKONOMISE-MBI-NIVELIN-E-PAGAVE-TE-ARSIMIT-BAZE-KOPSHT-QKF.pdf\">RELACION I KOMISIONIT TE EKONOMISE MBI NIVELIN E PAGAVE TE ARSIMIT BAZE, KOPSHT, QKF<\/a><\/p>\n<p><a href=\"http:\/\/209.95.59.218\/~bsh\/regjistribashkiafushearrez\/wp-content\/uploads\/2026\/04\/RELACION-I-KOMISIONIT-TE-EKONOMISE-MBI-RAPORTIN-E-TE-ARDHURAVE-DHE-SHPENZIMEVE.pdf\">RELACION I KOMISIONIT TE EKONOMISE MBI RAPORTIN E TE ARDHURAVE DHE SHPENZIMEVE<\/a><\/p>\n<p><a href=\"http:\/\/209.95.59.218\/~bsh\/regjistribashkiafushearrez\/wp-content\/uploads\/2026\/04\/RELACION-I-KOMISIONIT-TE-EKONOMISE-MBI-RAPORTIN-E-VEPRIMTARISE-DHE-VENDIMMARRJES-SE-KB-PER-VITIN-2025.pdf\">RELACION I KOMISIONIT TE EKONOMISE MBI RAPORTIN E VEPRIMTARISE DHE VENDIMMARRJES SE KB PER VITIN 2025<\/a><\/p>\n<p><a href=\"http:\/\/209.95.59.218\/~bsh\/regjistribashkiafushearrez\/wp-content\/uploads\/2026\/04\/RELACION-I-KOMISIONIT-TE-EKONOMISE-MBI-TAVANET-BUXHETORE-2027-2029.pdf\">RELACION I KOMISIONIT TE EKONOMISE MBI TAVANET BUXHETORE 2027-2029<\/a><\/p>\n<p>Shkurt 2026<\/p>\n<p><a href=\"http:\/\/209.95.59.218\/~bsh\/regjistribashkiafushearrez\/wp-content\/uploads\/2026\/03\/Raport-Vendimmarrje-Relacion-i-Komis.-te-Mireqenies-Sociale-mbi-6-e-Janarit-2026.pdf\">Raport Vendimmarrje &amp; Relacion i Komis. te Mireqenies Sociale mbi 6 % e Janarit 2026<\/a><\/p>\n<p><a href=\"http:\/\/209.95.59.218\/~bsh\/regjistribashkiafushearrez\/wp-content\/uploads\/2026\/03\/Raport-Vendimmarrje-Relacion-i-Komis.-te-Ekonomise-mbi-P-Vendimin-per-disa-shtesa-ne-VKB-NR.47-DT.26.12.2026.pdf\">Raport Vendimmarrje &amp; Relacion i Komis. te Ekonomise mbi P-Vendimin per disa shtesa ne VKB NR.47, DT.26.12.2026<\/a><\/p>\n<p><a href=\"http:\/\/209.95.59.218\/~bsh\/regjistribashkiafushearrez\/wp-content\/uploads\/2026\/03\/Raport-Vendimmarrje-Relacion-i-Komis.-te-Ekonomise-mbi-P-Vendimin-per-disa-ndryshime-ne-VKB-Nr.-43-date-26.12.2026.pdf\">Raport Vendimmarrje &amp; Relacion i Komis. te Ekonomise mbi P-Vendimin per disa ndryshime ne VKB Nr. 43, dat\u00eb 26.12.2026<\/a><\/p>\n<p><a href=\"http:\/\/209.95.59.218\/~bsh\/regjistribashkiafushearrez\/wp-content\/uploads\/2026\/03\/Raport-Vendimmarrje-Relacion-i-Komis.-te-Bujqesise-mbi-Rishqyrtimin-e-Vendimit-Nr.50-dt.26.12.2026.pdf\">Raport Vendimmarrje &amp; Relacion i Komis. te Bujqesise mbi Rishqyrtimin e Vendimit Nr.50, dt.26.12.2026<\/a><\/p>\n<p>Janar 2026<\/p>\n<p><a href=\"http:\/\/209.95.59.218\/~bsh\/regjistribashkiafushearrez\/wp-content\/uploads\/2026\/02\/Raport-Relacion-mbi-Kriteret-e-perfitimit-te-6-per-vitin-2026.pdf\">Raport &amp; Relacion i\u00a0<\/a><a href=\"http:\/\/209.95.59.218\/~bsh\/regjistribashkiafushearrez\/wp-content\/uploads\/2026\/02\/Raport-Relacion-I-Komisonit-te-Perhershem-te-Mireqenies-Sociale-Barazise-Gjinore-Mosdiskriminimit-mbi-6-e-Dhjetorit-2025.pdf\"> Komisonit t\u00eb P\u00ebrhersh\u00ebm t\u00eb Mir\u00ebqenies Sociale Barazis\u00eb Gjinore Mosdiskriminimit <\/a><a href=\"http:\/\/209.95.59.218\/~bsh\/regjistribashkiafushearrez\/wp-content\/uploads\/2026\/02\/Raport-Relacion-mbi-Kriteret-e-perfitimit-te-6-per-vitin-2026.pdf\">mbi Kriteret e perfitimit te 6 % per vitin 2026<\/a><\/p>\n<p><a href=\"http:\/\/209.95.59.218\/~bsh\/regjistribashkiafushearrez\/wp-content\/uploads\/2026\/02\/Raport-Relacion-mbi-nje-shtese-ne-Vendimin-nr.-48-date-26.12.2025-Bursat-2025-2026.pdf\">Raport &amp; Relacion <\/a><a href=\"http:\/\/209.95.59.218\/~bsh\/regjistribashkiafushearrez\/wp-content\/uploads\/2026\/01\/Raport-Vendimmarrje-Relacion-i-Komis.-Arsimit-mbi-Projekvendimin-per-Bursat-2025-2026.pdf\">i Komisionit te Arsimit <\/a><a href=\"http:\/\/209.95.59.218\/~bsh\/regjistribashkiafushearrez\/wp-content\/uploads\/2026\/02\/Raport-Relacion-mbi-nje-shtese-ne-Vendimin-nr.-48-date-26.12.2025-Bursat-2025-2026.pdf\">mbi nje shtese ne Vendimin nr. 48, date 26.12.2025 Bursat 2025-2026<\/a><\/p>\n<p><a href=\"http:\/\/209.95.59.218\/~bsh\/regjistribashkiafushearrez\/wp-content\/uploads\/2026\/02\/Raport-Relacion-I-Komisonit-te-Perhershem-te-Mireqenies-Sociale-Barazise-Gjinore-Mosdiskriminimit-mbi-6-e-Dhjetorit-2025.pdf\">Raport &amp; Relacion I Komisonit t\u00eb P\u00ebrhersh\u00ebm t\u00eb Mir\u00ebqenies Sociale Barazis\u00eb Gjinore Mosdiskriminimit mbi 6% e Dhjetorit 2025<\/a><\/p>\n<p>Dhjetor 2025<\/p>\n<p><a href=\"http:\/\/209.95.59.218\/~bsh\/regjistribashkiafushearrez\/wp-content\/uploads\/2026\/01\/Raport-Vendimmarrje-Relacion-i-Komis.-Arsimit-mbi-Projekvendimin-per-Bursat-2025-2026.pdf\">Raport Vendimmarrje &amp; Relacion i Komis. Arsimit mbi Projekvendimin p\u00ebr Bursat 2025-2026<\/a><\/p>\n<p><a href=\"http:\/\/209.95.59.218\/~bsh\/regjistribashkiafushearrez\/wp-content\/uploads\/2026\/01\/Raport-Vendimmarrje-Relacion-i-Komis.-Bujq.-e-Pyjeve-mbi-Projekvendimin-per-Mbareshtimin-e-pyjeve-Dardhe-Qebik.pdf\">Raport Vendimmarrje &amp; Relacion i Komis. Bujq. e Pyjeve mbi Projekvendimin p\u00ebr Mbareshtimin e pyjeve Dardhe-Qebik<\/a><\/p>\n<p><a href=\"http:\/\/209.95.59.218\/~bsh\/regjistribashkiafushearrez\/wp-content\/uploads\/2026\/01\/Raport-Vendimmarrje-Relacion-i-Komis.-Bujq.-e-Pyjeve-mbi-Projekvendimin-per-Energj.-e-Rinovueshme.pdf\">Raport Vendimmarrje &amp; Relacion i Komis. Bujq. e Pyjeve mbi Projekvendimin p\u00ebr Energj. e Rinovueshme<\/a><\/p>\n<p><a href=\"http:\/\/209.95.59.218\/~bsh\/regjistribashkiafushearrez\/wp-content\/uploads\/2026\/01\/Raport-Vendimmarrje-Relacion-i-Komis.-Ekonomise-mbi-Projekvendimin-per-Buxhetin-2026.pdf\">Raport Vendimmarrje &amp; Relacion i Komis. Ekonomis\u00eb mbi Projekvendimin p\u00ebr Buxhetin 2026<\/a><\/p>\n<p><a href=\"http:\/\/209.95.59.218\/~bsh\/regjistribashkiafushearrez\/wp-content\/uploads\/2026\/01\/Raport-Vendimmarrje-Relacion-i-Komis.-Ekonomise-mbi-Projekvendimin-per-Nivelin-e-pagave-2026.pdf\">Raport Vendimmarrje &amp; Relacion i Komis. Ekonomis\u00eb mbi Projekvendimin p\u00ebr Nivelin e pagave 2026<\/a><\/p>\n<p><a href=\"http:\/\/209.95.59.218\/~bsh\/regjistribashkiafushearrez\/wp-content\/uploads\/2026\/01\/Raport-Vendimmarrje-Relacion-i-Komis.-Ekonomise-mbi-Projekvendimin-per-Paketen-Fiskale-2026.pdf\">Raport Vendimmarrje &amp; Relacion i Komis. Ekonomis\u00eb mbi Projekvendimin p\u00ebr Paketen Fiskale 2026<\/a><\/p>\n<p><a href=\"http:\/\/209.95.59.218\/~bsh\/regjistribashkiafushearrez\/wp-content\/uploads\/2026\/01\/Raport-Vendimmarrje-Relacion-i-Komis.-Ekonomise-mbi-Projekvendimin-per-Prioritetet-2026.pdf\">Raport Vendimmarrje &amp; Relacion i Komis. Ekonomis\u00eb mbi Projekvendimin p\u00ebr Prioritetet 2026<\/a><\/p>\n<p><a href=\"http:\/\/209.95.59.218\/~bsh\/regjistribashkiafushearrez\/wp-content\/uploads\/2026\/01\/Raport-Vendimmarrje-Relacion-i-Komis.-Mireq.-Soc.-mbi-Projekvendimin-per-6-Nentor-2025.pdf\">Raport Vendimmarrje &amp; Relacion i Komis. Mireq. Soc. mbi Projekvendimin p\u00ebr 6% Nentor 2025<\/a><\/p>\n<p><a href=\"http:\/\/209.95.59.218\/~bsh\/regjistribashkiafushearrez\/wp-content\/uploads\/2026\/01\/Relacione-te-Komis.-Keshillimor-dhe-Komis.-te-Dhenies-Titujve-mbi-Dhenien-e-titullit-Q.-Nderi-Kol-Toplana.pdf\">Relacione te Komis. Keshillimor dhe Komis. te Dhenies Titujve mbi Dhenien e titullit Q. Nderi Kol Toplana<\/a><\/p>\n<p><a href=\"http:\/\/209.95.59.218\/~bsh\/regjistribashkiafushearrez\/wp-content\/uploads\/2026\/01\/Raport-Vendimmarrje-Relacion-i-Komis.-Ekonomise-mbi-Projekvendimin-per-Pl.-e-Akt.-te-KB-Buxheti-i-KB-2026.pdf\">Raport Vendimmarrje &amp; Relacion i Komis. Ekonomis\u00eb mbi Projekvendimin p\u00ebr Pl. e Akt. te KB &amp; Buxheti i KB 2026<\/a><\/p>\n<p>N\u00ebntor 2025<\/p>\n<p><a href=\"http:\/\/209.95.59.218\/~bsh\/regjistribashkiafushearrez\/wp-content\/uploads\/2025\/12\/Raport-Relacion-I-Komis-Mireq-Soc-Per-6-e-Tetorit-2025.pdf\">Raport &amp; Relacion I Komisionit t\u00eb Mir\u00ebq\u00ebnies Sociale p\u00ebr 6% e muajit Tetor 2025<\/a><\/p>\n<p>Tetor 2025 2<\/p>\n<p><a href=\"http:\/\/Raport &amp; Relacion I Komisonit t\u00eb P\u00ebrhersh\u00ebm t\u00eb Mir\u00ebqenies Sociale Barazis\u00eb Gjinore Mosdiskriminimit mbi 6_ e Gushtit 2025\">Raport &amp; Relacion i Komisonit t\u00eb P\u00ebrhersh\u00ebm t\u00eb Mir\u00ebqenies Sociale Barazis\u00eb Gjinore Mosdiskriminimit mbi 6% e Shtatorit 2025<\/a><\/p>\n<p>Tetor 2025<\/p>\n<p><a href=\"http:\/\/209.95.59.218\/~bsh\/regjistribashkiafushearrez\/wp-content\/uploads\/2025\/10\/Raport-Vendimmarrje-Relacioni-i-Komisionit-te\u0308-KB-pe\u0308r-Ekonomi-e-Finance\u0308-1025.pdf\">Raport Vendimmarrje &amp; Relacioni i Komisionit te\u0308 KB pe\u0308r Ekonomi e Finance\u0308 1025<\/a><\/p>\n<p>Shtator 2025<\/p>\n<p><a href=\"http:\/\/209.95.59.218\/~bsh\/regjistribashkiafushearrez\/wp-content\/uploads\/2025\/10\/Raport-Relacion-I-Komisonit-te-Perhershem-te-Mireqenies-Sociale-Barazise-Gjinore-Mosdiskriminimit-mbi-6_-e-Gushtit-2025.pdf\">Raport &amp; Relacion I Komisonit t\u00eb P\u00ebrhersh\u00ebm t\u00eb Mir\u00ebqenies Sociale Barazis\u00eb Gjinore Mosdiskriminimit mbi 6_ e Gushtit 2025<\/a><\/p>\n<p><a href=\"http:\/\/209.95.59.218\/~bsh\/regjistribashkiafushearrez\/wp-content\/uploads\/2025\/10\/Raport-Relacion-i-Komisonit-te-Perhershem-per-Ekonomi-dhe-Finance-mbi-PBA-Faza-II-2026-2028.pdf\">Raport &amp; Relacion i Komisonit t\u00eb P\u00ebrhersh\u00ebm p\u00ebr Ekonomi dhe Financ\u00eb mbi PBA Faza II 2026-2028<\/a><\/p>\n<p>Gusht 2025<\/p>\n<p><a href=\"http:\/\/209.95.59.218\/~bsh\/regjistribashkiafushearrez\/wp-content\/uploads\/2025\/09\/Raport-Vendimmarrje-Relacion-I-Komis-Mireq-Soc-Mbi-Projektvendimin-Per-6-Te-Nd-.Ekonomike_compressed-1.pdf\">Raport Vendimmarrje &amp; Relacion I Komis Mir\u00ebq Soc Mbi Projektvendimin P\u00ebr 6 T\u00eb Nd .Ekonomike<\/a><\/p>\n<p><a href=\"http:\/\/209.95.59.218\/~bsh\/regjistribashkiafushearrez\/wp-content\/uploads\/2025\/09\/Raport-Vendimmarrje-Mbi-Pvendimin-Per-TALGA_compressed.pdf\">Raport Vendimmarrje Mbi Pvendimin P\u00ebr TALGA<\/a><\/p>\n<p><a href=\"http:\/\/209.95.59.218\/~bsh\/regjistribashkiafushearrez\/wp-content\/uploads\/2025\/09\/Raport-Vendimmarrje-Relacion-I-Komis-Mireq-Soc-Mbi-Projektvendimin-E-Planit-Social-Te-Bashkise-2025-2028.pdf\">Raport Vendimmarrje &amp; Relacion I Komis Mir\u00ebq Soc mbi Planin social\u00a0<\/a><\/p>\n<p><a href=\"http:\/\/209.95.59.218\/~bsh\/regjistribashkiafushearrez\/wp-content\/uploads\/2025\/09\/Relacion-I-Komis-Te-Sherbimeve-Publike-Mbi-PVendimin-E-Planit-Per-Menaxh-E-Mbetjeve-2025-2030.pdf\">Relacion I Komis T\u00eb Sh\u00ebrbimeve Publike Mbi PVendimin E Planit P\u00ebr Menaxh E Mbetjeve 2025-2030<\/a><\/p>\n<p><a href=\"http:\/\/209.95.59.218\/~bsh\/regjistribashkiafushearrez\/wp-content\/uploads\/2025\/09\/Raport-Vendimmarrje-Relacion-I-Komis-Per-Pl-E-Barazise-Gjinore-2025-2027.pdf\">Raport Vendimmarrje &amp; Relacion I Komis P\u00ebr Pl E Barazis\u00eb Gjinore 2025-2027<\/a><\/p>\n<p><a href=\"http:\/\/209.95.59.218\/~bsh\/regjistribashkiafushearrez\/wp-content\/uploads\/2025\/09\/Raport-Vendimmarrje-Relacion-I-Komis-Mireq-Soc-Mbi-Projektvendimin-Per-Planin-E-Migracionit-Dhe-Diaspores-2025-2028.pdf\">Raport Vendimmarrje &amp; Relacion I Komis Mir\u00ebq Soc Mbi Projektvendimin P\u00ebr Planin E Migracionit Dhe Diaspor\u00ebs 2025-2028<\/a><\/p>\n<p><a href=\"http:\/\/209.95.59.218\/~bsh\/regjistribashkiafushearrez\/wp-content\/uploads\/2025\/09\/Raport-Vendimmarrje-Relacion-I-Komis-Mireq-Soc-Mbi-Projektvendimin-Per-Planin-E-Arsimit-Parauniversitar-2925-2028.pdf\">Raport Vendimmarrje &amp; Relacion I Komis Mir\u00ebq Soc Mbi Projektvendimin P\u00ebr Planin E Arsimit Parauniversitar 2925-2028<\/a><\/p>\n<p><a href=\"http:\/\/209.95.59.218\/~bsh\/regjistribashkiafushearrez\/wp-content\/uploads\/2025\/09\/Relacion-I-Komis-Te-Ekonomise-Mbi-Pvendimin-Per-Tavanet-Perfund-Te-Buxhetit-2026-2028_compressed.pdf\">Relacion I Komis T\u00eb Ekonomis\u00eb Mbi Pvendimin P\u00ebr Tavanet P\u00ebrfund T\u00eb Buxhetit 2026-2028<\/a><\/p>\n<p>Korrik 2025<\/p>\n<p><a href=\"http:\/\/209.95.59.218\/~bsh\/regjistribashkiafushearrez\/wp-content\/uploads\/2025\/08\/Raporti-Relac-I-Komis-Ekonomi-E-Finance-Per-Tavanet-Buxhet-Perfundimtare-Korrik-2025.pdf\" target=\"_blank\" rel=\"noopener noreferrer\">Raport Vendimmarrje &amp; Relacioni i Komisionit Ekonomi e Financ\u00eb p\u00ebr Tavanet Buxhetore P\u00ebrfundimtare 0725<\/a><\/p>\n<p><a href=\"http:\/\/209.95.59.218\/~bsh\/regjistribashkiafushearrez\/wp-content\/uploads\/2025\/08\/Raporti-Relacioni-I-Komis-Mireq-Soc-Dt-29.07.2025.pdf\" target=\"_blank\" rel=\"noopener noreferrer\">Raport Vendimmarrje &amp; Relacioni Shpjegues i Komisionit Mir\u00ebqenies Sociale Barazis\u00eb Gjinore Mosdiskriminimit KB Fush\u00eb Arr\u00ebz 0725<\/a><\/p>\n<p>Qershor 2025 2<\/p>\n<p><a href=\"http:\/\/209.95.59.218\/~bsh\/regjistribashkiafushearrez\/wp-content\/uploads\/2025\/07\/Raport-Vendimmarrje-Relacioni-Shpjegues-i-komisionit-Mireqenies-Sociale-Barazise-Gjinore-Mosdiskriminimit-KB-Fushe-Arrez-0625.pdf\">Raport Vendimmarrje &amp; Relacioni Shpjegues i Komisionit Mir\u00ebqenies Sociale Barazis\u00eb Gjinore Mosdiskriminimit KB Fush\u00eb Arr\u00ebz 0625<\/a><\/p>\n<p><a href=\"http:\/\/209.95.59.218\/~bsh\/regjistribashkiafushearrez\/wp-content\/uploads\/2025\/07\/Raport-Vendimmarrje-Relacion-I-Komisionit-Ekonomi-dhe-Finance-PBA-0625.pdf\">Raport Vendimmarrje &amp; Relacion i Komisionit Ekonomi dhe Finance PBA 0625<\/a><\/p>\n<p><a href=\"http:\/\/209.95.59.218\/~bsh\/regjistribashkiafushearrez\/wp-content\/uploads\/2025\/07\/Raport-Relacion-I-Komis-Pyjeve-E-Bujq-Kanali-Per-Uji-Puka-shpk_compressed.pdf\">Raport &amp; Relacion I Komis Pyjeve E Bujq Kanali P\u00ebr Uji Puka shpk 0625<\/a><\/p>\n<p>Qershor 2025 1<\/p>\n<p><a href=\"http:\/\/209.95.59.218\/~bsh\/regjistribashkiafushearrez\/wp-content\/uploads\/2025\/07\/Raport-Relacion-Komisionit-e-Ekonomi-dhe-Finance\u0308-Shtesat-Ne\u0308-Vendimin-64-Pe\u0308r-Buxhetin-0625.pdf\">Raport &amp; Relacion i Komisionit e Ekonomi dhe Finance\u0308 Shtesat Ne\u0308 Vendimin 64 Pe\u0308r Buxhetin 0625<\/a><\/p>\n<p><a href=\"http:\/\/209.95.59.218\/~bsh\/regjistribashkiafushearrez\/wp-content\/uploads\/2025\/07\/Raporti-i-Komisionit-Ekonomise-Finance-Buxhetit-Mbikqyrjes-Financiare-Planifikimit-te-Zhvillimit-Strategjik-KB-Fushe-Arrez-0625.pdf\">Raporti i Komisionit Ekonomise Finance Buxhetit Mbikqyrjes Financiare Planifikimit te Zhvillimit Strategjik KB Fushe Arrez 0625<\/a><\/p>\n<p>Maj 2025<\/p>\n<p><a href=\"http:\/\/209.95.59.218\/~bsh\/regjistribashkiafushearrez\/wp-content\/uploads\/2025\/06\/Raporti-i-komisionit-Mireqenies-Sociale-Barazise-Gjinore-Mosdiskriminimit-KB-Fushe-Arrez-0525.pdf\">Raporti i komisionit Mir\u00ebqenies Sociale Barazis\u00eb Gjinore Mosdiskriminimit KB Fush\u00eb Arr\u00ebz 0525<\/a><\/p>\n<p>Prill 2025<\/p>\n<p><a href=\"http:\/\/209.95.59.218\/~bsh\/regjistribashkiafushearrez\/wp-content\/uploads\/2025\/05\/Raporti-i-Komisionit-Ceshtjeve-Sociale-dhe-barazise-gjinore-KB-Fushe-Arrez-0425_compressed.pdf\">Raporti i Komisionit Ceshtjeve Sociale dhe barazise gjinore KB Fushe Arrez 0425<\/a><\/p>\n<p><a href=\"http:\/\/209.95.59.218\/~bsh\/regjistribashkiafushearrez\/wp-content\/uploads\/2025\/05\/Raporti-i-Komisionit-te-Zhvillimit-territorit-Sherbimeve-publike-dhe-Strehimit-0425.pdf\">Raporti i Komisionit te Zhvillimit territorit, Sherbimeve publike dhe Strehimit 0425<\/a><\/p>\n<p>Mars 2025<\/p>\n<p><a href=\"http:\/\/209.95.59.218\/~bsh\/regjistribashkiafushearrez\/wp-content\/uploads\/2025\/04\/Raporti-i-Komisonit-te-Ekonomise-dhe-Finances-0325.pdf\">Raporti i Komisonit te Ekonomise dhe Financ\u00ebs 0325 <\/a><\/p>\n<p><a href=\"http:\/\/209.95.59.218\/~bsh\/regjistribashkiafushearrez\/wp-content\/uploads\/2025\/04\/Raporti-i-Komisionit-Ceshtjeve-Sociale-dhe-barazise-gjinore-KB-Fushe-Arrez-0325.pdf\">Raporti i Komisionit MIr\u00ebqenies Sociale Barazis\u00eb Gjinore Mosdiskriminimit KB Fushe Arrez 0325 <\/a><\/p>\n<p><a href=\"http:\/\/209.95.59.218\/~bsh\/regjistribashkiafushearrez\/wp-content\/uploads\/2025\/04\/Raporti-i-Komisonit-te-Pyjeve-Bujqesise-Menaxhimit-te-Ujerave-Turizmit-dhe-Mbrojtjes-se-Mjedisit-0325.pdf\">Raporti i Komisonit te Pyjeve Bujq\u00ebsis\u00eb Menaxhimit t\u00eb Uj\u00ebrave Turizmit dhe Mbrojtjes s\u00eb Mjedisit 0325<\/a><\/p>\n<p>Shkurt 2025<\/p>\n<p><a href=\"http:\/\/209.95.59.218\/~bsh\/regjistribashkiafushearrez\/wp-content\/uploads\/2025\/03\/Raporti-i-komisionit-Mireqenies-Sociale-Barazise-Gjinore-Mosdiskriminimit-KB-Fushe-Arrez-0225.pdf\">Raporti i Komisionit Mir\u00ebqenies Sociale Barazis\u00eb Gjinore Mosdiskriminimit KB Fush\u00eb Arr\u00ebz 0225<\/a><\/p>\n<p>Janar 2025<\/p>\n<p><a href=\"http:\/\/209.95.59.218\/~bsh\/regjistribashkiafushearrez\/wp-content\/uploads\/2025\/03\/Raporti-i-Ekonomise-Finance-Buxhetit-Mbikqyrjes-Financiare-Planifikimit-te-Zhvillimit-Strategjik-KB-Fushe-Arrez-0125.pdf\">Raporti i Ekonomise Finance Buxhetit Mbikqyrjes Financiare Planifikimit te Zhvillimit Strategjik KB Fushe Arrez 0125<\/a><\/p>\n<p><a href=\"http:\/\/209.95.59.218\/~bsh\/regjistribashkiafushearrez\/wp-content\/uploads\/2025\/03\/Raporti-i-komisionit-Mireqenies-Sociale-Barazise-Gjinore-Mosdiskriminimit-KB-Fushe-Arrez-0125.pdf\">Raporti i komisionit Mir\u00ebqenies Sociale Barazis\u00eb Gjinore Mosdiskriminimit KB Fush\u00eb Arr\u00ebz 0125 1<\/a><\/p>\n<p><a href=\"http:\/\/209.95.59.218\/~bsh\/regjistribashkiafushearrez\/wp-content\/uploads\/2025\/03\/Raporti-i-komisionit-Mireqenies-Sociale-Barazise-Gjinore-Mosdiskriminimit-KB-Fushe-Arrez-0125-2.pdf\">Raporti i komisionit Mir\u00ebqenies Sociale Barazis\u00eb Gjinore Mosdiskriminimit KB Fush\u00eb Arr\u00ebz 0125 2<\/a><\/p>\n<p><a href=\"http:\/\/209.95.59.218\/~bsh\/regjistribashkiafushearrez\/wp-content\/uploads\/2025\/03\/Raporti-i-komisionit-Mireqenies-Sociale-Barazise-Gjinore-Mosdiskriminimit-KB-Fushe-Arrez-0125-3.pdf\">Raporti i komisionit Mir\u00ebqenies Sociale Barazis\u00eb Gjinore Mosdiskriminimit KB Fush\u00eb Arr\u00ebz 0125 3<\/a><\/p>\n<p><a href=\"http:\/\/209.95.59.218\/~bsh\/regjistribashkiafushearrez\/wp-content\/uploads\/2025\/03\/Raporti-i-komisionit-Mireqenies-Sociale-Barazise-Gjinore-Mosdiskriminimit-KB-Fushe-Arrez-0125-4.pdf\">Raporti i komisionit Mir\u00ebqenies Sociale Barazis\u00eb Gjinore Mosdiskriminimit KB Fush\u00eb Arr\u00ebz 0125 4<\/a><\/p>\n<p>_____________________________________________________________________________________________________________<\/p>\n<p><a href=\"http:\/\/209.95.59.218\/~bsh\/regjistribashkiafushearrez\/wp-content\/uploads\/2025\/03\/Raporti-i-Komisionit-te-Arsimit-per-Buxhetin-2025.pdf\">Raporti i Komisionit te Arsimit per Buxhetin 2025\u00a0 KB Fushe Arrez 1224<\/a><\/p>\n<p><a href=\"http:\/\/209.95.59.218\/~bsh\/regjistribashkiafushearrez\/wp-content\/uploads\/2025\/03\/Raporti-i-Komisionit-Sherbimi-pyjor-kullota-per-Buxhetin-2025.pdf\">Raporti i Komisionit Sherbimi pyjor kullota per Buxhetin 2025 <\/a><a href=\"http:\/\/209.95.59.218\/~bsh\/regjistribashkiafushearrez\/wp-content\/uploads\/2025\/03\/Raporti-i-Komisionit-te-Arsimit-per-Buxhetin-2025.pdf\">KB Fushe Arrez 1224<\/a><\/p>\n<p><a href=\"http:\/\/209.95.59.218\/~bsh\/regjistribashkiafushearrez\/wp-content\/uploads\/2025\/03\/Raporti-i-Komisionit-Sherbimeve-publike-per-Buxhetin-2025.pdf\">Raporti i Komisionit Sherbimeve publike per Buxhetin 2025 <\/a><a href=\"http:\/\/209.95.59.218\/~bsh\/regjistribashkiafushearrez\/wp-content\/uploads\/2025\/03\/Raporti-i-Komisionit-te-Arsimit-per-Buxhetin-2025.pdf\">KB Fushe Arrez 1224<\/a><\/p>\n<p><a href=\"http:\/\/209.95.59.218\/~bsh\/regjistribashkiafushearrez\/wp-content\/uploads\/2025\/03\/Raporti-i-Komisionit-Juridik-Mandateve-per-Buxhetin-2025.pdf\">Raporti i Komisionit Juridik Mandateve per Buxhetin 2025 <\/a><a href=\"http:\/\/209.95.59.218\/~bsh\/regjistribashkiafushearrez\/wp-content\/uploads\/2025\/03\/Raporti-i-Komisionit-te-Arsimit-per-Buxhetin-2025.pdf\">KB Fushe Arrez 1224<\/a><\/p>\n<p><a href=\"http:\/\/209.95.59.218\/~bsh\/regjistribashkiafushearrez\/wp-content\/uploads\/2025\/03\/Raporti-i-Komisionit-Ekonomi-Finance-per-Buxhetin-2025.pdf\">Raporti i Komisionit Ekonomi Finance per Buxhetin 2025 <\/a><a href=\"http:\/\/209.95.59.218\/~bsh\/regjistribashkiafushearrez\/wp-content\/uploads\/2025\/03\/Raporti-i-Komisionit-te-Arsimit-per-Buxhetin-2025.pdf\">KB Fushe Arrez 1224<\/a><\/p>\n<p><a href=\"http:\/\/209.95.59.218\/~bsh\/regjistribashkiafushearrez\/wp-content\/uploads\/2025\/03\/Raporti-i-Komisionit-Ceshtjeve-Sociale-per-Buxhetin-2025.pdf\">Raporti i Komisionit Ceshtjeve Sociale per Buxhetin 2025<\/a><a href=\"http:\/\/209.95.59.218\/~bsh\/regjistribashkiafushearrez\/wp-content\/uploads\/2025\/03\/Raporti-i-Komisionit-te-Arsimit-per-Buxhetin-2025.pdf\">KB Fushe Arrez 1224<\/a><\/p>\n","protected":false},"excerpt":{"rendered":"<p>Mars 2026 RELACION I KOMISIONIT TE BUJQESISE E PYJEVE MBI PLANIN E MASAVE KUNDER ZJARRIT PER 2026 RELACION I KOMISIONIT MIREQENIES SOCIALE PER 6% E SHKURTIT 2026 RELACION I KOMISIONIT TE EKONOMISE MBI NIVELIN E PAGAVE TE ARSIMIT BAZE, KOPSHT, QKF RELACION I KOMISIONIT TE EKONOMISE MBI RAPORTIN E TE ARDHURAVE DHE SHPENZIMEVE RELACION I [&hellip;]<\/p>\n","protected":false},"author":1,"featured_media":0,"parent":1763,"menu_order":0,"comment_status":"closed","ping_status":"closed","template":"","meta":[],"_links":{"self":[{"href":"http:\/\/209.95.59.218\/~bsh\/regjistribashkiafushearrez\/index.php?rest_route=\/wp\/v2\/pages\/1762"}],"collection":[{"href":"http:\/\/209.95.59.218\/~bsh\/regjistribashkiafushearrez\/index.php?rest_route=\/wp\/v2\/pages"}],"about":[{"href":"http:\/\/209.95.59.218\/~bsh\/regjistribashkiafushearrez\/index.php?rest_route=\/wp\/v2\/types\/page"}],"author":[{"embeddable":true,"href":"http:\/\/209.95.59.218\/~bsh\/regjistribashkiafushearrez\/index.php?rest_route=\/wp\/v2\/users\/1"}],"replies":[{"embeddable":true,"href":"http:\/\/209.95.59.218\/~bsh\/regjistribashkiafushearrez\/index.php?rest_route=%2Fwp%2Fv2%2Fcomments&post=1762"}],"version-history":[{"count":26,"href":"http:\/\/209.95.59.218\/~bsh\/regjistribashkiafushearrez\/index.php?rest_route=\/wp\/v2\/pages\/1762\/revisions"}],"predecessor-version":[{"id":2742,"href":"http:\/\/209.95.59.218\/~bsh\/regjistribashkiafushearrez\/index.php?rest_route=\/wp\/v2\/pages\/1762\/revisions\/2742"}],"up":[{"embeddable":true,"href":"http:\/\/209.95.59.218\/~bsh\/regjistribashkiafushearrez\/index.php?rest_route=\/wp\/v2\/pages\/1763"}],"wp:attachment":[{"href":"http:\/\/209.95.59.218\/~bsh\/regjistribashkiafushearrez\/index.php?rest_route=%2Fwp%2Fv2%2Fmedia&parent=1762"}],"curies":[{"name":"wp","href":"https:\/\/api.w.org\/{rel}","templated":true}]}}