{"id":1726,"date":"2025-02-27T13:20:55","date_gmt":"2025-02-27T12:20:55","guid":{"rendered":"http:\/\/209.95.59.218\/~bsh\/regjistribashkiafushearrez\/?page_id=1726"},"modified":"2025-02-27T19:58:07","modified_gmt":"2025-02-27T18:58:07","slug":"projekt-vendimet-e-mbledhjes-se-keshillit-bashkiak-shkurt-2025","status":"publish","type":"page","link":"http:\/\/209.95.59.218\/~bsh\/regjistribashkiafushearrez\/?page_id=1726","title":{"rendered":"Projekt vendimet e Mbledhjes s\u00eb K\u00ebshillit Bashkiak Shkurt 2025"},"content":{"rendered":"<p><a href=\"http:\/\/209.95.59.218\/~bsh\/regjistribashkiafushearrez\/wp-content\/uploads\/2025\/02\/Projekt-vendim-mbi-fondin-e-kushtezuar-te-ndihmes-ekonomike-janar-2025.pdf\">Projekt vendim mbi fondin e kushtezuar te ndihmes ekonomike janar 2025<\/a><\/p>\n<p><a href=\"http:\/\/209.95.59.218\/~bsh\/regjistribashkiafushearrez\/wp-content\/uploads\/2025\/02\/Raporti-vjetor-i-monitormit-te-zbatimit-te-buxhetit-per-vitin-2024-Bashkia-Fushe-Arrez.pdf\">Raport monitorimit dhe zbatimit t\u00eb buxhetit t\u00eb Bashkis\u00eb Fush\u00eb-Arr\u00ebz p\u00ebr periudh\u00ebn Shtator-Dhjetor 2024<\/a><\/p>\n<p><a href=\"http:\/\/209.95.59.218\/~bsh\/regjistribashkiafushearrez\/wp-content\/uploads\/2025\/02\/Projekt-vendim-per-dhenie-titull-nderi.pdf\">Projekt vendim per dhenie titull nderi<\/a><\/p>\n<p><a href=\"http:\/\/209.95.59.218\/~bsh\/regjistribashkiafushearrez\/wp-content\/uploads\/2025\/02\/Raporti-vjetor-i-punes-se-Keshillit-Bashkiak-Fushe-Arrez-2024.pdf\">Raporti vjetor i punes se Keshillit Bashkiak Fushe Arrez 2024<\/a><\/p>\n","protected":false},"excerpt":{"rendered":"<p>Projekt vendim mbi fondin e kushtezuar te ndihmes ekonomike janar 2025 Raport monitorimit dhe zbatimit t\u00eb buxhetit t\u00eb Bashkis\u00eb Fush\u00eb-Arr\u00ebz p\u00ebr periudh\u00ebn Shtator-Dhjetor 2024 Projekt vendim per dhenie titull nderi Raporti vjetor i punes se Keshillit Bashkiak Fushe Arrez 2024<\/p>\n","protected":false},"author":1,"featured_media":0,"parent":1336,"menu_order":0,"comment_status":"closed","ping_status":"closed","template":"","meta":[],"_links":{"self":[{"href":"http:\/\/209.95.59.218\/~bsh\/regjistribashkiafushearrez\/index.php?rest_route=\/wp\/v2\/pages\/1726"}],"collection":[{"href":"http:\/\/209.95.59.218\/~bsh\/regjistribashkiafushearrez\/index.php?rest_route=\/wp\/v2\/pages"}],"about":[{"href":"http:\/\/209.95.59.218\/~bsh\/regjistribashkiafushearrez\/index.php?rest_route=\/wp\/v2\/types\/page"}],"author":[{"embeddable":true,"href":"http:\/\/209.95.59.218\/~bsh\/regjistribashkiafushearrez\/index.php?rest_route=\/wp\/v2\/users\/1"}],"replies":[{"embeddable":true,"href":"http:\/\/209.95.59.218\/~bsh\/regjistribashkiafushearrez\/index.php?rest_route=%2Fwp%2Fv2%2Fcomments&post=1726"}],"version-history":[{"count":2,"href":"http:\/\/209.95.59.218\/~bsh\/regjistribashkiafushearrez\/index.php?rest_route=\/wp\/v2\/pages\/1726\/revisions"}],"predecessor-version":[{"id":1758,"href":"http:\/\/209.95.59.218\/~bsh\/regjistribashkiafushearrez\/index.php?rest_route=\/wp\/v2\/pages\/1726\/revisions\/1758"}],"up":[{"embeddable":true,"href":"http:\/\/209.95.59.218\/~bsh\/regjistribashkiafushearrez\/index.php?rest_route=\/wp\/v2\/pages\/1336"}],"wp:attachment":[{"href":"http:\/\/209.95.59.218\/~bsh\/regjistribashkiafushearrez\/index.php?rest_route=%2Fwp%2Fv2%2Fmedia&parent=1726"}],"curies":[{"name":"wp","href":"https:\/\/api.w.org\/{rel}","templated":true}]}}