{"id":1684,"date":"2025-01-24T11:41:49","date_gmt":"2025-01-24T10:41:49","guid":{"rendered":"http:\/\/209.95.59.218\/~bsh\/regjistribashkiafushearrez\/?page_id=1684"},"modified":"2025-03-28T10:45:45","modified_gmt":"2025-03-28T09:45:45","slug":"projekt-vendimet-e-mbledhjes-se-keshillit-bashkiak-janar-2025","status":"publish","type":"page","link":"http:\/\/209.95.59.218\/~bsh\/regjistribashkiafushearrez\/?page_id=1684","title":{"rendered":"Projekt vendimet e Mbledhjes s\u00eb K\u00ebshillit Bashkiak Janar 2025"},"content":{"rendered":"<ol>\n<li><span style=\"color: #000080;\"><a style=\"color: #000080;\" href=\"http:\/\/209.95.59.218\/~bsh\/regjistribashkiafushearrez\/wp-content\/uploads\/2025\/02\/Projektvendim-nr.-01.-date-17.01.2024-6-Dhjetor-2024.pdf\">Miratimi i Projektvendimit p\u00ebr\u00a0 list\u00ebn\u00a0 e\u00a0 p\u00ebrfituesve\u00a0 t\u00eb ndihm\u00ebs ekonomike nga fondi i kusht\u00ebzuar i bllok-ndihm\u00ebs ekonomike\u00a0 6 % p\u00ebr muajin Dhjetor 2024.<\/a><\/span><\/li>\n<li><span style=\"color: #000080;\"><a style=\"color: #000080;\" href=\"http:\/\/209.95.59.218\/~bsh\/regjistribashkiafushearrez\/wp-content\/uploads\/2025\/02\/Projektvendim-per-kriteret-e-ndihmes-ekonomike.pdf\">Miratimi i Kritereve p\u00ebr dh\u00ebnien e Ndihm\u00ebs Ekonomike duke p\u00ebrdorur deri n\u00eb 6% t\u00eb fondit<\/a><\/span><\/li>\n<li><span style=\"color: #000080;\"><a style=\"color: #000080;\" href=\"http:\/\/209.95.59.218\/~bsh\/regjistribashkiafushearrez\/wp-content\/uploads\/2024\/12\/Projekt-vendim-dhe-relacioni-Plani-i-Integritetit-Bashkia-Fushe-Arrez-2025-2027.pdf\">Miratimi i Projektvendimit p\u00ebr Planin e Integritetit t\u00eb Bashkis\u00eb Fush\u00eb-Arr\u00ebz p\u00ebr periudh\u00ebn 2025-2027.<\/a><\/span><\/li>\n<li><span style=\"color: #000080;\"><a style=\"color: #000080;\" href=\"http:\/\/209.95.59.218\/~bsh\/regjistribashkiafushearrez\/wp-content\/uploads\/2025\/03\/Per-miratimin-e-listes-subvencion-qeraje.pdf\">Miratimi i projektvendimit p\u00ebr miratimin e list\u00ebs em\u00ebrore t\u00eb p\u00ebrfituesve t\u00eb subvencionimit me qira.<\/a><\/span><\/li>\n<li><span style=\"color: #000080;\"><a style=\"color: #000080;\" href=\"http:\/\/209.95.59.218\/~bsh\/regjistribashkiafushearrez\/wp-content\/uploads\/2025\/02\/Projektvendim-nr.-01.-date-17.01.2024-6-Dhjetor-2024.pdf\">Miratimi i projektvendimit p\u00ebr miratimin e shum\u00ebs s\u00eb bashk\u00ebfinancimit subvencionimit me qira.<\/a><\/span><\/li>\n<li><span style=\"color: #000080;\"><a style=\"color: #000080;\" href=\"http:\/\/209.95.59.218\/~bsh\/regjistribashkiafushearrez\/wp-content\/uploads\/2025\/03\/per-caktimin-e-cmimit-te-qerase.pdf\">Miratimi i projektvendimit p\u00ebr miratimin e nivelit t\u00eb qirave p\u00ebr struktura t\u00eb ndryshme apartamenti.<\/a><\/span><\/li>\n<li><span style=\"color: #000080;\">Miratimi i projektvendimit p\u00ebr ngritjen e struktur\u00ebs p\u00ebr menaxhimin e strehimit social n\u00eb bashki.<\/span><\/li>\n<li><span style=\"color: #000080;\"><a style=\"color: #000080;\" href=\"http:\/\/209.95.59.218\/~bsh\/regjistribashkiafushearrez\/wp-content\/uploads\/2025\/03\/Per-miratimin-e-listes-se-personave-qe-do-te-perfitojne-banese.pdf\">Miratimi i projektvendimit p\u00ebr miratimin e listave em\u00ebrore t\u00eb p\u00ebrfituesve p\u00ebr p\u00ebrmir\u00ebsimin e banesave ekzistuese<\/a><\/span><\/li>\n<\/ol>\n\n\n<p><\/p>\n","protected":false},"excerpt":{"rendered":"<p>Miratimi i Projektvendimit p\u00ebr\u00a0 list\u00ebn\u00a0 e\u00a0 p\u00ebrfituesve\u00a0 t\u00eb ndihm\u00ebs ekonomike nga fondi i kusht\u00ebzuar i bllok-ndihm\u00ebs ekonomike\u00a0 6 % p\u00ebr muajin Dhjetor 2024. Miratimi i Kritereve p\u00ebr dh\u00ebnien e Ndihm\u00ebs Ekonomike duke p\u00ebrdorur deri n\u00eb 6% t\u00eb fondit Miratimi i Projektvendimit p\u00ebr Planin e Integritetit t\u00eb Bashkis\u00eb Fush\u00eb-Arr\u00ebz p\u00ebr periudh\u00ebn 2025-2027. Miratimi i projektvendimit p\u00ebr [&hellip;]<\/p>\n","protected":false},"author":1,"featured_media":0,"parent":0,"menu_order":0,"comment_status":"closed","ping_status":"closed","template":"","meta":[],"_links":{"self":[{"href":"http:\/\/209.95.59.218\/~bsh\/regjistribashkiafushearrez\/index.php?rest_route=\/wp\/v2\/pages\/1684"}],"collection":[{"href":"http:\/\/209.95.59.218\/~bsh\/regjistribashkiafushearrez\/index.php?rest_route=\/wp\/v2\/pages"}],"about":[{"href":"http:\/\/209.95.59.218\/~bsh\/regjistribashkiafushearrez\/index.php?rest_route=\/wp\/v2\/types\/page"}],"author":[{"embeddable":true,"href":"http:\/\/209.95.59.218\/~bsh\/regjistribashkiafushearrez\/index.php?rest_route=\/wp\/v2\/users\/1"}],"replies":[{"embeddable":true,"href":"http:\/\/209.95.59.218\/~bsh\/regjistribashkiafushearrez\/index.php?rest_route=%2Fwp%2Fv2%2Fcomments&post=1684"}],"version-history":[{"count":6,"href":"http:\/\/209.95.59.218\/~bsh\/regjistribashkiafushearrez\/index.php?rest_route=\/wp\/v2\/pages\/1684\/revisions"}],"predecessor-version":[{"id":1895,"href":"http:\/\/209.95.59.218\/~bsh\/regjistribashkiafushearrez\/index.php?rest_route=\/wp\/v2\/pages\/1684\/revisions\/1895"}],"wp:attachment":[{"href":"http:\/\/209.95.59.218\/~bsh\/regjistribashkiafushearrez\/index.php?rest_route=%2Fwp%2Fv2%2Fmedia&parent=1684"}],"curies":[{"name":"wp","href":"https:\/\/api.w.org\/{rel}","templated":true}]}}