{"id":1659,"date":"2025-01-10T11:32:41","date_gmt":"2025-01-10T10:32:41","guid":{"rendered":"http:\/\/209.95.59.218\/~bsh\/regjistribashkiafushearrez\/?page_id=1659"},"modified":"2026-02-18T13:11:25","modified_gmt":"2026-02-18T12:11:25","slug":"rregulloret-e-keshillit-bashkiak","status":"publish","type":"page","link":"http:\/\/209.95.59.218\/~bsh\/regjistribashkiafushearrez\/?page_id=1659","title":{"rendered":"Rregulloret e K\u00ebshillit Bashkiak"},"content":{"rendered":"<p><a href=\"http:\/\/209.95.59.218\/~bsh\/regjistribashkiafushearrez\/wp-content\/uploads\/2026\/02\/Vendimi-dhe-Rregullorja-pergjithshme-e-KB-Fushe-Arrez.pdf\">VKB-151 Rregullore e p\u00ebrgjithshme e KB Fush\u00eb Arr\u00ebz<\/a><\/p>\n<p><a href=\"http:\/\/209.95.59.218\/~bsh\/regjistribashkiafushearrez\/wp-content\/uploads\/2025\/01\/Rregullore-Ankesat-Kerkesat-Peticionet-Iniciativa-Verejtjet-FA.pdf\">Rregullore Ankesat K\u00ebrkesat Peticionet Iniciativa V\u00ebrejtjet Fush\u00eb Arr\u00ebz<\/a><\/p>\n<p><a href=\"http:\/\/209.95.59.218\/~bsh\/regjistribashkiafushearrez\/wp-content\/uploads\/2025\/01\/Vendimi-dhe-rregullorja-per-marredheniet-me-publikun-dhe-mediat-FA.pdf\">Vendimi dhe rregullorja p\u00ebr marr\u00ebdh\u00ebniet me publikun dhe mediat Fush\u00eb Arr\u00ebz<\/a><\/p>\n<p><a href=\"http:\/\/209.95.59.218\/~bsh\/regjistribashkiafushearrez\/wp-content\/uploads\/2025\/01\/Vendimi-dhe-rregullorja-strukturave-komunitare-FA.pdf\">Vendimi dhe rregullorja strukturave komunitare Fush\u00eb Arr\u00ebz<\/a><\/p>\n<p><a href=\"http:\/\/209.95.59.218\/~bsh\/regjistribashkiafushearrez\/wp-content\/uploads\/2025\/01\/Vendimi-dhe-rregullorja-kodi-i-etikes-dhe-sjelljes-FA.pdf\">Vendimi dhe rregullorja kodi i etik\u00ebs dhe sjelljes Fush\u00eb Arr\u00ebz<\/a><\/p>\n<p>\u00a0<\/p>\n\n\n<p><\/p>\n","protected":false},"excerpt":{"rendered":"<p>VKB-151 Rregullore e p\u00ebrgjithshme e KB Fush\u00eb Arr\u00ebz Rregullore Ankesat K\u00ebrkesat Peticionet Iniciativa V\u00ebrejtjet Fush\u00eb Arr\u00ebz Vendimi dhe rregullorja p\u00ebr marr\u00ebdh\u00ebniet me publikun dhe mediat Fush\u00eb Arr\u00ebz Vendimi dhe rregullorja strukturave komunitare Fush\u00eb Arr\u00ebz Vendimi dhe rregullorja kodi i etik\u00ebs dhe sjelljes Fush\u00eb Arr\u00ebz \u00a0<\/p>\n","protected":false},"author":1,"featured_media":0,"parent":1405,"menu_order":0,"comment_status":"closed","ping_status":"closed","template":"","meta":[],"_links":{"self":[{"href":"http:\/\/209.95.59.218\/~bsh\/regjistribashkiafushearrez\/index.php?rest_route=\/wp\/v2\/pages\/1659"}],"collection":[{"href":"http:\/\/209.95.59.218\/~bsh\/regjistribashkiafushearrez\/index.php?rest_route=\/wp\/v2\/pages"}],"about":[{"href":"http:\/\/209.95.59.218\/~bsh\/regjistribashkiafushearrez\/index.php?rest_route=\/wp\/v2\/types\/page"}],"author":[{"embeddable":true,"href":"http:\/\/209.95.59.218\/~bsh\/regjistribashkiafushearrez\/index.php?rest_route=\/wp\/v2\/users\/1"}],"replies":[{"embeddable":true,"href":"http:\/\/209.95.59.218\/~bsh\/regjistribashkiafushearrez\/index.php?rest_route=%2Fwp%2Fv2%2Fcomments&post=1659"}],"version-history":[{"count":5,"href":"http:\/\/209.95.59.218\/~bsh\/regjistribashkiafushearrez\/index.php?rest_route=\/wp\/v2\/pages\/1659\/revisions"}],"predecessor-version":[{"id":2679,"href":"http:\/\/209.95.59.218\/~bsh\/regjistribashkiafushearrez\/index.php?rest_route=\/wp\/v2\/pages\/1659\/revisions\/2679"}],"up":[{"embeddable":true,"href":"http:\/\/209.95.59.218\/~bsh\/regjistribashkiafushearrez\/index.php?rest_route=\/wp\/v2\/pages\/1405"}],"wp:attachment":[{"href":"http:\/\/209.95.59.218\/~bsh\/regjistribashkiafushearrez\/index.php?rest_route=%2Fwp%2Fv2%2Fmedia&parent=1659"}],"curies":[{"name":"wp","href":"https:\/\/api.w.org\/{rel}","templated":true}]}}