{"id":1560,"date":"2024-11-25T12:34:52","date_gmt":"2024-11-25T11:34:52","guid":{"rendered":"http:\/\/209.95.59.218\/~bsh\/regjistribashkiafushearrez\/?page_id=1560"},"modified":"2024-11-25T12:34:52","modified_gmt":"2024-11-25T11:34:52","slug":"projekt-vendimet-mbledhjes-se-keshillit-bashkiak-nentor-2024","status":"publish","type":"page","link":"http:\/\/209.95.59.218\/~bsh\/regjistribashkiafushearrez\/?page_id=1560","title":{"rendered":"Projekt vendimet Mbledhjes s\u00eb K\u00ebshillit Bashkiak N\u00ebntor 2024"},"content":{"rendered":"<p>Projekt Vendim Mbi fondin e kushtezuar per bllok ndihmen ekonomike<\/p>\n<p><a href=\"http:\/\/209.95.59.218\/~bsh\/regjistribashkiafushearrez\/wp-content\/uploads\/2024\/11\/Projekt-vendim-mbi-ngritjen-e-Keshillit-vendor-te-sigurise-publike-ne-Bashkine-Fushe-Arrez.pdf\">Projekt vendim Mbi ngritjen e Keshillit vendor te sigurise publike ne Bashkine Fushe Arrez<\/a><\/p>\n","protected":false},"excerpt":{"rendered":"<p>Projekt Vendim Mbi fondin e kushtezuar per bllok ndihmen ekonomike Projekt vendim Mbi ngritjen e Keshillit vendor te sigurise publike ne Bashkine Fushe Arrez<\/p>\n","protected":false},"author":1,"featured_media":0,"parent":0,"menu_order":0,"comment_status":"closed","ping_status":"closed","template":"","meta":[],"_links":{"self":[{"href":"http:\/\/209.95.59.218\/~bsh\/regjistribashkiafushearrez\/index.php?rest_route=\/wp\/v2\/pages\/1560"}],"collection":[{"href":"http:\/\/209.95.59.218\/~bsh\/regjistribashkiafushearrez\/index.php?rest_route=\/wp\/v2\/pages"}],"about":[{"href":"http:\/\/209.95.59.218\/~bsh\/regjistribashkiafushearrez\/index.php?rest_route=\/wp\/v2\/types\/page"}],"author":[{"embeddable":true,"href":"http:\/\/209.95.59.218\/~bsh\/regjistribashkiafushearrez\/index.php?rest_route=\/wp\/v2\/users\/1"}],"replies":[{"embeddable":true,"href":"http:\/\/209.95.59.218\/~bsh\/regjistribashkiafushearrez\/index.php?rest_route=%2Fwp%2Fv2%2Fcomments&post=1560"}],"version-history":[{"count":1,"href":"http:\/\/209.95.59.218\/~bsh\/regjistribashkiafushearrez\/index.php?rest_route=\/wp\/v2\/pages\/1560\/revisions"}],"predecessor-version":[{"id":1561,"href":"http:\/\/209.95.59.218\/~bsh\/regjistribashkiafushearrez\/index.php?rest_route=\/wp\/v2\/pages\/1560\/revisions\/1561"}],"wp:attachment":[{"href":"http:\/\/209.95.59.218\/~bsh\/regjistribashkiafushearrez\/index.php?rest_route=%2Fwp%2Fv2%2Fmedia&parent=1560"}],"curies":[{"name":"wp","href":"https:\/\/api.w.org\/{rel}","templated":true}]}}