{"id":1532,"date":"2024-11-05T11:39:33","date_gmt":"2024-11-05T10:39:33","guid":{"rendered":"http:\/\/209.95.59.218\/~bsh\/regjistribashkiafushearrez\/?page_id=1532"},"modified":"2025-07-07T17:20:14","modified_gmt":"2025-07-07T15:20:14","slug":"lajmet-rreth-keshillit-bashkiak-fushe-arrez","status":"publish","type":"page","link":"http:\/\/209.95.59.218\/~bsh\/regjistribashkiafushearrez\/?page_id=1532","title":{"rendered":"Lajmet rreth K\u00ebshillit Bashkiak Fush\u00eb Arr\u00ebz"},"content":{"rendered":"<p>\u00a0<\/p>\n<p><a href=\"http:\/\/209.95.59.218\/~bsh\/regjistribashkiafushearrez\/wp-content\/uploads\/2025\/07\/Lajm-Fushe-Arrez-0625.pdf\" target=\"_blank\" rel=\"noopener noreferrer\">Bashk\u00ebpunimi nd\u00ebrinstitucional p\u00ebr forcimin e ligjshm\u00ebris\u00eb dhe transparenc\u00ebs n\u00eb funksionimin e K\u00ebshillave Bashkiake<\/a><\/p>\n<p><a href=\"https:\/\/www.facebook.com\/100063882676289\/videos\/1258820275369250\">D\u00ebgjesat publike mbi PBA 2025-2027, Buxhetin dhe Paket\u00ebn Fiskale 2025<\/a><\/p>\n<p><a href=\"http:\/\/209.95.59.218\/~bsh\/regjistribashkiafushearrez\/wp-content\/uploads\/2024\/11\/Lajm-trajnim-Fushe-Arrez-1024.pdf\">Trajnim i K\u00ebshilltar\u00ebve Bashkiak\u00eb\u00a0<\/a><\/p>\n<p><a href=\"https:\/\/www.facebook.com\/100063882676289\/videos\/724925963006859\">Mesazh i K\u00ebshillit Bashkiak p\u00ebr qytetar\u00ebt<\/a><\/p>\n\n\n<p><\/p>\n","protected":false},"excerpt":{"rendered":"<p>\u00a0 Bashk\u00ebpunimi nd\u00ebrinstitucional p\u00ebr forcimin e ligjshm\u00ebris\u00eb dhe transparenc\u00ebs n\u00eb funksionimin e K\u00ebshillave Bashkiake D\u00ebgjesat publike mbi PBA 2025-2027, Buxhetin dhe Paket\u00ebn Fiskale 2025 Trajnim i K\u00ebshilltar\u00ebve Bashkiak\u00eb\u00a0 Mesazh i K\u00ebshillit Bashkiak p\u00ebr qytetar\u00ebt<\/p>\n","protected":false},"author":1,"featured_media":0,"parent":0,"menu_order":0,"comment_status":"closed","ping_status":"closed","template":"","meta":[],"_links":{"self":[{"href":"http:\/\/209.95.59.218\/~bsh\/regjistribashkiafushearrez\/index.php?rest_route=\/wp\/v2\/pages\/1532"}],"collection":[{"href":"http:\/\/209.95.59.218\/~bsh\/regjistribashkiafushearrez\/index.php?rest_route=\/wp\/v2\/pages"}],"about":[{"href":"http:\/\/209.95.59.218\/~bsh\/regjistribashkiafushearrez\/index.php?rest_route=\/wp\/v2\/types\/page"}],"author":[{"embeddable":true,"href":"http:\/\/209.95.59.218\/~bsh\/regjistribashkiafushearrez\/index.php?rest_route=\/wp\/v2\/users\/1"}],"replies":[{"embeddable":true,"href":"http:\/\/209.95.59.218\/~bsh\/regjistribashkiafushearrez\/index.php?rest_route=%2Fwp%2Fv2%2Fcomments&post=1532"}],"version-history":[{"count":6,"href":"http:\/\/209.95.59.218\/~bsh\/regjistribashkiafushearrez\/index.php?rest_route=\/wp\/v2\/pages\/1532\/revisions"}],"predecessor-version":[{"id":2046,"href":"http:\/\/209.95.59.218\/~bsh\/regjistribashkiafushearrez\/index.php?rest_route=\/wp\/v2\/pages\/1532\/revisions\/2046"}],"wp:attachment":[{"href":"http:\/\/209.95.59.218\/~bsh\/regjistribashkiafushearrez\/index.php?rest_route=%2Fwp%2Fv2%2Fmedia&parent=1532"}],"curies":[{"name":"wp","href":"https:\/\/api.w.org\/{rel}","templated":true}]}}