{"id":1520,"date":"2024-10-30T10:24:03","date_gmt":"2024-10-30T09:24:03","guid":{"rendered":"http:\/\/209.95.59.218\/~bsh\/regjistribashkiafushearrez\/?page_id=1520"},"modified":"2024-10-30T10:27:25","modified_gmt":"2024-10-30T09:27:25","slug":"projekt-vendimet-e-mbledhjes-se-keshillit-bashkiak-tetor-2024","status":"publish","type":"page","link":"http:\/\/209.95.59.218\/~bsh\/regjistribashkiafushearrez\/?page_id=1520","title":{"rendered":"Projekt vendimet e Mbledhjes s\u00eb K\u00ebshillit Bashkiak Tetor 2024"},"content":{"rendered":"<p><a href=\"http:\/\/209.95.59.218\/~bsh\/regjistribashkiafushearrez\/wp-content\/uploads\/2024\/10\/Projekt-Vendim-Mbi-fondin-e-kushtezuar-per-bllok-ndihmen-ekonomike.pdf\">Projekt Vendim Mbi fondin e kushtezuar per bllok ndihmen ekonomike<\/a><\/p>\n<p><a href=\"http:\/\/209.95.59.218\/~bsh\/regjistribashkiafushearrez\/wp-content\/uploads\/2024\/10\/Projekt-vendimit-Mbi-dhenien-ne-perdorim-te-fondit-kullosorpyjor-te-Bashkise-Fushe-Arrez.pdf\">Projekt vendimit Mbi dh\u00ebnien n\u00eb p\u00ebrdorim t\u00eb fondit kullosorpyjor t\u00eb Bashkis\u00eb Fush\u00eb Arr\u00ebz<\/a><\/p>\n<p><a href=\"http:\/\/209.95.59.218\/~bsh\/regjistribashkiafushearrez\/wp-content\/uploads\/2024\/10\/Mbi-ndryshimet-ne-Vkm-Nr-408-date-13.05.2015-Per-Miratimin-e-Rregullores-se-Zhvillimit-te-Territorit.pdf\">Mbi ndryshimet ne Vkm Nr 408 date 13.05.2015 <\/a><\/p>\n<p><a href=\"http:\/\/209.95.59.218\/~bsh\/regjistribashkiafushearrez\/wp-content\/uploads\/2024\/10\/Mbi-ndryshimet-ne-Vkm-Nr-408-date-13.05.2015-Per-Miratimin-e-Rregullores-se-Zhvillimit-te-Territorit.pdf\">Per Miratimin e Rregullores se Zhvillimit te Territorit<\/a><\/p>\n<p><a href=\"http:\/\/209.95.59.218\/~bsh\/regjistribashkiafushearrez\/wp-content\/uploads\/2024\/10\/Plani-i-veprimit-mbi-rekomandimet-e-lena-nga-KLSH.pdf\">Plani i veprimit mbi rekomandimet e lena nga KLSH<\/a><\/p>\n<p>&nbsp;<\/p>\n<p>&nbsp;<\/p>\n","protected":false},"excerpt":{"rendered":"<p>Projekt Vendim Mbi fondin e kushtezuar per bllok ndihmen ekonomike Projekt vendimit Mbi dh\u00ebnien n\u00eb p\u00ebrdorim t\u00eb fondit kullosorpyjor t\u00eb Bashkis\u00eb Fush\u00eb Arr\u00ebz Mbi ndryshimet ne Vkm Nr 408 date 13.05.2015 Per Miratimin e Rregullores se Zhvillimit te Territorit Plani i veprimit mbi rekomandimet e lena nga KLSH &nbsp; &nbsp;<\/p>\n","protected":false},"author":1,"featured_media":0,"parent":0,"menu_order":0,"comment_status":"closed","ping_status":"closed","template":"","meta":[],"_links":{"self":[{"href":"http:\/\/209.95.59.218\/~bsh\/regjistribashkiafushearrez\/index.php?rest_route=\/wp\/v2\/pages\/1520"}],"collection":[{"href":"http:\/\/209.95.59.218\/~bsh\/regjistribashkiafushearrez\/index.php?rest_route=\/wp\/v2\/pages"}],"about":[{"href":"http:\/\/209.95.59.218\/~bsh\/regjistribashkiafushearrez\/index.php?rest_route=\/wp\/v2\/types\/page"}],"author":[{"embeddable":true,"href":"http:\/\/209.95.59.218\/~bsh\/regjistribashkiafushearrez\/index.php?rest_route=\/wp\/v2\/users\/1"}],"replies":[{"embeddable":true,"href":"http:\/\/209.95.59.218\/~bsh\/regjistribashkiafushearrez\/index.php?rest_route=%2Fwp%2Fv2%2Fcomments&post=1520"}],"version-history":[{"count":1,"href":"http:\/\/209.95.59.218\/~bsh\/regjistribashkiafushearrez\/index.php?rest_route=\/wp\/v2\/pages\/1520\/revisions"}],"predecessor-version":[{"id":1521,"href":"http:\/\/209.95.59.218\/~bsh\/regjistribashkiafushearrez\/index.php?rest_route=\/wp\/v2\/pages\/1520\/revisions\/1521"}],"wp:attachment":[{"href":"http:\/\/209.95.59.218\/~bsh\/regjistribashkiafushearrez\/index.php?rest_route=%2Fwp%2Fv2%2Fmedia&parent=1520"}],"curies":[{"name":"wp","href":"https:\/\/api.w.org\/{rel}","templated":true}]}}