{"id":1469,"date":"2024-10-01T17:43:31","date_gmt":"2024-10-01T15:43:31","guid":{"rendered":"http:\/\/209.95.59.218\/~bsh\/regjistribashkiafushearrez\/?page_id=1469"},"modified":"2024-10-01T17:43:33","modified_gmt":"2024-10-01T15:43:33","slug":"projekt-vendimet-e-mbledhjes-se-keshillit-bashkiak-shtator-2024","status":"publish","type":"page","link":"http:\/\/209.95.59.218\/~bsh\/regjistribashkiafushearrez\/?page_id=1469","title":{"rendered":"Projekt vendimet e Mbledhjes s\u00eb K\u00ebshillit Bashkiak Shtator 2024"},"content":{"rendered":"\n<p><a href=\"http:\/\/209.95.59.218\/~bsh\/regjistribashkiafushearrez\/wp-content\/uploads\/2024\/10\/Projekt-vendim-per-listen-e-perfituesve-te-ndihmes-ekonomike-nga-fondi-i-kushtezuar-i-ndihmes-ekonomike-i-6-per-muajin-Gusht-2024.pdf\" data-type=\"URL\" data-id=\"http:\/\/209.95.59.218\/~bsh\/regjistribashkiafushearrez\/wp-content\/uploads\/2024\/10\/Projekt-vendim-per-listen-e-perfituesve-te-ndihmes-ekonomike-nga-fondi-i-kushtezuar-i-ndihmes-ekonomike-i-6-per-muajin-Gusht-2024.pdf\" target=\"_blank\" rel=\"noreferrer noopener\">1. Miratimi i projekt vendimit p\u00ebr list\u00ebn e p\u00ebrfituesve t\u00eb ndihm\u00ebs ekonomike nga fondi i kusht\u00ebzuar i ndihm\u00ebs ekonomike i 6 % p\u00ebr muajin Gusht 2024.<\/a><\/p>\n\n\n\n<p><a href=\"http:\/\/209.95.59.218\/~bsh\/regjistribashkiafushearrez\/wp-content\/uploads\/2024\/10\/Projekt-vendimit-per-kalendarin-e-konsultimit-publik-mbi-Buxhetin-2025-dhe-PBA-2025-2027.pdf\" data-type=\"URL\" data-id=\"http:\/\/209.95.59.218\/~bsh\/regjistribashkiafushearrez\/wp-content\/uploads\/2024\/10\/Projekt-vendimit-per-kalendarin-e-konsultimit-publik-mbi-Buxhetin-2025-dhe-PBA-2025-2027.pdf\" target=\"_blank\" rel=\"noreferrer noopener\">2.\u00a0Miratimi i projekt vendimit per kalendarin e konsultimit publik mbi Buxhetin 2025 dhe PBA 2025-2027.<\/a><\/p>\n\n\n\n<p><a href=\"http:\/\/209.95.59.218\/~bsh\/regjistribashkiafushearrez\/wp-content\/uploads\/2024\/10\/Raporti-monitorimit-te-buxhetit-per-4-mujorin-e-dyte-2024.pdf\" data-type=\"URL\" data-id=\"http:\/\/209.95.59.218\/~bsh\/regjistribashkiafushearrez\/wp-content\/uploads\/2024\/10\/Raporti-monitorimit-te-buxhetit-per-4-mujorin-e-dyte-2024.pdf\" target=\"_blank\" rel=\"noreferrer noopener\">3. Raporti i monitorimit p\u00ebr 4-mujorin e dyt\u00eb t\u00eb vitit 2024.<\/a><\/p>\n\n\n\n<p><a href=\"http:\/\/209.95.59.218\/~bsh\/regjistribashkiafushearrez\/wp-content\/uploads\/2024\/10\/Projekt-vendim-per-disa-ndryshime-ne-nivelin-Per-disa-shtesa-dhe-ndryshime-ne-buxhet-mbi-vendimin-nr.34-date-29.12.2023.pdf\" data-type=\"URL\" data-id=\"http:\/\/209.95.59.218\/~bsh\/regjistribashkiafushearrez\/wp-content\/uploads\/2024\/10\/Projekt-vendim-per-disa-ndryshime-ne-nivelin-Per-disa-shtesa-dhe-ndryshime-ne-buxhet-mbi-vendimin-nr.34-date-29.12.2023.pdf\" target=\"_blank\" rel=\"noreferrer noopener\">4. Miratimi i projekt vendimit p\u00ebr disa ndryshime n\u00eb nivelin &#8220;P\u00ebr disa shtesa dhe ndryshime n\u00eb buxhet mbi vendimin nr.34, date 29.12.2023&#8221;.<\/a><\/p>\n\n\n\n<p>5. Miratimimi i projekt vendimit p\u00ebr disa ndryshime n\u00eb VKB-n\u00eb nr.54 dat\u00eb 29.12.2023<\/p>\n\n\n\n<p><a href=\"http:\/\/209.95.59.218\/~bsh\/regjistribashkiafushearrez\/wp-content\/uploads\/2024\/10\/Projekt-vendim-Per-ndarjen-dhe-perdorimin-e-fondit-te-kushtezuar-te-Emergjencave-Civile-per-nderhyrje-emergjente.pdf\" data-type=\"URL\" data-id=\"http:\/\/209.95.59.218\/~bsh\/regjistribashkiafushearrez\/wp-content\/uploads\/2024\/10\/Projekt-vendim-Per-ndarjen-dhe-perdorimin-e-fondit-te-kushtezuar-te-Emergjencave-Civile-per-nderhyrje-emergjente.pdf\" target=\"_blank\" rel=\"noreferrer noopener\">6. Miratimi i projekt vendimit &#8220;P\u00ebr ndarjen dhe p\u00ebrdorimin e fondit t\u00eb kusht\u00ebzuar t\u00eb Emergjencave Civile per nderhyrjen emergjente ne rikonstruksionin e rruges auto te fshatit Dardhe Njesia Administrative Blerim, rikonstruksionin e murit mbajtes prane Cerdhes se femijeve Fushe-Arrez si dhe blerje paisjesh per MZSH&#8221;.<\/a><\/p>\n\n\n\n<p><a href=\"http:\/\/209.95.59.218\/~bsh\/regjistribashkiafushearrez\/wp-content\/uploads\/2024\/10\/Projekt-Vendirn-Per-miratimin-e-rregullores-per-organizimin-dhe-funksionimin-e-bordit-te-kopshteve-ne-arsimin-parashkollor.pdf\" data-type=\"URL\" data-id=\"http:\/\/209.95.59.218\/~bsh\/regjistribashkiafushearrez\/wp-content\/uploads\/2024\/10\/Projekt-Vendirn-Per-miratimin-e-rregullores-per-organizimin-dhe-funksionimin-e-bordit-te-kopshteve-ne-arsimin-parashkollor.pdf\" target=\"_blank\" rel=\"noreferrer noopener\">7. Miratimi Projekt Vendirnit &#8220;Per miratimin e rregullores per organizimin dhe funksionimin e bordit te kopshteve n\u00eb arsimin parashkollor&#8221;.<\/a><\/p>\n\n\n\n<p><a href=\"http:\/\/209.95.59.218\/~bsh\/regjistribashkiafushearrez\/wp-content\/uploads\/2024\/10\/Kerkese-per-lirimin-nga-detyra-te-Sekretarit-te-Keshillit-Bashkiak-Fushe-Arrez.pdf\" data-type=\"URL\" data-id=\"http:\/\/209.95.59.218\/~bsh\/regjistribashkiafushearrez\/wp-content\/uploads\/2024\/10\/Kerkese-per-lirimin-nga-detyra-te-Sekretarit-te-Keshillit-Bashkiak-Fushe-Arrez.pdf\" target=\"_blank\" rel=\"noreferrer noopener\">8. Miratimi i k\u00ebrkes\u00ebs p\u00ebr lirimin nga detyra t\u00eb Sekretarit t\u00eb K\u00ebshillit Bashkiak Fush\u00eb Arr\u00ebz.<\/a><\/p>\n","protected":false},"excerpt":{"rendered":"<p>1. Miratimi i projekt vendimit p\u00ebr list\u00ebn e p\u00ebrfituesve t\u00eb ndihm\u00ebs ekonomike nga fondi i kusht\u00ebzuar i ndihm\u00ebs ekonomike i 6 % p\u00ebr muajin Gusht 2024. 2.\u00a0Miratimi i projekt vendimit per kalendarin e konsultimit publik mbi Buxhetin 2025 dhe PBA 2025-2027. 3. Raporti i monitorimit p\u00ebr 4-mujorin e dyt\u00eb t\u00eb vitit 2024. 4. Miratimi i [&hellip;]<\/p>\n","protected":false},"author":1,"featured_media":0,"parent":0,"menu_order":0,"comment_status":"closed","ping_status":"closed","template":"","meta":[],"_links":{"self":[{"href":"http:\/\/209.95.59.218\/~bsh\/regjistribashkiafushearrez\/index.php?rest_route=\/wp\/v2\/pages\/1469"}],"collection":[{"href":"http:\/\/209.95.59.218\/~bsh\/regjistribashkiafushearrez\/index.php?rest_route=\/wp\/v2\/pages"}],"about":[{"href":"http:\/\/209.95.59.218\/~bsh\/regjistribashkiafushearrez\/index.php?rest_route=\/wp\/v2\/types\/page"}],"author":[{"embeddable":true,"href":"http:\/\/209.95.59.218\/~bsh\/regjistribashkiafushearrez\/index.php?rest_route=\/wp\/v2\/users\/1"}],"replies":[{"embeddable":true,"href":"http:\/\/209.95.59.218\/~bsh\/regjistribashkiafushearrez\/index.php?rest_route=%2Fwp%2Fv2%2Fcomments&post=1469"}],"version-history":[{"count":1,"href":"http:\/\/209.95.59.218\/~bsh\/regjistribashkiafushearrez\/index.php?rest_route=\/wp\/v2\/pages\/1469\/revisions"}],"predecessor-version":[{"id":1479,"href":"http:\/\/209.95.59.218\/~bsh\/regjistribashkiafushearrez\/index.php?rest_route=\/wp\/v2\/pages\/1469\/revisions\/1479"}],"wp:attachment":[{"href":"http:\/\/209.95.59.218\/~bsh\/regjistribashkiafushearrez\/index.php?rest_route=%2Fwp%2Fv2%2Fmedia&parent=1469"}],"curies":[{"name":"wp","href":"https:\/\/api.w.org\/{rel}","templated":true}]}}