{"id":1464,"date":"2024-09-27T11:31:49","date_gmt":"2024-09-27T09:31:49","guid":{"rendered":"http:\/\/209.95.59.218\/~bsh\/regjistribashkiafushearrez\/?page_id=1464"},"modified":"2025-07-03T11:33:11","modified_gmt":"2025-07-03T09:33:11","slug":"regjistri-i-ankesave-kerkesave-dhe-verejtjeve","status":"publish","type":"page","link":"http:\/\/209.95.59.218\/~bsh\/regjistribashkiafushearrez\/?page_id=1464","title":{"rendered":"REGJISTRI I K\u00cbRKESAVE, ANKESAVE DHE V\u00cbREJTJEVE"},"content":{"rendered":"\n<table id=\"tablepress-8\" class=\"tablepress tablepress-id-8\">\n<thead>\n<tr class=\"row-1 odd\">\n\t<th class=\"column-1\">&nbsp;<\/th><th class=\"column-2\">&nbsp;<\/th><th class=\"column-3\">&nbsp;<\/th><th class=\"column-4\">&nbsp;<\/th><th class=\"column-5\">&nbsp;<\/th><th class=\"column-6\">&nbsp;<\/th><th class=\"column-7\">&nbsp;<\/th><th class=\"column-8\">&nbsp;<\/th><th class=\"column-9\">&nbsp;<\/th><th class=\"column-10\">&nbsp;<\/th><th class=\"column-11\">&nbsp;<\/th><th class=\"column-12\">&nbsp;<\/th><th class=\"column-13\">&nbsp;<\/th>\n<\/tr>\n<\/thead>\n<tbody class=\"row-hover\">\n<tr class=\"row-2 even\">\n\t<td class=\"column-1\">Nr.<\/td><td class=\"column-2\">K\u00ebrkes\u00eb<\/td><td class=\"column-3\">Ankes\u00eb<\/td><td class=\"column-4\">V\u00ebrejtje<\/td><td class=\"column-5\">Kodi i regjistrimit<\/td><td class=\"column-6\">\u00c7\u00ebshtja<\/td><td class=\"column-7\">Data e Regjistrimit n\u00eb Protokollin e Bashkis\u00eb<\/td><td class=\"column-8\">\"Organi\/drejtoria\/ sektori q\u00eb i \u00ebsht\u00eb d\u00ebrguar ankesa\/ k\u00ebrkesa<br \/>\n(Nr. prot t\u00eb brendsh\u00ebm)\"<\/td><td class=\"column-9\">\"D\u00ebrgimi p\u00ebr mendim n\u00eb Komisionin p\u00ebrkat\u00ebs t\u00eb K\u00ebshillit<br \/>\n(Nr. prot t\u00eb brendsh\u00ebm)\"<\/td><td class=\"column-10\">Kaluar n\u00eb K\u00ebshill p\u00ebr shqyrtim (data)<\/td><td class=\"column-11\">\"Mb\u00ebshtetur nga K\u00ebshilli<br \/>\n(k\u00ebrkesa, ankesa)<br \/>\nPo\/Jo\"<\/td><td class=\"column-12\">\"Zbatuar nga Ekzekutivi<br \/>\n(Data)\"<\/td><td class=\"column-13\">\"P\u00ebrgjigjia<br \/>\n(data dhe numri)\"<\/td>\n<\/tr>\n<tr class=\"row-3 odd\">\n\t<td class=\"column-1\">31<\/td><td class=\"column-2\">K\u00ebrkes\u00eb<\/td><td class=\"column-3\"><\/td><td class=\"column-4\"><\/td><td class=\"column-5\">3701<\/td><td class=\"column-6\">Ndihme per riparim shtepie <\/td><td class=\"column-7\">21..11.2025<\/td><td class=\"column-8\">K\u00ebshilli Bashkiak <\/td><td class=\"column-9\">Jo<\/td><td class=\"column-10\"><\/td><td class=\"column-11\">Po (u krijua grup pune per verfikim)<\/td><td class=\"column-12\">Ne shqyrtim<\/td><td class=\"column-13\">27.11.2025<\/td>\n<\/tr>\n<tr class=\"row-4 even\">\n\t<td class=\"column-1\">30<\/td><td class=\"column-2\">K\u00ebrkes\u00eb<\/td><td class=\"column-3\"><\/td><td class=\"column-4\"><\/td><td class=\"column-5\">3697<\/td><td class=\"column-6\">Hapje rruge te re <\/td><td class=\"column-7\">18..11.2025<\/td><td class=\"column-8\">K\u00ebshilli Bashkiak\/ Zyra  e urbanisttikes<\/td><td class=\"column-9\">Jo<\/td><td class=\"column-10\"><\/td><td class=\"column-11\">Po (u krijua grup pune per verfikim)<\/td><td class=\"column-12\">Ne shqyrtim<\/td><td class=\"column-13\">3657\/1\/18.11.2025<\/td>\n<\/tr>\n<tr class=\"row-5 odd\">\n\t<td class=\"column-1\">29<\/td><td class=\"column-2\">K\u00ebrkes\u00eb<\/td><td class=\"column-3\"><\/td><td class=\"column-4\"><\/td><td class=\"column-5\">3579<\/td><td class=\"column-6\">Vendosje e ndaluesve te shpejtesise ne unaze<\/td><td class=\"column-7\">12.11.2025<\/td><td class=\"column-8\">K\u00ebshilli Bashkiak\/ Kryeyari i Bashkise <\/td><td class=\"column-9\">Jo<\/td><td class=\"column-10\">27.11.2025<\/td><td class=\"column-11\"><\/td><td class=\"column-12\">Perfunduar <\/td><td class=\"column-13\">27.11.2025 \/ cel<\/td>\n<\/tr>\n<tr class=\"row-6 even\">\n\t<td class=\"column-1\">28<\/td><td class=\"column-2\">K\u00ebrkes\u00eb<\/td><td class=\"column-3\"><\/td><td class=\"column-4\"><\/td><td class=\"column-5\">3390<\/td><td class=\"column-6\">Konflikt per rrugen e hyrjes ne pronen e tij<\/td><td class=\"column-7\">28.10.2025<\/td><td class=\"column-8\">K\u00ebshilli Bashkiak\/ Kryetari i Fshatit Fushe Arrez<\/td><td class=\"column-9\">Jo<\/td><td class=\"column-10\"><\/td><td class=\"column-11\">Po (u krijua grup pune per verfikim)<\/td><td class=\"column-12\">Ne shqyrtim<\/td><td class=\"column-13\">3460\/29.10.2025<\/td>\n<\/tr>\n<tr class=\"row-7 odd\">\n\t<td class=\"column-1\">27<\/td><td class=\"column-2\">K\u00ebrkes\u00eb<\/td><td class=\"column-3\"><\/td><td class=\"column-4\"><\/td><td class=\"column-5\">3308<\/td><td class=\"column-6\">Mungese e ujit te pijshem dhe vadites<\/td><td class=\"column-7\">22.10.2025<\/td><td class=\"column-8\">K\u00ebshilli Bashkiak\/ Kryeyari i Bashkise <\/td><td class=\"column-9\">Jo<\/td><td class=\"column-10\">29.10.2025<\/td><td class=\"column-11\"><\/td><td class=\"column-12\">Perfunduar <\/td><td class=\"column-13\">3459\/29.10.2025<\/td>\n<\/tr>\n<tr class=\"row-8 even\">\n\t<td class=\"column-1\">26<\/td><td class=\"column-2\">K\u00ebrkes\u00eb<\/td><td class=\"column-3\"><\/td><td class=\"column-4\"><\/td><td class=\"column-5\">2598<\/td><td class=\"column-6\">K\u00ebrkes\u00eb p\u00ebr ujin vadites <\/td><td class=\"column-7\">28.08.2025<\/td><td class=\"column-8\">K\u00ebshilli Bashkiak<\/td><td class=\"column-9\">Jo<\/td><td class=\"column-10\"><\/td><td class=\"column-11\">Po (u krijua grup pune per verfikim)<\/td><td class=\"column-12\"><\/td><td class=\"column-13\">2752\/ 10.09.\/2025<\/td>\n<\/tr>\n<tr class=\"row-9 odd\">\n\t<td class=\"column-1\">25<\/td><td class=\"column-2\">K\u00ebrkes\u00eb<\/td><td class=\"column-3\"><\/td><td class=\"column-4\"><\/td><td class=\"column-5\">2140<\/td><td class=\"column-6\">K\u00ebrkes\u00eb p\u00ebr ndarjen e linjes se ujit <\/td><td class=\"column-7\">21.07.2025<\/td><td class=\"column-8\">K\u00ebshilli Bashkiak<\/td><td class=\"column-9\">Jo<\/td><td class=\"column-10\">30.07.2025<\/td><td class=\"column-11\">Po (u krijua grup pune per verfikim)<\/td><td class=\"column-12\"><\/td><td class=\"column-13\">2304\/ 30.07.2025<\/td>\n<\/tr>\n<tr class=\"row-10 even\">\n\t<td class=\"column-1\">24<\/td><td class=\"column-2\">K\u00ebrkes\u00eb<\/td><td class=\"column-3\"><\/td><td class=\"column-4\"><\/td><td class=\"column-5\">1419<\/td><td class=\"column-6\">K\u00ebrkes\u00eb per percaktimin e rradhes se vaditjes <\/td><td class=\"column-7\">27\/05\/2025<\/td><td class=\"column-8\">K\u00ebshilli Bashkiak<\/td><td class=\"column-9\">Jo<\/td><td class=\"column-10\"><\/td><td class=\"column-11\"><\/td><td class=\"column-12\"><\/td><td class=\"column-13\"><\/td>\n<\/tr>\n<tr class=\"row-11 odd\">\n\t<td class=\"column-1\">23<\/td><td class=\"column-2\">K\u00ebrkes\u00eb<\/td><td class=\"column-3\"><\/td><td class=\"column-4\"><\/td><td class=\"column-5\">1257<\/td><td class=\"column-6\">K\u00ebrkes\u00eb p\u00ebr rikonstruksionin e uj\u00ebsjell\u00ebsit t\u00eb fshatit Qebik<\/td><td class=\"column-7\">05\/05\/2025<\/td><td class=\"column-8\">Kryetarit t\u00eb Bashkis\u00eb\/ p\u00ebr dijeni Keshillit Bashkiak<\/td><td class=\"column-9\">Jo<\/td><td class=\"column-10\">Jo<\/td><td class=\"column-11\"><\/td><td class=\"column-12\">Derguar bashkise 05.05.2025<\/td><td class=\"column-13\">1257\/05.05.2025<\/td>\n<\/tr>\n<tr class=\"row-12 even\">\n\t<td class=\"column-1\">22<\/td><td class=\"column-2\">K\u00ebrkes\u00eb<\/td><td class=\"column-3\"><\/td><td class=\"column-4\"><\/td><td class=\"column-5\">952<\/td><td class=\"column-6\">Perfshirje pasurie ne Paketen e maleve <\/td><td class=\"column-7\">01.04.2025<\/td><td class=\"column-8\">K\u00ebshilli Bashkiak<\/td><td class=\"column-9\">Jo<\/td><td class=\"column-10\">Jo<\/td><td class=\"column-11\">Jo<\/td><td class=\"column-12\">Derguar bashkise 03.04.2025<\/td><td class=\"column-13\"><\/td>\n<\/tr>\n<tr class=\"row-13 odd\">\n\t<td class=\"column-1\">21<\/td><td class=\"column-2\">K\u00ebrkes\u00eb<\/td><td class=\"column-3\"><\/td><td class=\"column-4\"><\/td><td class=\"column-5\">655<\/td><td class=\"column-6\">Pastrim i rruges Bugjon-NJA qender dhe Barjam Curri<\/td><td class=\"column-7\">04.03.2025<\/td><td class=\"column-8\">K\u00ebshilli Bashkiak<\/td><td class=\"column-9\">Jo<\/td><td class=\"column-10\"><\/td><td class=\"column-11\">Po<\/td><td class=\"column-12\">Ne shqtyrtim<\/td><td class=\"column-13\">997\/02.04.2025<\/td>\n<\/tr>\n<tr class=\"row-14 even\">\n\t<td class=\"column-1\">20<\/td><td class=\"column-2\"><\/td><td class=\"column-3\">Ankes\u00eb<\/td><td class=\"column-4\"><\/td><td class=\"column-5\">4363\/1<\/td><td class=\"column-6\">Ankes\u00eb p\u00ebr marrje uji t\u00eb pijsh\u00ebm<\/td><td class=\"column-7\">18.11.2024<\/td><td class=\"column-8\">K\u00ebshilli Bashkiak<\/td><td class=\"column-9\">Po<\/td><td class=\"column-10\">27.11.2024<\/td><td class=\"column-11\">Po<\/td><td class=\"column-12\">Drejtoria Juridike <\/td><td class=\"column-13\"><\/td>\n<\/tr>\n<tr class=\"row-15 odd\">\n\t<td class=\"column-1\">19<\/td><td class=\"column-2\"><\/td><td class=\"column-3\">Ankes\u00eb<\/td><td class=\"column-4\"><\/td><td class=\"column-5\">4363<\/td><td class=\"column-6\">Ankes\u00eb p\u00ebr marrje uji t\u00eb pijsh\u00ebm<\/td><td class=\"column-7\">18.11.2024<\/td><td class=\"column-8\">K\u00ebshilli Bashkiak<\/td><td class=\"column-9\">Po<\/td><td class=\"column-10\">27.11.2024<\/td><td class=\"column-11\">Po<\/td><td class=\"column-12\">Drejtoria Juridike <\/td><td class=\"column-13\"><\/td>\n<\/tr>\n<tr class=\"row-16 even\">\n\t<td class=\"column-1\">18<\/td><td class=\"column-2\">K\u00ebrkes\u00eb<\/td><td class=\"column-3\"><\/td><td class=\"column-4\"><\/td><td class=\"column-5\">2825<\/td><td class=\"column-6\">K\u00ebrkes\u00eb nd\u00ebrtim sht\u00ebpie<\/td><td class=\"column-7\">10.09.2024<\/td><td class=\"column-8\">K\u00ebshilli Bashkiak<\/td><td class=\"column-9\">Po<\/td><td class=\"column-10\">29.09.2024<\/td><td class=\"column-11\">Po<\/td><td class=\"column-12\">P\u00ebrfunduar<\/td><td class=\"column-13\">Emergjencat Civile <\/td>\n<\/tr>\n<tr class=\"row-17 odd\">\n\t<td class=\"column-1\">17<\/td><td class=\"column-2\">K\u00ebrkes\u00eb<\/td><td class=\"column-3\"><\/td><td class=\"column-4\"><\/td><td class=\"column-5\">3105<\/td><td class=\"column-6\">K\u00ebrkes\u00eb marrje toke me qira<\/td><td class=\"column-7\">09.10.2024<\/td><td class=\"column-8\">K\u00ebshilli Bashkiak<\/td><td class=\"column-9\">Po<\/td><td class=\"column-10\">28.10.2024<\/td><td class=\"column-11\">Jo<\/td><td class=\"column-12\">Verifikim sherbimi pyjor\/ mungese dokumentacioni <\/td><td class=\"column-13\"><\/td>\n<\/tr>\n<tr class=\"row-18 even\">\n\t<td class=\"column-1\">16<\/td><td class=\"column-2\">K\u00ebrkes\u00eb<\/td><td class=\"column-3\"><\/td><td class=\"column-4\"><\/td><td class=\"column-5\">3065<\/td><td class=\"column-6\">K\u00ebrkes\u00eb marrje toke me qira nga fondi pyjor <\/td><td class=\"column-7\">27.09.2024<\/td><td class=\"column-8\">K\u00ebshilli Bashkiak<\/td><td class=\"column-9\">Po<\/td><td class=\"column-10\">29.09.2024<\/td><td class=\"column-11\">Po<\/td><td class=\"column-12\">18.11.2024<\/td><td class=\"column-13\"><\/td>\n<\/tr>\n<tr class=\"row-19 odd\">\n\t<td class=\"column-1\">15<\/td><td class=\"column-2\">K\u00ebrkes\u00eb<\/td><td class=\"column-3\"><\/td><td class=\"column-4\"><\/td><td class=\"column-5\">2391<\/td><td class=\"column-6\">K\u00ebrkes\u00eb p\u00ebr lirim rruge<\/td><td class=\"column-7\">29.07.2024<\/td><td class=\"column-8\">K\u00ebshilli Bashkiak<\/td><td class=\"column-9\">Jo<\/td><td class=\"column-10\">29.07.2024<\/td><td class=\"column-11\">Jo<\/td><td class=\"column-12\"><\/td><td class=\"column-13\"><\/td>\n<\/tr>\n<tr class=\"row-20 even\">\n\t<td class=\"column-1\">14<\/td><td class=\"column-2\">K\u00ebrkes\u00eb<\/td><td class=\"column-3\"><\/td><td class=\"column-4\"><\/td><td class=\"column-5\">2129<\/td><td class=\"column-6\">K\u00ebrkes\u00eb p\u00ebr nd\u00ebrprerje punimesh <\/td><td class=\"column-7\">02.07.2024<\/td><td class=\"column-8\">K\u00ebshilli Bashkiak<\/td><td class=\"column-9\">Jo<\/td><td class=\"column-10\">29.07.2024<\/td><td class=\"column-11\">Po<\/td><td class=\"column-12\">P\u00ebrfunduar<\/td><td class=\"column-13\">Zyra Urbanistikes<\/td>\n<\/tr>\n<tr class=\"row-21 odd\">\n\t<td class=\"column-1\">13<\/td><td class=\"column-2\">K\u00ebrkes\u00eb<\/td><td class=\"column-3\"><\/td><td class=\"column-4\"><\/td><td class=\"column-5\"><\/td><td class=\"column-6\">K\u00ebrkes\u00eb p\u00ebr ndarjen e rendeve t\u00eb ujit<\/td><td class=\"column-7\">05.06.2024<\/td><td class=\"column-8\">K\u00ebshilli Bashkiak<\/td><td class=\"column-9\">Jo<\/td><td class=\"column-10\">27.06.2024<\/td><td class=\"column-11\">Po<\/td><td class=\"column-12\">P\u00ebrfunduar<\/td><td class=\"column-13\"><\/td>\n<\/tr>\n<tr class=\"row-22 even\">\n\t<td class=\"column-1\">12<\/td><td class=\"column-2\">K\u00ebrkes\u00eb <\/td><td class=\"column-3\"><\/td><td class=\"column-4\"><\/td><td class=\"column-5\">1792<\/td><td class=\"column-6\">K\u00ebrkes\u00eb p\u00ebr lirim rruge<\/td><td class=\"column-7\">04.06.2024<\/td><td class=\"column-8\">K\u00ebshilli Bashkiak<\/td><td class=\"column-9\">Jo<\/td><td class=\"column-10\">27.06.2024<\/td><td class=\"column-11\">Jo<\/td><td class=\"column-12\">Verifikim Bashkia<\/td><td class=\"column-13\"><\/td>\n<\/tr>\n<tr class=\"row-23 odd\">\n\t<td class=\"column-1\">11<\/td><td class=\"column-2\">K\u00ebrkes\u00eb <\/td><td class=\"column-3\"><\/td><td class=\"column-4\"><\/td><td class=\"column-5\">1792<\/td><td class=\"column-6\">K\u00ebrkes\u00eb p\u00ebr lirim rruge<\/td><td class=\"column-7\">04.06.2024<\/td><td class=\"column-8\">K\u00ebshilli Bashkiak<\/td><td class=\"column-9\">Jo<\/td><td class=\"column-10\">27.06.2024<\/td><td class=\"column-11\">Jo<\/td><td class=\"column-12\">Verifikim Bashkia<\/td><td class=\"column-13\"><\/td>\n<\/tr>\n<tr class=\"row-24 even\">\n\t<td class=\"column-1\">10<\/td><td class=\"column-2\">K\u00ebrkes\u00eb<\/td><td class=\"column-3\"><\/td><td class=\"column-4\"><\/td><td class=\"column-5\">1378<\/td><td class=\"column-6\">K\u00ebrkes\u00eb p\u00ebr ndarjen e rendeve te ujit<\/td><td class=\"column-7\">23.04.2024<\/td><td class=\"column-8\">K\u00ebshilli Bashkiak<\/td><td class=\"column-9\">Po<\/td><td class=\"column-10\">29.04.2024<\/td><td class=\"column-11\">Po<\/td><td class=\"column-12\">Verifikim Bashkia<\/td><td class=\"column-13\"><\/td>\n<\/tr>\n<tr class=\"row-25 odd\">\n\t<td class=\"column-1\">9<\/td><td class=\"column-2\">K\u00ebrkes\u00eb<\/td><td class=\"column-3\"><\/td><td class=\"column-4\"><\/td><td class=\"column-5\">7324<\/td><td class=\"column-6\">K\u00ebrkes\u00eb p\u00ebr hapje rruge<\/td><td class=\"column-7\">07.03.2024<\/td><td class=\"column-8\">K\u00ebshilli Bashkiak<\/td><td class=\"column-9\">Jo<\/td><td class=\"column-10\">28.03.2024<\/td><td class=\"column-11\">Jo<\/td><td class=\"column-12\"><\/td><td class=\"column-13\"><\/td>\n<\/tr>\n<tr class=\"row-26 even\">\n\t<td class=\"column-1\">8<\/td><td class=\"column-2\">K\u00ebrkes\u00eb<\/td><td class=\"column-3\"><\/td><td class=\"column-4\"><\/td><td class=\"column-5\"><\/td><td class=\"column-6\">K\u00ebrkes\u00eb p\u00ebr kopje dokumentacioni<\/td><td class=\"column-7\">02.11.2023<\/td><td class=\"column-8\">K\u00ebshilli Bashkiak<\/td><td class=\"column-9\">Jo<\/td><td class=\"column-10\">Jo<\/td><td class=\"column-11\">Po<\/td><td class=\"column-12\"><\/td><td class=\"column-13\"><\/td>\n<\/tr>\n<tr class=\"row-27 odd\">\n\t<td class=\"column-1\">7<\/td><td class=\"column-2\">K\u00ebrkes\u00eb<\/td><td class=\"column-3\"><\/td><td class=\"column-4\"><\/td><td class=\"column-5\">3702<\/td><td class=\"column-6\">Lirim hap\u00ebsire nga nd\u00ebrtim pa leje<\/td><td class=\"column-7\">21.09.2023<\/td><td class=\"column-8\">K\u00ebshilli Bashkiak<\/td><td class=\"column-9\">Po<\/td><td class=\"column-10\">Jo<\/td><td class=\"column-11\">Po<\/td><td class=\"column-12\">04.12.2024<\/td><td class=\"column-13\">Pronari e ka prish vete nd\u00ebrtimin<\/td>\n<\/tr>\n<tr class=\"row-28 even\">\n\t<td class=\"column-1\">6<\/td><td class=\"column-2\">K\u00ebrkes\u00eb<\/td><td class=\"column-3\"><\/td><td class=\"column-4\"><\/td><td class=\"column-5\">2884\/1<\/td><td class=\"column-6\">K\u00ebrkes\u00eb p\u00ebr hapje klase<\/td><td class=\"column-7\">10.10.2023<\/td><td class=\"column-8\">K\u00ebshilli Bashkiak<\/td><td class=\"column-9\">Jo<\/td><td class=\"column-10\">Jo<\/td><td class=\"column-11\">Po<\/td><td class=\"column-12\">11.10.2023<\/td><td class=\"column-13\"><\/td>\n<\/tr>\n<tr class=\"row-29 odd\">\n\t<td class=\"column-1\">5<\/td><td class=\"column-2\">K\u00ebrkes\u00eb<\/td><td class=\"column-3\"><\/td><td class=\"column-4\"><\/td><td class=\"column-5\">3298<\/td><td class=\"column-6\">Hapje rruge <\/td><td class=\"column-7\">20.10.2023<\/td><td class=\"column-8\">K\u00ebshilli Bashkiak<\/td><td class=\"column-9\">Jo<\/td><td class=\"column-10\">Jo<\/td><td class=\"column-11\">Po<\/td><td class=\"column-12\">03.11.2024<\/td><td class=\"column-13\"><\/td>\n<\/tr>\n<tr class=\"row-30 even\">\n\t<td class=\"column-1\">4<\/td><td class=\"column-2\">K\u00ebrkes\u00eb<\/td><td class=\"column-3\"><\/td><td class=\"column-4\"><\/td><td class=\"column-5\">2278\/1<\/td><td class=\"column-6\">K\u00ebrkes\u00eb shtimin e nj\u00eb an\u00ebtari n\u00eb Blerim<\/td><td class=\"column-7\">21.08.2023<\/td><td class=\"column-8\">K\u00ebshilli Bashkiak<\/td><td class=\"column-9\">Jo<\/td><td class=\"column-10\">Po<\/td><td class=\"column-11\">Po<\/td><td class=\"column-12\"><\/td><td class=\"column-13\"><\/td>\n<\/tr>\n<tr class=\"row-31 odd\">\n\t<td class=\"column-1\">3<\/td><td class=\"column-2\">K\u00ebrkes\u00eb<\/td><td class=\"column-3\"><\/td><td class=\"column-4\"><\/td><td class=\"column-5\"><\/td><td class=\"column-6\">K\u00ebrkes\u00eb p\u00ebr organizim feste n\u00eb Kryezi<\/td><td class=\"column-7\">07.07.2023<\/td><td class=\"column-8\">K\u00ebshilli Bashkiak<\/td><td class=\"column-9\">Jo<\/td><td class=\"column-10\">Po<\/td><td class=\"column-11\">Po<\/td><td class=\"column-12\"><\/td><td class=\"column-13\"><\/td>\n<\/tr>\n<tr class=\"row-32 even\">\n\t<td class=\"column-1\">2<\/td><td class=\"column-2\">K\u00ebrkes\u00eb<\/td><td class=\"column-3\"><\/td><td class=\"column-4\"><\/td><td class=\"column-5\">1828<\/td><td class=\"column-6\">K\u00ebrkes\u00eb p\u00ebr zgjidhjen e problemit me rendin e ujit Dedaj<\/td><td class=\"column-7\">05.06.2023<\/td><td class=\"column-8\">K\u00ebshilli Bashkiak<\/td><td class=\"column-9\">Jo<\/td><td class=\"column-10\">Po<\/td><td class=\"column-11\">Po<\/td><td class=\"column-12\">Verifikim Bashkia<\/td><td class=\"column-13\"><\/td>\n<\/tr>\n<tr class=\"row-33 odd\">\n\t<td class=\"column-1\">1<\/td><td class=\"column-2\">K\u00ebrkes\u00eb<\/td><td class=\"column-3\"><\/td><td class=\"column-4\"><\/td><td class=\"column-5\"><\/td><td class=\"column-6\">K\u00ebrkes\u00eb p\u00ebr dor\u00ebzim vule<\/td><td class=\"column-7\">28.03.2023<\/td><td class=\"column-8\">K\u00ebshilli Bashkiak<\/td><td class=\"column-9\">Jo<\/td><td class=\"column-10\">Jo<\/td><td class=\"column-11\">Po<\/td><td class=\"column-12\"><\/td><td class=\"column-13\"><\/td>\n<\/tr>\n<tr class=\"row-34 even\">\n\t<td class=\"column-1\"><\/td><td class=\"column-2\"><\/td><td class=\"column-3\"><\/td><td class=\"column-4\"><\/td><td class=\"column-5\"><\/td><td class=\"column-6\"><\/td><td class=\"column-7\"><\/td><td class=\"column-8\"><\/td><td class=\"column-9\"><\/td><td class=\"column-10\"><\/td><td class=\"column-11\"><\/td><td class=\"column-12\"><\/td><td class=\"column-13\"><\/td>\n<\/tr>\n<tr class=\"row-35 odd\">\n\t<td class=\"column-1\"><\/td><td class=\"column-2\"><\/td><td class=\"column-3\"><\/td><td class=\"column-4\"><\/td><td class=\"column-5\"><\/td><td class=\"column-6\"><\/td><td class=\"column-7\"><\/td><td class=\"column-8\"><\/td><td class=\"column-9\"><\/td><td class=\"column-10\"><\/td><td class=\"column-11\"><\/td><td class=\"column-12\"><\/td><td class=\"column-13\"><\/td>\n<\/tr>\n<tr class=\"row-36 even\">\n\t<td class=\"column-1\"><\/td><td class=\"column-2\"><\/td><td class=\"column-3\"><\/td><td class=\"column-4\"><\/td><td class=\"column-5\"><\/td><td class=\"column-6\"><\/td><td class=\"column-7\"><\/td><td class=\"column-8\"><\/td><td class=\"column-9\"><\/td><td class=\"column-10\"><\/td><td class=\"column-11\"><\/td><td class=\"column-12\"><\/td><td class=\"column-13\"><\/td>\n<\/tr>\n<\/tbody>\n<\/table>\n<!-- #tablepress-8 from cache -->\n\n\n\n<p><\/p>\n","protected":false},"excerpt":{"rendered":"&nbsp;&nbsp;&nbsp;&nbsp;&nbsp;&nbsp;&nbsp;&nbsp;&nbsp;&nbsp;&nbsp;&nbsp;&nbsp; Nr.K\u00ebrkes\u00ebAnkes\u00ebV\u00ebrejtjeKodi i regjistrimit\u00c7\u00ebshtjaData e Regjistrimit n\u00eb Protokollin e Bashkis\u00eb\"Organi\/drejtoria\/ sektori q\u00eb i \u00ebsht\u00eb d\u00ebrguar ankesa\/ k\u00ebrkesa (Nr. prot t\u00eb brendsh\u00ebm)\"\"D\u00ebrgimi p\u00ebr mendim n\u00eb Komisionin p\u00ebrkat\u00ebs t\u00eb K\u00ebshillit (Nr. prot t\u00eb brendsh\u00ebm)\"Kaluar n\u00eb K\u00ebshill p\u00ebr shqyrtim (data)\"Mb\u00ebshtetur nga K\u00ebshilli (k\u00ebrkesa, ankesa) Po\/Jo\"\"Zbatuar nga Ekzekutivi (Data)\"\"P\u00ebrgjigjia (data dhe numri)\" 31K\u00ebrkes\u00eb3701Ndihme per riparim shtepie 21..11.2025K\u00ebshilli Bashkiak JoPo [...]","protected":false},"author":1,"featured_media":0,"parent":0,"menu_order":0,"comment_status":"closed","ping_status":"closed","template":"","meta":[],"_links":{"self":[{"href":"http:\/\/209.95.59.218\/~bsh\/regjistribashkiafushearrez\/index.php?rest_route=\/wp\/v2\/pages\/1464"}],"collection":[{"href":"http:\/\/209.95.59.218\/~bsh\/regjistribashkiafushearrez\/index.php?rest_route=\/wp\/v2\/pages"}],"about":[{"href":"http:\/\/209.95.59.218\/~bsh\/regjistribashkiafushearrez\/index.php?rest_route=\/wp\/v2\/types\/page"}],"author":[{"embeddable":true,"href":"http:\/\/209.95.59.218\/~bsh\/regjistribashkiafushearrez\/index.php?rest_route=\/wp\/v2\/users\/1"}],"replies":[{"embeddable":true,"href":"http:\/\/209.95.59.218\/~bsh\/regjistribashkiafushearrez\/index.php?rest_route=%2Fwp%2Fv2%2Fcomments&post=1464"}],"version-history":[{"count":2,"href":"http:\/\/209.95.59.218\/~bsh\/regjistribashkiafushearrez\/index.php?rest_route=\/wp\/v2\/pages\/1464\/revisions"}],"predecessor-version":[{"id":2028,"href":"http:\/\/209.95.59.218\/~bsh\/regjistribashkiafushearrez\/index.php?rest_route=\/wp\/v2\/pages\/1464\/revisions\/2028"}],"wp:attachment":[{"href":"http:\/\/209.95.59.218\/~bsh\/regjistribashkiafushearrez\/index.php?rest_route=%2Fwp%2Fv2%2Fmedia&parent=1464"}],"curies":[{"name":"wp","href":"https:\/\/api.w.org\/{rel}","templated":true}]}}