{"id":1435,"date":"2024-09-23T14:23:13","date_gmt":"2024-09-23T12:23:13","guid":{"rendered":"http:\/\/209.95.59.218\/~bsh\/regjistribashkiafushearrez\/?page_id=1435"},"modified":"2024-11-20T10:58:17","modified_gmt":"2024-11-20T09:58:17","slug":"sekretari-punonjesit-e-sekretariatit","status":"publish","type":"page","link":"http:\/\/209.95.59.218\/~bsh\/regjistribashkiafushearrez\/?page_id=1435","title":{"rendered":"Sekretari, punonj\u00ebsit e sekretariatit"},"content":{"rendered":"\n<p>Naze Selimaj <\/p>\n\n\n\n<p>Sekretare e K\u00ebshillit Bashkiak Fush\u00eb Arr\u00ebz<\/p>\n\n\n\n<p>Tel: 0698811956; Email: nazeselimaj@yahoo.com<\/p>\n\n\n\n<p>Valbona Milla <\/p>\n\n\n\n<p>Punonj\u00ebse e sekretariatit t\u00eb K\u00ebshillit Bashkiak Fush\u00eb Arr\u00ebz<\/p>\n\n\n\n<p>Tel: 06869555657; Email: valbonakurtalija@gmail.com<\/p>\n","protected":false},"excerpt":{"rendered":"<p>Naze Selimaj Sekretare e K\u00ebshillit Bashkiak Fush\u00eb Arr\u00ebz Tel: 0698811956; Email: nazeselimaj@yahoo.com Valbona Milla Punonj\u00ebse e sekretariatit t\u00eb K\u00ebshillit Bashkiak Fush\u00eb Arr\u00ebz Tel: 06869555657; Email: valbonakurtalija@gmail.com<\/p>\n","protected":false},"author":1,"featured_media":0,"parent":0,"menu_order":0,"comment_status":"closed","ping_status":"closed","template":"","meta":[],"_links":{"self":[{"href":"http:\/\/209.95.59.218\/~bsh\/regjistribashkiafushearrez\/index.php?rest_route=\/wp\/v2\/pages\/1435"}],"collection":[{"href":"http:\/\/209.95.59.218\/~bsh\/regjistribashkiafushearrez\/index.php?rest_route=\/wp\/v2\/pages"}],"about":[{"href":"http:\/\/209.95.59.218\/~bsh\/regjistribashkiafushearrez\/index.php?rest_route=\/wp\/v2\/types\/page"}],"author":[{"embeddable":true,"href":"http:\/\/209.95.59.218\/~bsh\/regjistribashkiafushearrez\/index.php?rest_route=\/wp\/v2\/users\/1"}],"replies":[{"embeddable":true,"href":"http:\/\/209.95.59.218\/~bsh\/regjistribashkiafushearrez\/index.php?rest_route=%2Fwp%2Fv2%2Fcomments&post=1435"}],"version-history":[{"count":3,"href":"http:\/\/209.95.59.218\/~bsh\/regjistribashkiafushearrez\/index.php?rest_route=\/wp\/v2\/pages\/1435\/revisions"}],"predecessor-version":[{"id":1552,"href":"http:\/\/209.95.59.218\/~bsh\/regjistribashkiafushearrez\/index.php?rest_route=\/wp\/v2\/pages\/1435\/revisions\/1552"}],"wp:attachment":[{"href":"http:\/\/209.95.59.218\/~bsh\/regjistribashkiafushearrez\/index.php?rest_route=%2Fwp%2Fv2%2Fmedia&parent=1435"}],"curies":[{"name":"wp","href":"https:\/\/api.w.org\/{rel}","templated":true}]}}