{"id":1405,"date":"2024-09-20T12:06:14","date_gmt":"2024-09-20T10:06:14","guid":{"rendered":"http:\/\/209.95.59.218\/~bsh\/regjistribashkiafushearrez\/?page_id=1405"},"modified":"2026-02-18T12:23:10","modified_gmt":"2026-02-18T11:23:10","slug":"keshilli-dhe-anetaret-e-keshillit","status":"publish","type":"page","link":"http:\/\/209.95.59.218\/~bsh\/regjistribashkiafushearrez\/?page_id=1405","title":{"rendered":"K\u00ebshilli dhe an\u00ebtar\u00ebt e k\u00ebshillit"},"content":{"rendered":"\n<h3><a href=\"http:\/\/209.95.59.218\/~bsh\/regjistribashkiafushearrez\/?page_id=1667\" data-type=\"URL\" data-id=\"http:\/\/209.95.59.218\/~bsh\/regjistribashkiafushearrez\/?page_id=1667\" target=\"_blank\" rel=\"noreferrer noopener\">Kryetari i K\u00ebshillit<\/a><\/h3>\n\n\n\n<h3><a href=\"http:\/\/209.95.59.218\/~bsh\/regjistribashkiafushearrez\/?page_id=75\" target=\"_blank\" rel=\"noreferrer noopener\">An\u00ebtar\u00ebt e K\u00ebshillit<\/a><\/h3>\n\n\n\n<h3><a rel=\"noreferrer noopener\" href=\"http:\/\/209.95.59.218\/~bsh\/regjistribashkiafushearrez\/?page_id=1435\" data-type=\"URL\" data-id=\"http:\/\/209.95.59.218\/~bsh\/regjistribashkiafushearrez\/?page_id=1435\" target=\"_blank\">Sekretari, punonj\u00ebsit e sekretariatit<\/a><\/h3>\n\n\n\n<h3><a href=\"http:\/\/209.95.59.218\/~bsh\/regjistribashkiafushearrez\/wp-content\/uploads\/2024\/12\/KRYETARET-E-FSHATRAVE-Fushe-Arrez.pdf\" data-type=\"URL\" data-id=\"http:\/\/209.95.59.218\/~bsh\/regjistribashkiafushearrez\/wp-content\/uploads\/2024\/12\/KRYETARET-E-FSHATRAVE-Fushe-Arrez.pdf\" target=\"_blank\" rel=\"noreferrer noopener\">Kryesit\u00eb e fshatrave<\/a><\/h3>\n\n\n\n<h3><a href=\"http:\/\/209.95.59.218\/~bsh\/regjistribashkiafushearrez\/?page_id=1367\" target=\"_blank\" rel=\"noreferrer noopener\">T\u00eb dh\u00ebnat e zgjedhjeve vendore<\/a><\/h3>\n\n\n\n<p><\/p>\n","protected":false},"excerpt":{"rendered":"<p>Kryetari i K\u00ebshillit An\u00ebtar\u00ebt e K\u00ebshillit Sekretari, punonj\u00ebsit e sekretariatit Kryesit\u00eb e fshatrave T\u00eb dh\u00ebnat e zgjedhjeve vendore<\/p>\n","protected":false},"author":1,"featured_media":0,"parent":0,"menu_order":0,"comment_status":"closed","ping_status":"closed","template":"","meta":[],"_links":{"self":[{"href":"http:\/\/209.95.59.218\/~bsh\/regjistribashkiafushearrez\/index.php?rest_route=\/wp\/v2\/pages\/1405"}],"collection":[{"href":"http:\/\/209.95.59.218\/~bsh\/regjistribashkiafushearrez\/index.php?rest_route=\/wp\/v2\/pages"}],"about":[{"href":"http:\/\/209.95.59.218\/~bsh\/regjistribashkiafushearrez\/index.php?rest_route=\/wp\/v2\/types\/page"}],"author":[{"embeddable":true,"href":"http:\/\/209.95.59.218\/~bsh\/regjistribashkiafushearrez\/index.php?rest_route=\/wp\/v2\/users\/1"}],"replies":[{"embeddable":true,"href":"http:\/\/209.95.59.218\/~bsh\/regjistribashkiafushearrez\/index.php?rest_route=%2Fwp%2Fv2%2Fcomments&post=1405"}],"version-history":[{"count":11,"href":"http:\/\/209.95.59.218\/~bsh\/regjistribashkiafushearrez\/index.php?rest_route=\/wp\/v2\/pages\/1405\/revisions"}],"predecessor-version":[{"id":2676,"href":"http:\/\/209.95.59.218\/~bsh\/regjistribashkiafushearrez\/index.php?rest_route=\/wp\/v2\/pages\/1405\/revisions\/2676"}],"wp:attachment":[{"href":"http:\/\/209.95.59.218\/~bsh\/regjistribashkiafushearrez\/index.php?rest_route=%2Fwp%2Fv2%2Fmedia&parent=1405"}],"curies":[{"name":"wp","href":"https:\/\/api.w.org\/{rel}","templated":true}]}}