{"id":1350,"date":"2024-09-18T18:31:40","date_gmt":"2024-09-18T16:31:40","guid":{"rendered":"http:\/\/209.95.59.218\/~bsh\/regjistribashkiafushearrez\/?page_id=1350"},"modified":"2026-01-07T17:07:45","modified_gmt":"2026-01-07T16:07:45","slug":"buxheti-i-keshillit-bashkiak-fushe-arrez","status":"publish","type":"page","link":"http:\/\/209.95.59.218\/~bsh\/regjistribashkiafushearrez\/?page_id=1350","title":{"rendered":"Buxheti i K\u00ebshillit Bashkiak Fush\u00eb Arr\u00ebz"},"content":{"rendered":"\n<p><a href=\"http:\/\/209.95.59.218\/~bsh\/regjistribashkiafushearrez\/wp-content\/uploads\/2026\/01\/Vendim-Nr.-46-Dhjetor-2025.pdf\">Buxheti i K\u00ebshillit Bashkiak Fush\u00eb Arr\u00ebz 2026<\/a><\/p>\n\n\n\n<p><a href=\"http:\/\/209.95.59.218\/~bsh\/regjistribashkiafushearrez\/wp-content\/uploads\/2025\/07\/Plani-i-Aktiviteteve-dhe-Konsultimeve-me-buxhet-KB.-Fushe-Arrez-2025.pdf\">Buxheti i K\u00ebshillit Bashkiak Fush\u00eb Arr\u00ebz 2025<\/a><\/p>\n\n\n\n<p><a href=\"http:\/\/209.95.59.218\/~bsh\/regjistribashkiafushearrez\/wp-content\/uploads\/2025\/05\/Plani-i-Aktiviteteve-Konsultimeve-dhe-Buxheti-i-KB.-Fushe-Arrez-2024.pdf\" target=\"_blank\" rel=\"noreferrer noopener\">Buxheti i K\u00ebshillit Bashkiak Fush\u00eb Arr\u00ebz 2024<\/a><\/p>\n\n\n\n<p><a href=\"http:\/\/209.95.59.218\/~bsh\/regjistribashkiafushearrez\/wp-content\/uploads\/2025\/07\/VKB-Fushe-Arrez-Nr.46-dt-30.11.2022-Plani-i-Aktiviteteve_opt.pdf\">Buxheti i K\u00ebshillit Bashkiak Fush\u00eb Arr\u00ebz 2023<\/a><\/p>\n\n\n\n<p><\/p>\n\n\n\n<p><\/p>\n\n\n\n<p><\/p>\n","protected":false},"excerpt":{"rendered":"<p>Buxheti i K\u00ebshillit Bashkiak Fush\u00eb Arr\u00ebz 2026 Buxheti i K\u00ebshillit Bashkiak Fush\u00eb Arr\u00ebz 2025 Buxheti i K\u00ebshillit Bashkiak Fush\u00eb Arr\u00ebz 2024 Buxheti i K\u00ebshillit Bashkiak Fush\u00eb Arr\u00ebz 2023<\/p>\n","protected":false},"author":1,"featured_media":0,"parent":0,"menu_order":0,"comment_status":"closed","ping_status":"closed","template":"","meta":[],"_links":{"self":[{"href":"http:\/\/209.95.59.218\/~bsh\/regjistribashkiafushearrez\/index.php?rest_route=\/wp\/v2\/pages\/1350"}],"collection":[{"href":"http:\/\/209.95.59.218\/~bsh\/regjistribashkiafushearrez\/index.php?rest_route=\/wp\/v2\/pages"}],"about":[{"href":"http:\/\/209.95.59.218\/~bsh\/regjistribashkiafushearrez\/index.php?rest_route=\/wp\/v2\/types\/page"}],"author":[{"embeddable":true,"href":"http:\/\/209.95.59.218\/~bsh\/regjistribashkiafushearrez\/index.php?rest_route=\/wp\/v2\/users\/1"}],"replies":[{"embeddable":true,"href":"http:\/\/209.95.59.218\/~bsh\/regjistribashkiafushearrez\/index.php?rest_route=%2Fwp%2Fv2%2Fcomments&post=1350"}],"version-history":[{"count":6,"href":"http:\/\/209.95.59.218\/~bsh\/regjistribashkiafushearrez\/index.php?rest_route=\/wp\/v2\/pages\/1350\/revisions"}],"predecessor-version":[{"id":2505,"href":"http:\/\/209.95.59.218\/~bsh\/regjistribashkiafushearrez\/index.php?rest_route=\/wp\/v2\/pages\/1350\/revisions\/2505"}],"wp:attachment":[{"href":"http:\/\/209.95.59.218\/~bsh\/regjistribashkiafushearrez\/index.php?rest_route=%2Fwp%2Fv2%2Fmedia&parent=1350"}],"curies":[{"name":"wp","href":"https:\/\/api.w.org\/{rel}","templated":true}]}}