{"id":1343,"date":"2024-09-18T18:05:32","date_gmt":"2024-09-18T16:05:32","guid":{"rendered":"http:\/\/209.95.59.218\/~bsh\/regjistribashkiafushearrez\/?page_id=1343"},"modified":"2026-02-12T12:34:41","modified_gmt":"2026-02-12T11:34:41","slug":"planet-e-keshillit-bashkiak-fushe-arrez","status":"publish","type":"page","link":"http:\/\/209.95.59.218\/~bsh\/regjistribashkiafushearrez\/?page_id=1343","title":{"rendered":"Planet e aktiviteteve dhe konsultimeve t\u00eb K\u00ebshillit Bashkiak Fush\u00eb Arr\u00ebz"},"content":{"rendered":"\n<p><a rel=\"noreferrer noopener\" href=\"http:\/\/209.95.59.218\/~bsh\/regjistribashkiafushearrez\/wp-content\/uploads\/2026\/01\/Vendim-Nr.-46-Dhjetor-2025.pdf\" target=\"_blank\">Plani i aktiviteteve dhe konsultimeve t\u00eb<\/a> <a rel=\"noreferrer noopener\" href=\"http:\/\/209.95.59.218\/~bsh\/regjistribashkiafushearrez\/wp-content\/uploads\/2026\/01\/Vendim-Nr.-46-Dhjetor-2025.pdf\" target=\"_blank\">K\u00ebshillit Bashkiak Fush\u00eb Arr\u00ebz 2026<\/a><\/p>\n\n\n\n<p><a rel=\"noreferrer noopener\" href=\"http:\/\/209.95.59.218\/~bsh\/regjistribashkiafushearrez\/wp-content\/uploads\/2025\/03\/Vendim-63-date-23-12-2024-o.pdf\" data-type=\"URL\" data-id=\"http:\/\/209.95.59.218\/~bsh\/regjistribashkiafushearrez\/wp-content\/uploads\/2025\/03\/Vendim-63-date-23-12-2024-o.pdf\" target=\"_blank\">Plani i aktiviteteve dhe konsultimeve t\u00eb<\/a> <a rel=\"noreferrer noopener\" href=\"http:\/\/209.95.59.218\/~bsh\/regjistribashkiafushearrez\/wp-content\/uploads\/2025\/03\/Vendim-63-date-23-12-2024-o.pdf\" data-type=\"URL\" data-id=\"http:\/\/209.95.59.218\/~bsh\/regjistribashkiafushearrez\/wp-content\/uploads\/2025\/03\/Vendim-63-date-23-12-2024-o.pdf\" target=\"_blank\">K\u00ebshillit Bashkiak Fush\u00eb Arr\u00ebz 2025<\/a><\/p>\n\n\n\n<p><a href=\"http:\/\/209.95.59.218\/~bsh\/regjistribashkiafushearrez\/wp-content\/uploads\/2025\/05\/Plani-i-Aktiviteteve-Konsultimeve-dhe-Buxheti-i-KB.-Fushe-Arrez-2024.pdf\">Plani i aktiviteteve dhe konsultimeve t\u00eb<\/a> <a href=\"http:\/\/209.95.59.218\/~bsh\/regjistribashkiafushearrez\/wp-content\/uploads\/2025\/05\/Plani-i-Aktiviteteve-Konsultimeve-dhe-Buxheti-i-KB.-Fushe-Arrez-2024.pdf\">K\u00ebshillit Bashkiak Fush\u00eb Arr\u00ebz 2024<\/a><\/p>\n\n\n\n<p><a href=\"http:\/\/209.95.59.218\/~bsh\/regjistribashkiafushearrez\/wp-content\/uploads\/2024\/11\/VKB-Fushe-Arrez-Nr.46-dt-30.11.2022-Plani-i-Aktiviteteve-rev.pdf\" data-type=\"URL\" data-id=\"http:\/\/209.95.59.218\/~bsh\/regjistribashkiafushearrez\/wp-content\/uploads\/2024\/11\/VKB-Fushe-Arrez-Nr.46-dt-30.11.2022-Plani-i-Aktiviteteve-rev.pdf\">Plani i aktiviteteve dhe konsultimeve t\u00eb<\/a> <a href=\"http:\/\/209.95.59.218\/~bsh\/regjistribashkiafushearrez\/wp-content\/uploads\/2024\/11\/VKB-Fushe-Arrez-Nr.46-dt-30.11.2022-Plani-i-Aktiviteteve-rev.pdf\" data-type=\"URL\" data-id=\"http:\/\/209.95.59.218\/~bsh\/regjistribashkiafushearrez\/wp-content\/uploads\/2024\/11\/VKB-Fushe-Arrez-Nr.46-dt-30.11.2022-Plani-i-Aktiviteteve-rev.pdf\">K\u00ebshillit Bashkiak <\/a><a rel=\"noreferrer noopener\" href=\"http:\/\/209.95.59.218\/~bsh\/regjistribashkiafushearrez\/wp-content\/uploads\/2024\/11\/VKB-Fushe-Arrez-Nr.46-dt-30.11.2022-Plani-i-Aktiviteteve-rev.pdf\" data-type=\"URL\" data-id=\"http:\/\/209.95.59.218\/~bsh\/regjistribashkiafushearrez\/wp-content\/uploads\/2024\/11\/VKB-Fushe-Arrez-Nr.46-dt-30.11.2022-Plani-i-Aktiviteteve-rev.pdf\" target=\"_blank\">Fush\u00eb<\/a><a href=\"http:\/\/209.95.59.218\/~bsh\/regjistribashkiafushearrez\/wp-content\/uploads\/2024\/11\/VKB-Fushe-Arrez-Nr.46-dt-30.11.2022-Plani-i-Aktiviteteve-rev.pdf\" data-type=\"URL\" data-id=\"http:\/\/209.95.59.218\/~bsh\/regjistribashkiafushearrez\/wp-content\/uploads\/2024\/11\/VKB-Fushe-Arrez-Nr.46-dt-30.11.2022-Plani-i-Aktiviteteve-rev.pdf\"> <\/a><a rel=\"noreferrer noopener\" href=\"http:\/\/209.95.59.218\/~bsh\/regjistribashkiafushearrez\/wp-content\/uploads\/2024\/11\/VKB-Fushe-Arrez-Nr.46-dt-30.11.2022-Plani-i-Aktiviteteve-rev.pdf\" data-type=\"URL\" data-id=\"http:\/\/209.95.59.218\/~bsh\/regjistribashkiafushearrez\/wp-content\/uploads\/2024\/11\/VKB-Fushe-Arrez-Nr.46-dt-30.11.2022-Plani-i-Aktiviteteve-rev.pdf\" target=\"_blank\">Arr\u00ebz<\/a><a href=\"http:\/\/209.95.59.218\/~bsh\/regjistribashkiafushearrez\/wp-content\/uploads\/2024\/11\/VKB-Fushe-Arrez-Nr.46-dt-30.11.2022-Plani-i-Aktiviteteve-rev.pdf\" data-type=\"URL\" data-id=\"http:\/\/209.95.59.218\/~bsh\/regjistribashkiafushearrez\/wp-content\/uploads\/2024\/11\/VKB-Fushe-Arrez-Nr.46-dt-30.11.2022-Plani-i-Aktiviteteve-rev.pdf\"> 2023<\/a><\/p>\n\n\n\n<p><\/p>\n","protected":false},"excerpt":{"rendered":"<p>Plani i aktiviteteve dhe konsultimeve t\u00eb K\u00ebshillit Bashkiak Fush\u00eb Arr\u00ebz 2026 Plani i aktiviteteve dhe konsultimeve t\u00eb K\u00ebshillit Bashkiak Fush\u00eb Arr\u00ebz 2025 Plani i aktiviteteve dhe konsultimeve t\u00eb K\u00ebshillit Bashkiak Fush\u00eb Arr\u00ebz 2024 Plani i aktiviteteve dhe konsultimeve t\u00eb K\u00ebshillit Bashkiak Fush\u00eb Arr\u00ebz 2023<\/p>\n","protected":false},"author":1,"featured_media":0,"parent":0,"menu_order":0,"comment_status":"closed","ping_status":"closed","template":"","meta":[],"_links":{"self":[{"href":"http:\/\/209.95.59.218\/~bsh\/regjistribashkiafushearrez\/index.php?rest_route=\/wp\/v2\/pages\/1343"}],"collection":[{"href":"http:\/\/209.95.59.218\/~bsh\/regjistribashkiafushearrez\/index.php?rest_route=\/wp\/v2\/pages"}],"about":[{"href":"http:\/\/209.95.59.218\/~bsh\/regjistribashkiafushearrez\/index.php?rest_route=\/wp\/v2\/types\/page"}],"author":[{"embeddable":true,"href":"http:\/\/209.95.59.218\/~bsh\/regjistribashkiafushearrez\/index.php?rest_route=\/wp\/v2\/users\/1"}],"replies":[{"embeddable":true,"href":"http:\/\/209.95.59.218\/~bsh\/regjistribashkiafushearrez\/index.php?rest_route=%2Fwp%2Fv2%2Fcomments&post=1343"}],"version-history":[{"count":10,"href":"http:\/\/209.95.59.218\/~bsh\/regjistribashkiafushearrez\/index.php?rest_route=\/wp\/v2\/pages\/1343\/revisions"}],"predecessor-version":[{"id":2624,"href":"http:\/\/209.95.59.218\/~bsh\/regjistribashkiafushearrez\/index.php?rest_route=\/wp\/v2\/pages\/1343\/revisions\/2624"}],"wp:attachment":[{"href":"http:\/\/209.95.59.218\/~bsh\/regjistribashkiafushearrez\/index.php?rest_route=%2Fwp%2Fv2%2Fmedia&parent=1343"}],"curies":[{"name":"wp","href":"https:\/\/api.w.org\/{rel}","templated":true}]}}