{"id":1336,"date":"2024-09-18T17:49:49","date_gmt":"2024-09-18T15:49:49","guid":{"rendered":"http:\/\/209.95.59.218\/~bsh\/regjistribashkiafushearrez\/?page_id=1336"},"modified":"2026-03-27T13:54:54","modified_gmt":"2026-03-27T12:54:54","slug":"projekt-vendimet","status":"publish","type":"page","link":"http:\/\/209.95.59.218\/~bsh\/regjistribashkiafushearrez\/?page_id=1336","title":{"rendered":"Projekt Vendimet"},"content":{"rendered":"\n<p>2026\u00a0<\/p>\r\n<p><a href=\"http:\/\/209.95.59.218\/~bsh\/regjistribashkiafushearrez\/?page_id=2715\">Projekt Vendimet e Mbledhjes s\u00eb K\u00ebshillit Bashkiak Mars 2026<\/a><\/p>\r\n<p><a href=\"http:\/\/209.95.59.218\/~bsh\/regjistribashkiafushearrez\/?page_id=2685\">Projekt Vendimet e Mbledhjes s\u00eb K\u00ebshillit Bashkiak Shkurt 2026<\/a><\/p>\r\n<p><a href=\"http:\/\/209.95.59.218\/~bsh\/regjistribashkiafushearrez\/?page_id=2528\">Projekt Vendimet e Mbledhjes s\u00eb K\u00ebshillit Bashkiak Janar 2026<\/a><\/p>\r\n<p>&nbsp;<\/p>\r\n<p>2025<\/p>\r\n<p><a href=\"http:\/\/209.95.59.218\/~bsh\/regjistribashkiafushearrez\/?page_id=2433\">Projekt Vendimet e Mbledhjes s\u00eb K\u00ebshillit Bashkiak Dhjetor 2025<\/a><\/p>\r\n<p><a href=\"http:\/\/209.95.59.218\/~bsh\/regjistribashkiafushearrez\/?page_id=2418\">Projekt Vendimet e Mbledhjes s\u00eb K\u00ebshillit Bashkiak N\u00ebntor 2025<\/a><\/p>\r\n<p><a href=\"http:\/\/209.95.59.218\/~bsh\/regjistribashkiafushearrez\/?page_id=2353\">Projekt Vendimet e Mbledhjes s\u00eb K\u00ebshillit Bashkiak Tetor 2 2025<\/a><\/p>\r\n<p><a href=\"http:\/\/209.95.59.218\/~bsh\/regjistribashkiafushearrez\/?page_id=2308\">Projekt Vendimet e Mbledhjes s\u00eb K\u00ebshillit Bashkiak Tetor 2025<\/a><\/p>\r\n<p><a href=\"http:\/\/209.95.59.218\/~bsh\/regjistribashkiafushearrez\/?page_id=2273\">Projekt Vendimet e Mbledhjes s\u00eb K\u00ebshillit Bashkiak Shtator 2025<\/a><\/p>\r\n<p><a href=\"http:\/\/209.95.59.218\/~bsh\/regjistribashkiafushearrez\/?page_id=2113&amp;preview=true\">Projekt vendimet e Mbledhjes s\u00eb K\u00ebshillit Bashkiak Gusht 2025<\/a><\/p>\r\n<p><a href=\"http:\/\/209.95.59.218\/~bsh\/regjistribashkiafushearrez\/?page_id=2075\">Projekt <\/a><a href=\"http:\/\/209.95.59.218\/~bsh\/regjistribashkiafushearrez\/?page_id=2075\">vendimet e Mbledhjes s\u00eb K\u00ebshillit Bashkiak Korrik 2025<\/a><\/p>\r\n<p><a href=\"http:\/\/209.95.59.218\/~bsh\/regjistribashkiafushearrez\/?page_id=1998\">Projekt vendimet e Mbledhjes s\u00eb K\u00ebshillit Bashkiak Qershor 2 2025<\/a><\/p>\r\n<p><a href=\"http:\/\/209.95.59.218\/~bsh\/regjistribashkiafushearrez\/?page_id=1986\">Projekt vendimet e Mbledhjes s\u00eb K\u00ebshillit Bashkiak Qershor 2025<\/a><\/p>\r\n<p><a href=\"http:\/\/209.95.59.218\/~bsh\/regjistribashkiafushearrez\/?page_id=1956\">Projekt vendimet e Mbledhjes s\u00eb K\u00ebshillit Bashkiak Maj 2025<\/a><\/p>\r\n<p><a href=\"http:\/\/209.95.59.218\/~bsh\/regjistribashkiafushearrez\/?page_id=1927\">Projekt vendimet e Mbledhjes s\u00eb K\u00ebshillit Bashkiak Prill 2025<\/a><\/p>\r\n<p><a href=\"http:\/\/209.95.59.218\/~bsh\/regjistribashkiafushearrez\/?page_id=1862\">Projekt vendimet e Mbledhjes s\u00eb K\u00ebshillit Bashkiak Mars 2025<\/a><\/p>\r\n<p><a href=\"http:\/\/209.95.59.218\/~bsh\/regjistribashkiafushearrez\/?page_id=1726\">Projekt vendimet e Mbledhjes s\u00eb K\u00ebshillit Bashkiak Shkurt 2025<\/a><\/p>\r\n<p><a href=\"http:\/\/209.95.59.218\/~bsh\/regjistribashkiafushearrez\/?page_id=1684\">Projekt vendimet e Mbledhjes s\u00eb K\u00ebshillit Bashkiak Janar 2025<\/a><\/p>\r\n<p>&nbsp;<\/p>\r\n<p>2024\u00a0<\/p>\r\n<p>Projekt vendimet e Mbledhjes s\u00eb K\u00ebshillit Bashkiak Janar 2024<\/p>\r\n<p>\n\n\n\n<\/p>\r\n<p><a href=\"http:\/\/209.95.59.218\/~bsh\/regjistribashkiafushearrez\/wp-content\/uploads\/2024\/09\/ProjektVendimet-29-Shkurt-2024.pdf\" target=\"_blank\" rel=\"noreferrer noopener\" data-type=\"URL\" data-id=\"http:\/\/209.95.59.218\/~bsh\/regjistribashkiafushearrez\/wp-content\/uploads\/2024\/09\/ProjektVendimet-29-Shkurt-2024.pdf\">Projekt vendimet e Mbledhjes s\u00eb K\u00ebshillit Bashkiak Shkurt 2024<\/a><\/p>\r\n<p>\n\n\n\n<\/p>\r\n<p><a href=\"http:\/\/209.95.59.218\/~bsh\/regjistribashkiafushearrez\/wp-content\/uploads\/2024\/09\/ProjektVendimet-29-Mars-2024.pdf\" target=\"_blank\" rel=\"noreferrer noopener\" data-type=\"URL\" data-id=\"http:\/\/209.95.59.218\/~bsh\/regjistribashkiafushearrez\/wp-content\/uploads\/2024\/09\/ProjektVendimet-29-Mars-2024.pdf\">Projekt vendimet e Mbledhjes s\u00eb K\u00ebshillit Bashkiak Mars 2024<\/a><\/p>\r\n<p>\n\n\n\n<\/p>\r\n<p><a href=\"http:\/\/209.95.59.218\/~bsh\/regjistribashkiafushearrez\/wp-content\/uploads\/2024\/09\/ProjektVendimet-29-Prill-2024.pdf\" target=\"_blank\" rel=\"noreferrer noopener\" data-type=\"URL\" data-id=\"http:\/\/209.95.59.218\/~bsh\/regjistribashkiafushearrez\/wp-content\/uploads\/2024\/09\/ProjektVendimet-29-Prill-2024.pdf\">Projekt vendimet e Mbledhjes s\u00eb K\u00ebshillit Bashkiak Prill 2024<\/a><\/p>\r\n<p>\n\n\n\n<\/p>\r\n<p><a href=\"http:\/\/209.95.59.218\/~bsh\/regjistribashkiafushearrez\/wp-content\/uploads\/2024\/09\/ProjektVendimet-29-Maj-2024_compressed.pdf\" target=\"_blank\" rel=\"noreferrer noopener\" data-type=\"URL\" data-id=\"http:\/\/209.95.59.218\/~bsh\/regjistribashkiafushearrez\/wp-content\/uploads\/2024\/09\/ProjektVendimet-29-Maj-2024_compressed.pdf\">Projekt vendimet e Mbledhjes s\u00eb K\u00ebshillit Bashkiak Maj 2024<\/a><\/p>\r\n<p>\n\n\n\n<\/p>\r\n<p><a href=\"http:\/\/209.95.59.218\/~bsh\/regjistribashkiafushearrez\/wp-content\/uploads\/2024\/09\/ProjektVendimet-27-Qershor-2024-2_compressed.pdf\" target=\"_blank\" rel=\"noreferrer noopener\" data-type=\"URL\" data-id=\"http:\/\/209.95.59.218\/~bsh\/regjistribashkiafushearrez\/wp-content\/uploads\/2024\/09\/ProjektVendimet-27-Qershor-2024-2_compressed.pdf\">Projekt vendimet e Mbledhjes s\u00eb K\u00ebshillit Bashkiak Qershor 2024<\/a><\/p>\r\n<p>\n\n\n\n<\/p>\r\n<p><a href=\"http:\/\/209.95.59.218\/~bsh\/regjistribashkiafushearrez\/wp-content\/uploads\/2024\/10\/Projekt-vendimet-e-MKB-Fushe-Arrez-Korrik-2024.pdf\" target=\"_blank\" rel=\"noreferrer noopener\" data-type=\"URL\" data-id=\"http:\/\/209.95.59.218\/~bsh\/regjistribashkiafushearrez\/wp-content\/uploads\/2024\/10\/Projekt-vendimet-e-MKB-Fushe-Arrez-Korrik-2024.pdf\">Projekt vendimet e Mbledhjes s\u00eb K\u00ebshillit Bashkiak Korrik 2024<\/a><\/p>\r\n<p>\n\n\n\n<\/p>\r\n<p><a href=\"http:\/\/209.95.59.218\/~bsh\/regjistribashkiafushearrez\/?page_id=1603\" target=\"_blank\" rel=\"noreferrer noopener\" data-type=\"URL\" data-id=\"http:\/\/209.95.59.218\/~bsh\/regjistribashkiafushearrez\/?page_id=1603\">Projekt vendimet e Mbledhjes s\u00eb K\u00ebshillit Bashkiak Gusht 2024<\/a><\/p>\r\n<p>\n\n\n\n<\/p>\r\n<p><a href=\"http:\/\/209.95.59.218\/~bsh\/regjistribashkiafushearrez\/?page_id=1469\" target=\"_blank\" rel=\"noreferrer noopener\" data-type=\"URL\" data-id=\"http:\/\/209.95.59.218\/~bsh\/regjistribashkiafushearrez\/?page_id=1469\">Projekt vendimet e Mbledhjes s\u00eb K\u00ebshillit Bashkiak Shtator 2024<\/a><\/p>\r\n<p>\n\n\n\n<\/p>\r\n<p><a href=\"http:\/\/209.95.59.218\/~bsh\/regjistribashkiafushearrez\/?page_id=1520\" target=\"_blank\" rel=\"noreferrer noopener\" data-type=\"URL\" data-id=\"http:\/\/209.95.59.218\/~bsh\/regjistribashkiafushearrez\/?page_id=1520\">Projekt vendimet e Mbledhjes s\u00eb K\u00ebshillit Bashkiak Tetor 2024<\/a><\/p>\r\n<p>\n\n\n\n<\/p>\r\n<p><a href=\"http:\/\/209.95.59.218\/~bsh\/regjistribashkiafushearrez\/?page_id=1560\" target=\"_blank\" rel=\"noreferrer noopener\" data-type=\"URL\" data-id=\"http:\/\/209.95.59.218\/~bsh\/regjistribashkiafushearrez\/?page_id=1560\">Projekt vendimet e Mbledhjes s\u00eb K\u00ebshillit Bashkiak N<\/a><a href=\"http:\/\/209.95.59.218\/~bsh\/regjistribashkiafushearrez\/?page_id=1560\" target=\"_blank\" rel=\"noreferrer noopener\" data-type=\"URL\" data-id=\"http:\/\/209.95.59.218\/~bsh\/regjistribashkiafushearrez\/?page_id=1560\">\u00eb<\/a><a href=\"http:\/\/209.95.59.218\/~bsh\/regjistribashkiafushearrez\/?page_id=1560\" target=\"_blank\" rel=\"noreferrer noopener\" data-type=\"URL\" data-id=\"http:\/\/209.95.59.218\/~bsh\/regjistribashkiafushearrez\/?page_id=1560\">ntor 2024<\/a><\/p>\r\n<p>\n\n\n\n<\/p>\r\n<p><a href=\"http:\/\/209.95.59.218\/~bsh\/regjistribashkiafushearrez\/?p=1628\" data-type=\"URL\" data-id=\"http:\/\/209.95.59.218\/~bsh\/regjistribashkiafushearrez\/?p=1628\">Projekt vendimet e Mbledhjes s\u00eb K\u00ebshillit Bashkiak Dhjetor 2024<\/a><\/p>\r\n<p>\n\n\n\n<\/p>\r\n<p>&nbsp;<\/p>\r\n<p>\n\n\n<p><\/p>\n<p>&nbsp;<\/p>\n<p>&nbsp;<\/p>\n<p>&nbsp;<\/p>\n<p>&nbsp;<\/p>\n<p>&nbsp;<\/p>\n<p>&nbsp;<\/p>\n<p>&nbsp;<\/p>","protected":false},"excerpt":{"rendered":"<p>2026\u00a0 Projekt Vendimet e Mbledhjes s\u00eb K\u00ebshillit Bashkiak Mars 2026 Projekt Vendimet e Mbledhjes s\u00eb K\u00ebshillit Bashkiak Shkurt 2026 Projekt Vendimet e Mbledhjes s\u00eb K\u00ebshillit Bashkiak Janar 2026 &nbsp; 2025 Projekt Vendimet e Mbledhjes s\u00eb K\u00ebshillit Bashkiak Dhjetor 2025 Projekt Vendimet e Mbledhjes s\u00eb K\u00ebshillit Bashkiak N\u00ebntor 2025 Projekt Vendimet e Mbledhjes s\u00eb K\u00ebshillit Bashkiak [&hellip;]<\/p>\n","protected":false},"author":1,"featured_media":0,"parent":1278,"menu_order":0,"comment_status":"closed","ping_status":"closed","template":"","meta":[],"_links":{"self":[{"href":"http:\/\/209.95.59.218\/~bsh\/regjistribashkiafushearrez\/index.php?rest_route=\/wp\/v2\/pages\/1336"}],"collection":[{"href":"http:\/\/209.95.59.218\/~bsh\/regjistribashkiafushearrez\/index.php?rest_route=\/wp\/v2\/pages"}],"about":[{"href":"http:\/\/209.95.59.218\/~bsh\/regjistribashkiafushearrez\/index.php?rest_route=\/wp\/v2\/types\/page"}],"author":[{"embeddable":true,"href":"http:\/\/209.95.59.218\/~bsh\/regjistribashkiafushearrez\/index.php?rest_route=\/wp\/v2\/users\/1"}],"replies":[{"embeddable":true,"href":"http:\/\/209.95.59.218\/~bsh\/regjistribashkiafushearrez\/index.php?rest_route=%2Fwp%2Fv2%2Fcomments&post=1336"}],"version-history":[{"count":36,"href":"http:\/\/209.95.59.218\/~bsh\/regjistribashkiafushearrez\/index.php?rest_route=\/wp\/v2\/pages\/1336\/revisions"}],"predecessor-version":[{"id":2719,"href":"http:\/\/209.95.59.218\/~bsh\/regjistribashkiafushearrez\/index.php?rest_route=\/wp\/v2\/pages\/1336\/revisions\/2719"}],"up":[{"embeddable":true,"href":"http:\/\/209.95.59.218\/~bsh\/regjistribashkiafushearrez\/index.php?rest_route=\/wp\/v2\/pages\/1278"}],"wp:attachment":[{"href":"http:\/\/209.95.59.218\/~bsh\/regjistribashkiafushearrez\/index.php?rest_route=%2Fwp%2Fv2%2Fmedia&parent=1336"}],"curies":[{"name":"wp","href":"https:\/\/api.w.org\/{rel}","templated":true}]}}