{"id":1287,"date":"2024-09-18T15:04:34","date_gmt":"2024-09-18T13:04:34","guid":{"rendered":"http:\/\/209.95.59.218\/~bsh\/regjistribashkiafushearrez\/?page_id=1287"},"modified":"2026-02-13T11:23:29","modified_gmt":"2026-02-13T10:23:29","slug":"regjistrat-e-keshillit-bashkiak-fushe-arrez","status":"publish","type":"page","link":"http:\/\/209.95.59.218\/~bsh\/regjistribashkiafushearrez\/?page_id=1287","title":{"rendered":"Regjistrat e K\u00ebshillit Bashkiak Fush\u00eb Arr\u00ebz"},"content":{"rendered":"<p>[vc_row][vc_column][\/vc_column][\/vc_row][vc_row][vc_column width=&#8221;2\/3&#8243;][vc_column_text]<\/p>\r\n<h3><a href=\"http:\/\/209.95.59.218\/~bsh\/regjistribashkiafushearrez\/?page_id=1464\">Regjistri k\u00ebrkesave dhe ankesave<\/a><\/h3>\r\n\r\n<p>&nbsp;<\/p>\r\n\r\n<h3><a href=\"http:\/\/209.95.59.218\/~bsh\/regjistribashkiafushearrez\/?page_id=940\">Regjistri i projekt akteve p\u00ebr konsultim me publikun<\/a><\/h3>\r\n\r\n<p>&nbsp;<\/p>\r\n\r\n<h3><a href=\"http:\/\/209.95.59.218\/~bsh\/regjistribashkiafushearrez\/?page_id=1004\">Regjistri i peticioneve dhe iniciativave qytetare<\/a><\/h3>\r\n\r\n<p>&nbsp;<\/p>\r\n\r\n<h3><a href=\"http:\/\/209.95.59.218\/~bsh\/regjistribashkiafushearrez\/?page_id=938\">Regjistri i p\u00ebr transparenc\u00ebn e mbledhjeve t\u00eb K\u00ebshillit Bashkiak<\/a><\/h3>\r\n\r\n<p>&nbsp;<\/p>\r\n\r\n<h3><a href=\"http:\/\/209.95.59.218\/~bsh\/regjistribashkiafushearrez\/?page_id=1412\" target=\"_blank\" rel=\"noopener noreferrer\">Formate, procedura, afate, udh\u00ebzues<\/a><\/h3>\r\n<p>\u00a0<\/p>\r\n<p>\u00a0<\/p>\r\n<p>[\/vc_column_text][\/vc_column][\/vc_row]<\/p>","protected":false},"excerpt":{"rendered":"<p>[vc_row][vc_column][\/vc_column][\/vc_row][vc_row][vc_column width=&#8221;2\/3&#8243;][vc_column_text] Regjistri k\u00ebrkesave dhe ankesave &nbsp; Regjistri i projekt akteve p\u00ebr konsultim me publikun &nbsp; Regjistri i peticioneve dhe iniciativave qytetare &nbsp; Regjistri i p\u00ebr transparenc\u00ebn e mbledhjeve t\u00eb K\u00ebshillit Bashkiak &nbsp; Formate, procedura, afate, udh\u00ebzues \u00a0 \u00a0 [\/vc_column_text][\/vc_column][\/vc_row]<\/p>\n","protected":false},"author":1,"featured_media":0,"parent":2638,"menu_order":0,"comment_status":"closed","ping_status":"closed","template":"","meta":[],"_links":{"self":[{"href":"http:\/\/209.95.59.218\/~bsh\/regjistribashkiafushearrez\/index.php?rest_route=\/wp\/v2\/pages\/1287"}],"collection":[{"href":"http:\/\/209.95.59.218\/~bsh\/regjistribashkiafushearrez\/index.php?rest_route=\/wp\/v2\/pages"}],"about":[{"href":"http:\/\/209.95.59.218\/~bsh\/regjistribashkiafushearrez\/index.php?rest_route=\/wp\/v2\/types\/page"}],"author":[{"embeddable":true,"href":"http:\/\/209.95.59.218\/~bsh\/regjistribashkiafushearrez\/index.php?rest_route=\/wp\/v2\/users\/1"}],"replies":[{"embeddable":true,"href":"http:\/\/209.95.59.218\/~bsh\/regjistribashkiafushearrez\/index.php?rest_route=%2Fwp%2Fv2%2Fcomments&post=1287"}],"version-history":[{"count":9,"href":"http:\/\/209.95.59.218\/~bsh\/regjistribashkiafushearrez\/index.php?rest_route=\/wp\/v2\/pages\/1287\/revisions"}],"predecessor-version":[{"id":1466,"href":"http:\/\/209.95.59.218\/~bsh\/regjistribashkiafushearrez\/index.php?rest_route=\/wp\/v2\/pages\/1287\/revisions\/1466"}],"up":[{"embeddable":true,"href":"http:\/\/209.95.59.218\/~bsh\/regjistribashkiafushearrez\/index.php?rest_route=\/wp\/v2\/pages\/2638"}],"wp:attachment":[{"href":"http:\/\/209.95.59.218\/~bsh\/regjistribashkiafushearrez\/index.php?rest_route=%2Fwp%2Fv2%2Fmedia&parent=1287"}],"curies":[{"name":"wp","href":"https:\/\/api.w.org\/{rel}","templated":true}]}}