{"id":1282,"date":"2024-09-18T14:41:25","date_gmt":"2024-09-18T12:41:25","guid":{"rendered":"http:\/\/209.95.59.218\/~bsh\/regjistribashkiafushearrez\/?page_id=1282"},"modified":"2026-02-12T14:39:43","modified_gmt":"2026-02-12T13:39:43","slug":"lajme-keshilli-bashkiak-fushe-arrez","status":"publish","type":"page","link":"http:\/\/209.95.59.218\/~bsh\/regjistribashkiafushearrez\/?page_id=1282","title":{"rendered":"Lajme K\u00ebshilli Bashkiak Fush\u00eb Arr\u00ebz"},"content":{"rendered":"<p>[vc_row][vc_column width=&#8221;2\/3&#8243;][vc_column_text]<\/p>\r\n<h3><a href=\"http:\/\/209.95.59.218\/~bsh\/regjistribashkiafushearrez\/?page_id=1532\">Lajmet rreth K\u00ebshillit Bashkiak Fush\u00eb Arr\u00ebz<\/a><\/h3>\r\n\r\n<p>&nbsp;<\/p>\r\n\r\n<h3>Njoftime<\/h3>\r\n\r\n<p>&nbsp;<\/p>\r\n\r\n<h3><a href=\"https:\/\/www.facebook.com\/profile.php?id=100063882676289\" target=\"_blank\" rel=\"noopener noreferrer\">Media sociale e KB<\/a><\/h3>\r\n\r\n<p>&nbsp;<\/p>\r\n\r\n<h3>Kalendari i ngjarjeve t\u00eb KB, Ceremonit\u00eb e KB<\/h3>\r\n\r\n<p>&nbsp;<\/p>\r\n\r\n<h3>Publikime t\u00eb K\u00ebshillit Bashkiak<\/h3>\r\n<p>&nbsp;<\/p>\r\n<h3><a href=\"https:\/\/www.youtube.com\/@K%C3%ABshilliBashkiakFush%C3%ABArr%C3%ABz\">Kanali YouTube i Mbledhjeve t\u00eb K\u00ebshillit Bashkiak Fush\u00eb Arr\u00ebz<\/a><\/h3>\r\n<p>\u00a0<\/p>\r\n<p>\u00a0<\/p>\r\n<p>[\/vc_column_text][\/vc_column][\/vc_row]<\/p>","protected":false},"excerpt":{"rendered":"<p>[vc_row][vc_column width=&#8221;2\/3&#8243;][vc_column_text] Lajmet rreth K\u00ebshillit Bashkiak Fush\u00eb Arr\u00ebz &nbsp; Njoftime &nbsp; Media sociale e KB &nbsp; Kalendari i ngjarjeve t\u00eb KB, Ceremonit\u00eb e KB &nbsp; Publikime t\u00eb K\u00ebshillit Bashkiak &nbsp; Kanali YouTube i Mbledhjeve t\u00eb K\u00ebshillit Bashkiak Fush\u00eb Arr\u00ebz \u00a0 \u00a0 [\/vc_column_text][\/vc_column][\/vc_row]<\/p>\n","protected":false},"author":1,"featured_media":0,"parent":0,"menu_order":0,"comment_status":"closed","ping_status":"closed","template":"","meta":[],"_links":{"self":[{"href":"http:\/\/209.95.59.218\/~bsh\/regjistribashkiafushearrez\/index.php?rest_route=\/wp\/v2\/pages\/1282"}],"collection":[{"href":"http:\/\/209.95.59.218\/~bsh\/regjistribashkiafushearrez\/index.php?rest_route=\/wp\/v2\/pages"}],"about":[{"href":"http:\/\/209.95.59.218\/~bsh\/regjistribashkiafushearrez\/index.php?rest_route=\/wp\/v2\/types\/page"}],"author":[{"embeddable":true,"href":"http:\/\/209.95.59.218\/~bsh\/regjistribashkiafushearrez\/index.php?rest_route=\/wp\/v2\/users\/1"}],"replies":[{"embeddable":true,"href":"http:\/\/209.95.59.218\/~bsh\/regjistribashkiafushearrez\/index.php?rest_route=%2Fwp%2Fv2%2Fcomments&post=1282"}],"version-history":[{"count":9,"href":"http:\/\/209.95.59.218\/~bsh\/regjistribashkiafushearrez\/index.php?rest_route=\/wp\/v2\/pages\/1282\/revisions"}],"predecessor-version":[{"id":2654,"href":"http:\/\/209.95.59.218\/~bsh\/regjistribashkiafushearrez\/index.php?rest_route=\/wp\/v2\/pages\/1282\/revisions\/2654"}],"wp:attachment":[{"href":"http:\/\/209.95.59.218\/~bsh\/regjistribashkiafushearrez\/index.php?rest_route=%2Fwp%2Fv2%2Fmedia&parent=1282"}],"curies":[{"name":"wp","href":"https:\/\/api.w.org\/{rel}","templated":true}]}}