{"id":1280,"date":"2024-09-18T14:38:01","date_gmt":"2024-09-18T12:38:01","guid":{"rendered":"http:\/\/209.95.59.218\/~bsh\/regjistribashkiafushearrez\/?page_id=1280"},"modified":"2026-01-09T10:04:03","modified_gmt":"2026-01-09T09:04:03","slug":"llogaridhenia-dhe-performanca-e-keshillit-bashkiak-fushe-arrez","status":"publish","type":"page","link":"http:\/\/209.95.59.218\/~bsh\/regjistribashkiafushearrez\/?page_id=1280","title":{"rendered":"Llogaridh\u00ebnia dhe Performanca e K\u00ebshillit Bashkiak Fush\u00eb Arr\u00ebz"},"content":{"rendered":"<p>[vc_row][vc_column width=&#8221;2\/3&#8243;][vc_column_text]<\/p>\r\n<h3><a href=\"http:\/\/209.95.59.218\/~bsh\/regjistribashkiafushearrez\/?page_id=2190\">Dokumentet p\u00ebr grantin e performanc\u00ebs s\u00eb bashkive 2025<\/a><\/h3>\r\n<p>&nbsp;<\/p>\r\n<h3><a href=\"http:\/\/209.95.59.218\/~bsh\/regjistribashkiafushearrez\/?page_id=1350\" target=\"_blank\" rel=\"noopener noreferrer\">Buxheti i K\u00ebshillit Bashkiak<\/a>\u00a0<\/h3>\r\n<p>&nbsp;<\/p>\r\n\r\n<h3><a href=\"http:\/\/209.95.59.218\/~bsh\/regjistribashkiafushearrez\/?page_id=1778\" target=\"_blank\" rel=\"noopener noreferrer\">Raporti vjetor i veprimtaris\u00eb s\u00eb K\u00ebshilit Bashkiak\u00a0<\/a><\/h3>\r\n<p>&nbsp;<\/p>\r\n\r\n<h3><a href=\"http:\/\/209.95.59.218\/~bsh\/regjistribashkiafushearrez\/wp-content\/uploads\/2025\/03\/Pagesat-dhe-Shperblimet-e-Keshilltareve-perditesuar-2025.pdf\" target=\"_blank\" rel=\"noopener noreferrer\">Shp\u00ebrblimet e k\u00ebshilltar\u00ebve\u00a0<\/a><\/h3>\r\n<p>&nbsp;<\/p>\r\n\r\n<h3><a href=\"http:\/\/209.95.59.218\/~bsh\/regjistribashkiafushearrez\/?p=1357\" target=\"_blank\" rel=\"noopener noreferrer\">Pyet\u00ebsore dhe sondazhe<\/a><\/h3>\r\n<p>&nbsp;<\/p>\r\n<h3><a href=\"http:\/\/209.95.59.218\/~bsh\/regjistribashkiafushearrez\/?page_id=2328\">Statistika\u00a0<\/a><\/h3>\r\n<p>&nbsp;<\/p>\r\n\r\n<h3><a href=\"http:\/\/209.95.59.218\/~bsh\/regjistribashkiafushearrez\/?page_id=2316\">Marr\u00ebveshje\u00a0<\/a><\/h3>\r\n<p>&nbsp;<\/p>\r\n<h3><a href=\"https:\/\/www.bashkiafushearrez.gov.al\/assets\/faraport.pdf\">Raporti i performanc\u00ebs s\u00eb Bashkis\u00eb Fush\u00eb Arr\u00ebz p\u00ebr vitin 2024<\/a><\/h3>\r\n<h3>\u00a0<\/h3>\r\n<h3>Regjistri donacioneve<\/h3>\r\n<p>&nbsp;<\/p>\r\n<p>&nbsp;<\/p>\r\n<p>[\/vc_column_text][\/vc_column][\/vc_row]<\/p>","protected":false},"excerpt":{"rendered":"<p>[vc_row][vc_column width=&#8221;2\/3&#8243;][vc_column_text] Dokumentet p\u00ebr grantin e performanc\u00ebs s\u00eb bashkive 2025 &nbsp; Buxheti i K\u00ebshillit Bashkiak\u00a0 &nbsp; Raporti vjetor i veprimtaris\u00eb s\u00eb K\u00ebshilit Bashkiak\u00a0 &nbsp; Shp\u00ebrblimet e k\u00ebshilltar\u00ebve\u00a0 &nbsp; Pyet\u00ebsore dhe sondazhe &nbsp; Statistika\u00a0 &nbsp; Marr\u00ebveshje\u00a0 &nbsp; Raporti i performanc\u00ebs s\u00eb Bashkis\u00eb Fush\u00eb Arr\u00ebz p\u00ebr vitin 2024 \u00a0 Regjistri donacioneve &nbsp; &nbsp; [\/vc_column_text][\/vc_column][\/vc_row]<\/p>\n","protected":false},"author":1,"featured_media":0,"parent":0,"menu_order":0,"comment_status":"closed","ping_status":"closed","template":"","meta":[],"_links":{"self":[{"href":"http:\/\/209.95.59.218\/~bsh\/regjistribashkiafushearrez\/index.php?rest_route=\/wp\/v2\/pages\/1280"}],"collection":[{"href":"http:\/\/209.95.59.218\/~bsh\/regjistribashkiafushearrez\/index.php?rest_route=\/wp\/v2\/pages"}],"about":[{"href":"http:\/\/209.95.59.218\/~bsh\/regjistribashkiafushearrez\/index.php?rest_route=\/wp\/v2\/types\/page"}],"author":[{"embeddable":true,"href":"http:\/\/209.95.59.218\/~bsh\/regjistribashkiafushearrez\/index.php?rest_route=\/wp\/v2\/users\/1"}],"replies":[{"embeddable":true,"href":"http:\/\/209.95.59.218\/~bsh\/regjistribashkiafushearrez\/index.php?rest_route=%2Fwp%2Fv2%2Fcomments&post=1280"}],"version-history":[{"count":21,"href":"http:\/\/209.95.59.218\/~bsh\/regjistribashkiafushearrez\/index.php?rest_route=\/wp\/v2\/pages\/1280\/revisions"}],"predecessor-version":[{"id":2514,"href":"http:\/\/209.95.59.218\/~bsh\/regjistribashkiafushearrez\/index.php?rest_route=\/wp\/v2\/pages\/1280\/revisions\/2514"}],"wp:attachment":[{"href":"http:\/\/209.95.59.218\/~bsh\/regjistribashkiafushearrez\/index.php?rest_route=%2Fwp%2Fv2%2Fmedia&parent=1280"}],"curies":[{"name":"wp","href":"https:\/\/api.w.org\/{rel}","templated":true}]}}