{"id":1278,"date":"2024-09-18T14:35:06","date_gmt":"2024-09-18T12:35:06","guid":{"rendered":"http:\/\/209.95.59.218\/~bsh\/regjistribashkiafushearrez\/?page_id=1278"},"modified":"2026-02-26T23:29:32","modified_gmt":"2026-02-26T22:29:32","slug":"procesi-vendimmarres-i-keshillit","status":"publish","type":"page","link":"http:\/\/209.95.59.218\/~bsh\/regjistribashkiafushearrez\/?page_id=1278","title":{"rendered":"Mbledhjet e K\u00ebshillit"},"content":{"rendered":"<p>[vc_row][vc_column width=&#8221;2\/3&#8243;][vc_column_text]<\/p>\r\n<h3><a href=\"http:\/\/209.95.59.218\/~bsh\/regjistribashkiafushearrez\/?page_id=1296\">Rendi i dit\u00ebs<\/a><\/h3>\r\n<p>\u00a0<\/p>\r\n\r\n<h3><a href=\"http:\/\/209.95.59.218\/~bsh\/regjistribashkiafushearrez\/?page_id=1336\" target=\"_blank\" rel=\"noopener noreferrer\">Projekt vendimet<\/a><\/h3>\r\n<p>\u00a0<\/p>\r\n\r\n<h3><a href=\"http:\/\/209.95.59.218\/~bsh\/regjistribashkiafushearrez\/?page_id=1341\" target=\"_blank\" rel=\"noopener noreferrer\">Vendimet<\/a><\/h3>\r\n<p>&nbsp;<\/p>\r\n<h3><a href=\"http:\/\/209.95.59.218\/~bsh\/regjistribashkiafushearrez\/?page_id=2649\">Proces verbalet e Mbledhjeve t\u00eb K\u00ebshillit Bashkiak<\/a><\/h3>\r\n<p>&nbsp;<\/p>\r\n<h3><a href=\"http:\/\/209.95.59.218\/~bsh\/regjistribashkiafushearrez\/?page_id=938\">Regjistri i mbledhjeve t\u00eb K\u00ebshillit Bashkiak<\/a><\/h3>\r\n\r\n<p>&nbsp;<\/p>\r\n\r\n<h3><a href=\"https:\/\/www.youtube.com\/@K%C3%ABshilliBashkiakFush%C3%ABArr%C3%ABz\">Mbledhjet live t\u00eb K\u00ebshillit Bashkiak<\/a><\/h3>\r\n<p>[\/vc_column_text][\/vc_column][\/vc_row]<\/p>","protected":false},"excerpt":{"rendered":"<p>[vc_row][vc_column width=&#8221;2\/3&#8243;][vc_column_text] Rendi i dit\u00ebs \u00a0 Projekt vendimet \u00a0 Vendimet &nbsp; Proces verbalet e Mbledhjeve t\u00eb K\u00ebshillit Bashkiak &nbsp; Regjistri i mbledhjeve t\u00eb K\u00ebshillit Bashkiak &nbsp; Mbledhjet live t\u00eb K\u00ebshillit Bashkiak [\/vc_column_text][\/vc_column][\/vc_row]<\/p>\n","protected":false},"author":1,"featured_media":0,"parent":0,"menu_order":0,"comment_status":"closed","ping_status":"closed","template":"","meta":[],"_links":{"self":[{"href":"http:\/\/209.95.59.218\/~bsh\/regjistribashkiafushearrez\/index.php?rest_route=\/wp\/v2\/pages\/1278"}],"collection":[{"href":"http:\/\/209.95.59.218\/~bsh\/regjistribashkiafushearrez\/index.php?rest_route=\/wp\/v2\/pages"}],"about":[{"href":"http:\/\/209.95.59.218\/~bsh\/regjistribashkiafushearrez\/index.php?rest_route=\/wp\/v2\/types\/page"}],"author":[{"embeddable":true,"href":"http:\/\/209.95.59.218\/~bsh\/regjistribashkiafushearrez\/index.php?rest_route=\/wp\/v2\/users\/1"}],"replies":[{"embeddable":true,"href":"http:\/\/209.95.59.218\/~bsh\/regjistribashkiafushearrez\/index.php?rest_route=%2Fwp%2Fv2%2Fcomments&post=1278"}],"version-history":[{"count":13,"href":"http:\/\/209.95.59.218\/~bsh\/regjistribashkiafushearrez\/index.php?rest_route=\/wp\/v2\/pages\/1278\/revisions"}],"predecessor-version":[{"id":1338,"href":"http:\/\/209.95.59.218\/~bsh\/regjistribashkiafushearrez\/index.php?rest_route=\/wp\/v2\/pages\/1278\/revisions\/1338"}],"wp:attachment":[{"href":"http:\/\/209.95.59.218\/~bsh\/regjistribashkiafushearrez\/index.php?rest_route=%2Fwp%2Fv2%2Fmedia&parent=1278"}],"curies":[{"name":"wp","href":"https:\/\/api.w.org\/{rel}","templated":true}]}}